{"id":9496,"date":"2022-12-06T10:27:50","date_gmt":"2022-12-06T07:27:50","guid":{"rendered":"https:\/\/www.academy.police.md\/?page_id=9496"},"modified":"2022-12-06T11:35:16","modified_gmt":"2022-12-06T08:35:16","slug":"consultari-publice","status":"publish","type":"page","link":"https:\/\/academy.police.md\/gb\/consultari-publice","title":{"rendered":"Consult\u0103ri publice"},"content":{"rendered":"\n<p><a href=\"\/wp-content\/uploads\/2022\/12\/Proiectul-Programului-de-dezvoltare-educationala-si-institutionala-al-Academiei-\u201eStefan-cel-Mare-a-MAI-2023-2025.pdf\">1.<strong>\u00a0Proiectul Programului de dezvoltare educa\u0163ional\u0103 \u015fi institu\u0163ional\u0103 al Academiei \u201e\u015etefan cel Mare\u201d a MAI,\u00a0pentru perioada 2023-2025.<\/strong><\/a><\/p>\n","protected":false},"excerpt":{"rendered":"<p>1.\u00a0Proiectul Programului de dezvoltare educa\u0163ional\u0103 \u015fi institu\u0163ional\u0103 al Academiei \u201e\u015etefan cel Mare\u201d a MAI,\u00a0pentru perioada 2023-2025.<\/p>\n","protected":false},"author":8,"featured_media":0,"parent":0,"menu_order":0,"comment_status":"closed","ping_status":"closed","template":"","meta":[],"translation":{"provider":"WPGlobus","version":"2.12.2","language":"gb","enabled_languages":["ro","gb"],"languages":{"ro":{"title":true,"content":true,"excerpt":false},"gb":{"title":false,"content":false,"excerpt":false}}},"acf":[],"_links":{"self":[{"href":"https:\/\/academy.police.md\/gb\/wp-json\/wp\/v2\/pages\/9496"}],"collection":[{"href":"https:\/\/academy.police.md\/gb\/wp-json\/wp\/v2\/pages"}],"about":[{"href":"https:\/\/academy.police.md\/gb\/wp-json\/wp\/v2\/types\/page"}],"author":[{"embeddable":true,"href":"https:\/\/academy.police.md\/gb\/wp-json\/wp\/v2\/users\/8"}],"replies":[{"embeddable":true,"href":"https:\/\/academy.police.md\/gb\/wp-json\/wp\/v2\/comments?post=9496"}],"version-history":[{"count":2,"href":"https:\/\/academy.police.md\/gb\/wp-json\/wp\/v2\/pages\/9496\/revisions"}],"predecessor-version":[{"id":9501,"href":"https:\/\/academy.police.md\/gb\/wp-json\/wp\/v2\/pages\/9496\/revisions\/9501"}],"wp:attachment":[{"href":"https:\/\/academy.police.md\/gb\/wp-json\/wp\/v2\/media?parent=9496"}],"curies":[{"name":"wp","href":"https:\/\/api.w.org\/{rel}","templated":true}]}}