{"id":8375,"date":"2022-10-07T15:37:54","date_gmt":"2022-10-07T12:37:54","guid":{"rendered":"https:\/\/academy.police.md\/?page_id=8375"},"modified":"2025-09-16T10:31:27","modified_gmt":"2025-09-16T07:31:27","slug":"cercul-stiintific-al-catedrei-drept-privat","status":"publish","type":"page","link":"https:\/\/academy.police.md\/gb\/catedre\/catedra-drept-privat\/cercul-stiintific-al-catedrei-drept-privat","title":{"rendered":"Cercul \u015ftiin\u0163ific al Catedrei \u201eDrept privat\u201d"},"content":{"rendered":"\n<p>\u00cenfiin\u0163area Cercului \u015etiin\u0163ific Studen\u0163esc \u201ePrivata LEX\u201d se \u00eencadreaz\u0103 \u00een preocuparea permanent\u0103 a Catedrei \u201eDrept privat\u201d, de a atrage \u015fi \u00eendruma studen\u0163ii cu poten\u0163ial, \u00een direc\u0163ia cercet\u0103rii \u015ftiin\u0163ifice specifice domeniului, de a-i integra \u00een echipe de cercetare interdisciplinare deschiz\u00e2ndu-le noi orizonturi pe linie de cercetare \u015ftiin\u0163ific\u0103.<\/p>\n\n\n\n<p>Activitatea de cercetare \u015ftiin\u0163ific\u0103 a studen\u0163ilor este o component\u0103 important\u0103 \u00een formarea lor profesional\u0103. Participarea la activitatea cercurilor \u015ftiin\u0163ifice studen\u0163e\u015fti \u015fi ulterior elaborarea lucr\u0103rii de licen\u0163\u0103 sunt elemente de baz\u0103 \u00een orientarea profesional\u0103 \u015fi alegerea unei specialit\u0103\u0163i.<\/p>\n\n\n\n<p>\u00cen acest context, prezentul cerc are drept<em> scop<\/em>:<\/p>\n\n\n\n<ul><li>s\u0103 devin\u0103 o interfa\u0163\u0103 \u00eentre teoria \u015fi practica domeniului contribuind la formarea aptitudinilor de cercetare \u0219i implementare a rezultatelor \u00een practica profesional\u0103 a participan\u0163ilor, preg\u0103tindu-i pe ace\u015ftia pentru activitatea de cercetare;<\/li><li>de a dezvolta aptitudini de cercetare \u00een domeniul dreptului privat la tinerii cercet\u0103tori \u015fi de a crea deprinderi practice \u015fi lucru \u00een echip\u0103;<\/li><li>este axat\u0103 pe instruirea \u015ftiin\u0163ific\u0103 \u015fi metodologic\u0103 extracuricular\u0103 \u015fi voluntar\u0103 de comun acord a cadrelor didactice \u015fi studen\u0163ilor care manifest\u0103 interese \u015ftiin\u0163ifice ce dep\u0103\u015fesc programele obi\u015fnuite de instruire;<\/li><li>dezvoltarea abilita\u021bilor \u0219tiin\u021bifice de cercetare, aprofundarea cuno\u015ftin\u0163elor \u00een domeniul jurispruden\u021bei, cizelarea spiritului analitic \u015fi critic a studen\u0163ilor Facult\u0103\u0163ii Drept, Administrare, Ordine \u015fi Securitate Public\u0103 a Academiei \u201e\u015etefan cel Mare\u201d a MAI.<\/li><\/ul>\n\n\n\n<p>Cercul \u015etiin\u0163ific Studen\u0163esc \u201ePrivata LEX\u201d reprezint\u0103 o activitate extracuricular\u0103 informal\u0103, \u015ftiin\u021bifico-didactic\u0103 \u0219i este coordonat de c\u0103tre cadrele didactice responsabile de activitatea \u0219tiin\u021bific\u0103 \u00een cadrul catedrei.<\/p>\n\n\n\n<p>Membrii cercului \u015ftiin\u0163ific sunt studen\u0163ii Facult\u0103\u0163ii Drept, Administrare, Ordine \u015fi Securitate Public\u0103 a Academiei \u201e\u015etefan cel Mare\u201d a MAI, domeniul Drept, forma de \u00eenv\u0103\u0163\u0103m\u00e2nt zi \u015fi frecven\u0163\u0103 redus\u0103 (anul de studii I, II, III, IV).<\/p>\n\n\n\n<p>Activitatea cercului \u015ftiin\u0163ific \u201ePrivata LEX\u201d este desf\u0103\u015furat\u0103 pe baza unei tematici prestabilite \u00een conformitate cu planul de cercet\u0103ri a Academiei \u201e\u015etefan cel Mare\u201d a MAI \u015fi a Catedrei \u201eDrept privat\u201d. Tematica cercet\u0103rilor \u0219tiin\u021bifice ax\u00e2ndu-se pe domeniile\/discipline predate \u00een cadrul catedrei. Esen\u021ba tematicii \u0219tiin\u021bifice este supus\u0103 unei evalu\u0103ri permanente pentru a \u00eencadra problematica doctrinar\u0103, practica judiciar\u0103 actual\u0103 existent\u0103.<\/p>\n","protected":false},"excerpt":{"rendered":"<p>\u00cenfiin\u0163area Cercului \u015etiin\u0163ific Studen\u0163esc \u201ePrivata LEX\u201d se \u00eencadreaz\u0103 \u00een preocuparea permanent\u0103 a Catedrei \u201eDrept privat\u201d, de a atrage \u015fi \u00eendruma studen\u0163ii cu poten\u0163ial, \u00een direc\u0163ia cercet\u0103rii \u015ftiin\u0163ifice specifice domeniului, de [&hellip;]<\/p>\n","protected":false},"author":10,"featured_media":0,"parent":1383,"menu_order":0,"comment_status":"closed","ping_status":"closed","template":"","meta":[],"translation":{"provider":"WPGlobus","version":"2.12.2","language":"gb","enabled_languages":["ro","gb"],"languages":{"ro":{"title":true,"content":true,"excerpt":false},"gb":{"title":false,"content":false,"excerpt":false}}},"acf":[],"_links":{"self":[{"href":"https:\/\/academy.police.md\/gb\/wp-json\/wp\/v2\/pages\/8375"}],"collection":[{"href":"https:\/\/academy.police.md\/gb\/wp-json\/wp\/v2\/pages"}],"about":[{"href":"https:\/\/academy.police.md\/gb\/wp-json\/wp\/v2\/types\/page"}],"author":[{"embeddable":true,"href":"https:\/\/academy.police.md\/gb\/wp-json\/wp\/v2\/users\/10"}],"replies":[{"embeddable":true,"href":"https:\/\/academy.police.md\/gb\/wp-json\/wp\/v2\/comments?post=8375"}],"version-history":[{"count":2,"href":"https:\/\/academy.police.md\/gb\/wp-json\/wp\/v2\/pages\/8375\/revisions"}],"predecessor-version":[{"id":27343,"href":"https:\/\/academy.police.md\/gb\/wp-json\/wp\/v2\/pages\/8375\/revisions\/27343"}],"up":[{"embeddable":true,"href":"https:\/\/academy.police.md\/gb\/wp-json\/wp\/v2\/pages\/1383"}],"wp:attachment":[{"href":"https:\/\/academy.police.md\/gb\/wp-json\/wp\/v2\/media?parent=8375"}],"curies":[{"name":"wp","href":"https:\/\/api.w.org\/{rel}","templated":true}]}}