{"id":8371,"date":"2022-10-07T15:36:07","date_gmt":"2022-10-07T12:36:07","guid":{"rendered":"https:\/\/academy.police.md\/?page_id=8371"},"modified":"2026-03-19T08:12:18","modified_gmt":"2026-03-19T06:12:18","slug":"componenta-catedrei-drept-privat","status":"publish","type":"page","link":"https:\/\/academy.police.md\/gb\/catedre\/catedra-drept-privat\/componenta-catedrei-drept-privat","title":{"rendered":"Componen\u0163a Catedrei \u201eDrept privat\u201d"},"content":{"rendered":"\n<p><strong>Conducerea:<\/strong> <br><strong>Evghenia Gugulan &#8211; \u0219ef catedr\u0103, conferen\u021biar universitar, doctor \u00een drept;<\/strong><\/p>\n\n\n\n<figure class=\"wp-block-image size-large is-resized\"><img loading=\"lazy\" src=\"\/wp-content\/uploads\/2025\/10\/gugulan-687x1024.jpg\" alt=\"\" class=\"wp-image-27982\" width=\"253\" height=\"378\" srcset=\"\/wp-content\/uploads\/2025\/10\/gugulan-687x1024.jpg 687w, \/wp-content\/uploads\/2025\/10\/gugulan-201x300.jpg 201w, \/wp-content\/uploads\/2025\/10\/gugulan-768x1144.jpg 768w, \/wp-content\/uploads\/2025\/10\/gugulan-1031x1536.jpg 1031w, \/wp-content\/uploads\/2025\/10\/gugulan.jpg 1074w\" sizes=\"(max-width: 253px) 100vw, 253px\" \/><\/figure>\n\n\n\n<p>Componen\u0163a actual\u0103 a catedrei o formeaz\u0103:<\/p>\n\n\n\n<ul><li>Igor Trofimov,\u00a0profesor universitar, doctor \u00een drept ;<\/li><li>Andrei Gu\u015ftiuc, conferen\u0163iar universitar, doctor \u00een drept;<\/li><li>Liliana Belecciu, conferen\u0163iar universitar, doctor \u00een drept;<\/li><li>Grigore Ardelean, profesor universitar, doctor \u00een drept;<\/li><li>Andrian Cre\u0163u, conferen\u0163iar universitar, doctor \u00een drept;<\/li><li>Mihaela Pascal, doctor \u00een drept;<\/li><li>Marcela Mari\u021b, doctor \u00een drept;<\/li><li>Oxana E\u0219anu, master \u00een drept, doctorand\u0103;<\/li><li>Alexandru Savva, master \u00een drept, doctorand;<\/li><li>Mihaela Cojocaru, master \u00een drept, doctorand\u0103;<\/li><li>Ana-Maria Gherman-Grimailo, master \u00een drept, doctorand\u0103;<\/li><li>Doini\u021ba \u021a\u00eembalaru, master \u00een drept, doctorand\u0103;<\/li><li>Lidia Slisarenco, master \u00een drept;<\/li><li>Marcel Bo\u015fcaneanu, conferen\u0163iar universitar, doctor \u00een drept (cumul intern);<\/li><li>Vladimir Vasili\u021ba, master \u00een drept, doctorand (cumul intern);<\/li><li>Viorel Cern\u0103u\u021beanu, master \u00een drept, doctorand (cumul extern);<\/li><li>Dorel Rusu, doctor \u00een drept (cumul extern);<\/li><li>Para Beatricia, master \u00een drept, doctorand\u0103 (cumul extern).<\/li><\/ul>\n","protected":false},"excerpt":{"rendered":"<p>Conducerea: Evghenia Gugulan &#8211; \u0219ef catedr\u0103, conferen\u021biar universitar, doctor \u00een drept; Componen\u0163a actual\u0103 a catedrei o formeaz\u0103: Igor Trofimov,\u00a0profesor universitar, doctor \u00een drept ; Andrei Gu\u015ftiuc, conferen\u0163iar universitar, doctor \u00een [&hellip;]<\/p>\n","protected":false},"author":12,"featured_media":0,"parent":1383,"menu_order":0,"comment_status":"closed","ping_status":"closed","template":"","meta":[],"translation":{"provider":"WPGlobus","version":"2.12.2","language":"gb","enabled_languages":["ro","gb"],"languages":{"ro":{"title":true,"content":true,"excerpt":false},"gb":{"title":false,"content":false,"excerpt":false}}},"acf":[],"_links":{"self":[{"href":"https:\/\/academy.police.md\/gb\/wp-json\/wp\/v2\/pages\/8371"}],"collection":[{"href":"https:\/\/academy.police.md\/gb\/wp-json\/wp\/v2\/pages"}],"about":[{"href":"https:\/\/academy.police.md\/gb\/wp-json\/wp\/v2\/types\/page"}],"author":[{"embeddable":true,"href":"https:\/\/academy.police.md\/gb\/wp-json\/wp\/v2\/users\/12"}],"replies":[{"embeddable":true,"href":"https:\/\/academy.police.md\/gb\/wp-json\/wp\/v2\/comments?post=8371"}],"version-history":[{"count":18,"href":"https:\/\/academy.police.md\/gb\/wp-json\/wp\/v2\/pages\/8371\/revisions"}],"predecessor-version":[{"id":31432,"href":"https:\/\/academy.police.md\/gb\/wp-json\/wp\/v2\/pages\/8371\/revisions\/31432"}],"up":[{"embeddable":true,"href":"https:\/\/academy.police.md\/gb\/wp-json\/wp\/v2\/pages\/1383"}],"wp:attachment":[{"href":"https:\/\/academy.police.md\/gb\/wp-json\/wp\/v2\/media?parent=8371"}],"curies":[{"name":"wp","href":"https:\/\/api.w.org\/{rel}","templated":true}]}}