{"id":8362,"date":"2022-10-07T15:35:06","date_gmt":"2022-10-07T12:35:06","guid":{"rendered":"https:\/\/academy.police.md\/?page_id=8362"},"modified":"2025-09-16T10:18:16","modified_gmt":"2025-09-16T07:18:16","slug":"scurt-istoric-al-catedrei-drept-privat","status":"publish","type":"page","link":"https:\/\/academy.police.md\/gb\/catedre\/catedra-drept-privat\/scurt-istoric-al-catedrei-drept-privat","title":{"rendered":"Scurt istoric al Catedrei \u201eDrept privat\u201d"},"content":{"rendered":"\n<p>Procesul de preg\u0103tire a cadrelor poli\u0163iene\u015fti \u00een Academia \u201e\u015etefan cel Mare\u201d a MAI asigur\u0103 instruirea \u00een domeniul activit\u0103\u0163ii poli\u0163iene\u015fti, dar \u015fi \u00een domeniile generale ale dreptului.<\/p>\n\n\n\n<p>Ast\u0103zi, calitatea de ofi\u0163er de poli\u0163ie impune un nivel sporit de preg\u0103tire nu doar \u00een domeniul dreptului penal, contraven\u0163ional, poli\u0163ienesc, ci \u015fi \u00een domeniul disciplinelor dreptului privat. Aceasta se datoreaz\u0103 \u00een mare m\u0103sur\u0103 nivelului avansat de preg\u0103tire a participan\u0163ilor la actul de justi\u0163ie, dar \u015fi datorit\u0103 spectrului deosebit de vast al chestiunilor cu care se ciocne\u0219te zi de zi poli\u0163istul obi\u015fnuit.<\/p>\n\n\n\n<p>Un loc aparte \u00een instruirea cadrelor de poli\u0163i\u015fti \u00eel are Catedra Drept privat.<\/p>\n\n\n\n<p>Odat\u0103 cu fondarea Academiei Na\u0163ionale de Poli\u0163ie \u201e\u015etefan cel Mare\u201d a MAI, predarea disciplinelor de drept privat avea loc la Catedra Drept statal. Acest proces era asigurat, \u00een mare m\u0103sur\u0103, de cadrele didactice de la Facultatea de Drept a Universit\u0103\u0163ii de Stat din Moldova. Printre primii dasc\u0103li care au predat disciplinele de drept privat au fost dr., prof. univ. S. Baie\u015f, dr., prof. univ. Gh. Chibac, dr., conf. univ. P. Zamfir, O. Poalelungi, B. Slipenschi, D. \u015einic \u015fi al\u0163ii.<\/p>\n\n\n\n<p>\u00cen luna februarie a anului 1995, prin ordinul rectorului a fost constituit\u0103 Catedra Drept civil, iar la conducerea acesteia a fost numit proasp\u0103tul doctor \u00een drept Vasile Zavatin. Astfel, activitatea Catedrei Drept privat, \u00een procesul de formare a cadrelor de juri\u015fti pentru subdiviziunile MAI, a \u00eenceput \u00een anul 1995, iar spectrul de discipline a c\u0103ror predare o asigura aceast\u0103 subdiviziune o forma Dreptul civil, Dreptul procesual civil, Dreptul familiei, Dreptul muncii \u0219i Dreptul privat roman.<\/p>\n\n\n\n<p>\u00cen 2000, Catedra Drept civil a fost comasat\u0103 cu Catedra Drept antreprenorial, atribuindu-i denumirea de Catedra Drept civil \u015fi antreprenoriat, iar disciplinele care erau predate \u00een cadrul Catedrei Drept antreprenorial au fost transferate la Catedra Drept civil \u015fi antreprenoriat.<\/p>\n\n\n\n<p>\u00cen perioada iunie 2002 \u2013 decembrie 2019 denumirea catedrei a avut o serie de modific\u0103ri, cum ar fi: \u201eDrept civil\u201d, \u201e\u0218tiin\u021be juridice\u201d, iar \u00een anul 2019 a fost redenumit\u0103 \u00een Catedra Drept privat.<\/p>\n\n\n\n<p>De la fondare, la c\u00e2rma catedrei au fost consecutiv dr., conf. univ. V. Zavatin; V. Serousov; dr. hab., prof. univ. V. Cu\u015fnir; dr., conf. univ. V. Zavatin; dr., prof. univ. I. Trofimov; dr. V. Tocarenco; dr., prof. univ. I. Trofimov; S. S\u00eerbu; dr., prof. univ. I. Trofimov, drd. E.Gugulan.<\/p>\n\n\n\n<p>\u00cencep\u00e2nd cu anul 1995, din personalul didactic al catedrei au f\u0103cut parte dr., conf. univ. V. Zavatin, dr. hab, prof. univ. V. Cu\u015fnir, dr., prof. univ. I. Trofimov, dr., conf. univ. A. Gu\u015ftiuc, S. S\u00eerbu, I. Gru\u015fca, P. B\u0103l\u0103nel, S. \u0162\u00eepi\u015fca, S. Scutelnic, A. Trofim, S. Serousov, O. Bologan, M. Ivanov, A. Reghiment, V. Moraru, S. Iachimovschi, I. Clipa, M. Prodan, A. Iavorschi, V. Poleacov, V. Dorul, V. Cern\u0103u\u0163eanu, S. Chiri\u0163a, V. Cebotari, V. Vasili\u0163a, dr., conf. univ. L. Belecciu, E. Gugulan, dr., conf. univ. Gr. Ardelean, drd. A. Savva, drd. M. Pascal, dr. M. Gladchi, drd. M. (Bejenari) Cojocaru, drd. O. E\u0219anu, precum \u015fi un num\u0103r de cadre didactice care au activat prin cumul, printre care dr. C. Valah, dr. A. Cre\u0163u, dr. A. Bulgac, dr. M. Bo\u015fcaneanu \u015fi al\u0163ii. Activitatea metodic\u0103 a fost asigurat\u0103 de c\u0103tre N. Antones, S. Luca, V. Ungureanu, I. Ca\u015fin\u0163ev, T. Scorici, Iu. Manciu, V. Racu, I. Zgureanu, M. Tonu, S. Bodiu, drd. M. (Bejenari) Cojocaru.<\/p>\n","protected":false},"excerpt":{"rendered":"<p>Procesul de preg\u0103tire a cadrelor poli\u0163iene\u015fti \u00een Academia \u201e\u015etefan cel Mare\u201d a MAI asigur\u0103 instruirea \u00een domeniul activit\u0103\u0163ii poli\u0163iene\u015fti, dar \u015fi \u00een domeniile generale ale dreptului. Ast\u0103zi, calitatea de ofi\u0163er [&hellip;]<\/p>\n","protected":false},"author":10,"featured_media":0,"parent":1383,"menu_order":0,"comment_status":"closed","ping_status":"closed","template":"","meta":[],"translation":{"provider":"WPGlobus","version":"2.12.2","language":"gb","enabled_languages":["ro","gb"],"languages":{"ro":{"title":true,"content":true,"excerpt":false},"gb":{"title":false,"content":false,"excerpt":false}}},"acf":[],"_links":{"self":[{"href":"https:\/\/academy.police.md\/gb\/wp-json\/wp\/v2\/pages\/8362"}],"collection":[{"href":"https:\/\/academy.police.md\/gb\/wp-json\/wp\/v2\/pages"}],"about":[{"href":"https:\/\/academy.police.md\/gb\/wp-json\/wp\/v2\/types\/page"}],"author":[{"embeddable":true,"href":"https:\/\/academy.police.md\/gb\/wp-json\/wp\/v2\/users\/10"}],"replies":[{"embeddable":true,"href":"https:\/\/academy.police.md\/gb\/wp-json\/wp\/v2\/comments?post=8362"}],"version-history":[{"count":2,"href":"https:\/\/academy.police.md\/gb\/wp-json\/wp\/v2\/pages\/8362\/revisions"}],"predecessor-version":[{"id":27340,"href":"https:\/\/academy.police.md\/gb\/wp-json\/wp\/v2\/pages\/8362\/revisions\/27340"}],"up":[{"embeddable":true,"href":"https:\/\/academy.police.md\/gb\/wp-json\/wp\/v2\/pages\/1383"}],"wp:attachment":[{"href":"https:\/\/academy.police.md\/gb\/wp-json\/wp\/v2\/media?parent=8362"}],"curies":[{"name":"wp","href":"https:\/\/api.w.org\/{rel}","templated":true}]}}