{"id":7503,"date":"2022-08-05T11:11:59","date_gmt":"2022-08-05T08:11:59","guid":{"rendered":"https:\/\/academy.police.md\/?page_id=7503"},"modified":"2026-04-09T14:34:24","modified_gmt":"2026-04-09T11:34:24","slug":"orar-ap-1-zi","status":"publish","type":"page","link":"https:\/\/academy.police.md\/gb\/directia-studii-si-management-al-calitatii\/orarele-activitatilor-didactice\/orar-ap-1-zi","title":{"rendered":"Orarele activit\u0103\u0163ilor didactice. Programul de studii  0400.1 Administra\u0163ia public\u0103, ciclul I licen\u0163\u0103, forma de \u00eenv\u0103\u0163\u0103m\u00e2nt cu frecven\u0163\u0103"},"content":{"rendered":"\n<h2 class=\"has-text-align-center\">Semestrul I<\/h2>\n\n\n\n<h2>Anul I<\/h2>\n\n\n\n<p><a rel=\"noreferrer noopener\" href=\"\/wp-content\/uploads\/2025\/08\/AP-taxa-an-I-var_rotated.pdf\" data-type=\"URL\" data-id=\"\/wp-content\/uploads\/2025\/08\/AP-taxa-an-I-var_rotated.pdf\" target=\"_blank\">Orarul activit\u0103\u0163ilor didactice taxa variabil<br><\/a><a rel=\"noreferrer noopener\" href=\"\/wp-content\/uploads\/2025\/08\/AP-taxa-an-I-const_rotated.pdf\" data-type=\"URL\" data-id=\"\/wp-content\/uploads\/2025\/08\/AP-taxa-an-I-const_rotated.pdf\" target=\"_blank\">Orarul activit\u0103\u0163ilor didactice taxa constant<\/a><\/p>\n\n\n\n<p><strong><span class=\"has-inline-color has-vivid-red-color\">Sesiunea de examinare<\/span><\/strong><a href=\"\/wp-content\/uploads\/2025\/04\/s-vara-an-I-AP-taxa_rotated.pdf\"><br><\/a><a rel=\"noreferrer noopener\" href=\"\/wp-content\/uploads\/2025\/12\/AP-taxa-an-I_rotated.pdf\" data-type=\"URL\" data-id=\"\/wp-content\/uploads\/2025\/12\/AP-taxa-an-I_rotated.pdf\" target=\"_blank\">Orarul sesiunii de examinare<\/a><\/p>\n\n\n\n<h2>Anul II<\/h2>\n\n\n\n<p><a href=\"\/wp-content\/uploads\/2025\/08\/AP-taxa-an-II-var_rotated.pdf\" data-type=\"URL\" data-id=\"\/wp-content\/uploads\/2025\/08\/AP-taxa-an-II-var_rotated.pdf\" target=\"_blank\" rel=\"noreferrer noopener\">Orarul activit\u0103\u0163ilor didactice taxa variabil<\/a><br><a href=\"\/wp-content\/uploads\/2025\/08\/AP-taxa-an-II-const_rotated.pdf\" data-type=\"URL\" data-id=\"\/wp-content\/uploads\/2025\/08\/AP-taxa-an-II-const_rotated.pdf\" target=\"_blank\" rel=\"noreferrer noopener\">Orarul activit\u0103\u0163ilor didactice taxa constant<\/a><\/p>\n\n\n\n<p><strong><span class=\"has-inline-color has-vivid-red-color\">Sesiunea de examinare<\/span><\/strong><a href=\"\/wp-content\/uploads\/2025\/04\/s-vara-aleg-an-II-AP-SCP-SF_rotated.pdf\"><br><\/a><a rel=\"noreferrer noopener\" href=\"\/wp-content\/uploads\/2025\/12\/AP-taxa-an-II_rotated.pdf\" data-type=\"URL\" data-id=\"\/wp-content\/uploads\/2025\/12\/AP-taxa-an-II_rotated.pdf\" target=\"_blank\">Orarul sesiunii de examinare<\/a><\/p>\n\n\n\n<h2>Anul III<\/h2>\n\n\n\n<p><a rel=\"noreferrer noopener\" href=\"https:\/\/academy.police.md\/wp-content\/uploads\/2025\/08\/SCP-SF-AP-buget-an-III-var_rotated.pdf\" target=\"_blank\">Orarul activit\u0103\u0163ilor didactice variabil<\/a><br><a rel=\"noreferrer noopener\" href=\"https:\/\/academy.police.md\/wp-content\/uploads\/2025\/08\/SCP-SF-AP-buget-an-III-const_rotated.pdf\" target=\"_blank\">Orarul activit\u0103\u0163ilor didactice constant<\/a><br><a rel=\"noreferrer noopener\" href=\"https:\/\/academy.police.md\/wp-content\/uploads\/2025\/08\/aleg-AP-SCP-SF-buget-an-III-var_rotated.pdf\" target=\"_blank\">Orarul activit\u0103\u0163ilor didactice la libera alegere variabil<\/a><br><a rel=\"noreferrer noopener\" href=\"https:\/\/academy.police.md\/wp-content\/uploads\/2025\/08\/aleg-AP-SCP-SF-buget-an-III-const_rotated.pdf\" target=\"_blank\">Orarul activit\u0103\u0163ilor didactice la libera alegere constant<\/a><\/p>\n\n\n\n<p><strong><span class=\"has-inline-color has-vivid-red-color\">Sesiunea de examinare<\/span><\/strong><\/p>\n\n\n\n<p><a rel=\"noreferrer noopener\" href=\"\/wp-content\/uploads\/2025\/12\/AP-SCP-SF-an-III-aleg_rotated.pdf\" data-type=\"URL\" data-id=\"\/wp-content\/uploads\/2025\/12\/AP-SCP-SF-an-III-aleg_rotated.pdf\" target=\"_blank\">Orarul evalu\u0103rii unit\u0103\u0163ilor de curs la libera alegere<\/a><br><a rel=\"noreferrer noopener\" href=\"\/wp-content\/uploads\/2025\/12\/AP-buget-an-III_rotated.pdf\" data-type=\"URL\" data-id=\"\/wp-content\/uploads\/2025\/12\/AP-buget-an-III_rotated.pdf\" target=\"_blank\">Orarul sesiunii de examinare<\/a><br><a rel=\"noreferrer noopener\" href=\"\/wp-content\/uploads\/2026\/04\/AP-an-III-buget-sesiune-sem-II_rotated.pdf\" data-type=\"URL\" data-id=\"\/wp-content\/uploads\/2026\/04\/AP-an-III-buget-sesiune-sem-II_rotated.pdf\" target=\"_blank\"><br><\/a><\/p>\n\n\n\n<p>Orarul sus\u0163inerii examenelor \u015fi a tezelor de licen\u0163\u0103<\/p>\n","protected":false},"excerpt":{"rendered":"<p>Semestrul I Anul I Orarul activit\u0103\u0163ilor didactice taxa variabilOrarul activit\u0103\u0163ilor didactice taxa constant Sesiunea de examinareOrarul sesiunii de examinare Anul II Orarul activit\u0103\u0163ilor didactice taxa variabilOrarul activit\u0103\u0163ilor didactice taxa constant [&hellip;]<\/p>\n","protected":false},"author":12,"featured_media":0,"parent":213,"menu_order":0,"comment_status":"closed","ping_status":"closed","template":"","meta":[],"translation":{"provider":"WPGlobus","version":"2.12.2","language":"gb","enabled_languages":["ro","gb"],"languages":{"ro":{"title":true,"content":true,"excerpt":false},"gb":{"title":false,"content":false,"excerpt":false}}},"acf":[],"_links":{"self":[{"href":"https:\/\/academy.police.md\/gb\/wp-json\/wp\/v2\/pages\/7503"}],"collection":[{"href":"https:\/\/academy.police.md\/gb\/wp-json\/wp\/v2\/pages"}],"about":[{"href":"https:\/\/academy.police.md\/gb\/wp-json\/wp\/v2\/types\/page"}],"author":[{"embeddable":true,"href":"https:\/\/academy.police.md\/gb\/wp-json\/wp\/v2\/users\/12"}],"replies":[{"embeddable":true,"href":"https:\/\/academy.police.md\/gb\/wp-json\/wp\/v2\/comments?post=7503"}],"version-history":[{"count":59,"href":"https:\/\/academy.police.md\/gb\/wp-json\/wp\/v2\/pages\/7503\/revisions"}],"predecessor-version":[{"id":31893,"href":"https:\/\/academy.police.md\/gb\/wp-json\/wp\/v2\/pages\/7503\/revisions\/31893"}],"up":[{"embeddable":true,"href":"https:\/\/academy.police.md\/gb\/wp-json\/wp\/v2\/pages\/213"}],"wp:attachment":[{"href":"https:\/\/academy.police.md\/gb\/wp-json\/wp\/v2\/media?parent=7503"}],"curies":[{"name":"wp","href":"https:\/\/api.w.org\/{rel}","templated":true}]}}