{"id":7484,"date":"2022-08-05T10:38:16","date_gmt":"2022-08-05T07:38:16","guid":{"rendered":"https:\/\/academy.police.md\/?page_id=7484"},"modified":"2026-02-12T14:03:43","modified_gmt":"2026-02-12T12:03:43","slug":"orar-drept-1-ff","status":"publish","type":"page","link":"https:\/\/academy.police.md\/gb\/directia-studii-si-management-al-calitatii\/orarele-activitatilor-didactice\/orar-drept-1-ff","title":{"rendered":"Orarele activit\u0103\u0163ilor didactice. Programul de studii 0421.1 Drept, ciclul I licen\u0163\u0103,  forma de \u00eenv\u0103\u0163\u0103m\u00e2nt cu frecven\u0163\u0103 redus\u0103"},"content":{"rendered":"\n<h2>Anul I<\/h2>\n\n\n\n<p><a href=\"\/wp-content\/uploads\/2026\/01\/Drept-FR-an-I.pdf\" data-type=\"URL\" data-id=\"\/wp-content\/uploads\/2026\/01\/Drept-FR-an-I.pdf\" target=\"_blank\" rel=\"noreferrer noopener\">Orar activit\u0103\u0163ilor didactice<\/a><\/p>\n\n\n\n<h2>Anul II<\/h2>\n\n\n\n<p><a href=\"\/wp-content\/uploads\/2026\/02\/FR-an-II.pdf\" data-type=\"URL\">Orar activit\u0103\u0163ilor didactice<\/a><\/p>\n\n\n\n<h2>Anul III<\/h2>\n\n\n\n<p><a href=\"\/wp-content\/uploads\/2025\/10\/FR-an-III-f1_rotated.pdf\" data-type=\"URL\">Orar activit\u0103\u0163ilor didactice<br><\/a><a href=\"\/wp-content\/uploads\/2025\/10\/aleg-FR-an-III_rotated.pdf\">Orar activit\u0103\u0163ilor didactice la libera alegere<\/a><\/p>\n\n\n\n<h2>Anul IV<\/h2>\n\n\n\n<p><a href=\"\/wp-content\/uploads\/2025\/10\/FR-an-IV-f1-1_rotated.pdf\">Orar activit\u0103\u0163ilor didactice<br><\/a><a href=\"\/wp-content\/uploads\/2025\/10\/Aleg-FR-an-IV_rotated.pdf\">Orar activit\u0103\u0163ilor didactice la libera alegere<\/a><\/p>\n\n\n\n<h2>Anul V<\/h2>\n\n\n\n<p><a href=\"\/wp-content\/uploads\/2025\/11\/Orar-FR-an-V.pdf\">Orar activit\u0103\u0163ilor didactice<br><\/a>Orarul lec\u021biilor de sintez\u0103(consulta\u021bii)<br>Orarul sus\u0163inerii examenelor \u015fi a tezelor de licen\u0163\u0103<\/p>\n","protected":false},"excerpt":{"rendered":"<p>Anul I Orar activit\u0103\u0163ilor didactice Anul II Orar activit\u0103\u0163ilor didactice Anul III Orar activit\u0103\u0163ilor didacticeOrar activit\u0103\u0163ilor didactice la libera alegere Anul IV Orar activit\u0103\u0163ilor didacticeOrar activit\u0103\u0163ilor didactice la libera alegere [&hellip;]<\/p>\n","protected":false},"author":12,"featured_media":0,"parent":213,"menu_order":0,"comment_status":"closed","ping_status":"closed","template":"","meta":[],"translation":{"provider":"WPGlobus","version":"2.12.2","language":"gb","enabled_languages":["ro","gb"],"languages":{"ro":{"title":true,"content":true,"excerpt":false},"gb":{"title":false,"content":false,"excerpt":false}}},"acf":[],"_links":{"self":[{"href":"https:\/\/academy.police.md\/gb\/wp-json\/wp\/v2\/pages\/7484"}],"collection":[{"href":"https:\/\/academy.police.md\/gb\/wp-json\/wp\/v2\/pages"}],"about":[{"href":"https:\/\/academy.police.md\/gb\/wp-json\/wp\/v2\/types\/page"}],"author":[{"embeddable":true,"href":"https:\/\/academy.police.md\/gb\/wp-json\/wp\/v2\/users\/12"}],"replies":[{"embeddable":true,"href":"https:\/\/academy.police.md\/gb\/wp-json\/wp\/v2\/comments?post=7484"}],"version-history":[{"count":51,"href":"https:\/\/academy.police.md\/gb\/wp-json\/wp\/v2\/pages\/7484\/revisions"}],"predecessor-version":[{"id":30496,"href":"https:\/\/academy.police.md\/gb\/wp-json\/wp\/v2\/pages\/7484\/revisions\/30496"}],"up":[{"embeddable":true,"href":"https:\/\/academy.police.md\/gb\/wp-json\/wp\/v2\/pages\/213"}],"wp:attachment":[{"href":"https:\/\/academy.police.md\/gb\/wp-json\/wp\/v2\/media?parent=7484"}],"curies":[{"name":"wp","href":"https:\/\/api.w.org\/{rel}","templated":true}]}}