{"id":7482,"date":"2022-08-05T10:35:56","date_gmt":"2022-08-05T07:35:56","guid":{"rendered":"https:\/\/academy.police.md\/?page_id=7482"},"modified":"2026-04-09T14:30:48","modified_gmt":"2026-04-09T11:30:48","slug":"orar-drept-1-zi","status":"publish","type":"page","link":"https:\/\/academy.police.md\/gb\/directia-studii-si-management-al-calitatii\/orarele-activitatilor-didactice\/orar-drept-1-zi","title":{"rendered":"Orarele activit\u0103\u0163ilor didactice. Programul de studii 0421.1 Drept, ciclul I licen\u0163\u0103,  forma de \u00eenv\u0103\u0163\u0103m\u00e2nt cu frecven\u0163\u0103"},"content":{"rendered":"\n<h2 class=\"has-text-align-center\">Semestrul I<\/h2>\n\n\n\n<h2>Anul I<\/h2>\n\n\n\n<p><a href=\"\/wp-content\/uploads\/2025\/08\/an-I-buget-var_rotated.pdf\" data-type=\"URL\" data-id=\"\/wp-content\/uploads\/2025\/08\/an-I-buget-var_rotated.pdf\" target=\"_blank\" rel=\"noreferrer noopener\">Orarul activit\u0103\u0163ilor didactice variabil<\/a><br><a href=\"\/wp-content\/uploads\/2025\/08\/an-I-buget-const_rotated.pdf\" data-type=\"URL\" data-id=\"\/wp-content\/uploads\/2025\/08\/an-I-buget-const_rotated.pdf\" target=\"_blank\" rel=\"noreferrer noopener\">Orarul activit\u0103\u0163ilor didactice constant<\/a><br><a href=\"\/wp-content\/uploads\/2025\/08\/aleg-Drept-zi-an-I-bug-var_rotated.pdf\" data-type=\"URL\" data-id=\"\/wp-content\/uploads\/2025\/08\/aleg-Drept-zi-an-I-bug-var_rotated.pdf\" target=\"_blank\" rel=\"noreferrer noopener\">Orarul activit\u0103\u0163ilor didactice la libera alegere variabil<\/a><br><a href=\"\/wp-content\/uploads\/2025\/08\/aleg-Drept-zi-an-I-const_rotated.pdf\" data-type=\"URL\" data-id=\"\/wp-content\/uploads\/2025\/08\/aleg-Drept-zi-an-I-const_rotated.pdf\" target=\"_blank\" rel=\"noreferrer noopener\">Orarul activit\u0103\u0163ilor didactice la libera alegere constant<\/a><\/p>\n\n\n\n<p><a href=\"\/wp-content\/uploads\/2025\/08\/Drept-taxa-an-I-var_rotated.pdf\" data-type=\"URL\" data-id=\"\/wp-content\/uploads\/2025\/08\/Drept-taxa-an-I-var_rotated.pdf\" target=\"_blank\" rel=\"noreferrer noopener\">Orarul activit\u0103\u0163ilor didactice taxa variabil<br><\/a><a href=\"\/wp-content\/uploads\/2025\/08\/drept-taxa-zi-an-I-const_rotated.pdf\" data-type=\"URL\" data-id=\"\/wp-content\/uploads\/2025\/08\/drept-taxa-zi-an-I-const_rotated.pdf\" target=\"_blank\" rel=\"noreferrer noopener\">Orarul activit\u0103\u0163ilor didactice taxa constant<br><\/a><a href=\"\/wp-content\/uploads\/2025\/01\/FD-taxa-an-I-var-aleg_rotated.pdf\"><\/a><a href=\"\/wp-content\/uploads\/2025\/08\/aleg-Drept-zi-taxa-an-I-var_rotated.pdf\" data-type=\"URL\" data-id=\"\/wp-content\/uploads\/2025\/08\/aleg-Drept-zi-taxa-an-I-var_rotated.pdf\" target=\"_blank\" rel=\"noreferrer noopener\">Orarul activit\u0103\u0163ilor didactice la libera alegere taxa variabil<br><\/a><a href=\"\/wp-content\/uploads\/2025\/08\/aleg-Drept-zi-taxa-an-I-const_rotated.pdf\" data-type=\"URL\" data-id=\"\/wp-content\/uploads\/2025\/08\/aleg-Drept-zi-taxa-an-I-const_rotated.pdf\" target=\"_blank\" rel=\"noreferrer noopener\">Orarul activit\u0103\u0163ilor didactice la libera alegere taxa constant<\/a><\/p>\n\n\n\n<p><strong><span class=\"has-inline-color has-vivid-red-color\">Sesiunea de examinare<\/span><\/strong><br><a href=\"\/wp-content\/uploads\/2025\/12\/Drept-buget-an-I-aleg_rotated.pdf\" data-type=\"URL\" data-id=\"\/wp-content\/uploads\/2025\/12\/Drept-buget-an-I-aleg_rotated.pdf\">Orarul evalu\u0103rii unit\u0103\u0163ilor de curs la libera alegere, buget<br><\/a><a rel=\"noreferrer noopener\" href=\"\/wp-content\/uploads\/2025\/12\/Drept-buget-an-I_rotated.pdf\" data-type=\"URL\" data-id=\"\/wp-content\/uploads\/2025\/12\/Drept-buget-an-I_rotated.pdf\" target=\"_blank\">Orarul sesiunii de examinare, buget<\/a><a href=\"\/wp-content\/uploads\/2025\/07\/Sesiunea-repetata-I-An.I-Drept-buget.pdf\"><br><\/a><a rel=\"noreferrer noopener\" href=\"\/wp-content\/uploads\/2025\/12\/Drept-taxa-an-I-aleg_rotated.pdf\" data-type=\"URL\" data-id=\"\/wp-content\/uploads\/2025\/12\/Drept-taxa-an-I-aleg_rotated.pdf\" target=\"_blank\">Orarul evalu\u0103rii unit\u0103\u0163ilor de curs la libera alegere, taxa<br><\/a><a rel=\"noreferrer noopener\" href=\"\/wp-content\/uploads\/2025\/12\/Drept-taxa-an-I_rotated.pdf\" data-type=\"URL\" data-id=\"\/wp-content\/uploads\/2025\/12\/Drept-taxa-an-I_rotated.pdf\" target=\"_blank\">Orarul sesiunii de examinare, taxa<\/a><\/p>\n\n\n\n<h2>Anul II<\/h2>\n\n\n\n<p><a href=\"\/wp-content\/uploads\/2024\/01\/Drept-buget-an-II.pdf\" data-type=\"URL\"><\/a><a href=\"\/wp-content\/uploads\/2025\/08\/an-II-buget-var_rotated.pdf\" data-type=\"URL\" data-id=\"\/wp-content\/uploads\/2025\/08\/an-II-buget-var_rotated.pdf\" target=\"_blank\" rel=\"noreferrer noopener\">Orarul activit\u0103\u0163ilor didactice variabil<\/a><br><a href=\"\/wp-content\/uploads\/2025\/08\/an-II-buget-const_rotated.pdf\" data-type=\"URL\" data-id=\"\/wp-content\/uploads\/2025\/08\/an-II-buget-const_rotated.pdf\" target=\"_blank\" rel=\"noreferrer noopener\">Orarul activit\u0103\u0163ilor didactice constant<br><\/a>Orarul activit\u0103\u0163ilor didactice la libera alegere variabil<br>Orarul activit\u0103\u0163ilor didactice la libera alegere constant<br><\/p>\n\n\n\n<p><a href=\"\/wp-content\/uploads\/2025\/08\/Drept-taxa-an-II-var_rotated.pdf\" data-type=\"URL\" data-id=\"\/wp-content\/uploads\/2025\/08\/Drept-taxa-an-II-var_rotated.pdf\" target=\"_blank\" rel=\"noreferrer noopener\">Orarul activit\u0103\u0163ilor didactice taxa variabil<\/a><br><a href=\"\/wp-content\/uploads\/2025\/08\/Drept-taxa-an-II-const_rotated.pdf\" data-type=\"URL\" data-id=\"\/wp-content\/uploads\/2025\/08\/Drept-taxa-an-II-const_rotated.pdf\" target=\"_blank\" rel=\"noreferrer noopener\">Orarul activit\u0103\u0163ilor didactice taxa constant<\/a><a href=\"\/wp-content\/uploads\/2023\/08\/an-II-dr-taxa-var_rotated.pdf\" data-type=\"URL\" data-id=\"\/wp-content\/uploads\/2023\/08\/an-II-dr-taxa-var_rotated.pdf\"><br><\/a>Orarul activit\u0103\u0163ilor didactice la libera alegere taxa variabil<br>Orarul activit\u0103\u0163ilor didactice la libera alegere taxa constant<\/p>\n\n\n\n<p><strong><span class=\"has-inline-color has-vivid-red-color\">Sesiunea de examinare<\/span><\/strong><br>Orarul evalu\u0103rii unit\u0103\u0163ilor de curs la libera alegere, buget<br>Orarul evalu\u0103rii unit\u0103\u0163ilor de curs la libera alegere, taxa<a href=\"\/wp-content\/uploads\/2025\/04\/s-vara-aleg-an-II-taxa_rotated.pdf\"><br><\/a><a rel=\"noreferrer noopener\" href=\"\/wp-content\/uploads\/2025\/12\/Drept-buget-an-II_rotated.pdf\" data-type=\"URL\" data-id=\"\/wp-content\/uploads\/2025\/12\/Drept-buget-an-II_rotated.pdf\" target=\"_blank\">Orarul sesiunii de examinare, buget<br><\/a><a rel=\"noreferrer noopener\" href=\"\/wp-content\/uploads\/2025\/12\/Drept-taxa-an-II_rotated.pdf\" data-type=\"URL\" data-id=\"\/wp-content\/uploads\/2025\/12\/Drept-taxa-an-II_rotated.pdf\" target=\"_blank\">Orarul sesiunii de examinare, taxa<\/a><\/p>\n\n\n\n<h2>Anul III<\/h2>\n\n\n\n<p><a href=\"\/wp-content\/uploads\/2024\/01\/Drept-buget-an-II.pdf\" data-type=\"URL\"><\/a><a href=\"\/wp-content\/uploads\/2025\/08\/an-III-buget-var_rotated.pdf\" data-type=\"URL\" data-id=\"\/wp-content\/uploads\/2025\/08\/an-III-buget-var_rotated.pdf\" target=\"_blank\" rel=\"noreferrer noopener\">Orarul activit\u0103\u0163ilor didactice variabil<\/a><br><a href=\"\/wp-content\/uploads\/2025\/08\/an-III-buget-const_rotated.pdf\" data-type=\"URL\" data-id=\"\/wp-content\/uploads\/2025\/08\/an-III-buget-const_rotated.pdf\" target=\"_blank\" rel=\"noreferrer noopener\">Orarul activit\u0103\u0163ilor didactice constant<\/a><br><a href=\"\/wp-content\/uploads\/2025\/08\/aleg-Drept-zi-an-III-var_rotated.pdf\" data-type=\"URL\" data-id=\"\/wp-content\/uploads\/2025\/08\/aleg-Drept-zi-an-III-var_rotated.pdf\" target=\"_blank\" rel=\"noreferrer noopener\">Orarul activit\u0103\u0163ilor didactice la libera alegere variabil<br><\/a><a href=\"\/wp-content\/uploads\/2025\/08\/aleg-Drept-zi-an-III-const_rotated.pdf\" data-type=\"URL\" data-id=\"\/wp-content\/uploads\/2025\/08\/aleg-Drept-zi-an-III-const_rotated.pdf\" target=\"_blank\" rel=\"noreferrer noopener\">Orarul activit\u0103\u0163ilor didactice la libera alegere constant<\/a><\/p>\n\n\n\n<p><a href=\"\/wp-content\/uploads\/2025\/08\/Drept-taxa-an-III-var_rotated.pdf\" data-type=\"URL\" data-id=\"\/wp-content\/uploads\/2025\/08\/Drept-taxa-an-III-var_rotated.pdf\" target=\"_blank\" rel=\"noreferrer noopener\">Orarul activit\u0103\u0163ilor didactice taxa variabil<\/a><br><a href=\"\/wp-content\/uploads\/2025\/08\/Drept-taxa-an-III-const_rotated.pdf\" data-type=\"URL\" data-id=\"\/wp-content\/uploads\/2025\/08\/Drept-taxa-an-III-const_rotated.pdf\" target=\"_blank\" rel=\"noreferrer noopener\">Orarul activit\u0103\u0163ilor didactice taxa constant<\/a><a href=\"\/wp-content\/uploads\/2023\/08\/an-II-dr-taxa-var_rotated.pdf\" data-type=\"URL\" data-id=\"\/wp-content\/uploads\/2023\/08\/an-II-dr-taxa-var_rotated.pdf\"><br><\/a><a href=\"\/wp-content\/uploads\/2025\/08\/aleg-Drept-zi-taxa-an-III-var_rotated.pdf\" data-type=\"URL\" data-id=\"\/wp-content\/uploads\/2025\/08\/aleg-Drept-zi-taxa-an-III-var_rotated.pdf\" target=\"_blank\" rel=\"noreferrer noopener\">Orarul activit\u0103\u0163ilor didactice la libera alegere taxa variabil<br><\/a><a href=\"\/wp-content\/uploads\/2025\/08\/aleg-Drept-taxa-an-III-const_rotated.pdf\" data-type=\"URL\" data-id=\"\/wp-content\/uploads\/2025\/08\/aleg-Drept-taxa-an-III-const_rotated.pdf\" target=\"_blank\" rel=\"noreferrer noopener\">Orarul activit\u0103\u0163ilor didactice la libera alegere taxa constant<br><\/a><\/p>\n\n\n\n<p><strong><span class=\"has-inline-color has-vivid-red-color\">Sesiunea de examinare<\/span><\/strong><br><a rel=\"noreferrer noopener\" href=\"\/wp-content\/uploads\/2025\/12\/Drept-buget-an-III-aleg_rotated.pdf\" data-type=\"URL\" data-id=\"\/wp-content\/uploads\/2025\/12\/Drept-buget-an-III-aleg_rotated.pdf\" target=\"_blank\">Orarul evalu\u0103rii unit\u0103\u0163ilor de curs la libera alegere buget<br><\/a><a rel=\"noreferrer noopener\" href=\"\/wp-content\/uploads\/2025\/12\/Drept-taxa-an-III-aleg_rotated.pdf\" data-type=\"URL\" data-id=\"\/wp-content\/uploads\/2025\/12\/Drept-taxa-an-III-aleg_rotated.pdf\" target=\"_blank\">Orarul evalu\u0103rii unit\u0103\u0163ilor de curs la libera alegere taxa <br><\/a><a rel=\"noreferrer noopener\" href=\"\/wp-content\/uploads\/2025\/12\/Drept-buget-an-III_rotated.pdf\" data-type=\"URL\" data-id=\"\/wp-content\/uploads\/2025\/12\/Drept-buget-an-III_rotated.pdf\" target=\"_blank\">Orarul sesiunii de examinare, buget<br><\/a><a rel=\"noreferrer noopener\" href=\"\/wp-content\/uploads\/2025\/12\/Drept-taxa-an-III_rotated.pdf\" data-type=\"URL\" data-id=\"\/wp-content\/uploads\/2025\/12\/Drept-taxa-an-III_rotated.pdf\" target=\"_blank\">Orarul sesiunii de examinare, taxa<\/a><\/p>\n\n\n\n<h2>Anul IV<\/h2>\n\n\n\n<p><a href=\"\/wp-content\/uploads\/2024\/01\/Drept-buget-an-II.pdf\" data-type=\"URL\"><\/a><a rel=\"noreferrer noopener\" href=\"\/wp-content\/uploads\/2025\/08\/an-IV-buget-var_rotated.pdf\" data-type=\"URL\" data-id=\"\/wp-content\/uploads\/2025\/08\/an-IV-buget-var_rotated.pdf\" target=\"_blank\">Orarul activit\u0103\u0163ilor didactice variabil<br><\/a><a rel=\"noreferrer noopener\" href=\"\/wp-content\/uploads\/2025\/08\/an-IV-buget-const_rotated.pdf\" data-type=\"URL\" data-id=\"\/wp-content\/uploads\/2025\/08\/an-IV-buget-const_rotated.pdf\" target=\"_blank\">Orarul activit\u0103\u0163ilor didactice constant<br><\/a><a href=\"\/wp-content\/uploads\/2025\/09\/aleg-Drep-zi-an-IV-var_rotated.pdf\" data-type=\"URL\" data-id=\"\/wp-content\/uploads\/2025\/09\/aleg-Drep-zi-an-IV-var_rotated.pdf\" target=\"_blank\" rel=\"noreferrer noopener\">Orarul activit\u0103\u0163ilor didactice la libera alegere variabil<\/a><br><a href=\"\/wp-content\/uploads\/2025\/09\/aleg-Drept-zi-an-IV-const_rotated.pdf\" data-type=\"URL\" data-id=\"\/wp-content\/uploads\/2025\/09\/aleg-Drept-zi-an-IV-const_rotated.pdf\" target=\"_blank\" rel=\"noreferrer noopener\">Orarul activit\u0103\u0163ilor didactice la libera alegere constant<\/a><\/p>\n\n\n\n<p><a href=\"\/wp-content\/uploads\/2025\/08\/Drept-taxa-an-IV-var_rotated.pdf\" data-type=\"URL\" data-id=\"\/wp-content\/uploads\/2025\/08\/Drept-taxa-an-IV-var_rotated.pdf\" target=\"_blank\" rel=\"noreferrer noopener\">Orarul activit\u0103\u0163ilor didactice taxa variabil<br><\/a><a href=\"\/wp-content\/uploads\/2025\/08\/Drept-taxa-an-IV-const_rotated.pdf\" data-type=\"URL\" data-id=\"\/wp-content\/uploads\/2025\/08\/Drept-taxa-an-IV-const_rotated.pdf\" target=\"_blank\" rel=\"noreferrer noopener\">Orarul activit\u0103\u0163ilor didactice taxa constant<br><\/a><a rel=\"noreferrer noopener\" href=\"\/wp-content\/uploads\/2025\/08\/aleg-Drept-taxa-an-IV-var_rotated.pdf\" data-type=\"URL\" data-id=\"\/wp-content\/uploads\/2025\/08\/aleg-Drept-taxa-an-IV-var_rotated.pdf\" target=\"_blank\">Orarul activit\u0103\u0163ilor didactice la libera alegere taxa variabil<\/a><br><a rel=\"noreferrer noopener\" href=\"\/wp-content\/uploads\/2025\/08\/aleg-Drept-zi-taxa-an-IV-const_rotated.pdf\" data-type=\"URL\" data-id=\"\/wp-content\/uploads\/2025\/08\/aleg-Drept-zi-taxa-an-IV-const_rotated.pdf\" target=\"_blank\">Orarul activit\u0103\u0163ilor didactice la libera alegere taxa constant<\/a><a href=\"\/wp-content\/uploads\/2024\/07\/an-IV-taxa-const-aleg_rotated.pdf\"><br><\/a><\/p>\n\n\n\n<p><strong><span class=\"has-inline-color has-vivid-red-color\">Sesiunea de examinare<\/span><\/strong><br><a rel=\"noreferrer noopener\" href=\"\/wp-content\/uploads\/2025\/12\/Drept-buget-an-IV-aleg_rotated.pdf\" data-type=\"URL\" data-id=\"\/wp-content\/uploads\/2025\/12\/Drept-buget-an-IV-aleg_rotated.pdf\" target=\"_blank\">Orarul evalu\u0103rii unit\u0103\u0163ilor de curs la libera alegere buget<\/a><br><a rel=\"noreferrer noopener\" href=\"\/wp-content\/uploads\/2025\/12\/Drept-taxa-an-IV-aleg_rotated.pdf\" data-type=\"URL\" data-id=\"\/wp-content\/uploads\/2025\/12\/Drept-taxa-an-IV-aleg_rotated.pdf\" target=\"_blank\">Orarul evalu\u0103rii unit\u0103\u0163ilor de curs la libera alegere taxa<\/a><br><a rel=\"noreferrer noopener\" href=\"\/wp-content\/uploads\/2025\/12\/Drept-buget-an-IV_rotated.pdf\" data-type=\"URL\" data-id=\"\/wp-content\/uploads\/2025\/12\/Drept-buget-an-IV_rotated.pdf\" target=\"_blank\">Orarul sesiunii de examinare, buget semestrul I<br><\/a><a rel=\"noreferrer noopener\" href=\"\/wp-content\/uploads\/2025\/12\/Drept-taxa-an-IV_rotated.pdf\" data-type=\"URL\" data-id=\"\/wp-content\/uploads\/2025\/12\/Drept-taxa-an-IV_rotated.pdf\" target=\"_blank\">Orarul sesiunii de examinare, taxa semestrul I<\/a><\/p>\n\n\n\n<p>Orarul sus\u0163inerii examenelor \u015fi a tezelor de licen\u0163\u0103<\/p>\n\n\n\n<p><\/p>\n","protected":false},"excerpt":{"rendered":"<p>Semestrul I Anul I Orarul activit\u0103\u0163ilor didactice variabilOrarul activit\u0103\u0163ilor didactice constantOrarul activit\u0103\u0163ilor didactice la libera alegere variabilOrarul activit\u0103\u0163ilor didactice la libera alegere constant Orarul activit\u0103\u0163ilor didactice taxa variabilOrarul activit\u0103\u0163ilor didactice [&hellip;]<\/p>\n","protected":false},"author":12,"featured_media":0,"parent":213,"menu_order":0,"comment_status":"closed","ping_status":"closed","template":"","meta":[],"translation":{"provider":"WPGlobus","version":"2.12.2","language":"gb","enabled_languages":["ro","gb"],"languages":{"ro":{"title":true,"content":true,"excerpt":false},"gb":{"title":false,"content":false,"excerpt":false}}},"acf":[],"_links":{"self":[{"href":"https:\/\/academy.police.md\/gb\/wp-json\/wp\/v2\/pages\/7482"}],"collection":[{"href":"https:\/\/academy.police.md\/gb\/wp-json\/wp\/v2\/pages"}],"about":[{"href":"https:\/\/academy.police.md\/gb\/wp-json\/wp\/v2\/types\/page"}],"author":[{"embeddable":true,"href":"https:\/\/academy.police.md\/gb\/wp-json\/wp\/v2\/users\/12"}],"replies":[{"embeddable":true,"href":"https:\/\/academy.police.md\/gb\/wp-json\/wp\/v2\/comments?post=7482"}],"version-history":[{"count":116,"href":"https:\/\/academy.police.md\/gb\/wp-json\/wp\/v2\/pages\/7482\/revisions"}],"predecessor-version":[{"id":31888,"href":"https:\/\/academy.police.md\/gb\/wp-json\/wp\/v2\/pages\/7482\/revisions\/31888"}],"up":[{"embeddable":true,"href":"https:\/\/academy.police.md\/gb\/wp-json\/wp\/v2\/pages\/213"}],"wp:attachment":[{"href":"https:\/\/academy.police.md\/gb\/wp-json\/wp\/v2\/media?parent=7482"}],"curies":[{"name":"wp","href":"https:\/\/api.w.org\/{rel}","templated":true}]}}