{"id":5673,"date":"2022-02-15T15:07:23","date_gmt":"2022-02-15T12:07:23","guid":{"rendered":"https:\/\/www.academy.police.md\/?page_id=5673"},"modified":"2026-04-03T12:13:56","modified_gmt":"2026-04-03T09:13:56","slug":"stagii-de-practica","status":"publish","type":"page","link":"https:\/\/academy.police.md\/gb\/stagii-de-practica","title":{"rendered":"Stagii de practic\u0103"},"content":{"rendered":"\n<p><a href=\"https:\/\/academy.police.md\/wp-content\/uploads\/2026\/02\/Grafic-practica-2026.pdf\">Graficul \u015fedin\u0163elor de informare a studen\u0163ilor cu privire la organizarea \u015fi desf\u0103\u015furarea stagiilor de practic\u0103<\/a><br><a href=\"\/wp-content\/uploads\/2025\/09\/Grafic-semestrul-I-1.pdf\">Graficul \u0219edin\u021belor cu studen\u021bii, semestrul I<\/a><br><a href=\"https:\/\/academy.police.md\/wp-content\/uploads\/2026\/04\/Grafic-sem-II_rotated.pdf\">Graficul \u0219edin\u021belor cu studen\u021bii, semestrul II<\/a><br><a href=\"https:\/\/academy.police.md\/wp-content\/uploads\/2025\/09\/Anunt.pdf\">Anun\u021b \u00een scopul bunei organiz\u0103ri al stagiului de practic\u0103 din anul universitar 2025-2026<\/a><br><a href=\"\/wp-content\/uploads\/2025\/09\/Grafic-restante.pdf\">Orarul sus\u021binerii repetate a evalu\u0103rii finale a stagiilor de practic\u0103 la ciclul I licen\u021b\u0103, din anul uneversitar 2024-2025<\/a><\/p>\n","protected":false},"excerpt":{"rendered":"<p>Graficul \u015fedin\u0163elor de informare a studen\u0163ilor cu privire la organizarea \u015fi desf\u0103\u015furarea stagiilor de practic\u0103Graficul \u0219edin\u021belor cu studen\u021bii, semestrul IGraficul \u0219edin\u021belor cu studen\u021bii, semestrul IIAnun\u021b \u00een scopul bunei organiz\u0103ri al [&hellip;]<\/p>\n","protected":false},"author":8,"featured_media":0,"parent":0,"menu_order":0,"comment_status":"closed","ping_status":"closed","template":"","meta":[],"translation":{"provider":"WPGlobus","version":"2.12.2","language":"gb","enabled_languages":["ro","gb"],"languages":{"ro":{"title":true,"content":true,"excerpt":false},"gb":{"title":false,"content":false,"excerpt":false}}},"acf":[],"_links":{"self":[{"href":"https:\/\/academy.police.md\/gb\/wp-json\/wp\/v2\/pages\/5673"}],"collection":[{"href":"https:\/\/academy.police.md\/gb\/wp-json\/wp\/v2\/pages"}],"about":[{"href":"https:\/\/academy.police.md\/gb\/wp-json\/wp\/v2\/types\/page"}],"author":[{"embeddable":true,"href":"https:\/\/academy.police.md\/gb\/wp-json\/wp\/v2\/users\/8"}],"replies":[{"embeddable":true,"href":"https:\/\/academy.police.md\/gb\/wp-json\/wp\/v2\/comments?post=5673"}],"version-history":[{"count":40,"href":"https:\/\/academy.police.md\/gb\/wp-json\/wp\/v2\/pages\/5673\/revisions"}],"predecessor-version":[{"id":31737,"href":"https:\/\/academy.police.md\/gb\/wp-json\/wp\/v2\/pages\/5673\/revisions\/31737"}],"wp:attachment":[{"href":"https:\/\/academy.police.md\/gb\/wp-json\/wp\/v2\/media?parent=5673"}],"curies":[{"name":"wp","href":"https:\/\/api.w.org\/{rel}","templated":true}]}}