{"id":5502,"date":"2022-01-18T17:32:35","date_gmt":"2022-01-18T14:32:35","guid":{"rendered":"https:\/\/www.academy.police.md\/?page_id=5502"},"modified":"2022-06-02T14:12:51","modified_gmt":"2022-06-02T11:12:51","slug":"patforme-de-baze-de-date-internationale","status":"publish","type":"page","link":"https:\/\/academy.police.md\/gb\/departamentul-informational-biblioteconomic\/patforme-de-baze-de-date-internationale","title":{"rendered":"Platforme de baze de date interna\u0163ionale"},"content":{"rendered":"\n<p><strong>Aten\u0163ie<\/strong>. Administra\u0163ia bazelor de date avertizeaz\u0103 c\u0103 pentru utilizarea bazelor de date este mai bine s\u0103 folosi\u0163i web browsere\u00a0<strong>Firefox<\/strong>\u00a0or\u00a0<strong>Chrome<\/strong>, deoarece\u00a0<strong>Internet Explrorer<\/strong>\u00a0poate func\u0163iona incorect.<\/p>\n\n\n\n<p>1.  <a href=\"https:\/\/royalsocietypublishing.org\/journal\/rsfs\" data-type=\"URL\" data-id=\"https:\/\/royalsocietypublishing.org\/journal\/rsfs\">Royal Society Journals Collection<\/a><\/p>\n\n\n\n<p>2. <a href=\"https:\/\/www.cambridge.org\/core\/\">Cambridge Journals Online<\/a><\/p>\n\n\n\n<p>3. <a href=\"https:\/\/www.dukeupress.edu\/Information-For\/Librarians\/Electronic-Products\/e-Duke-Journals-Scholarly-Collections\">e-Duke journals Scolarly Collection<\/a><\/p>\n\n\n\n<p>4. <a href=\"https:\/\/iopscience.iop.org\/\">IOP Science<\/a><\/p>\n\n\n\n<p>5.<a href=\"https:\/\/login.research4life.org\/tacgw\/login.cshtml\">HINARI Acces to Research in Health<\/a><\/p>\n\n\n\n<p>6. <a href=\"https:\/\/login.research4life.org\/tacgw\/login.cshtml\">OARE Research in the Enviroment<\/a><\/p>\n\n\n\n<p>7. <a href=\"https:\/\/www.oed.com\/\">Oxford English Dictionary<\/a><\/p>\n\n\n\n<p>8. <a href=\"https:\/\/www.hindawi.com\/\">Hindawi Publishing Corporation<\/a><\/p>\n\n\n\n<p>9. <a href=\"https:\/\/compass.astm.org\/\">ASTM Compass<\/a><\/p>\n\n\n\n<p>10. <a href=\"https:\/\/www.oxfordreference.com\/\">Oxford Reference Online<\/a><\/p>\n\n\n\n<p>11. <a href=\"https:\/\/www.iwapublishing.com\/journals\">IWA Publishing Journals<\/a><\/p>\n\n\n\n<p>12. <a href=\"https:\/\/www.e-elgar.com\/\">Edward Elgar Publishing<\/a><\/p>\n\n\n\n<p>13. \u00a0\u00a0<a href=\"https:\/\/www.elgaronline.com\/\">Elgaronline<\/a><\/p>\n\n\n\n<p>14. <a href=\"https:\/\/journals.openedition.org\/?lang=en\">Open Edition Journals<\/a><\/p>\n\n\n\n<p>15. \u00a0<a href=\"https:\/\/methods.sagepub.com\/\">SAGE Research Methods Online<\/a><\/p>\n","protected":false},"excerpt":{"rendered":"<p>Aten\u0163ie. Administra\u0163ia bazelor de date avertizeaz\u0103 c\u0103 pentru utilizarea bazelor de date este mai bine s\u0103 folosi\u0163i web browsere\u00a0Firefox\u00a0or\u00a0Chrome, deoarece\u00a0Internet Explrorer\u00a0poate func\u0163iona incorect. 1. Royal Society Journals Collection 2. Cambridge [&hellip;]<\/p>\n","protected":false},"author":8,"featured_media":0,"parent":1412,"menu_order":0,"comment_status":"closed","ping_status":"closed","template":"","meta":[],"translation":{"provider":"WPGlobus","version":"2.12.2","language":"gb","enabled_languages":["ro","gb"],"languages":{"ro":{"title":true,"content":true,"excerpt":false},"gb":{"title":false,"content":false,"excerpt":false}}},"acf":[],"_links":{"self":[{"href":"https:\/\/academy.police.md\/gb\/wp-json\/wp\/v2\/pages\/5502"}],"collection":[{"href":"https:\/\/academy.police.md\/gb\/wp-json\/wp\/v2\/pages"}],"about":[{"href":"https:\/\/academy.police.md\/gb\/wp-json\/wp\/v2\/types\/page"}],"author":[{"embeddable":true,"href":"https:\/\/academy.police.md\/gb\/wp-json\/wp\/v2\/users\/8"}],"replies":[{"embeddable":true,"href":"https:\/\/academy.police.md\/gb\/wp-json\/wp\/v2\/comments?post=5502"}],"version-history":[{"count":26,"href":"https:\/\/academy.police.md\/gb\/wp-json\/wp\/v2\/pages\/5502\/revisions"}],"predecessor-version":[{"id":6746,"href":"https:\/\/academy.police.md\/gb\/wp-json\/wp\/v2\/pages\/5502\/revisions\/6746"}],"up":[{"embeddable":true,"href":"https:\/\/academy.police.md\/gb\/wp-json\/wp\/v2\/pages\/1412"}],"wp:attachment":[{"href":"https:\/\/academy.police.md\/gb\/wp-json\/wp\/v2\/media?parent=5502"}],"curies":[{"name":"wp","href":"https:\/\/api.w.org\/{rel}","templated":true}]}}