{"id":5474,"date":"2022-01-18T16:19:58","date_gmt":"2022-01-18T13:19:58","guid":{"rendered":"https:\/\/www.academy.police.md\/?page_id=5474"},"modified":"2026-02-23T11:05:57","modified_gmt":"2026-02-23T09:05:57","slug":"acte-normative-ale-guvernului-rm-mec-anacec","status":"publish","type":"page","link":"https:\/\/academy.police.md\/gb\/scoala-doctorala\/cadrul-legal-al-scolii-doctorale\/acte-normative-ale-guvernului-rm-mec-anacec","title":{"rendered":"Acte normative ale Guvernului RM, MEC, ANACEC"},"content":{"rendered":"\n<p><strong>Acte normative ale Guvernului RM, MEC, ANACEC<\/strong>:<\/p>\n\n\n\n<ol><li>HG\u00a0nr. 1007 din 10.12.2014\u00a0pentru aprobarea Regulamentului privind organizarea studiilor superioare de doctorat, ciclul III<br><a href=\"https:\/\/www.legis.md\/cautare\/getResults?doc_id=115655&amp;lang=ro\">https:\/\/www.legis.md\/cautare\/getResults?doc_id=115655&amp;lang=ro<\/a><\/li><li>HG\u00a0nr. 497 din 23.10.2019 cu privire la aprobarea Metodologiei de conferire \u015fi confirmare a titlurilor \u015ftiin\u0163ifice<br><a href=\"https:\/\/www.legis.md\/cautare\/getResults?doc_id=118490&amp;lang=ro\">https:\/\/www.legis.md\/cautare\/getResults?doc_id=118490&amp;lang=ro<\/a><\/li><li>HG nr. 326 din 18.07.2019 cu privire la aprobarea Metodologiei aprob\u0103rii conduc\u0103torilor de doctorat<br><a href=\"https:\/\/www.legis.md\/cautare\/getResults?doc_id=115592&amp;lang=ro\">https:\/\/www.legis.md\/cautare\/getResults?doc_id=115592&amp;lang=ro<\/a><\/li><li>Ordinul MECC nr. 514 din 05.12.2017 cu privire la aprobarea Regulamentului de atribuire a calificativelor tezelor de doctorat<br><a rel=\"noreferrer noopener\" href=\"https:\/\/mecc.gov.md\/sites\/default\/files\/ordin_regulament_calificative.pdf\" target=\"_blank\">https:\/\/mecc.gov.md\/sites\/default\/files\/ordin_regulament_calificative.pdf<\/a><\/li><li>Ordinul ME nr. 86 din 08.02.2016 cu privire la aprobarea Metodologiei de desf\u0103\u0219urare a competi\u021biei proiectelor \u0219tiin\u021bifice pentru repartizarea granturilor doctorale de la bugetul de stat\u00a0<a href=\"https:\/\/mecc.gov.md\/sites\/default\/files\/ordin_nr._86_din_8.02.2016.pdf\">https:\/\/mecc.gov.md\/sites\/default\/files\/ordin_nr._86_din_8.02.2016.pdf<\/a><\/li><li>Decizia Consiliului de Conducere al ANACEC nr. 2 din 27.12.2019 cu privire la aprobarea materialelor metodologice \u00een vederea confirm\u0103rii titlurilor \u015ftiin\u0163ifice<br><a rel=\"noreferrer noopener\" href=\"\/wp-content\/uploads\/2025\/02\/Decizia-CC-al-ANACEC-nr.2-din-27.12.2019.pdf\" data-type=\"URL\" data-id=\"\/wp-content\/uploads\/2025\/02\/Decizia-CC-al-ANACEC-nr.2-din-27.12.2019.pdf\" target=\"_blank\">Decizia CC al ANACEC nr.2 din 27.12.2019.pdf<\/a><\/li><li>Model de prezentare a listei lucr\u0103rilor \u015ftiin\u0163ifice la tema tezei\/lucr\u0103rii de sintez\u0103:\u00a0<br><a href=\"https:\/\/www.anacec.md\/files\/model-lista-publicatii-27.12.2019.doc\">https:\/\/www.anacec.md\/files\/model-lista-publicatii-27.12.2019.doc<\/a><\/li><li>Model de rezolu\u0163ie cu privire la Raportul de similitudini PDF<br><a rel=\"noreferrer noopener\" href=\"http:\/\/www.cnaa.md\/normative-acts\/normative-acts-confirmation-doctor-habilitated-doctor\/normative-acts-model-rezolutie\/\" target=\"_blank\">http:\/\/www.cnaa.md\/normative-acts\/normative-acts-confirmation-doctor-habilitated-doctor\/normative-acts-model-rezolutie\/<\/a>\u00a0\u00a0<\/li><li>Model de cerere pentru transmiterea tezei \u0219i a rezumatului\/elor acesteia, \u00een variant\u0103 electronic\u0103, la ANACEC PDF<br><a rel=\"noreferrer noopener\" href=\"http:\/\/www.cnaa.md\/normative-acts\/normative-acts-confirmation-doctor-habilitated-doctor\/normative-acts-model-cerere\/\" target=\"_blank\">http:\/\/www.cnaa.md\/normative-acts\/normative-acts-confirmation-doctor-habilitated-doctor\/normative-acts-model-cerere\/<\/a><\/li><li>Ghid pentru analiza \u0219i interpretarea Raportului de similitudini \u0219i a plagiatului identificat \u00een lucr\u0103rile prezentate la ANACEC<br><a rel=\"noreferrer noopener\" href=\"https:\/\/www.anacec.md\/files\/2025_DECI\/Ghid-Raport_similitudini-plagiat-2025.pdf\" target=\"_blank\">https:\/\/anacec.md\/files\/2025_DECI\/Ghid-Raport_similitudini-plagiat-2025.pdf<\/a><\/li><li>Ghid pentru identificarea \u0219i prevenirea practicilor pr\u0103d\u0103toare \u00een comunicarea \u0219tiin\u021bific\u0103<br><a href=\"https:\/\/idsi.md\/files\/file\/GHID-Identificare_practici_pradatoare_DOI-ISBN_compressed.pdf\" target=\"_blank\" rel=\"noreferrer noopener\">https:\/\/idsi.md\/files\/file\/GHID-Identificare_practici_pradatoare_DOI-ISBN_compressed.pdf<\/a><\/li><\/ol>\n","protected":false},"excerpt":{"rendered":"<p>Acte normative ale Guvernului RM, MEC, ANACEC: HG\u00a0nr. 1007 din 10.12.2014\u00a0pentru aprobarea Regulamentului privind organizarea studiilor superioare de doctorat, ciclul IIIhttps:\/\/www.legis.md\/cautare\/getResults?doc_id=115655&amp;lang=ro HG\u00a0nr. 497 din 23.10.2019 cu privire la aprobarea Metodologiei [&hellip;]<\/p>\n","protected":false},"author":8,"featured_media":0,"parent":3975,"menu_order":0,"comment_status":"closed","ping_status":"closed","template":"","meta":[],"translation":{"provider":"WPGlobus","version":"2.12.2","language":"gb","enabled_languages":["ro","gb"],"languages":{"ro":{"title":true,"content":true,"excerpt":false},"gb":{"title":false,"content":false,"excerpt":false}}},"acf":[],"_links":{"self":[{"href":"https:\/\/academy.police.md\/gb\/wp-json\/wp\/v2\/pages\/5474"}],"collection":[{"href":"https:\/\/academy.police.md\/gb\/wp-json\/wp\/v2\/pages"}],"about":[{"href":"https:\/\/academy.police.md\/gb\/wp-json\/wp\/v2\/types\/page"}],"author":[{"embeddable":true,"href":"https:\/\/academy.police.md\/gb\/wp-json\/wp\/v2\/users\/8"}],"replies":[{"embeddable":true,"href":"https:\/\/academy.police.md\/gb\/wp-json\/wp\/v2\/comments?post=5474"}],"version-history":[{"count":14,"href":"https:\/\/academy.police.md\/gb\/wp-json\/wp\/v2\/pages\/5474\/revisions"}],"predecessor-version":[{"id":30716,"href":"https:\/\/academy.police.md\/gb\/wp-json\/wp\/v2\/pages\/5474\/revisions\/30716"}],"up":[{"embeddable":true,"href":"https:\/\/academy.police.md\/gb\/wp-json\/wp\/v2\/pages\/3975"}],"wp:attachment":[{"href":"https:\/\/academy.police.md\/gb\/wp-json\/wp\/v2\/media?parent=5474"}],"curies":[{"name":"wp","href":"https:\/\/api.w.org\/{rel}","templated":true}]}}