{"id":5269,"date":"2021-12-14T15:09:28","date_gmt":"2021-12-14T12:09:28","guid":{"rendered":"https:\/\/academy.police.md\/?page_id=5269"},"modified":"2025-11-13T11:17:46","modified_gmt":"2025-11-13T09:17:46","slug":"comisia-de-asigurare-a-calitatii","status":"publish","type":"page","link":"https:\/\/academy.police.md\/gb\/directia-studii-si-management-al-calitatii\/comisia-de-asigurare-a-calitatii","title":{"rendered":"Comisia de asigurare a calit\u0103\u0163ii"},"content":{"rendered":"\n<p><a href=\"\/wp-content\/uploads\/2025\/11\/Regulament-org-si-func-CEMC-si-CAQ.pdf\" data-type=\"URL\" data-id=\"\/wp-content\/uploads\/2025\/11\/Regulament-org-si-func-CEMC-si-CAQ.pdf\" target=\"_blank\" rel=\"noreferrer noopener\">Regulamentul de organizare \u015fi fiunc\u0163ionare a Comisiei de asigurare a calit\u0103\u0163ii (CAC) \u00een Academie<\/a><\/p>\n\n\n\n<p><a href=\"\/wp-content\/uploads\/2025\/10\/Componenta-CAQ-2025-2026.pdf\" data-type=\"URL\" data-id=\"\/wp-content\/uploads\/2025\/10\/Componenta-CAQ-2025-2026.pdf\" target=\"_blank\" rel=\"noreferrer noopener\">Componen\u0163a CAC din anul de studii 2025-2026<\/a><\/p>\n\n\n\n<p><a rel=\"noreferrer noopener\" href=\"\/wp-content\/uploads\/2025\/11\/Planul-anual-al-CAQ-2025-2026.pdf\" data-type=\"URL\" data-id=\"\/wp-content\/uploads\/2025\/11\/Planul-anual-al-CAQ-2025-2026.pdf\" target=\"_blank\">Plan anual de activitate 2025-2026 al CAQ<\/a><\/p>\n","protected":false},"excerpt":{"rendered":"<p>Regulamentul de organizare \u015fi fiunc\u0163ionare a Comisiei de asigurare a calit\u0103\u0163ii (CAC) \u00een Academie Componen\u0163a CAC din anul de studii 2025-2026 Plan anual de activitate 2025-2026 al CAQ<\/p>\n","protected":false},"author":12,"featured_media":0,"parent":113,"menu_order":10,"comment_status":"closed","ping_status":"closed","template":"","meta":[],"translation":{"provider":"WPGlobus","version":"2.12.2","language":"gb","enabled_languages":["ro","gb"],"languages":{"ro":{"title":true,"content":true,"excerpt":false},"gb":{"title":false,"content":false,"excerpt":false}}},"acf":[],"_links":{"self":[{"href":"https:\/\/academy.police.md\/gb\/wp-json\/wp\/v2\/pages\/5269"}],"collection":[{"href":"https:\/\/academy.police.md\/gb\/wp-json\/wp\/v2\/pages"}],"about":[{"href":"https:\/\/academy.police.md\/gb\/wp-json\/wp\/v2\/types\/page"}],"author":[{"embeddable":true,"href":"https:\/\/academy.police.md\/gb\/wp-json\/wp\/v2\/users\/12"}],"replies":[{"embeddable":true,"href":"https:\/\/academy.police.md\/gb\/wp-json\/wp\/v2\/comments?post=5269"}],"version-history":[{"count":14,"href":"https:\/\/academy.police.md\/gb\/wp-json\/wp\/v2\/pages\/5269\/revisions"}],"predecessor-version":[{"id":28514,"href":"https:\/\/academy.police.md\/gb\/wp-json\/wp\/v2\/pages\/5269\/revisions\/28514"}],"up":[{"embeddable":true,"href":"https:\/\/academy.police.md\/gb\/wp-json\/wp\/v2\/pages\/113"}],"wp:attachment":[{"href":"https:\/\/academy.police.md\/gb\/wp-json\/wp\/v2\/media?parent=5269"}],"curies":[{"name":"wp","href":"https:\/\/api.w.org\/{rel}","templated":true}]}}