{"id":4714,"date":"2021-09-24T16:24:38","date_gmt":"2021-09-24T13:24:38","guid":{"rendered":"https:\/\/academy.police.md\/?page_id=4714"},"modified":"2025-06-24T13:12:37","modified_gmt":"2025-06-24T10:12:37","slug":"departamentul-instruire-auto-si-legislatie-rutiera-2","status":"publish","type":"page","link":"https:\/\/academy.police.md\/gb\/directia-centrul-integrat-de-pregatire-pentru-aplicarea-legii\/departamentul-instruire-auto-si-legislatie-rutiera-2","title":{"rendered":"Departamentul instruire auto \u015fi legisla\u0163ie rutier\u0103"},"content":{"rendered":"\n<p><strong>Informa\u021bii generale.<\/strong><\/p>\n\n\n\n<p>Departamentul instruire auto \u0219i legisla\u021bie rutier\u0103 exercit\u0103 instruirea in\u021bial\u0103 a conduc\u0103torilor de autovehicule pentru categoria \u201eB\u201d, inclusiv formarea ini\u021bial\u0103 pe domeniul rutier al func\u021bionarilor publici cu statut special angaja\u021bi din surs\u0103 extern\u0103, precum \u0219i de dezvoltare (formare) profesional\u0103 continu\u0103 a personalului MAI, orientat\u0103 spre formarea competen\u0163elor profesionale avansate necesare \u00een conducerea defensiv\u0103 a autovehiculului, prevenirea accidentelor rutiere, ac\u0163ion\u0103rii responsabile \u015fi operative \u00een situa\u0163iile de risc rutier.<\/p>\n\n\n\n<p><strong>Misiunea:<\/strong><\/p>\n\n\n\n<ol type=\"a\"><li>formarea\/dezvoltarea competen\u021belor-cheie \u0219i formarea competen\u021belor profesionale ale conduc\u0103torilor\/conduc\u0103toarelor de autovehicule (categoria B),<\/li><li>sporirea securit\u0103\u021bii circula\u021biei rutiere \u0219i reducerea num\u0103rului de accidente rutiere cu implicarea angaja\u021biilor MAI prin ajustarea ofertei educa\u021bionale la cerin\u021bele actuale ale siguran\u021bei traficului rutier;<\/li><li>formarea abilit\u0103\u021bilor de abordare comprehensiv\u0103 (\u00een\u021belegere rapid\u0103 \u0219i corect\u0103), integratoare a conceptelor circula\u021biei rutiere \u00een activitatea de conducere \u00een siguran\u021b\u0103 a autovehiculelor \u00een diverse contexte \u0219i situa\u021bii rutiere;<\/li><li>formarea \u0219i responsabilizarea formabiilor pe domeniul respectarii prevederilor legisla\u021biei rutiere \u00een conducerea autovehiculelor;<\/li><\/ol>\n\n\n\n<ol type=\"a\" start=\"5\"><li>crearea condi\u021biilor optime pentru implimentarea programului de formare profesional\u0103 a conduc\u0103torilor de autovehicule de categoria B, inclusiv prin valorificarea experien\u021bei interna\u021bionale \u00een domeniu;<\/li><li>reprezentarea \u00een cadrul \u00eentrunirilor, atelierelor, meselor rotunde\/coferin\u021belor la nivel na\u021bional \u0219i interna\u021bional pe domeniul securit\u0103\u021bii circula\u021biei rutiere, dezvoltarea parteneriatelor pe subiecte de interes comun cu institu\u021biile de resort din Republica Moldova \u0219i str\u0103in\u0103tate.<\/li><\/ol>\n\n\n\n<p><strong>Contacte:<\/strong><\/p>\n\n\n\n<p>mun. Chi\u0219in\u0103u, str. Sf\u00e2nta Vineri, 7<\/p>\n\n\n\n<p>e-mail: <a href=\"mailto:arcadie.turcan@mai.gov.md\">arcadie.turcan@mai.gov.md<\/a><\/p>\n\n\n\n<p>tel: 079211246<\/p>\n\n\n\n<p><strong>Informa\u021bii utile:<\/strong><\/p>\n\n\n\n<p>\u00cenmatricularea candida\u0163ilor pentru ob\u021binerea competen\u021belor necesare conduc\u0103torilor de autovehicule se efectueaz\u0103 \u00een baza:<\/p>\n\n\n\n<ol type=\"1\"><li>actului de identitate;<\/li><li>contractului, care stipuleaz\u0103 condi\u0163iile de instruire;<\/li><li>adeverin\u021ba medical\u0103 a candidatului pentru ob\u021binerea permisului de conducere (F 083\/e);<\/li><li>avizul consultativ narcologic pentru dreptul de a fi admis la curs (F 092-1\/e);<\/li><li>concluzia psihiatric\u0103 privind aptitudinea de conducere a vehiculului;<\/li><\/ol>\n\n\n\n\n\n\n\n<p><a href=\"\/wp-content\/uploads\/2022\/07\/programa-cat-B.pdf\">Program de formare profesional\u0103 a conduc\u0103torilor auto de autovehicule, categoria B<\/a><\/p>\n\n\n\n<p><a href=\"\/wp-content\/uploads\/2022\/07\/regulamentulDIALR.pdf\">Regulamentul departamentului instruire auto \u0219i legisla\u021bie rutier\u0103 <\/a><\/p>\n","protected":false},"excerpt":{"rendered":"<p>Informa\u021bii generale. Departamentul instruire auto \u0219i legisla\u021bie rutier\u0103 exercit\u0103 instruirea in\u021bial\u0103 a conduc\u0103torilor de autovehicule pentru categoria \u201eB\u201d, inclusiv formarea ini\u021bial\u0103 pe domeniul rutier al func\u021bionarilor publici cu statut special [&hellip;]<\/p>\n","protected":false},"author":10,"featured_media":0,"parent":1395,"menu_order":0,"comment_status":"closed","ping_status":"closed","template":"","meta":[],"translation":{"provider":"WPGlobus","version":"2.12.2","language":"gb","enabled_languages":["ro","gb"],"languages":{"ro":{"title":true,"content":true,"excerpt":false},"gb":{"title":false,"content":false,"excerpt":false}}},"acf":[],"_links":{"self":[{"href":"https:\/\/academy.police.md\/gb\/wp-json\/wp\/v2\/pages\/4714"}],"collection":[{"href":"https:\/\/academy.police.md\/gb\/wp-json\/wp\/v2\/pages"}],"about":[{"href":"https:\/\/academy.police.md\/gb\/wp-json\/wp\/v2\/types\/page"}],"author":[{"embeddable":true,"href":"https:\/\/academy.police.md\/gb\/wp-json\/wp\/v2\/users\/10"}],"replies":[{"embeddable":true,"href":"https:\/\/academy.police.md\/gb\/wp-json\/wp\/v2\/comments?post=4714"}],"version-history":[{"count":12,"href":"https:\/\/academy.police.md\/gb\/wp-json\/wp\/v2\/pages\/4714\/revisions"}],"predecessor-version":[{"id":26123,"href":"https:\/\/academy.police.md\/gb\/wp-json\/wp\/v2\/pages\/4714\/revisions\/26123"}],"up":[{"embeddable":true,"href":"https:\/\/academy.police.md\/gb\/wp-json\/wp\/v2\/pages\/1395"}],"wp:attachment":[{"href":"https:\/\/academy.police.md\/gb\/wp-json\/wp\/v2\/media?parent=4714"}],"curies":[{"name":"wp","href":"https:\/\/api.w.org\/{rel}","templated":true}]}}