{"id":4368,"date":"2021-08-10T13:04:30","date_gmt":"2021-08-10T10:04:30","guid":{"rendered":"https:\/\/www.academy.police.md\/?page_id=4368"},"modified":"2023-06-09T16:22:17","modified_gmt":"2023-06-09T13:22:17","slug":"procedura-de-prezentare-si-recenzare-a-articolelor-lv","status":"publish","type":"page","link":"https:\/\/academy.police.md\/gb\/reviste\/procedura-de-prezentare-si-recenzare-a-articolelor-lv","title":{"rendered":"Procedura de prezentare \u015fi recenzare a articolelor LV"},"content":{"rendered":"\n<p class=\"has-text-align-center\"><strong>METODOLOGIE<\/strong><br><strong>privind procedurile de recenzare a articolelor \u015ftiin\u0163ifice publicate \u00een Revista \u201eLegea \u015fi Via\u0163a\u201d a Academiei \u201e\u015etefan cel Mare\u201d a MAI al Republicii Moldova<\/strong><\/p>\n\n\n\n<p>1. Prezenta Metodologie are ca obiect de reglementare procedura de recenzare a articolelor \u015ftiin\u0163ifice publicate \u00een revista \u201eLegea \u015fi Via\u0163a\u201d din cadrul Academiei \u201e\u015etefan cel Mare\u201d a MAI al R. Moldova (\u00een continuare Revist\u0103).<\/p>\n\n\n\n<p>2. Metodologia este elaborat\u0103 \u00een conformitate cu prevederile: Codului cu privire la \u015ftiin\u0163\u0103 \u015fi inovare nr. 259-XV din 15 iulie 2004, cu modific\u0103rile ulterioare; Codului educa\u021biei nr.152 din 17.07.2014, cu modific\u0103rile ulterioare; Hot\u0103r\u00e2rii Guvernului cu privire la organizarea \u0219i func\u021bionarea Agen\u0163iei Na\u0163ionale de Asigurare a Calit\u0103\u0163ii \u00een Educa\u0163ie \u015fi Cercetare nr.201 din 28.02.2018; actele normative ale Agen\u0163iei Na\u0163ionale de Asigurare a Calit\u0103\u0163ii \u00een Educa\u0163ie \u015fi Cercetare (\u00een continuare &#8211; ANACEC); Regulamentul cu privire la evaluarea, clasificarea \u015fi monitorizarea revistelor \u015ftiin\u0163ifice, aprobat prin Decizia CC al ANACEC nr. 6 din 18.12.2018.&nbsp;<\/p>\n\n\n\n<p>3. Scopul Metodologiei este de a crea un cadru minim \u015fi uniform de reguli \u00een baza c\u0103rora urmeaz\u0103 a se desf\u0103\u015fura procedura de recenzare a articolelor publicate \u00een Revist\u0103.<\/p>\n\n\n\n<p>4. La recenzare se aplic\u0103 procedura de <em>peer-review<\/em> (evaluarea de c\u0103tre doi referen\u0163i independen\u0163i a fiec\u0103rui articol) anonim\u0103 cu p\u0103strarea materialelor recenziei timp de cel pu\u021bin 4 ani.<\/p>\n\n\n\n<p>5. Recenzen\u0163ii sunt introdu\u015fi \u00een Registrul exper\u0163ilor al Revistei.<\/p>\n\n\n\n<p>6. Recenzentul trebuie s\u0103 aib\u0103 titlul \u015ftiin\u0163ific de doctor sau de doctor habilitat, inclusiv titlul \u015ftiin\u0163ifico-didactic de conferen\u0163iar universitar sau profesor universitar, corespunz\u0103tor domeniului \u00een care este elaborat articolul supus recenz\u0103rii.<\/p>\n\n\n\n<p>7. Calitatea de membru al Colegiului de redac\u0163ie al revistei se asimileaz\u0103 cu cea de recenzent. \u00cen baza deciziei Consiliului \u015ftiin\u0163ific al Revistei, \u00een Registrul exper\u0163ilor pot fi incluse \u015fi alte persoane din cadrul institu\u0163iei sau din afara acesteia, care \u00eendeplinesc condi\u0163iile prev\u0103zute la punctul anterior.<\/p>\n\n\n\n<p>8. \u00cen cazuri de excep\u0163ie, atunci c\u00e2nd articolul este elaborat la o specialitate la care revista nu are exper\u0163i, Redactorul \u015fef al revistei poate desemna ad-hoc \u00een calitate de recenzent al\u0163i speciali\u015fti din domeniu, cu condi\u0163ia c\u0103 ace\u015ftia posed\u0103 titlurile \u015ftiin\u0163ifico-didactice men\u0163ionate <em>supra<\/em>.<\/p>\n\n\n\n<p>9. Procedura de recenzare se desf\u0103\u015foar\u0103 \u00een baza principiului confiden\u0163ialit\u0103\u0163ii, astfel \u00eenc\u00e2t autorii s\u0103 nu cunoasc\u0103 persoanele recenzente, iar recenzen\u0163ii s\u0103 nu cunoasc\u0103 autorii articolelor pe care le recenzeaz\u0103.<\/p>\n\n\n\n<p>10. Redactorul \u015fef \u015fi redactorul \u015fef tehnic al Revistei poart\u0103 responsabilitate direct\u0103 asupra respect\u0103rii anonimatului recenz\u0103rii articolului. \u00cen acest scop, Colegiul tehnic de redac\u0163ie va \u00eentocmi un registru de eviden\u0163\u0103 a recenziilor, \u00een care vor fi \u00eenregistrate informa\u0163iile referitoare la autori \u015fi recenzen\u0163i.<\/p>\n\n\n\n<p>11. Redactorul \u015fef va repartiza \u00een mod confiden\u0163ial articolele pentru recenzare. Redactorul \u015fef are obliga\u0163ia fa\u0163\u0103 de recenzent de a nu divulga autorului informa\u0163iile referitoare la persoana recenzentului, precum \u015fi obliga\u0163ia fa\u0163\u0103 de autor de a nu divulga recenzentului numele acestuia sau alte date \u00een baza c\u0103rora poate fi identificat\u0103 persoana sa.<\/p>\n\n\n\n<p>12. Articolul va fi oferit pentru recenzare f\u0103r\u0103 indicarea numelui \u015fi a prenumelui autorului, precum \u015fi a institu\u0163iei pe care o reprezint\u0103.<\/p>\n\n\n\n<p>13. \u00cen decurs de 10 zile de la prezentarea articolului, Redactorul \u015fef va desemna doi recenzen\u0163i anonimi. Informa\u0163iile referitoare la recenzent \u015fi autor vor fi \u00eenregistrate \u00een registrul de eviden\u0163\u0103 care va avea un caracter strict confiden\u0163ial.<\/p>\n\n\n\n<p>14. Este obligatoriu ca unul dintre recenzen\u0163i sa fac\u0103 parte din Colegiul de redac\u0163ie al Revistei. Recenzen\u0163ii \u00een mod impar\u0163ial \u015fi independent vor supune evalu\u0103rii articolul propus pentru publicare.<\/p>\n\n\n\n<p>14. La evaluare recenzentul va \u0163ine cont de urm\u0103toarele criterii:<\/p>\n\n\n\n<ul><li>Actualitatea \u0219i originalitatea temei de cercetare;<ul><li>Suportul metodologic al lucr\u0103rii;<\/li><\/ul><ul><li>Suportul \u015ftiin\u0163ific;<\/li><\/ul><ul><li>Relevan\u0163a \u015ftiin\u0163ific\u0103 a rezultatelor;<\/li><\/ul><ul><li>Redactarea \u015fi con\u0163inutul tehnic al lucr\u0103rii;<\/li><\/ul><ul><li>Respectarea eticii \u015fi a deontologiei \u015ftiin\u0163ifice;<\/li><\/ul><ul><li>Corespunderea publica\u0163iei cu strategiile de cercetare ale institu\u0163iei;<\/li><\/ul><ul><li>Contribu\u0163ia personal\u0103 a autorului la dezvoltarea domeniului de cercetare;<\/li><\/ul><ul><li>Poten\u0163ialul de aprofundare\/avansare a cunoa\u015fterii \u00een domeniul ales;<\/li><\/ul><ul><li>Posibilitate de utilizare a publica\u0163iei ca material didactic.<\/li><\/ul><\/li><\/ul>\n\n\n\n<p>15. Recenziile vor fi \u00eentocmite \u00een baza grilei de evaluare prev\u0103zute \u00een Anexa &nbsp;nr. 1 a prezentei Metodologii Regulament.<\/p>\n\n\n\n<p>16. Baremul minim de publicare a articolului este de 70 de puncte, fiind oferit de c\u0103tre fiecare dintre recenzent. &nbsp;&nbsp;<\/p>\n\n\n\n<p>17. \u00cen cazul \u00een care punctajul este mai mic de 70 de puncte, autorul \u00een termen de 30 de zile va lichida obiec\u0163iile \u00eenaintate de c\u0103tre expert, urm\u00e2nd ca articolul s\u0103 fie supus unei recenz\u0103ri repetate.<\/p>\n\n\n\n<p>18. Obiec\u0163iile vor fi aduse la cuno\u015ftin\u0163a autorului de c\u0103tre Redactorul \u015fef al Revistei.<\/p>\n","protected":false},"excerpt":{"rendered":"<p>METODOLOGIEprivind procedurile de recenzare a articolelor \u015ftiin\u0163ifice publicate \u00een Revista \u201eLegea \u015fi Via\u0163a\u201d a Academiei \u201e\u015etefan cel Mare\u201d a MAI al Republicii Moldova 1. Prezenta Metodologie are ca obiect de [&hellip;]<\/p>\n","protected":false},"author":12,"featured_media":0,"parent":1471,"menu_order":0,"comment_status":"closed","ping_status":"closed","template":"page-no-header.php","meta":[],"translation":{"provider":"WPGlobus","version":"2.12.2","language":"gb","enabled_languages":["ro","gb"],"languages":{"ro":{"title":true,"content":true,"excerpt":false},"gb":{"title":false,"content":false,"excerpt":false}}},"acf":[],"_links":{"self":[{"href":"https:\/\/academy.police.md\/gb\/wp-json\/wp\/v2\/pages\/4368"}],"collection":[{"href":"https:\/\/academy.police.md\/gb\/wp-json\/wp\/v2\/pages"}],"about":[{"href":"https:\/\/academy.police.md\/gb\/wp-json\/wp\/v2\/types\/page"}],"author":[{"embeddable":true,"href":"https:\/\/academy.police.md\/gb\/wp-json\/wp\/v2\/users\/12"}],"replies":[{"embeddable":true,"href":"https:\/\/academy.police.md\/gb\/wp-json\/wp\/v2\/comments?post=4368"}],"version-history":[{"count":13,"href":"https:\/\/academy.police.md\/gb\/wp-json\/wp\/v2\/pages\/4368\/revisions"}],"predecessor-version":[{"id":8528,"href":"https:\/\/academy.police.md\/gb\/wp-json\/wp\/v2\/pages\/4368\/revisions\/8528"}],"up":[{"embeddable":true,"href":"https:\/\/academy.police.md\/gb\/wp-json\/wp\/v2\/pages\/1471"}],"wp:attachment":[{"href":"https:\/\/academy.police.md\/gb\/wp-json\/wp\/v2\/media?parent=4368"}],"curies":[{"name":"wp","href":"https:\/\/api.w.org\/{rel}","templated":true}]}}