{"id":3996,"date":"2021-06-30T14:06:16","date_gmt":"2021-06-30T11:06:16","guid":{"rendered":"https:\/\/academy.police.md\/?page_id=3996"},"modified":"2025-07-09T17:48:27","modified_gmt":"2025-07-09T14:48:27","slug":"procedura-de-prezentare-si-recenzare-a-articolelor","status":"publish","type":"page","link":"https:\/\/academy.police.md\/gb\/reviste\/anale-stiintifice\/procedura-de-prezentare-si-recenzare-a-articolelor","title":{"rendered":"Procedura de prezentare \u015fi recenzare a articolelor A\u015e"},"content":{"rendered":"\n<p><strong>METODOLOGIE<\/strong> <strong>privind procedurile de recenzare a articolelor \u015ftiin\u0163ifice publicate \u00een Revista Anale \u015ftiin\u0163ifice ale Academiei \u201e\u015etefan cel Mare\u201d a MAI al Republicii Moldova<\/strong><\/p>\n\n\n\n<p>1. Prezenta Metodologie are ca obiect de reglementare procedura de recenzare a articolelor \u015ftiin\u0163ifice publicate \u00een revista Anale \u015ftiin\u0163ifice ale Academiei \u201e\u015etefan cel Mare\u201d a MAI al Republicii Moldova (\u00een continuare Revist\u0103).<\/p>\n\n\n\n<p>2. Metodologia este elaborat\u0103 \u00een conformitate cu prevederile Codului cu privire la \u015ftiin\u0163\u0103 \u015fi inovare nr. 259 din 15.07.2004, Codului educa\u021biei nr. 152 din 17.07.2014, Hot\u0103r\u00e2rii Guvernului nr. 201 din 28.02.2018 cu privire la organizarea \u0219i func\u021bionarea Agen\u0163iei Na\u0163ionale de Asigurare a Calit\u0103\u0163ii \u00een Educa\u0163ie \u015fi Cercetare (\u00een continuare \u2013 ANACEC), Regulamentului cu privire la evaluarea, clasificarea \u015fi monitorizarea revistelor \u015ftiin\u0163ifice, aprobat prin Decizia CC al ANACEC nr. 6 din 18.12.2018, cu modific\u0103rile ulterioare.<\/p>\n\n\n\n<p>3. Scopul Metodologiei este de a crea un cadru minim \u015fi uniform de reguli, \u00een baza c\u0103rora urmeaz\u0103 a se desf\u0103\u015fura procedura de recenzare a articolelor publicate \u00een Revist\u0103.<\/p>\n\n\n\n<p>4. La recenzare se aplic\u0103 procedura de peer-review (evaluarea de c\u0103tre doi referen\u0163i independen\u0163i a fiec\u0103rui articol) anonim\u0103, cu p\u0103strarea materialelor recenziei timp de cel pu\u021bin 4 ani.<\/p>\n\n\n\n<p>5. Recenzen\u0163ii sunt introdu\u015fi \u00een Registrul exper\u0163ilor de\u021binut de Revist\u0103.<\/p>\n\n\n\n<p>6. Recenzentul trebuie s\u0103 aib\u0103 titlu \u015ftiin\u0163ific de doctor sau de doctor habilitat, respectiv titlul \u015ftiin\u0163ifico-didactic de conferen\u0163iar universitar sau profesor universitar, corespunz\u0103toare domeniului \u00een care este elaborat articolul supus recenz\u0103rii.<\/p>\n\n\n\n<p>7. Calitatea de membru al Colegiului de redac\u0163ie a revistei se asimileaz\u0103 cu cea de recenzent. \u00cen baza deciziei Consiliului \u015ftiin\u0163ific al Revistei, \u00een Registrul exper\u0163ilor pot fi incluse \u015fi alte persoane din cadrul institu\u0163iei sau din afara acesteia, care \u00eendeplinesc condi\u0163iile prev\u0103zute la punctul anterior.<\/p>\n\n\n\n<p>8. \u00cen cazuri de excep\u0163ie, atunci c\u00e2nd articolul este elaborat la o specialitate la care revista nu are exper\u0163i, Redactorul-\u015fef al revistei poate desemna ad-hoc \u00een calitate de recenzent al\u0163i speciali\u015fti din domeniu, cu condi\u0163ia c\u0103 ace\u015ftia posed\u0103 titlurile \u015ftiin\u0163ifice men\u0163ionate supra.<\/p>\n\n\n\n<p>9. Procedura de recenzare se desf\u0103\u015foar\u0103 \u00een baza principiului confiden\u0163ialit\u0103\u0163ii, astfel \u00eenc\u00e2t autorii s\u0103 nu cunoasc\u0103 persoanele recenzente, iar recenzen\u0163ii s\u0103 nu cunoasc\u0103 autorii articolelor pe care le recenzeaz\u0103.<\/p>\n\n\n\n<p>10. Redactorul-\u015fef al revistei este responsabil de respectarea anonimatului recenz\u0103rii articolului. \u00cen acest scop se va \u0163ine un registru de eviden\u0163\u0103 a recenziilor, \u00een care vor fi \u00eenregistrate informa\u0163iile cu privire la autori \u015fi recenzen\u0163i.<\/p>\n\n\n\n<p>11. Redactorul-\u015fef va repartiza \u00een mod confiden\u0163ial articolele pentru recenzare, av\u00e2nd obliga\u0163ia fa\u0163\u0103 de recenzent de a nu divulga autorului informa\u0163iile referitoare la persoana recenzentului, precum \u015fi obliga\u0163ia fa\u0163\u0103 de autor de a nu divulga recenzentului numele acestuia sau alte date \u00een baza c\u0103rora poate fi identificat\u0103 persoana sa.<\/p>\n\n\n\n<p>12. Articolul v-a fi oferit pentru recenzare f\u0103r\u0103 indicarea numelui \u015fi a prenumelui autorului, precum \u015fi a institu\u0163iei pe care o reprezint\u0103.<\/p>\n\n\n\n<p>13. \u00cen decurs de 10 zile de la prezentarea articolului, Redactorul-\u015fef v-a desemna doi recenzen\u0163i anonimi. Informa\u0163iile referitoare la recenzent \u015fi autor v-or fi \u00eenregistrate \u00een registrul de eviden\u0163\u0103 care va avea un caracter confiden\u0163ial.<\/p>\n\n\n\n<p>14. Este obligatoriu ca unul dintre recenzen\u0163i sa fac\u0103 parte din Colegiul de redac\u0163ie al Revistei. Recenzen\u0163ii, \u00een mod impar\u0163ial \u015fi independent, vor supune evalu\u0103rii articolul propus pentru publicare.<\/p>\n\n\n\n<p>15. La evaluare, recenzentul va \u0163ine cont de urm\u0103toarele criterii:<\/p>\n\n\n\n<p>\u2013 Noutatea \u015fi originalitatea cercet\u0103rii;<\/p>\n\n\n\n<p>\u2013 Suportul metodologic al lucr\u0103rii;<\/p>\n\n\n\n<p>\u2013 Suportul \u015ftiin\u0163ific;<\/p>\n\n\n\n<p>\u2013 Relevan\u0163a \u015ftiin\u0163ific\u0103 a rezultatelor;<\/p>\n\n\n\n<p>\u2013 Redactarea \u015fi con\u0163inutul tehnic al lucr\u0103rii;<\/p>\n\n\n\n<p>\u2013 Respectarea eticii \u015fi a deontologiei \u015ftiin\u0163ifice;<\/p>\n\n\n\n<p>\u2013 Corespunderea publica\u0163iei cu strategiile de cercetare ale institu\u0163iei;<\/p>\n\n\n\n<p>\u2013 Contribu\u0163ia personal\u0103 a autorului la dezvoltarea domeniului de cercetare;<\/p>\n\n\n\n<p>\u2013 Poten\u0163ialul de aprofundare\/avansare a cunoa\u015fterii \u00een domeniul ales;<\/p>\n\n\n\n<p>\u2013 Posibilitate de utilizare a publica\u0163iei ca material didactic.<\/p>\n\n\n\n<p>16. Recenziile vor fi elaborate \u00een baza grilei de evaluare prev\u0103zut\u0103 \u00een Anexa nr. 1 al prezentei Metodologii.<\/p>\n\n\n\n<p>17. Pentru a accepta articolul spre publicare este obligatoriu ca recenzentul, \u00een baza grilei de evaluare, s\u0103 acorde cel pu\u0163in 70 de puncte.<\/p>\n\n\n\n<p>18. \u00cen cazul \u00een care punctajul este mai mic, recenzentul va \u00eenainta autorului anumite obiec\u0163ii, pe care acesta urmeaz\u0103 s\u0103 le \u00eenl\u0103ture pentru publicarea ulterioar\u0103 a articolului.<\/p>\n","protected":false},"excerpt":{"rendered":"<p>METODOLOGIE privind procedurile de recenzare a articolelor \u015ftiin\u0163ifice publicate \u00een Revista Anale \u015ftiin\u0163ifice ale Academiei \u201e\u015etefan cel Mare\u201d a MAI al Republicii Moldova 1. Prezenta Metodologie are ca obiect de [&hellip;]<\/p>\n","protected":false},"author":10,"featured_media":0,"parent":26241,"menu_order":0,"comment_status":"closed","ping_status":"closed","template":"page-revistaas.php","meta":[],"translation":{"provider":"WPGlobus","version":"2.12.2","language":"gb","enabled_languages":["ro","gb"],"languages":{"ro":{"title":true,"content":true,"excerpt":false},"gb":{"title":false,"content":false,"excerpt":false}}},"acf":[],"_links":{"self":[{"href":"https:\/\/academy.police.md\/gb\/wp-json\/wp\/v2\/pages\/3996"}],"collection":[{"href":"https:\/\/academy.police.md\/gb\/wp-json\/wp\/v2\/pages"}],"about":[{"href":"https:\/\/academy.police.md\/gb\/wp-json\/wp\/v2\/types\/page"}],"author":[{"embeddable":true,"href":"https:\/\/academy.police.md\/gb\/wp-json\/wp\/v2\/users\/10"}],"replies":[{"embeddable":true,"href":"https:\/\/academy.police.md\/gb\/wp-json\/wp\/v2\/comments?post=3996"}],"version-history":[{"count":4,"href":"https:\/\/academy.police.md\/gb\/wp-json\/wp\/v2\/pages\/3996\/revisions"}],"predecessor-version":[{"id":26370,"href":"https:\/\/academy.police.md\/gb\/wp-json\/wp\/v2\/pages\/3996\/revisions\/26370"}],"up":[{"embeddable":true,"href":"https:\/\/academy.police.md\/gb\/wp-json\/wp\/v2\/pages\/26241"}],"wp:attachment":[{"href":"https:\/\/academy.police.md\/gb\/wp-json\/wp\/v2\/media?parent=3996"}],"curies":[{"name":"wp","href":"https:\/\/api.w.org\/{rel}","templated":true}]}}