{"id":3990,"date":"2021-06-30T14:03:44","date_gmt":"2021-06-30T11:03:44","guid":{"rendered":"https:\/\/academy.police.md\/?page_id=3990"},"modified":"2025-11-10T12:59:42","modified_gmt":"2025-11-10T10:59:42","slug":"politica-editoriala","status":"publish","type":"page","link":"https:\/\/academy.police.md\/gb\/reviste\/anale-stiintifice\/politica-editoriala","title":{"rendered":"Politica editorial\u0103 A\u015e"},"content":{"rendered":"\n<figure class=\"wp-block-image\"><a href=\"http:\/\/creativecommons.org\/licenses\/by\/4.0\/\" rel=\"license\"><img src=\"https:\/\/i.creativecommons.org\/l\/by\/4.0\/88x31.png\" alt=\"Licen\u0163a Creative Commons\"\/><\/a><\/figure>\n\n\n\n<p>Aceast\u0103 oper\u0103 este pus\u0103 la dispozi\u0163ie sub <a href=\"http:\/\/creativecommons.org\/licenses\/by\/4.0\/\">Licen\u0163a Creative Commons Atribuire 4.0 International <\/a>.<\/p>\n\n\n\n<p><strong>DESPRE REVIST\u0102<\/strong><\/p>\n\n\n\n<p>Revista \u201eAnale \u0218tiin\u0163ifice ale Academiei \u00ab\u015etefan cel Mare\u00bb a Ministerului Afacerilor Interne al Republici Moldova\u201d este o publica\u021bie periodic\u0103 \u00een domeniul \u0219tiin\u021belor juridice, care apare \u00eencep\u00e2nd cu anul 2000, ini\u021bial sub egida Centrului de Cercet\u0103ri \u0218tiin\u021bifice, iar mai apoi al Departamentului \u0219tiin\u021b\u0103 din cadrul institu\u021biei fondatoare.<\/p>\n\n\n\n<p>\u00cen cele peste de dou\u0103 decenii de existen\u021b\u0103, revista a evoluat \u0219i a fost supus\u0103 mai multor transform\u0103ri, reprofil\u0103ri \u0219i acredit\u0103ri. La 26 februarie 2021 aceasta a fost recunoscut\u0103 de ANACEC \u00een calitate de publica\u021bie \u0219tiin\u021bific\u0103, profilul <strong>\u0218tiin\u0163e juridice<\/strong>, fiind acreditat\u0103 la tipul<strong> B<\/strong>.<\/p>\n\n\n\n<p>Actualmente revista apare \u00een dou\u0103 limbi, de regul\u0103 \u00een rom\u00e2n\u0103 \u0219i englez\u0103, \u00een care sunt reflectate cele mai relevante studii \u015ftiin\u0163ifice elaborate de c\u0103tre cercet\u0103tori din \u021bar\u0103 \u0219i de peste hotare. Scopul principal al publica\u021biei \u00eel constituie cercetarea \u0219i fundamentarea unor rezultate \u0219tiin\u021bifice valoroase \u00een domeniul dreptului.<\/p>\n\n\n\n<p>Principalele obiective ale revistei sunt:<\/p>\n\n\n\n<ul><li>Realizarea strategiilor na\u021bionale \u0219i institu\u021bionale de cercetare<\/li><li>Ralierea sistemului de drept al Republicii Moldova la acquis-ul comunitar al Uniunii Europene<\/li><li>Diseminarea noilor rezultate \u015ftiin\u0163ifice ob\u0163inute \u00een diverse domenii ale dreptului<\/li><li>Promovarea calit\u0103\u0163ii studiilor \u015ftiin\u0163ifice prin implementarea standardelor de cercetare \u015fi de deontologie \u015ftiin\u0163ific\u0103<\/li><li>Dezvoltarea aptitudinilor \u015fi promovarea cuno\u015ftin\u0163elor profesionale<\/li><li>Oferirea accesului liber la cercet\u0103rile \u015ftiin\u0163ifice publicate etc.<\/li><\/ul>\n\n\n\n<p>Revista apare de dou\u0103 ori pe an \u0219i este tip\u0103rit\u0103 la tipografia Departamentului editorial-poligrafic al Academiei \u201e\u015etefan cel Mare\u201d. Toate volumele (numerele) revistei sunt disponibile pe pagina web a Academiei <a href=\"https:\/\/www.academy.police.md\/reviste\">https:\/\/www.academy.police.md\/reviste<\/a><\/p>\n\n\n\n<p>Colegiul de redac\u021bie este preocupat constant de ridicarea nivelului de calitate al revistei. \u00cen prezent, se pune un accent deosebit pe interna\u0163ionalizarea publica\u021biei, acest deziderat fiind realizat prin publicarea articolelor \u00een limbi de circula\u0163ie interna\u0163ional\u0103 \u015fi prin participarea activ\u0103 a autorilor din alte state.<\/p>\n\n\n\n<p>Pentru publicarea articolelor \u0219tiintifice \u00een revist\u0103 nu se percep taxe de la autori.<\/p>\n\n\n\n<p>Numele complet al publica\u0163iei este&nbsp;Anale \u015etiin\u0163ifice ale Academiei \u201e\u015etefan cel Mare\u201d a Ministerului Afacerilor Interne al Republicii Moldova, ISSN 1857-0976; E-ISSN 2953-6898.<\/p>\n\n\n\n<p>Dreptul de autor asupra revistei \u00eel are Academia \u201e\u015etefan cel Mare\u201d, iar pentru fiecare articol dreptul de autor \u00eel de\u0163ine autorul propriu-zis. Responsabilitatea pentru con\u0163inutul articolelor le revine autorilor, respectiv ace\u015ftia poart\u0103 r\u0103spundere deplin\u0103 \u00een caz de plagiat.<\/p>\n\n\n\n<p>Consiliul \u0219tiin\u021bific recomand\u0103 autorilor ca dimensiunile articolelor transmise spre publicare s\u0103 nu dep\u0103\u015feasc\u0103&nbsp;<strong>20.000-40.000&nbsp;<\/strong>de semne (f\u0103r\u0103 spa\u021biu). Instruc\u021biunile \u0219i cerin\u021bele de con\u021binut sunt descrise pe site-ul Revistei <a href=\"https:\/\/www.academy.police.md\/reviste\/cerintele-tehnice-fata-de-articole\">https:\/\/www.academy.police.md\/reviste\/cerintele-tehnice-fata-de-articole<\/a><\/p>\n\n\n\n<p><strong>METODE DE RECENZARE<\/strong><\/p>\n\n\n\n<p>Toate articolele primite pentru publicare \u00een Revista Anale \u0218tiin\u0163ifice ale Academiei \u201e\u015etefan cel Mare\u201d a Ministerului Afacerilor Interne al Republici Moldova sunt recep\u021bionate \u00een format electronic la adresa:&nbsp;<a href=\"mailto:cercetare.academia@gmail.com\">cercetare.academia@gmail.com<\/a> sau <a href=\"mailto:ruslan.condrat@gmail.com\">ruslan.condrat@gmail.com<\/a><\/p>\n\n\n\n<p><strong>\u00cen prima etap\u0103<\/strong>, Colegiul de redac\u021bie examineaz\u0103 modul \u00een care sunt respectate de c\u0103tre autori condi\u021biile de tehnoredactare \u0219i de con\u021binut. \u00cen cazul nerespect\u0103rii acestor condi\u021bii articolul este restituit autorilor pentru remedierea deficien\u021belor constatate.<\/p>\n\n\n\n<p><strong>\u00cen a doua etap\u0103<\/strong>, articolele sunt recenzare\u00een format<strong>&nbsp;PEER-REVIEW<\/strong>. Procedura de recenzare aplicabil\u0103 este descris\u0103 \u00een&nbsp;<em>Metodologia privind procedurile de recenzare a articolelor \u015ftiin\u0163ifice publicate \u00een Revista <\/em><em>Anale \u0218tiin\u0163ifice ale Academiei <\/em><em>\u201e<\/em><em>\u015etefan cel Mare<\/em><em>\u201d<\/em><em> a Ministerului Afacerilor Interne al Republici Moldova<\/em> (a se vedea&nbsp;<a href=\"https:\/\/www.academy.police.md\/reviste\/cerintele-tehnice-fata-de-articole\">https:\/\/www.academy.police.md\/reviste\/cerintele-tehnice-fata-de-articole<\/a>). Articolele sunt oferite pentru recenzare la doi recenzen\u021bi anonimi, f\u0103r\u0103 indicarea numelui \u015fi a prenumelui autorului, precum \u015fi a institu\u0163iei pe care o reprezint\u0103.<\/p>\n\n\n\n<p>Recenzarea articolelor se realizeaz\u0103 de c\u0103tre recenzen\u021bi \u00eenscri\u0219i \u00een Registrul exper\u021bilor al Revistei, potrivit urm\u0103toarelor&nbsp;<strong>criterii<\/strong>:<\/p>\n\n\n\n<ul><li>noutatea \u015fi originalitatea cercet\u0103rii;<\/li><li>suportul metodologic al cercet\u0103rii;<\/li><li>suportul \u015ftiin\u0163ific al cercet\u0103rii;<\/li><li>relevan\u0163a \u015ftiin\u0163ific\u0103 a rezultatelor;<\/li><li>redactarea \u015fi con\u0163inutul tehnic al lucr\u0103rii;<\/li><li>respectarea eticii \u015fi a deontologiei \u015ftiin\u0163ifice;<\/li><li>corespunderea publica\u0163iei cu strategiile de cercetare ale institu\u0163iei;<\/li><li>contribu\u0163ia personal\u0103 a autorului la dezvoltarea domeniului de cercetare;<\/li><li>poten\u0163ialul de aprofundare\/avansare a cunoa\u015fterii \u00een domeniul ales;<\/li><li>posibilitatea de utilizare a publica\u0163iei ca material didactic.<\/li><\/ul>\n\n\n\n<p><strong>\u00cen a treia faz\u0103,&nbsp;<\/strong>articolele care au primit avizul favorabil din partea recenzen\u021bilor sunt publicate \u00een num\u0103rul curent al revistei, iar sugestiile recenzen\u021bilor pentru articolele care nu \u00eendeplinesc cerin\u021bele \u0219tiin\u021bifice sunt transmise autorilor pentru remediere. Dac\u0103 autorii au \u021binut cont de aceste obiec\u021bii, articolele vor fi reevaluate potrivit procedurilor descrise&nbsp;<em>supra<\/em>.<\/p>\n\n\n\n<p><strong>ETICA \u0218I DEONTOLOGIA CERCET\u0102RII<\/strong><\/p>\n\n\n\n<p>Revista Anale \u0218tiin\u0163ifice ale Academiei \u201e\u015etefan cel Mare\u201d a Ministerului Afacerilor Interne al Republici Moldova se angajeaz\u0103 s\u0103 sus\u021bin\u0103 cele mai \u00eenalte standarde de etic\u0103 a public\u0103rii \u0219i aplic\u0103 m\u0103surile existente de prevenire a plagiatului \u0219i a \u00eemprumuturilor neautorizate. Standardele de etic\u0103 sunt prev\u0103zute \u00een Regulile de Etic\u0103 a Revistei.<\/p>\n\n\n\n<p>Fiecare autor al c\u0103rui articol a fost acceptat pentru publicare trebuie s\u0103 completeze o declara\u021bie cu privire la con\u021binutul original \u0219i la cesionarea dreptului de publicare a articolului c\u0103tre Revist\u0103.<\/p>\n\n\n\n<p>Dreptul de autor asupra publica\u0163iei Anale \u0218tiin\u0163ifice ale Academiei \u201e\u015etefan cel Mare\u201d a Ministerului Afacerilor Interne al Republici Moldova \u00eel are Revista. Pentru fiecare articol dreptul de autor \u00eel de\u0163ine autorul.<\/p>\n\n\n\n<p><strong>POLITICA ANTIPLAGIAT<\/strong><\/p>\n\n\n\n<p>\u00cen vederea asigur\u0103rii respect\u0103rii deontologiei, prevenirii falsului \u015ftiin\u0163ific \u015fi a plagiatului, autenticitatea textelor ce urmeaz\u0103 a fi publicate \u00een Revista Anale \u0218tiin\u0163ifice ale Academiei \u201e\u015etefan cel Mare\u201d a Ministerului Afacerilor Interne al Republici Moldova vor fi verificate prin programul pentru detectarea plagiatului&nbsp;<strong>Plagiarism detector<\/strong>. Nu vor fi publicate materialele, iar cele publicate vor fi retrase, dac\u0103 articolele con\u0163in elemente de plagiat sau suspiciuni de plagiat, fraude \u015ftiin\u0163ifice sau date \u015fi rezultate falsificate, a\u015fa cum sunt definite de&nbsp;<em>Codul de etic\u0103 \u015fi deontologie profesional\u0103 a personalului \u0219tiin\u021bific \u0219i \u0219tiin\u021bifico-didactic,<\/em>&nbsp;aprobat prin decizia Agen\u021biei Na\u021bionale de Asigurare a Calit\u0103\u021bii \u00een Educa\u021bie \u0219i Cercetare din 18.12.2018.<\/p>\n\n\n\n<p><strong>ACCES DESCHIS<\/strong><\/p>\n\n\n\n<p>Revista Anale \u0218tiin\u0163ifice ale Academiei \u201e\u015etefan cel Mare\u201d a Ministerului Afacerilor Interne al Republici Moldova ofer\u0103 acces liber, real \u0219i imediat la toate articole de la data public\u0103rii lor \u00een format&nbsp;<em>online<\/em>. Sunt publicate&nbsp;<em>online<\/em>&nbsp;\u00een mod integral at\u00e2t edi\u021biile revistei, c\u00e2t \u0219i fiecare articol \u00een parte. \u00cen vederea desc\u0103rc\u0103rii articolelor de cititori pentru familiarizare sau uz academic nu se impun taxe. Pentru asigurarea accesului deschis, institu\u021bia dispune \u0219i de&nbsp;<strong>DSpace Repository<\/strong>, \u00een care sunt stocate \u0219i arhivate toate articolele publicate \u00een Revist\u0103.<\/p>\n\n\n\n<p>Revista este indexat\u0103 la bazele de date HEINONLINE,&nbsp; CEEOL, ibn.idsi.md, ROAD, ZENODO, OPEN AIRE.<\/p>\n","protected":false},"excerpt":{"rendered":"<p>Aceast\u0103 oper\u0103 este pus\u0103 la dispozi\u0163ie sub Licen\u0163a Creative Commons Atribuire 4.0 International . DESPRE REVIST\u0102 Revista \u201eAnale \u0218tiin\u0163ifice ale Academiei \u00ab\u015etefan cel Mare\u00bb a Ministerului Afacerilor Interne al Republici [&hellip;]<\/p>\n","protected":false},"author":12,"featured_media":0,"parent":26241,"menu_order":0,"comment_status":"closed","ping_status":"closed","template":"page-revistaas.php","meta":[],"translation":{"provider":"WPGlobus","version":"2.12.2","language":"gb","enabled_languages":["ro","gb"],"languages":{"ro":{"title":true,"content":true,"excerpt":false},"gb":{"title":false,"content":false,"excerpt":false}}},"acf":[],"_links":{"self":[{"href":"https:\/\/academy.police.md\/gb\/wp-json\/wp\/v2\/pages\/3990"}],"collection":[{"href":"https:\/\/academy.police.md\/gb\/wp-json\/wp\/v2\/pages"}],"about":[{"href":"https:\/\/academy.police.md\/gb\/wp-json\/wp\/v2\/types\/page"}],"author":[{"embeddable":true,"href":"https:\/\/academy.police.md\/gb\/wp-json\/wp\/v2\/users\/12"}],"replies":[{"embeddable":true,"href":"https:\/\/academy.police.md\/gb\/wp-json\/wp\/v2\/comments?post=3990"}],"version-history":[{"count":9,"href":"https:\/\/academy.police.md\/gb\/wp-json\/wp\/v2\/pages\/3990\/revisions"}],"predecessor-version":[{"id":28404,"href":"https:\/\/academy.police.md\/gb\/wp-json\/wp\/v2\/pages\/3990\/revisions\/28404"}],"up":[{"embeddable":true,"href":"https:\/\/academy.police.md\/gb\/wp-json\/wp\/v2\/pages\/26241"}],"wp:attachment":[{"href":"https:\/\/academy.police.md\/gb\/wp-json\/wp\/v2\/media?parent=3990"}],"curies":[{"name":"wp","href":"https:\/\/api.w.org\/{rel}","templated":true}]}}