{"id":3971,"date":"2021-06-30T13:47:55","date_gmt":"2021-06-30T10:47:55","guid":{"rendered":"https:\/\/academy.police.md\/?page_id=3971"},"modified":"2026-02-03T16:25:29","modified_gmt":"2026-02-03T14:25:29","slug":"organizarea-si-desfasurarea-studiilor-superioare-de-doctorat","status":"publish","type":"page","link":"https:\/\/academy.police.md\/gb\/scoala-doctorala\/organizarea-si-desfasurarea-studiilor-superioare-de-doctorat","title":{"rendered":"Organizarea \u015fi desf\u0103\u015furarea studiilor superioare de doctorat"},"content":{"rendered":"\n<div class=\"wp-block-buttons is-content-justification-left\">\n<div class=\"wp-block-button is-style-fill\"><a class=\"wp-block-button__link has-black-color has-pale-cyan-blue-background-color has-text-color has-background\" href=\"https:\/\/academy.police.md\/plan-de-invatamant-ciclul-iii\"><strong>Plan de \u00eenv\u0103\u021b\u0103m\u00e2nt<\/strong><\/a><\/div>\n<\/div>\n\n\n\n<p><a href=\"\/wp-content\/uploads\/2025\/10\/aviz-privind-organizarea-concursului-proiectelor-cu-finantare-de-la-bugetul-de-stat_1.pdf\">AVIZ privind organizarea concursului intern al proiectelor de cercetaresusceptibile de finan\u0163are bugetar\u0103<\/a><\/p>\n\n\n\n<p><strong>Profilul Drept penal<\/strong><\/p>\n\n\n\n<p><a href=\"\/wp-content\/uploads\/2026\/02\/Orarul-activitatilor-didactice-in-cadrul-studiilor-superioare-de-doctorat-ciclul-III-promotia-2025-anul-I-de-studii-semestrul-I-perioada-28.01\u2013-10.02.2026.pdf\" data-type=\"URL\" data-id=\"\/wp-content\/uploads\/2026\/02\/Orarul-activitatilor-didactice-in-cadrul-studiilor-superioare-de-doctorat-ciclul-III-promotia-2025-anul-I-de-studii-semestrul-I-perioada-28.01\u2013-10.02.2026.pdf\" target=\"_blank\" rel=\"noreferrer noopener\">Orarul activit\u0103\u0163ilor didactice \u00een cadrul studiilor superioare de doctorat ciclul III (promo\u0163ia 2025, anul I de studii), semestrul I, perioada 28.01\u2013 10.02.2026<\/a><br><a rel=\"noreferrer noopener\" href=\"\/wp-content\/uploads\/2025\/01\/Orarul-activitatilor-didactice-in-cadrul-studiilor-superioare-de-doctorat-ciclul-III-promotia-2024-anul-I-de-studii-semestrul-I-perioada-27.01\u2013-06.02.2025_Dr.-penal.pdf\" data-type=\"URL\" data-id=\"\/wp-content\/uploads\/2025\/01\/Orarul-activitatilor-didactice-in-cadrul-studiilor-superioare-de-doctorat-ciclul-III-promotia-2024-anul-I-de-studii-semestrul-I-perioada-27.01\u2013-06.02.2025_Dr.-penal.pdf\" target=\"_blank\">Orarul activit\u0103\u0163ilor didactice \u00een cadrul studiilor superioare de doctorat ciclul III (promo\u0163ia 2024, anul I de studii), semestrul I, perioada 27.01\u2013 06.02.2025_Dr. penal<\/a><br><a href=\"\/wp-content\/uploads\/2024\/10\/Orarul-activitatilor-didactice_Drept-penal.pdf\">Orarul activit\u0103\u0163ilor didactice \u00een cadrul studiilor superioare de doctorat ciclul III, pentru anul I, semestrul II pentru perioada 21.10.2024 &#8211; 31.10.2024<\/a><br><a href=\"\/wp-content\/uploads\/2024\/10\/Orarul-examenelor_Drept-penal.pdf\">Orarul examenelor \u00een cadrul studiilor superioare de doctorat ciclul III, pentru anul I, semestrul II pentru perioada 05.11.2024 &#8211; 15.11.2024<\/a><\/p>\n\n\n\n<p><a href=\"http:\/\/academy.police.md\/assets\/files\/pdf\/doctoranzii.pdf\">Lista studen\u0163ilor-doctoranzi promo\u0163ia 2017-2021<\/a><br><a href=\"http:\/\/academy.police.md\/assets\/files\/pdf\/doctoranzis.pdf\">Lista studen\u0163ilor-doctoranzi promo\u0163ia 2018-2022<\/a><br><a href=\"http:\/\/academy.police.md\/assets\/files\/pdf\/lista2019dp.pdf\">Lista studen\u0163ilor-doctoranzi promo\u0163ia 2019-2023<\/a><\/p>\n\n\n\n<p><strong>Profilul Drept public<\/strong><\/p>\n\n\n\n<p><a rel=\"noreferrer noopener\" href=\"https:\/\/academy.police.md\/wp-content\/uploads\/2026\/02\/Orarul-activitatilor-didactice-in-cadrul-studiilor-superioare-de-doctorat-ciclul-III-promotia-2025-anul-I-de-studii-semestrul-I-perioada-28.01%E2%80%93-10.02.2026.pdf\" target=\"_blank\">Orarul activit\u0103\u0163ilor didactice \u00een cadrul studiilor superioare de doctorat ciclul III (promo\u0163ia 2025, anul I de studii), semestrul I, perioada 28.01\u2013 10.02.2026<\/a><br><a rel=\"noreferrer noopener\" href=\"\/wp-content\/uploads\/2025\/01\/Orarul-activitatilor-didactice-in-cadrul-studiilor-superioare-de-doctorat-ciclul-III-promotia-2024-anul-I-de-studii-semestrul-I-perioada-27.01\u2013-05.02.2025_Dr.-public.pdf\" data-type=\"URL\" data-id=\"\/wp-content\/uploads\/2025\/01\/Orarul-activitatilor-didactice-in-cadrul-studiilor-superioare-de-doctorat-ciclul-III-promotia-2024-anul-I-de-studii-semestrul-I-perioada-27.01\u2013-05.02.2025_Dr.-public.pdf\" target=\"_blank\">Orarul activit\u0103\u0163ilor didactice \u00een cadrul studiilor superioare de doctorat ciclul III (promo\u0163ia 2024, anul I de studii), semestrul I, perioada 27.01\u2013 05.02.2025_Dr. public<\/a><br><a href=\"\/wp-content\/uploads\/2024\/10\/Orarul-activitatilor-didactice_Drept-public.pdf\">Orarul activit\u0103\u0163ilor didactice \u00een cadrul studiilor superioare de doctorat ciclul III, pentru anul I, semestrul II pentru perioada 21.10.2024 &#8211; 26.10.2024<\/a><br><a href=\"\/wp-content\/uploads\/2024\/10\/Orarul-examenelor_Drept-public.pdf\">Orarul examenelor \u00een cadrul studiilor superioare de doctorat ciclul III, pentru anul I, semestrul II pentru perioada 04.11.2024 &#8211; 15.11.2024<\/a><\/p>\n\n\n\n<p><a href=\"http:\/\/academy.police.md\/assets\/files\/pdf\/listaa.pdf\">Lista studen\u0163ilor-doctoranzi promo\u0163ia 2017-2021<\/a><br><a href=\"http:\/\/academy.police.md\/assets\/files\/pdf\/listas.pdf\">Lista studen\u0163ilor-doctoranzi promo\u0163ia 2018-2022<\/a><br><a href=\"http:\/\/academy.police.md\/assets\/files\/pdf\/lista2019.pdf\">Lista studen\u0163ilor-doctoranzi promo\u0163ia 2019-2023<\/a><br><a href=\"http:\/\/academy.police.md\/wp-content\/uploads\/2022\/02\/Lista-studentilor-doctoranzi_2021-2025.pdf\">Lista studen\u0163ilor-doctoranzi promo\u0163ia 2021-2025<\/a><br><a href=\"https:\/\/academy.police.md\/wp-content\/uploads\/2023\/06\/Lista-studentilor-doctoranzi-promotia-2022-2026.pdf\">Lista studen\u0163ilor-doctoranzi promo\u0163ia 2022-2026<\/a><\/p>\n\n\n\n<p><a href=\"\/wp-content\/uploads\/2026\/01\/Graficul-sustinerii-I-lui-referat-fragment-teza-promotia-2024-2028-pentru-perioada-02.02.2026-27.02.2026.pdf\">Graficul sus\u021binerii I-lui referat &#8211; fragment tez\u0103, promo\u021bia 2024-2028, pentru perioada 02.02.2026-27.02.2026<\/a><br><a href=\"\/wp-content\/uploads\/2026\/01\/Graficul-sustinerii-referatului-II-fragment-teza-promotia-2023-2027-pentru-perioada-02.02.2026-27.02.2026.pdf\">Graficul sus\u021binerii referatului II &#8211; fragment tez\u0103, promo\u021bia 2023-2027, pentru perioada 02.02.2026-27.02.2026<\/a><\/p>\n\n\n\n<p><a href=\"\/wp-content\/uploads\/2026\/01\/CALENDAR-ACADEMIC-promotia-2025-2029-studii-superioare-de-doctorat-ciclul-III.pdf\">CALENDAR ACADEMIC promo\u021bia 2025-2029, studii superioare de doctorat, ciclul III<br><\/a><a rel=\"noreferrer noopener\" href=\"\/wp-content\/uploads\/2025\/11\/CALENDAR-ACADEMIC-promotia-anului-2024-2028-studii-superioare-de-doctorat-ciclul-III_1.pdf\" data-type=\"URL\" target=\"_blank\">CALENDAR ACADEMIC promo\u021bia anului 2024-2028, studii superioare de doctorat, ciclul III<br><\/a><a href=\"\/wp-content\/uploads\/2025\/11\/CALENDAR-ACADEMIC-promotia-anului-2023-2027-studii-superioare-de-doctorat-ciclul-III-2.pdf\">CALENDAR ACADEMIC promo\u021bia anului 2023-2027, studii superioare de doctorat, ciclul III<br><\/a><a href=\"\/wp-content\/uploads\/2025\/11\/CALENDAR-ACADEMIC-promotia-anului-2022-2026-studii-superioare-de-doctorat-ciclul-III.pdf\">CALENDAR ACADEMIC promo\u021bia anului 2022 studii superioare de doctorat, ciclul III<\/a><br><a href=\"\/wp-content\/uploads\/2025\/11\/CALENDAR-ACADEMIC-promotia-anului-2021-2025-studii-superioare-de-doctorat-ciclul-III.pdf\">CALENDAR ACADEMIC promo\u021bia anului 2021 studii superioare de doctorat, ciclul III<br><\/a><a href=\"http:\/\/academy.police.md\/wp-content\/uploads\/2022\/05\/Calendar_academic_2020.pdf\">CALENDAR ACADEMIC promo\u021bia anului 2020 studii superioare de doctorat, ciclul III<\/a><br><a href=\"http:\/\/academy.police.md\/wp-content\/uploads\/2022\/05\/Calendar_academic_2019.pdf\">CALENDAR ACADEMIC promo\u021bia anului 2019 studii superioare de doctorat, ciclul III<\/a><br><a href=\"http:\/\/academy.police.md\/wp-content\/uploads\/2022\/05\/Calendar_academic_2018.pdf\">CALENDAR ACADEMIC promo\u021bia anului 2018 studii superioare de doctorat, ciclul III<\/a><\/p>\n","protected":false},"excerpt":{"rendered":"<p>AVIZ privind organizarea concursului intern al proiectelor de cercetaresusceptibile de finan\u0163are bugetar\u0103 Profilul Drept penal Orarul activit\u0103\u0163ilor didactice \u00een cadrul studiilor superioare de doctorat ciclul III (promo\u0163ia 2025, anul I [&hellip;]<\/p>\n","protected":false},"author":10,"featured_media":0,"parent":119,"menu_order":0,"comment_status":"closed","ping_status":"closed","template":"","meta":[],"translation":{"provider":"WPGlobus","version":"2.12.2","language":"gb","enabled_languages":["ro","gb"],"languages":{"ro":{"title":true,"content":true,"excerpt":false},"gb":{"title":false,"content":false,"excerpt":false}}},"acf":[],"_links":{"self":[{"href":"https:\/\/academy.police.md\/gb\/wp-json\/wp\/v2\/pages\/3971"}],"collection":[{"href":"https:\/\/academy.police.md\/gb\/wp-json\/wp\/v2\/pages"}],"about":[{"href":"https:\/\/academy.police.md\/gb\/wp-json\/wp\/v2\/types\/page"}],"author":[{"embeddable":true,"href":"https:\/\/academy.police.md\/gb\/wp-json\/wp\/v2\/users\/10"}],"replies":[{"embeddable":true,"href":"https:\/\/academy.police.md\/gb\/wp-json\/wp\/v2\/comments?post=3971"}],"version-history":[{"count":110,"href":"https:\/\/academy.police.md\/gb\/wp-json\/wp\/v2\/pages\/3971\/revisions"}],"predecessor-version":[{"id":30256,"href":"https:\/\/academy.police.md\/gb\/wp-json\/wp\/v2\/pages\/3971\/revisions\/30256"}],"up":[{"embeddable":true,"href":"https:\/\/academy.police.md\/gb\/wp-json\/wp\/v2\/pages\/119"}],"wp:attachment":[{"href":"https:\/\/academy.police.md\/gb\/wp-json\/wp\/v2\/media?parent=3971"}],"curies":[{"name":"wp","href":"https:\/\/api.w.org\/{rel}","templated":true}]}}