{"id":3898,"date":"2021-06-24T12:13:43","date_gmt":"2021-06-24T09:13:43","guid":{"rendered":"https:\/\/academy.police.md\/?page_id=3898"},"modified":"2023-02-03T15:47:10","modified_gmt":"2023-02-03T13:47:10","slug":"acte-normative-a-facultatii-dopsc","status":"publish","type":"page","link":"https:\/\/academy.police.md\/gb\/decanatul-facultatii-drept-ordine-publica-si-securitate-civila\/acte-normative-a-facultatii-dopsc","title":{"rendered":"Acte normative ale Facult\u0103\u0163ii  DAOSP"},"content":{"rendered":"\n<p><a href=\"https:\/\/mecc.gov.md\/ro\/content\/sistem-educational\/acte-legislative-si-normative\" target=\"_blank\" rel=\"noreferrer noopener\">Acte legislative \u015fi normative de referin\u0163\u0103 (\u00eenv\u0103\u0163\u0103m\u00e2nt superior)<\/a><\/p>\n\n\n\n<p><a href=\"https:\/\/academy.police.md\/decanatul-facultatii-drept-ordine-publica-si-securitate-civila\/acte-normative-a-facultatii-dopsc\/regulamente-institutionale\">Regulamente institu\u0163ionale<\/a><\/p>\n","protected":false},"excerpt":{"rendered":"<p>Acte legislative \u015fi normative de referin\u0163\u0103 (\u00eenv\u0103\u0163\u0103m\u00e2nt superior) Regulamente institu\u0163ionale<\/p>\n","protected":false},"author":10,"featured_media":0,"parent":1364,"menu_order":0,"comment_status":"closed","ping_status":"closed","template":"","meta":[],"translation":{"provider":"WPGlobus","version":"2.12.2","language":"gb","enabled_languages":["ro","gb"],"languages":{"ro":{"title":true,"content":true,"excerpt":false},"gb":{"title":false,"content":false,"excerpt":false}}},"acf":[],"_links":{"self":[{"href":"https:\/\/academy.police.md\/gb\/wp-json\/wp\/v2\/pages\/3898"}],"collection":[{"href":"https:\/\/academy.police.md\/gb\/wp-json\/wp\/v2\/pages"}],"about":[{"href":"https:\/\/academy.police.md\/gb\/wp-json\/wp\/v2\/types\/page"}],"author":[{"embeddable":true,"href":"https:\/\/academy.police.md\/gb\/wp-json\/wp\/v2\/users\/10"}],"replies":[{"embeddable":true,"href":"https:\/\/academy.police.md\/gb\/wp-json\/wp\/v2\/comments?post=3898"}],"version-history":[{"count":7,"href":"https:\/\/academy.police.md\/gb\/wp-json\/wp\/v2\/pages\/3898\/revisions"}],"predecessor-version":[{"id":10084,"href":"https:\/\/academy.police.md\/gb\/wp-json\/wp\/v2\/pages\/3898\/revisions\/10084"}],"up":[{"embeddable":true,"href":"https:\/\/academy.police.md\/gb\/wp-json\/wp\/v2\/pages\/1364"}],"wp:attachment":[{"href":"https:\/\/academy.police.md\/gb\/wp-json\/wp\/v2\/media?parent=3898"}],"curies":[{"name":"wp","href":"https:\/\/api.w.org\/{rel}","templated":true}]}}