{"id":3839,"date":"2021-06-22T19:56:01","date_gmt":"2021-06-22T19:56:01","guid":{"rendered":"http:\/\/academy.police.md\/?page_id=3839"},"modified":"2025-10-20T14:57:34","modified_gmt":"2025-10-20T11:57:34","slug":"componenta-catedrei-dpc","status":"publish","type":"page","link":"https:\/\/academy.police.md\/gb\/catedre\/catedra-drept-penal-si-criminologie\/componenta-catedrei-dpc","title":{"rendered":"Componen\u0163a catedrei DPC"},"content":{"rendered":"<ol type=\"1\">\n<li><strong>Ion SLISARENCO<\/strong>, \u015eef catedr\u0103, doctor \u00een drept, comisar.<\/li>\n<li><strong>Gheorghe GLADCHI<\/strong>, profesor universitar, doctor habilitat \u00een drept.<\/li>\n<li><strong>Iurie LARII<\/strong>, profesor universitar, doctor \u00een drept.<\/li>\n<li><strong data-rich-text-format-boundary=\"true\">Veaceslav URSU<\/strong>, profesor universitar, doctor \u00een drept.<\/li>\n<li><strong>Alexandru ZOSIM<\/strong>, conferen\u0163iar universitar, doctor \u00een drept.<\/li>\n<li><strong>Cornel OSADCII<\/strong>, conferen\u0163iar universitar, doctor \u00een drept.<\/li>\n<li><strong>Ion ROTARU<\/strong>, asistent universitar, doctorand, comisar.<\/li>\n<li><strong>Valentina RUSSU<\/strong>, asistent universitar, doctorand\u0103, inspector principal.<\/li>\n<li><strong>Raisa ISTRATE<\/strong>, asistent universitar, masterand\u0103, inspector.<\/li>\n<li><b>Stolearenco C\u0103t\u0103lina, <\/b>ofi\u0163er superior, inspector superior.<\/li>\n<\/ol>\n\n\n<p><strong>Angaja\u0163i pe 0,5<\/strong>:<\/p>\n\n\n\n<div class=\"wp-block-columns\">\n<div class=\"wp-block-column\" style=\"flex-basis:100%\">\n<ol type=\"1\"><li><strong>Simion CARP<\/strong>, profesor universitar, doctor \u00een drept.<\/li><li><strong>Radion COJOCARU<\/strong>, profesor universitar, doctor \u00een drept.<\/li><li><strong>Oleg RUSU<\/strong>, conferen\u0163iar \u00a0universitar, doctor \u00een drept, comisar principal.<\/li><li><strong>Valentin CHIRI\u0162A<\/strong>, conferen\u0163iar \u00a0universitar, doctor \u00een drept, comisar-\u015fef.<\/li><li><strong>Sergiu CERNOMORE\u0162<\/strong>, conferen\u0163iar universitar, doctor \u00een drept, inspector principal.<\/li><li><strong>Andrei CAZACICOV<\/strong>, doctor \u00een drept, lector universitar, angajat pe 0,25.<\/li><li><strong>Lilia LUPA\u0218CO<\/strong>, asistent universitar, doctorand\u0103.<\/li><\/ol>\n<\/div>\n<\/div>\n","protected":false},"excerpt":{"rendered":"<p>Ion SLISARENCO, \u015eef catedr\u0103, doctor \u00een drept, comisar. Gheorghe GLADCHI, profesor universitar, doctor habilitat \u00een drept. Iurie LARII, profesor universitar, doctor \u00een drept. Veaceslav URSU, profesor universitar, doctor \u00een drept. [&hellip;]<\/p>\n","protected":false},"author":10,"featured_media":0,"parent":1367,"menu_order":0,"comment_status":"closed","ping_status":"closed","template":"","meta":[],"translation":{"provider":"WPGlobus","version":"2.12.2","language":"gb","enabled_languages":["ro","gb"],"languages":{"ro":{"title":true,"content":true,"excerpt":false},"gb":{"title":false,"content":false,"excerpt":false}}},"acf":[],"_links":{"self":[{"href":"https:\/\/academy.police.md\/gb\/wp-json\/wp\/v2\/pages\/3839"}],"collection":[{"href":"https:\/\/academy.police.md\/gb\/wp-json\/wp\/v2\/pages"}],"about":[{"href":"https:\/\/academy.police.md\/gb\/wp-json\/wp\/v2\/types\/page"}],"author":[{"embeddable":true,"href":"https:\/\/academy.police.md\/gb\/wp-json\/wp\/v2\/users\/10"}],"replies":[{"embeddable":true,"href":"https:\/\/academy.police.md\/gb\/wp-json\/wp\/v2\/comments?post=3839"}],"version-history":[{"count":20,"href":"https:\/\/academy.police.md\/gb\/wp-json\/wp\/v2\/pages\/3839\/revisions"}],"predecessor-version":[{"id":27857,"href":"https:\/\/academy.police.md\/gb\/wp-json\/wp\/v2\/pages\/3839\/revisions\/27857"}],"up":[{"embeddable":true,"href":"https:\/\/academy.police.md\/gb\/wp-json\/wp\/v2\/pages\/1367"}],"wp:attachment":[{"href":"https:\/\/academy.police.md\/gb\/wp-json\/wp\/v2\/media?parent=3839"}],"curies":[{"name":"wp","href":"https:\/\/api.w.org\/{rel}","templated":true}]}}