{"id":3831,"date":"2021-06-22T19:47:57","date_gmt":"2021-06-22T19:47:57","guid":{"rendered":"http:\/\/academy.police.md\/?page_id=3831"},"modified":"2023-11-20T14:58:26","modified_gmt":"2023-11-20T12:58:26","slug":"cercul-stiintific-gaudeamus","status":"publish","type":"page","link":"https:\/\/academy.police.md\/gb\/catedre\/catedra-drept-penal-si-criminologie\/cercul-stiintific-gaudeamus","title":{"rendered":"Cercul \u015ftiin\u0163ific \u201cGaudeamus\u201d"},"content":{"rendered":"\n<p>Menirea Cercului \u015etiin\u0163ific Studen\u0163esc \u201eGaudeamus\u201d de pe l\u00eeng\u0103 Catedra Drept penal \u015fi criminologie este de a \u00eembina propor\u0163ional procesul de \u00eenv\u0103\u0163\u0103m\u00e2nt cu cel novator, creativ, de studiere minu\u0163ioas\u0103 a celor mai diverse aspecte ale unor problematici, subiecte de drept penal, execu\u0163ional penal \u015fi criminologie precum \u015fi de a crea membrilor cercului abilit\u0103\u0163i de aplicare a cuno\u015ftin\u0163elor \u00een practic\u0103.<\/p>\n\n\n\n<p>Printre elementele considerate ca esen\u0163iale pentru discu\u0163ie \u00een cadrul cercului \u015ftiin\u0163ific, se enumer\u0103:<\/p>\n\n\n\n<p>&#8211; analiza practicii judiciare penale;<\/p>\n\n\n\n<p>&#8211; studiul evolu\u0163iei Dreptului penal, Dreptului execu\u0163ional-penal \u015fi Criminologiei pe plan na\u0163ional \u015fi interna\u0163ional;<\/p>\n\n\n\n<p>&#8211; studiul teoriilor penale contemporane \u015fi a tendin\u0163elor dezvolt\u0103rii Dreptului penal;<\/p>\n\n\n\n<p>&#8211; interpretarea teoriilor criminologice moderne \u015fi a noilor metodici de prevenire a infrac\u0163iunilor, etc.<\/p>\n\n\n\n<p>Anual, Cercul \u015etiin\u0163ific Studen\u0163esc \u201eGaudeamus\u201d organizeaz\u0103 Conferin\u0163a \u015ftiin\u0163ific\u0103 studen\u0163easc\u0103 cu genericul: \u201eProbleme actuale de drept penal, drept execu\u0163ional-penal \u015fi criminologie\u201d, care \u00een acest an a ajuns la Edi\u0163ia a XI-a.<\/p>\n\n\n\n<p><\/p>\n\n\n\n<figure class=\"wp-block-gallery columns-0 is-cropped\"><ul class=\"blocks-gallery-grid\"><\/ul><\/figure>\n","protected":false},"excerpt":{"rendered":"<p>Menirea Cercului \u015etiin\u0163ific Studen\u0163esc \u201eGaudeamus\u201d de pe l\u00eeng\u0103 Catedra Drept penal \u015fi criminologie este de a \u00eembina propor\u0163ional procesul de \u00eenv\u0103\u0163\u0103m\u00e2nt cu cel novator, creativ, de studiere minu\u0163ioas\u0103 a celor [&hellip;]<\/p>\n","protected":false},"author":10,"featured_media":0,"parent":1367,"menu_order":0,"comment_status":"closed","ping_status":"closed","template":"","meta":[],"translation":{"provider":"WPGlobus","version":"2.12.2","language":"gb","enabled_languages":["ro","gb"],"languages":{"ro":{"title":true,"content":true,"excerpt":false},"gb":{"title":false,"content":false,"excerpt":false}}},"acf":[],"_links":{"self":[{"href":"https:\/\/academy.police.md\/gb\/wp-json\/wp\/v2\/pages\/3831"}],"collection":[{"href":"https:\/\/academy.police.md\/gb\/wp-json\/wp\/v2\/pages"}],"about":[{"href":"https:\/\/academy.police.md\/gb\/wp-json\/wp\/v2\/types\/page"}],"author":[{"embeddable":true,"href":"https:\/\/academy.police.md\/gb\/wp-json\/wp\/v2\/users\/10"}],"replies":[{"embeddable":true,"href":"https:\/\/academy.police.md\/gb\/wp-json\/wp\/v2\/comments?post=3831"}],"version-history":[{"count":2,"href":"https:\/\/academy.police.md\/gb\/wp-json\/wp\/v2\/pages\/3831\/revisions"}],"predecessor-version":[{"id":16007,"href":"https:\/\/academy.police.md\/gb\/wp-json\/wp\/v2\/pages\/3831\/revisions\/16007"}],"up":[{"embeddable":true,"href":"https:\/\/academy.police.md\/gb\/wp-json\/wp\/v2\/pages\/1367"}],"wp:attachment":[{"href":"https:\/\/academy.police.md\/gb\/wp-json\/wp\/v2\/media?parent=3831"}],"curies":[{"name":"wp","href":"https:\/\/api.w.org\/{rel}","templated":true}]}}