{"id":3825,"date":"2021-06-22T19:42:06","date_gmt":"2021-06-22T19:42:06","guid":{"rendered":"http:\/\/academy.police.md\/?page_id=3825"},"modified":"2024-11-07T14:01:02","modified_gmt":"2024-11-07T12:01:02","slug":"scurt-istoric-al-catedrei-dpc","status":"publish","type":"page","link":"https:\/\/academy.police.md\/gb\/catedre\/catedra-drept-penal-si-criminologie\/scurt-istoric-al-catedrei-dpc","title":{"rendered":"Scurt istoric al catedrei DPC"},"content":{"rendered":"\n<p>    Catedra <strong>Drept penal \u015fi criminologie<\/strong> a fost fondat\u0103 \u00een anul 1992, sub conducerea profesorului universitar, doctor \u00een drept, <strong>Alexandru Borodac<\/strong>.<\/p>\n\n\n\n<p>    Subdiviziunea didactic\u0103 avea urm\u0103toarele sarcini: asigurarea pred\u0103rii cursurilor de Drept penal, Criminologie \u015fi Drept penitenciar; \u00eembun\u0103t\u0103\u0163irea continu\u0103 a activit\u0103\u0163ii didactice \u015fi desf\u0103\u015furarea muncii metodico-\u015ftiin\u0163ifice.<\/p>\n\n\n\n<p>    Ini\u0163ial, catedra asigura \u015fi predarea materiilor \u00eenrudite: Procedura penal\u0103, Supravegherea procurorului \u015fi Sistemul organelor de drept.<\/p>\n\n\n\n<p>    Av\u00e2nd la \u00eenceput posturi vacante, pentru predarea unor cursuri erau invita\u0163i profesori de la alte institu\u0163ii superioare de \u00eenv\u0103\u0163\u0103m\u00e2nt. A\u015fa, de exemplu, cursul de prelegeri la disciplina Drept penal, partea general\u0103, \u00een primii ani a avut \u00een calitate de titular pe doctorul \u00een drept, conferen\u0163iar universitar Constantin Florea, \u015eef al catedrei Drept penal \u015fi criminologie a Universit\u0103\u0163ii de Stat din Moldova.<\/p>\n\n\n\n<p>    Printre distin\u015fii profesori care au format temelia catedrei sunt considera\u0163i doctorul \u00een drept, Alexandru Borodac, doctorul \u00een drept Vasile Florea, doctorul \u00een drept Valeriu Bujor, precum \u015fi domnul Nicolai Digol.<\/p>\n\n\n\n<p>    \u00cen 1995 disciplinele Procedura penal\u0103 \u015fi Supravegherea procurorului sunt transferate la catedra creat\u0103 recent \u2013 Procedur\u0103 penal\u0103 sub conducerea domnului Nicolai Digol. \u00cen acela\u015fi an corpul profesoral-didactic este completat din r\u00e2ndurile absolven\u0163ilor primei promo\u0163ii a Academiei. \u00cen desf\u0103\u015furarea procesului de studii se \u00eencadreaz\u0103 lectorii Casian S., Ursu V., Arteni D. \u015fi Gherman M. \u00cen perioada 1998-2000 func\u0163iile vacante sunt iar\u0103\u015fi suplinite de absolven\u0163i ai Academiei Larii Iu., Berliba V., Zosim A., Burbulea C. \u015fi absolventul Academiei de Poli\u0163ie din Bucure\u015fti Cojocaru R..<\/p>\n\n\n\n<p>    \u00cen perioada ce urmeaz\u0103, direc\u0163ia prioritar\u0103 \u00een activitatea catedrei r\u0103m\u00e2ne a fi perfec\u0163ionarea activit\u0103\u0163ii didactice. Astfel, distinsul profesor Alexandru Borodac contribuie esen\u0163ial la elaborarea \u015fi perfec\u0163ionarea legisla\u0163iei penale, f\u0103c\u00e2nd parte din autorii Codului Penal al Republicii Moldova din 2002. Pentru aportul considerabil la elaborarea manualelor de Drept penal \u015fi perfec\u0163ionarea legisla\u0163iei penale, \u00een 1997 i se confer\u0103 titlul de profesor universitar \u015fi este decorat cu medalia \u201eMeritul civic\u201d. \u00cen iulie 2000 profesorul universitar Alexandru Borodac este desemnat ca pre\u015fedinte al Consiliului \u015etiin\u0163ific Specializat al Academiei de Poli\u0163ie \u201e\u015etefan cel Mare\u201d pentru sus\u0163inerea tezelor de doctorat la specialitatea 12.00.08: \u201eDrept penal \u015fi criminologie\u201d.<\/p>\n\n\n\n<p>    Pe parcursul anilor, catedra a fost condus\u0103 de:<\/p>\n\n\n\n<p>\u2013 <strong>Vasile Florea<\/strong>, doctor \u00een drept, conferen\u0163iar universitar.<\/p>\n\n\n\n<p>\u2013 <strong>Viorel Berliba<\/strong>, doctor habilitat \u00een drept, conferen\u0163iar universitar.<\/p>\n\n\n\n<p>\u2013 <strong>Radion Cojocaru<\/strong>, doctor \u00een drept, profesor universitar.<\/p>\n\n\n\n<p>\u2013 <strong>Valentin Chiri\u0163a<\/strong>, doctor \u00een drept, conferen\u0163iar universitar.<\/p>\n\n\n\n<p>\u2013 <strong>Oleg Rusu<\/strong>, doctor \u00een drept, conferen\u0163iar universitar.<\/p>\n\n\n\n<p>\u2013 <strong>Alexandru Zosim<\/strong>, doctor \u00een drept conferen\u0163iar universitar.<\/p>\n\n\n\n<p>    La moment, catedra Drept penal \u015fi criminologie este condus\u0103 de <strong>Ion Slisarenco<\/strong>, doctor \u00een drept.<\/p>\n\n\n\n<p><\/p>\n","protected":false},"excerpt":{"rendered":"<p>Catedra Drept penal \u015fi criminologie a fost fondat\u0103 \u00een anul 1992, sub conducerea profesorului universitar, doctor \u00een drept, Alexandru Borodac. Subdiviziunea didactic\u0103 avea urm\u0103toarele sarcini: asigurarea pred\u0103rii cursurilor de Drept [&hellip;]<\/p>\n","protected":false},"author":12,"featured_media":0,"parent":1367,"menu_order":0,"comment_status":"closed","ping_status":"closed","template":"","meta":[],"translation":{"provider":"WPGlobus","version":"2.12.2","language":"gb","enabled_languages":["ro","gb"],"languages":{"ro":{"title":true,"content":true,"excerpt":false},"gb":{"title":false,"content":false,"excerpt":false}}},"acf":[],"_links":{"self":[{"href":"https:\/\/academy.police.md\/gb\/wp-json\/wp\/v2\/pages\/3825"}],"collection":[{"href":"https:\/\/academy.police.md\/gb\/wp-json\/wp\/v2\/pages"}],"about":[{"href":"https:\/\/academy.police.md\/gb\/wp-json\/wp\/v2\/types\/page"}],"author":[{"embeddable":true,"href":"https:\/\/academy.police.md\/gb\/wp-json\/wp\/v2\/users\/12"}],"replies":[{"embeddable":true,"href":"https:\/\/academy.police.md\/gb\/wp-json\/wp\/v2\/comments?post=3825"}],"version-history":[{"count":5,"href":"https:\/\/academy.police.md\/gb\/wp-json\/wp\/v2\/pages\/3825\/revisions"}],"predecessor-version":[{"id":21699,"href":"https:\/\/academy.police.md\/gb\/wp-json\/wp\/v2\/pages\/3825\/revisions\/21699"}],"up":[{"embeddable":true,"href":"https:\/\/academy.police.md\/gb\/wp-json\/wp\/v2\/pages\/1367"}],"wp:attachment":[{"href":"https:\/\/academy.police.md\/gb\/wp-json\/wp\/v2\/media?parent=3825"}],"curies":[{"name":"wp","href":"https:\/\/api.w.org\/{rel}","templated":true}]}}