{"id":3821,"date":"2021-06-22T19:24:03","date_gmt":"2021-06-22T19:24:03","guid":{"rendered":"http:\/\/academy.police.md\/?page_id=3821"},"modified":"2026-02-10T19:14:08","modified_gmt":"2026-02-10T17:14:08","slug":"activitatea-stiintifica-a-catedrei-osp","status":"publish","type":"page","link":"https:\/\/academy.police.md\/gb\/catedre\/catedra-drept-politienesc-si-securitate-publica\/activitatea-stiintifica-a-catedrei-osp","title":{"rendered":"Activitatea \u015ftiin\u0163ific\u0103 a catedrei  Ordine \u0219i securitate public\u0103"},"content":{"rendered":"\n<p>Un aspect deosebit de important \u00een activitatea membrilor catedrei reprezint\u0103 activitatea de cercetare \u0219tiin\u021bific\u0103, \u00een cadrul c\u0103reia se abordeaz\u0103 multiple probleme ce preocup\u0103 at\u00e2t teoreticienii, c\u00e2t \u0219i practicienii (\u00een special func\u021bionarii publici cu statut special) \u00een domeniul aplic\u0103rii legii. Astfel, spectrul larg de probleme abordate vizeaz\u0103 aplicarea procedurii contraven\u021bionale, probleme de prevenire \u0219i combatere a diferitor fapte ilegale, cercet\u0103ri interdisciplinare a fenomenului violen\u021bei \u00een familie, a delincven\u021bei juvenile, a circula\u021biei armelor \u0219i muni\u021biilor cu destina\u021bie civil\u0103, a statutului func\u021bionarului public, a criminalit\u0103\u021bii din domeniul transporturilor etc.<\/p>\n\n\n\n<p>Prin urmare, activitatea \u0219tiin\u021bific\u0103 este materializat\u0103 pe parcursul anilor prin publicarea unui num\u0103r important de articole \u0219tiin\u021bifice, monografii, manuale, note de curs, recomand\u0103ri metodice printre care \u015fi: Aspecte instructive privind folosirea \u015fi aplicarea for\u0163ei fizice, a mijloacelor speciale \u015fi a armei de foc de c\u0103tre func\u0163ionarii de poli\u0163ie \u00een asigurarea ordinii de drept \u015fi combaterea criminalit\u0103\u0163ii, Activitatea administrativ\u0103 a organelor afacerilor interne (Partea general\u0103), Teoria \u015fi practica aplic\u0103rii \u015fi folosirii armei de foc \u00een contextul drepturilor omului, Principii \u015fi reguli generale privind tactica interven\u0163iei poli\u0163iene\u015fti cu aplicarea \u015fi folosirea armei de foc, Aspecte administrativ-juridice ale aplic\u0103rii \u015fi folosirii armei de foc de c\u0103tre func\u0163ionarii de poli\u0163ie, Drept poli\u0163ienesc, Etica \u015fi deontologia poli\u021bieneasc\u0103: aspecte de implementare, Cooper\u00e2nd \u00eempreun\u0103 spre o comunitate mai sigur\u0103, Elemente de interven\u021bie poli\u021bieneasc\u0103, suport de curs, Reglement\u0103ri contraven-\u021bionale rutiere, Ghid practic privind interven\u021bia eficient\u0103 a poli\u021biei \u00een cazurile de violen\u021b\u0103 \u00een familie, ghid practic, Criminalitatea violent\u0103 \u00een Republica Moldova: tendin\u021be generale, cauze \u0219i condi\u021bii, Protec\u021bia special\u0103 a copiilor afla\u021bi \u00een situa\u021bii de risc, Protec\u021bia juridic\u0103 a drepturilor omului \u00een activitatea poli\u021bieneasc\u0103, Drept contraven\u0163ional (suport de curs).<\/p>\n","protected":false},"excerpt":{"rendered":"<p>Un aspect deosebit de important \u00een activitatea membrilor catedrei reprezint\u0103 activitatea de cercetare \u0219tiin\u021bific\u0103, \u00een cadrul c\u0103reia se abordeaz\u0103 multiple probleme ce preocup\u0103 at\u00e2t teoreticienii, c\u00e2t \u0219i practicienii (\u00een special [&hellip;]<\/p>\n","protected":false},"author":10,"featured_media":0,"parent":1371,"menu_order":0,"comment_status":"closed","ping_status":"closed","template":"","meta":[],"translation":{"provider":"WPGlobus","version":"2.12.2","language":"gb","enabled_languages":["ro","gb"],"languages":{"ro":{"title":true,"content":true,"excerpt":false},"gb":{"title":false,"content":false,"excerpt":false}}},"acf":[],"_links":{"self":[{"href":"https:\/\/academy.police.md\/gb\/wp-json\/wp\/v2\/pages\/3821"}],"collection":[{"href":"https:\/\/academy.police.md\/gb\/wp-json\/wp\/v2\/pages"}],"about":[{"href":"https:\/\/academy.police.md\/gb\/wp-json\/wp\/v2\/types\/page"}],"author":[{"embeddable":true,"href":"https:\/\/academy.police.md\/gb\/wp-json\/wp\/v2\/users\/10"}],"replies":[{"embeddable":true,"href":"https:\/\/academy.police.md\/gb\/wp-json\/wp\/v2\/comments?post=3821"}],"version-history":[{"count":3,"href":"https:\/\/academy.police.md\/gb\/wp-json\/wp\/v2\/pages\/3821\/revisions"}],"predecessor-version":[{"id":30430,"href":"https:\/\/academy.police.md\/gb\/wp-json\/wp\/v2\/pages\/3821\/revisions\/30430"}],"up":[{"embeddable":true,"href":"https:\/\/academy.police.md\/gb\/wp-json\/wp\/v2\/pages\/1371"}],"wp:attachment":[{"href":"https:\/\/academy.police.md\/gb\/wp-json\/wp\/v2\/media?parent=3821"}],"curies":[{"name":"wp","href":"https:\/\/api.w.org\/{rel}","templated":true}]}}