{"id":3817,"date":"2021-06-22T19:21:59","date_gmt":"2021-06-22T19:21:59","guid":{"rendered":"http:\/\/academy.police.md\/?page_id=3817"},"modified":"2026-02-10T19:13:52","modified_gmt":"2026-02-10T17:13:52","slug":"prezentare-generala-a-catedrei-osp","status":"publish","type":"page","link":"https:\/\/academy.police.md\/gb\/catedre\/catedra-drept-politienesc-si-securitate-publica\/prezentare-generala-a-catedrei-osp","title":{"rendered":"Prezentare general\u0103 a catedrei  Ordine \u0219i securitate public\u0103"},"content":{"rendered":"\n<p>Catedra \u201eOrdine \u0219i securitate public\u0103\u201d(fosta Catedr\u0103 \u201eDrept poli\u021bienesc\u201d) este o subdiviziune structural\u0103 a Academiei \u201e\u0218tefan cel Mare\u201d a MAI al Republicii Moldova, care func\u021bioneaz\u0103 \u00een baza prevederilor legisla\u021biei \u00een vigoare, Cartei universitare, regulamentelor \u0219i instruc\u021biunilor institu\u021biei de \u00eenv\u0103\u021b\u0103m\u00e2nt superior.<\/p>\n\n\n\n<p>Catedra are drept scop organizarea \u0219i realizarea la un nivel \u00eenalt a activit\u0103\u021bilor didactice \u0219i \u0219tiin\u021bifice, metodice \u0219i consultative la unit\u0103\u021bile de curs (disciplinele) aferente. De asemenea, aceasta se preocup\u0103 de dezvoltarea form\u0103rii personalului Ministerului Afacerilor Interne, la nivel de excelen\u021b\u0103, prin studii de formare profesional\u0103 (ini\u021bial\u0103 \u0219i continu\u0103), prin intermediul studiilor de licen\u021b\u0103, de master \u0219i doctorat, la solicitarea beneficiarilor interni sau din afara institu\u021biei precum \u0219i efectuarea\/dezvoltarea cercet\u0103rilor \u0219tiin\u021bifice \u00een domeniile de interes prin promovarea valorilor na\u021bionale cultural-istorice \u00een contextul diversit\u0103\u021bii culturale.<\/p>\n\n\n\n<p>\u00cen conformitate cu actele normative \u00een vigoare, catedra are de realizat urm\u0103toarele <strong>obiective<\/strong>:<\/p>\n\n\n\n<p>\u2013 proiectarea, organizarea \u0219i realizarea procesului didactic;<br>\u2013 organizarea cercet\u0103rilor \u0219tiin\u021bifice;<br>\u2013 evaluarea activit\u0103\u021bilor didactice, metodice \u0219i de cercetare;<br>\u2013 asigurarea metodic\u0103 a procesului didactic;<br>\u2013 asigurarea calit\u0103\u021bii studiilor;<br>\u2013 asigurarea activit\u0103\u021bilor educative cu studen\u021bii;<br>\u2013 colaborarea cu reprezentan\u021bi ai organismelor partenere ale Facult\u0103\u021bii\/Academiei, cu responsabilii de proiecte \u0219i programe na\u021bionale \u0219i interna\u021bionale relevante \u00een domeniul de competen\u021b\u0103, cu organiza\u021biile \u0219i institu\u021biile guvernamentale \u0219i non-guvernamentale na\u021bionale \u0219i interna\u021bionale;<br>\u2013 acordarea de consulta\u021bii pentru func\u021bionarii MAI \u0219i a subdiviziunilor MAI din RM sau pentru al\u021bi beneficiari asocia\u021bi domeniilor de interes;<br>\u2013 avizarea proiectelor de acte normative, hot\u0103r\u00e2ri de Guvern, ale CSJ, ordine ale MAI sau alte structure;<br>\u2013 alte activit\u0103\u021bi cu caracter \u0219tiin\u021bific \u0219i de cercetare (participarea \u00een proiecte de cercetare sau educa\u021bionale etc).<\/p>\n\n\n\n<p>\u00cen plan didactic, Catedra \u201eDrept poli\u021bienesc\u201d este o unitate structural\u0103 complex\u0103, care asigur\u0103 totalitatea activit\u0103\u021bilor didactice (prelegeri, seminare, consulta\u021bii, stagii de practic\u0103, \u00eendrumarea individual\u0103 a studen\u021bilor etc.) \u00een cadrul Facult\u0103\u021bii Drept, ordine public\u0103 \u0219i securitate civil\u0103 a Academiei.<\/p>\n\n\n\n<p>Nomenclatorul unit\u0103\u021bilor de curs include:<\/p>\n\n\n\n<p>Ciclul I \u2013 studii superioare de licen\u021b\u0103: Drept contraven\u021bional; Drept procesul contraven\u021bional;Leadership \u0219i etica profesional\u0103; Etica, integritatea \u0219i deontologia poli\u021bieneasc\u0103; Regimul juridic al interven\u021biei poli\u021biene\u0219ti; Modulul disciplinelor de specialitate .<\/p>\n\n\n\n<p>Ciclul II \u2013 studii superioare de master: Prevenirea \u0219i combaterea violen\u021bei \u00een familie; Protec\u021bia special\u0103 a copiilor afla\u021bi \u00een situa\u021bii de risc, Procedura poli\u021bieneasc\u0103 \u00een domeniul contraven\u021biilor; Func\u021bia public\u0103 \u0219i statutul func\u021bionarului public; Tactica interven\u021biei poli\u021biene\u0219ti; Siguran\u021ba \u0219i ordinea public\u0103; Politici moderne privind activitatea de preven\u021bie poli\u021bieneasc\u0103; Practici moderne de interven\u021bie fa\u021b\u0103 de minorit\u0103\u021bi etnice; Protec\u021bia juridic\u0103 a drepturilor omului \u00een activitatea poli\u021bieneasc\u0103; Administrarea proiectelor \u0219i proiectarea carierei;<\/p>\n\n\n\n<p>Ciclul III \u2013 studii superioare de doctorat: Catedra prin intermediul Conduc\u0103torilor de doctorat, \u015fi profesorii de la catedr\u0103 asigur\u0103 predarea disciplinelor \u00een cadrul studiilor superioare de doctorat, ciclul III, care sunt organizate \u00een cadrul \u015ecolii doctorale \u015etiin\u0163e penale \u015fi drept public ce activeaz\u0103 \u00een baza acord\u0103rii autoriza\u0163iei de func\u0163ionare provizorie a Consiliului de conducere al ANACEC din data de 12.10.2016, pentru urm\u0103toarele specialit\u0103\u0163i al profilului \u201d552 \u2013 Drept public\u201d:<\/p>\n\n\n\n<p>\u2013 specialitatea 552.02, Drept administrativ;<br>\u2013 specialitatea 552.04, Drept funciar \u015fi al mediului;<br>\u2013 specialitatea 552.07, Drept contraven\u0163ional.<\/p>\n\n\n\n<p>Formarea profesional\u0103 ini\u021bial\u0103 \u0219i continu\u0103 a personalului cu statut special din cadrul MAI: Aspecte introductive \u00een drept poli\u021bienesc; Procedura contraven\u021bional\u0103; Regimul juridic al interven\u021biei poli\u021biene\u0219ti \u00een diferite situa\u021bii; Etica \u0219i deontologia poli\u021bieneasc\u0103; Constatarea \u0219i documentarea contraven\u021biilor; Interven\u021bia \u00een cazurile de violen\u021b\u0103 \u00een familie; Activitatea poli\u021bieneasc\u0103 comunitar\u0103 etc.<\/p>\n","protected":false},"excerpt":{"rendered":"<p>Catedra \u201eOrdine \u0219i securitate public\u0103\u201d(fosta Catedr\u0103 \u201eDrept poli\u021bienesc\u201d) este o subdiviziune structural\u0103 a Academiei \u201e\u0218tefan cel Mare\u201d a MAI al Republicii Moldova, care func\u021bioneaz\u0103 \u00een baza prevederilor legisla\u021biei \u00een vigoare, [&hellip;]<\/p>\n","protected":false},"author":10,"featured_media":0,"parent":1371,"menu_order":0,"comment_status":"closed","ping_status":"closed","template":"","meta":[],"translation":{"provider":"WPGlobus","version":"2.12.2","language":"gb","enabled_languages":["ro","gb"],"languages":{"ro":{"title":true,"content":true,"excerpt":false},"gb":{"title":false,"content":false,"excerpt":false}}},"acf":[],"_links":{"self":[{"href":"https:\/\/academy.police.md\/gb\/wp-json\/wp\/v2\/pages\/3817"}],"collection":[{"href":"https:\/\/academy.police.md\/gb\/wp-json\/wp\/v2\/pages"}],"about":[{"href":"https:\/\/academy.police.md\/gb\/wp-json\/wp\/v2\/types\/page"}],"author":[{"embeddable":true,"href":"https:\/\/academy.police.md\/gb\/wp-json\/wp\/v2\/users\/10"}],"replies":[{"embeddable":true,"href":"https:\/\/academy.police.md\/gb\/wp-json\/wp\/v2\/comments?post=3817"}],"version-history":[{"count":4,"href":"https:\/\/academy.police.md\/gb\/wp-json\/wp\/v2\/pages\/3817\/revisions"}],"predecessor-version":[{"id":30432,"href":"https:\/\/academy.police.md\/gb\/wp-json\/wp\/v2\/pages\/3817\/revisions\/30432"}],"up":[{"embeddable":true,"href":"https:\/\/academy.police.md\/gb\/wp-json\/wp\/v2\/pages\/1371"}],"wp:attachment":[{"href":"https:\/\/academy.police.md\/gb\/wp-json\/wp\/v2\/media?parent=3817"}],"curies":[{"name":"wp","href":"https:\/\/api.w.org\/{rel}","templated":true}]}}