{"id":3814,"date":"2021-06-22T19:21:02","date_gmt":"2021-06-22T19:21:02","guid":{"rendered":"http:\/\/academy.police.md\/?page_id=3814"},"modified":"2026-02-10T19:13:46","modified_gmt":"2026-02-10T17:13:46","slug":"scurt-istoric-al-catedrei-osp","status":"publish","type":"page","link":"https:\/\/academy.police.md\/gb\/catedre\/catedra-drept-politienesc-si-securitate-publica\/scurt-istoric-al-catedrei-osp","title":{"rendered":"Scurt istoric al catedrei  Ordine \u0219i securitate public\u0103"},"content":{"rendered":"\n<p>Catedra \u201d<em>Drept poli\u021bienesc<\/em>\u201d reprezint\u0103 subdiviziunea didactico-\u015ftiin\u0163ific\u0103 de profil \u00eenfiin\u021bat\u0103 \u00een cadrul Academiei ,,\u015etefan cel Mare\u201d a Ministerului Afacerilor Interne \u00een iunie anului 1992. Primul \u0219ef al acestei subdiviziuni a fost numit colonelului de poli\u021bie Victor Gu\u021buleac, doctor \u00een drept, conferen\u021biar universitar.<\/p>\n\n\n\n<p>Subdiviziunea didactic\u0103 nou-creat\u0103 avea pe atunci denumirea \u201dActivitatea administrativ\u0103 a organelor afacerilor inteme\u201d \u0219i \u00ee\u0219i propunea ca scop s\u0103 contribuie la preg\u0103tirea cadrelor calificate \u00een domeniul activit\u0103\u021bii administrative a poli\u021biei. Pe parcurs, \u00een activitatea didactic\u0103 a catedrei au fost antrena\u021bi profesori cu renume: Tudor Ro\u0219ca, Mihai Gheorghi\u021b\u0103 \u0219i Vasile Florea.<\/p>\n\n\n\n<p>Anii 1995-1997 au constituit o etap\u0103 \u00eensemnat\u0103 \u00een procesul de integrare \u0219i consolidare a \u00eentregului poten\u021bial didactico-\u0219tiin\u021bific al colectivului cu noi speciali\u0219ti at\u00e2t cu experien\u021b\u0103 pedagogic\u0103, c\u00e2t \u0219i practic\u0103: \u0218tefan Stamatin, c\u0103pitan de poli\u021bie \u0219i Pavel Olari, maior de poli\u021bie, Mihai Dasc\u0103lu, locotenent-colonel, Viorel Vieru, maior de poli\u021bie, Veaceslav Grati, locotenent de poli\u021bie.<\/p>\n\n\n\n<p>\u00cen perioada anilor 1997-1998, corpul profesoral-didactic al catedrei a fost completat cu noi speciali\u0219ti practicieni. S-au \u00eencadrat energic \u00een munca pedagogic\u0103: Ion Vizdan, Victor Balmu\u0219, Iurie \u021avigunov.<\/p>\n\n\n\n<p>Anul de studii 1998-1999 se distinge prin faptul c\u0103 anume \u00een aceast\u0103 perioad\u0103 are loc fuziunea a dou\u0103 subdiviziuni didactice: \u201dActivitatea administrativ\u0103 a organelor afacerilor inteme\u201d cu cea de \u201dDirijare \u0219i asigurare informativ-tehnic\u0103 a organelor\u201d, noua denumire a catedrei devine \u2013 \u201dDrept administrativ \u0219i activitatea administrativ\u0103 a organelor afacerilor interne\u201d. Catedra nou format\u0103 a fost completat\u0103 cu Mihai \u021avigunov, \u0219i Dumitru Guitu, anterior, a manager al comisariatul de poli\u021bie.<\/p>\n\n\n\n<p>Din martie 1998 catedra este dirijat\u0103 de V. Cebotar. \u00cen februarie 1999, \u00een func\u021bie de \u0219ef-adjunct al catedrei este numit \u0218tefan Stamatin, care \u00een interval relativ scurt a parcurs calea de la func\u021bia de lector la cea de conduc\u0103tor al colectivului. Astfel, din august 2000 p\u00e2n\u0103 \u00een decembrie 2001 dnul \u0218tefan Stamatin, exercit\u0103 func\u021bia de \u0219ef de catedr\u0103.<\/p>\n\n\n\n<p>Din 2002 p\u00e2n\u0103 \u00een august 2003 catedra a fost condus\u0103 de magistru \u00een drept, colonel de poli\u021bie Mihai Dasc\u0103lu. Ulterior, catedra se reorganizeaz\u0103 \u00een \u201dDrept administrativ \u0219i ordine public\u0103\u201d \u0219i fuzioneaz\u0103 cu catedra \u201dActivitatea operativ\u0103 de investiga\u021bii\u201d, condus\u0103 de c\u0103tre Cu\u0219nir Valeriu, doctor \u00een drept, conferen\u021biar universitar.<\/p>\n\n\n\n<p>\u00cen anul 2005, Catedra \u201dDrept poli\u021bienesc\u201d \u00ee\u0219i continua activitate \u00een calitate de subdiviziune de sine st\u0103t\u0103toare \u00een cadrul Academiei de Poli\u021bie \u201e\u0218tefan cel Mare\u201d, noul \u0219ef al acesteia fiind investit Dl. Gratii V. dr., conf. univ. \u00cen aceast\u0103 perioad\u0103 colectivul catedrei a fost completat de cadre noi: Ion Filip, Sergiu Crudu, Anatol Canan\u0103u, Vitalie Iona\u0219cu, Telipan Vitalie.<\/p>\n\n\n\n<p>\u00cen cele ce au urmat, conducerea catedrei \u201dDrept poli\u021bienesc\u201d a fost reprezentat\u0103 de c\u0103tre: Sergiu Crudu (interimatul func\u021biei) \u00een perioada anilor 2008-2011. Ulterior, manager al Catedrei \u201dDrept poli\u021bienesc\u201d a devenit \u0218tefan Belecciu, doctor \u00een drept, conferen\u021biar universitar, care a exercitat mandatul s\u0103u \u00een perioada anilor 2011-2016 \u0219i 2017-2021. \u00cen intervalul anilor 2016-2017 conducerea catedrei a fost preluat\u0103 de Albert Antoci, doctor \u00een drept, conferen\u021biar universitar.<\/p>\n\n\n\n<p>\u00cen perioada anilor 2022 -2023 func\u021bia de manager al catedrei a fost exercitat\u0103 de c\u0103tre Canan\u0103u Anatolie, doctor \u00een drept, conferen\u021biar universitar.<\/p>\n\n\n\n<p>Catedra \u201dDrept poli\u021bienesc\u201d a asigurat realizarea sarcinilor didactice, \u0219tiin\u021bifice \u0219i metodice \u00een unison cu aspira\u021biile Academiei \u201e\u0218tefan cel Mare\u201d a MAI.<\/p>\n","protected":false},"excerpt":{"rendered":"<p>Catedra \u201dDrept poli\u021bienesc\u201d reprezint\u0103 subdiviziunea didactico-\u015ftiin\u0163ific\u0103 de profil \u00eenfiin\u021bat\u0103 \u00een cadrul Academiei ,,\u015etefan cel Mare\u201d a Ministerului Afacerilor Interne \u00een iunie anului 1992. Primul \u0219ef al acestei subdiviziuni a fost [&hellip;]<\/p>\n","protected":false},"author":10,"featured_media":0,"parent":1371,"menu_order":0,"comment_status":"closed","ping_status":"closed","template":"","meta":[],"translation":{"provider":"WPGlobus","version":"2.12.2","language":"gb","enabled_languages":["ro","gb"],"languages":{"ro":{"title":true,"content":true,"excerpt":false},"gb":{"title":false,"content":false,"excerpt":false}}},"acf":[],"_links":{"self":[{"href":"https:\/\/academy.police.md\/gb\/wp-json\/wp\/v2\/pages\/3814"}],"collection":[{"href":"https:\/\/academy.police.md\/gb\/wp-json\/wp\/v2\/pages"}],"about":[{"href":"https:\/\/academy.police.md\/gb\/wp-json\/wp\/v2\/types\/page"}],"author":[{"embeddable":true,"href":"https:\/\/academy.police.md\/gb\/wp-json\/wp\/v2\/users\/10"}],"replies":[{"embeddable":true,"href":"https:\/\/academy.police.md\/gb\/wp-json\/wp\/v2\/comments?post=3814"}],"version-history":[{"count":5,"href":"https:\/\/academy.police.md\/gb\/wp-json\/wp\/v2\/pages\/3814\/revisions"}],"predecessor-version":[{"id":30431,"href":"https:\/\/academy.police.md\/gb\/wp-json\/wp\/v2\/pages\/3814\/revisions\/30431"}],"up":[{"embeddable":true,"href":"https:\/\/academy.police.md\/gb\/wp-json\/wp\/v2\/pages\/1371"}],"wp:attachment":[{"href":"https:\/\/academy.police.md\/gb\/wp-json\/wp\/v2\/media?parent=3814"}],"curies":[{"name":"wp","href":"https:\/\/api.w.org\/{rel}","templated":true}]}}