{"id":3718,"date":"2021-06-21T13:49:42","date_gmt":"2021-06-21T13:49:42","guid":{"rendered":"http:\/\/academy.police.md\/?page_id=3718"},"modified":"2022-07-21T12:01:12","modified_gmt":"2022-07-21T09:01:12","slug":"cercul-stiintific-studentesc-academos","status":"publish","type":"page","link":"https:\/\/academy.police.md\/gb\/catedre\/catedra-stiinte-manageriale-socio-umane-si-comunicare-profesionala\/cercul-stiintific-studentesc-academos","title":{"rendered":"Cercul \u015ftiin\u0163ific studen\u0163esc \u201eAcademos\u201d"},"content":{"rendered":"\n<p>Sus\u0163inerea \u015fi \u00eencurajarea cercet\u0103rii \u015ftiin\u0163ifice studen\u0163e\u015fti este una din priorit\u0103\u0163ile de dezvoltare a viitorilor speciali\u015fti de c\u0103tre corpul profesoral didactic. \u00cen acest context \u00een cadrul catedrei activeaz\u0103 Cercul \u015ftiin\u0163ific studen\u0163esc \u201eAcademos\u201d, fondat \u00een anul 2009. \u00centrunirile \u015ftiin\u0163ifice studen\u0163e\u015fti au menirea de a aprofunda abilit\u0103\u0163ile de cercetare prin studierea suplimentar\u0103 a surselor din domeniul \u015ftiin\u0163elor socio-umane \u015fi prin educarea spiritului civic \u015fi juridic al studen\u0163ilor. Forumurile academice contribuie la dezvoltarea aptitudinilor de cercetare, comunicare \u015fi argumentare \u015ftiin\u0163ific\u0103. Gra\u0163ie membrilor cercului \u015ftiin\u0163ific precum \u015fi a coordonatorilor se organizeaz\u0103 conferin\u0163e, mese rotunde, seminare cu caracter educativ-\u015ftiin\u0163ific cu participarea studen\u0163ilor cercet\u0103tori.<\/p>\n\n\n\n<p>\u00cen cadrul catedrei s-a constituit o tradi\u021bie \u00een organizarea \u015fi desf\u0103\u0219urarea anual\u0103 a meselor rotunde \u015ftiin\u0163ifice studen\u0163e\u0219ti dedicate Zilei Mondiale a Filosofiei \u015fi Zilei Europei cu tematici diverse: <em>Valorile umane \u00een contextul provoc\u0103rilor secolului XXI<\/em>; <em>Datoria moral\u0103 \u2013 pilon al educa\u0163iei contemporane<\/em>; <em>Moralitatea \u2013 pilon \u00een activitatea profesional\u0103 a func\u0163ionarului public<\/em>; <em>Europa \u2013 unitate \u00een diversitate<\/em>; <em>Academia \u201e\u015etefan cel Mare\u201d <\/em>\u2013<em> 30 de ani de promovare a valorilor socio-umane \u015fi juridice<\/em>; <em>Acordul de Asociere Republica Moldova \u2013 Uniunea European\u0103: progrese \u015fi priorit\u0103\u0163i<\/em><em>; Valorile na\u0163ionale ale s\u0103rb\u0103torilor \u015fi obiceiurilor de iarn\u0103: trecut, prezent \u015fi provoc\u0103ri.<\/em><strong><\/strong><\/p>\n\n\n\n<p><\/p>\n\n\n\n<p><\/p>\n","protected":false},"excerpt":{"rendered":"<p>Sus\u0163inerea \u015fi \u00eencurajarea cercet\u0103rii \u015ftiin\u0163ifice studen\u0163e\u015fti este una din priorit\u0103\u0163ile de dezvoltare a viitorilor speciali\u015fti de c\u0103tre corpul profesoral didactic. \u00cen acest context \u00een cadrul catedrei activeaz\u0103 Cercul \u015ftiin\u0163ific studen\u0163esc [&hellip;]<\/p>\n","protected":false},"author":12,"featured_media":0,"parent":1379,"menu_order":0,"comment_status":"closed","ping_status":"closed","template":"","meta":[],"translation":{"provider":"WPGlobus","version":"2.12.2","language":"gb","enabled_languages":["ro","gb"],"languages":{"ro":{"title":true,"content":true,"excerpt":false},"gb":{"title":false,"content":false,"excerpt":false}}},"acf":[],"_links":{"self":[{"href":"https:\/\/academy.police.md\/gb\/wp-json\/wp\/v2\/pages\/3718"}],"collection":[{"href":"https:\/\/academy.police.md\/gb\/wp-json\/wp\/v2\/pages"}],"about":[{"href":"https:\/\/academy.police.md\/gb\/wp-json\/wp\/v2\/types\/page"}],"author":[{"embeddable":true,"href":"https:\/\/academy.police.md\/gb\/wp-json\/wp\/v2\/users\/12"}],"replies":[{"embeddable":true,"href":"https:\/\/academy.police.md\/gb\/wp-json\/wp\/v2\/comments?post=3718"}],"version-history":[{"count":4,"href":"https:\/\/academy.police.md\/gb\/wp-json\/wp\/v2\/pages\/3718\/revisions"}],"predecessor-version":[{"id":7374,"href":"https:\/\/academy.police.md\/gb\/wp-json\/wp\/v2\/pages\/3718\/revisions\/7374"}],"up":[{"embeddable":true,"href":"https:\/\/academy.police.md\/gb\/wp-json\/wp\/v2\/pages\/1379"}],"wp:attachment":[{"href":"https:\/\/academy.police.md\/gb\/wp-json\/wp\/v2\/media?parent=3718"}],"curies":[{"name":"wp","href":"https:\/\/api.w.org\/{rel}","templated":true}]}}