{"id":3694,"date":"2021-06-21T12:52:10","date_gmt":"2021-06-21T12:52:10","guid":{"rendered":"http:\/\/academy.police.md\/?page_id=3694"},"modified":"2021-06-21T12:52:11","modified_gmt":"2021-06-21T12:52:11","slug":"responsabilitatile-dru","status":"publish","type":"page","link":"https:\/\/academy.police.md\/gb\/subdivizuni\/directia-resurse-umane\/responsabilitatile-dru","title":{"rendered":"Responsabilit\u0103\u021bile DRU"},"content":{"rendered":"\n<ol type=\"1\"><li>respectarea strict\u0103, la elaborarea proiectelor de acte administrative (ordine pe efectiv), a legisla\u021biei referitoare la func\u021bionarii publici cu statut special, a legisla\u021biei muncii, a altor acte normative ce reglementeaz\u0103 lucrul cu personalul;<\/li><li>informarea operativ\u0103 \u0219i obiectiv\u0103 a conducerii Academiei despre posibilele \u00eenc\u0103lc\u0103ri ale prevederilor legisla\u021biei referitoare la func\u021bionarii publici cu statut special, a legisla\u021biei muncii, a altor acte normative ce reglementeaz\u0103 lucrul cu personalul \u00een proiectele de acte administrative elaborate de alte subdiviziuni din cadrul autorit\u0103\u021bii publice;<\/li><li>depistarea \u0219i informarea la timp a conducerii Academiei privind lacunele existente \u00een managementul resurselor umane; elaborarea \u0219i prezentarea propunerilor de \u00eenl\u0103turare a acestora;<\/li><li>asigurarea calit\u0103\u021bii \u0219i veridicit\u0103\u021bii informa\u021biilor \u00een baza c\u0103rora se iau decizii \u0219i se aprob\u0103 acte administrative (ordine pe efectiv) cu privire la personal;<\/li><li>asigurarea prompt\u0103 \u0219i f\u0103r\u0103 tergivers\u0103ri \u00een cazurile de \u00eenc\u0103lcare a drepturilor angaja\u021bilor Academiei \u00een cadrul raportului de serviciu sau contractului individual de munc\u0103;<\/li><li>perfectarea corect\u0103 a documenta\u021biei referitoare la administrarea personalului.<\/li><\/ol>\n","protected":false},"excerpt":{"rendered":"<p>respectarea strict\u0103, la elaborarea proiectelor de acte administrative (ordine pe efectiv), a legisla\u021biei referitoare la func\u021bionarii publici cu statut special, a legisla\u021biei muncii, a altor acte normative ce reglementeaz\u0103 lucrul [&hellip;]<\/p>\n","protected":false},"author":10,"featured_media":0,"parent":1330,"menu_order":0,"comment_status":"closed","ping_status":"closed","template":"","meta":[],"translation":{"provider":"WPGlobus","version":"2.12.2","language":"gb","enabled_languages":["ro","gb"],"languages":{"ro":{"title":true,"content":true,"excerpt":false},"gb":{"title":false,"content":false,"excerpt":false}}},"acf":[],"_links":{"self":[{"href":"https:\/\/academy.police.md\/gb\/wp-json\/wp\/v2\/pages\/3694"}],"collection":[{"href":"https:\/\/academy.police.md\/gb\/wp-json\/wp\/v2\/pages"}],"about":[{"href":"https:\/\/academy.police.md\/gb\/wp-json\/wp\/v2\/types\/page"}],"author":[{"embeddable":true,"href":"https:\/\/academy.police.md\/gb\/wp-json\/wp\/v2\/users\/10"}],"replies":[{"embeddable":true,"href":"https:\/\/academy.police.md\/gb\/wp-json\/wp\/v2\/comments?post=3694"}],"version-history":[{"count":1,"href":"https:\/\/academy.police.md\/gb\/wp-json\/wp\/v2\/pages\/3694\/revisions"}],"predecessor-version":[{"id":3695,"href":"https:\/\/academy.police.md\/gb\/wp-json\/wp\/v2\/pages\/3694\/revisions\/3695"}],"up":[{"embeddable":true,"href":"https:\/\/academy.police.md\/gb\/wp-json\/wp\/v2\/pages\/1330"}],"wp:attachment":[{"href":"https:\/\/academy.police.md\/gb\/wp-json\/wp\/v2\/media?parent=3694"}],"curies":[{"name":"wp","href":"https:\/\/api.w.org\/{rel}","templated":true}]}}