{"id":3637,"date":"2021-06-18T13:53:50","date_gmt":"2021-06-18T13:53:50","guid":{"rendered":"http:\/\/academy.police.md\/?page_id=3637"},"modified":"2025-06-03T10:23:29","modified_gmt":"2025-06-03T07:23:29","slug":"cadrele-didactice-dcipal","status":"publish","type":"page","link":"https:\/\/academy.police.md\/gb\/directia-centrul-integrat-de-pregatire-pentru-aplicarea-legii\/cadrele-didactice-dcipal","title":{"rendered":"Cadrele didactice Direc\u021bia \u201eCIPAL\u201d"},"content":{"rendered":"\n<p>\u00cen procesul de desf\u0103\u0219urare a activit\u0103\u021bilor didactice Direc\u021bia implic\u0103 urm\u0103toarele categorii de formatori:<\/p>\n\n\n\n<p>1) formatori titulari \u2013 personal al Academiei numit \u00een func\u021bia de formator;<\/p>\n\n\n\n<p>2) formatori prin cumul (cumularzi);<\/p>\n\n\n\n<p>3) formatori pe unitate de timp \u2013 angaja\u021bi din cadrul subdiviziunilor MAI sau exper\u021bi\/speciali\u0219ti na\u021bionali\/interna\u021bionali \u00eentr-un anumit domeniu de activitate, care desf\u0103\u0219oar\u0103 activit\u0103\u021bi didactice \u00een baz\u0103 de contract sau \u00een baza acordurilor de colaborare.<\/p>\n\n\n\n<p><strong>Formatorii titulari:<\/strong><\/p>\n\n\n\n<p>Formator, inspector principal Bursuc Galina tel: 069097802<\/p>\n\n\n\n<p>Formator, comisar Chioiba\u015f Valeri tel: 069073531<\/p>\n\n\n\n<p>Formator, comisar Arsenii Liliana tel: 069317480<\/p>\n\n\n\n<p>Formator, comisar Popa Alexandru tel: 068065757<\/p>\n\n\n\n<p>Formator, Petic Gheorghe tel: 069826629<\/p>\n\n\n\n<p>Formator, Prodan Viorel tel: 079402820<\/p>\n\n\n\n<p>Formator, \u0218argarovschii Valeriu tel: 079607972 <\/p>\n\n\n\n<p>Formator, inspector superior Cebanu Elena tel: 061082444<\/p>\n\n\n\n<p>Formator, comisar Ciumac Anatolie tel: 079521861<\/p>\n\n\n\n<p>Formator, inspector principal Clo\u0219ca Carina tel: 069769754<\/p>\n\n\n\n<p>Formator, comisar principal Moraru Carolina tel: 060204029<\/p>\n\n\n\n<p>Formator, comisar principal Palca Victor tel: 079650202<\/p>\n\n\n\n<p>Formator, comisar principal Pereteanu Vladimir tel: 068339225<\/p>\n\n\n\n<p>Formator, inspector superior Sinighin-Stara\u0219ciuc Victoria tel: 069720892 <\/p>\n\n\n\n<p>Formator, inspector principal Toderica Cristina tel: 060881425<\/p>\n\n\n\n<p>Formator, comisar principal Anghel Vadim tel: 069881172<\/p>\n\n\n\n<p><\/p>\n","protected":false},"excerpt":{"rendered":"<p>\u00cen procesul de desf\u0103\u0219urare a activit\u0103\u021bilor didactice Direc\u021bia implic\u0103 urm\u0103toarele categorii de formatori: 1) formatori titulari \u2013 personal al Academiei numit \u00een func\u021bia de formator; 2) formatori prin cumul (cumularzi); [&hellip;]<\/p>\n","protected":false},"author":12,"featured_media":0,"parent":1395,"menu_order":0,"comment_status":"closed","ping_status":"closed","template":"","meta":[],"translation":{"provider":"WPGlobus","version":"2.12.2","language":"gb","enabled_languages":["ro","gb"],"languages":{"ro":{"title":true,"content":true,"excerpt":false},"gb":{"title":false,"content":false,"excerpt":false}}},"acf":[],"_links":{"self":[{"href":"https:\/\/academy.police.md\/gb\/wp-json\/wp\/v2\/pages\/3637"}],"collection":[{"href":"https:\/\/academy.police.md\/gb\/wp-json\/wp\/v2\/pages"}],"about":[{"href":"https:\/\/academy.police.md\/gb\/wp-json\/wp\/v2\/types\/page"}],"author":[{"embeddable":true,"href":"https:\/\/academy.police.md\/gb\/wp-json\/wp\/v2\/users\/12"}],"replies":[{"embeddable":true,"href":"https:\/\/academy.police.md\/gb\/wp-json\/wp\/v2\/comments?post=3637"}],"version-history":[{"count":15,"href":"https:\/\/academy.police.md\/gb\/wp-json\/wp\/v2\/pages\/3637\/revisions"}],"predecessor-version":[{"id":25742,"href":"https:\/\/academy.police.md\/gb\/wp-json\/wp\/v2\/pages\/3637\/revisions\/25742"}],"up":[{"embeddable":true,"href":"https:\/\/academy.police.md\/gb\/wp-json\/wp\/v2\/pages\/1395"}],"wp:attachment":[{"href":"https:\/\/academy.police.md\/gb\/wp-json\/wp\/v2\/media?parent=3637"}],"curies":[{"name":"wp","href":"https:\/\/api.w.org\/{rel}","templated":true}]}}