{"id":3577,"date":"2021-06-18T10:17:48","date_gmt":"2021-06-18T10:17:48","guid":{"rendered":"http:\/\/academy.police.md\/?page_id=3577"},"modified":"2021-06-22T09:26:28","modified_gmt":"2021-06-22T09:26:28","slug":"biblioteca-speciala","status":"publish","type":"page","link":"https:\/\/academy.police.md\/gb\/catedre\/catedra-activitate-speciala-de-investigatii-si-anticoruptie\/biblioteca-speciala","title":{"rendered":"Biblioteca special\u0103"},"content":{"rendered":"\n<p>Biblioteca special\u0103 ,fiind o unitate specific\u0103 \u00een componen\u021ba catedrei Activitate special\u0103 de investiga\u021bii \u0219i anticorup\u021bie ,asigur\u0103 studen\u0163ii, audien\u0163ii, corpul profesoral-didactic \u015fi de comand\u0103 al Academiei \u201e\u015etefan cel Mare\u201d cu literatur\u0103, ordine, dispozi\u0163ii ,ce posed\u0103 paraf\u0103 de secretizare, pe parcursul procesului didactic \u015fi autoperfec\u0163ionare, depoziteaz\u0103 \u015fi p\u0103streaz\u0103 caietele personale de lucru, precum \u015fi tezele de master \u015fi licen\u0163\u0103, lucr\u0103ri de domiciliu perfectate \u015fi utilizate \u00een procesul de studii. Aceasta, \u00een procesul de func\u0163ionare, se conduce de legisla\u0163ia \u00een vigoare, ordinele&nbsp; \u015fi dispozi\u0163iile MAI al Republicii Moldova , \u00een special: Ordinul MAI nr. 265 din 05.09.2016 &nbsp;privind aprobarea Regulamentului \u201eCu privire la asigurarea regimului secret \u00een cadrul aparatului central al Ministerului Afacerilor Interne, autorit\u0103\u0163ilor administrative \u015fi institu\u0163iilor din subordinea acestuia\u201d, HG 1176 din 22.12.2010 &nbsp;pentru aprobarea Regulamentului \u201eCu privire la asigurarea regimului secret&nbsp; \u00een cadrul autorit\u0103\u0163ilor publice \u015fi al altor persoane Juridice\u201d, actele emise de Ministerul Educa\u0163iei, Culturii \u015fi Cercet\u0103rii.<\/p>\n\n\n\n<p>Biblioteca special\u0103 a catedrei \u201eActivitate special\u0103 de investiga\u0163ii \u015fi anticorup\u0163ie\u201d este subdiviziunea de specialitate, nefiind persoan\u0103 juridic\u0103 , subordonat\u0103 din punct de vedere organizatoric \u015fi administrativ nemijlocit \u015fefului catedrei \u201eActivitate special\u0103 de investiga\u0163ii \u015fi anticorup\u0163ie\u201d, totodat\u0103 dispune de propriul Regulament de func\u0163ionare.<\/p>\n\n\n\n<p>Dreptul de a se folosi de literatura secret\u0103 din&nbsp; cadrul Bibliotecii speciale \u00eel au func\u0163ionarii MAI al R: Moldova, angaja\u0163ii Academiei \u201c\u015etefan cel Mare\u201d, studen\u0163ii \u015fi audien\u0163ii care au acces la secretul de stat acordat de c\u0103tre angajator .<\/p>\n\n\n\n<p>Biblioteca special\u0103 \u00ee\u015fi desf\u0103\u015foar\u0103 activitatea zilnic\u0103 conform dispozi\u0163iilor Regulamentului de func\u0163ionare, precum \u015fi \u00een baza altor&nbsp; acte legislative \u015fi normative aplicabile domeniului de activitate pe care \u00eel gestioneaz\u0103.<\/p>\n\n\n\n<p>Pentru \u00eendeplinirea misiunii, func\u0163iilor \u015fi atribu\u0163iilor din competen\u0163\u0103, Biblioteca special\u0103 ac\u0163ioneaz\u0103 potrivit legii, pe baza principiilor legalit\u0103\u0163ii, profesionalismului, impar\u0163ialit\u0103\u0163i, eficien\u0163ei \u015fi ierarhiei institu\u0163ionale.<\/p>\n","protected":false},"excerpt":{"rendered":"<p>Biblioteca special\u0103 ,fiind o unitate specific\u0103 \u00een componen\u021ba catedrei Activitate special\u0103 de investiga\u021bii \u0219i anticorup\u021bie ,asigur\u0103 studen\u0163ii, audien\u0163ii, corpul profesoral-didactic \u015fi de comand\u0103 al Academiei \u201e\u015etefan cel Mare\u201d cu literatur\u0103, [&hellip;]<\/p>\n","protected":false},"author":10,"featured_media":0,"parent":1373,"menu_order":0,"comment_status":"closed","ping_status":"closed","template":"","meta":[],"translation":{"provider":"WPGlobus","version":"2.12.2","language":"gb","enabled_languages":["ro","gb"],"languages":{"ro":{"title":true,"content":true,"excerpt":false},"gb":{"title":false,"content":false,"excerpt":false}}},"acf":[],"_links":{"self":[{"href":"https:\/\/academy.police.md\/gb\/wp-json\/wp\/v2\/pages\/3577"}],"collection":[{"href":"https:\/\/academy.police.md\/gb\/wp-json\/wp\/v2\/pages"}],"about":[{"href":"https:\/\/academy.police.md\/gb\/wp-json\/wp\/v2\/types\/page"}],"author":[{"embeddable":true,"href":"https:\/\/academy.police.md\/gb\/wp-json\/wp\/v2\/users\/10"}],"replies":[{"embeddable":true,"href":"https:\/\/academy.police.md\/gb\/wp-json\/wp\/v2\/comments?post=3577"}],"version-history":[{"count":2,"href":"https:\/\/academy.police.md\/gb\/wp-json\/wp\/v2\/pages\/3577\/revisions"}],"predecessor-version":[{"id":3755,"href":"https:\/\/academy.police.md\/gb\/wp-json\/wp\/v2\/pages\/3577\/revisions\/3755"}],"up":[{"embeddable":true,"href":"https:\/\/academy.police.md\/gb\/wp-json\/wp\/v2\/pages\/1373"}],"wp:attachment":[{"href":"https:\/\/academy.police.md\/gb\/wp-json\/wp\/v2\/media?parent=3577"}],"curies":[{"name":"wp","href":"https:\/\/api.w.org\/{rel}","templated":true}]}}