{"id":3575,"date":"2021-06-18T10:16:19","date_gmt":"2021-06-18T10:16:19","guid":{"rendered":"http:\/\/academy.police.md\/?page_id=3575"},"modified":"2026-01-02T17:04:47","modified_gmt":"2026-01-02T15:04:47","slug":"publicatiile-catedrei-asia","status":"publish","type":"page","link":"https:\/\/academy.police.md\/gb\/catedre\/catedra-activitate-speciala-de-investigatii-si-anticoruptie\/publicatiile-catedrei-asia","title":{"rendered":"Publica\u0163iile catedrei ASIA"},"content":{"rendered":"\n<p><strong>Lista publica\u021biilor<\/strong><\/p>\n\n\n\n<p><strong>al cadrului didactic al Catedrei activitate special\u0103 de investiga\u021bii \u0219i anticorup\u021bie:<\/strong><\/p>\n\n\n\n<p><strong>Cicala Alexandru<\/strong>\u00a0\u2013 \u0219ef Catedr\u0103, doctor \u00een drept, conferen\u0163iar universitar.<\/p>\n\n\n\n<p>&#8211; Cicala Al. (\u00een coautorat) Investiga\u021bii speciale moderne \u00eempotriva criminalit\u0103\u021bii. Fundamente, realit\u0103\u021bi \u0219i perspectiv\u0103 european\u0103. Ed: Blitz Poligraf, 2025, 635p. ISBN 978-5-86654-596-4<\/p>\n\n\n\n<p>\u2013 Cicala Al., (\u00een coautorat). Protec\u021bia informa\u021biilor secrete, Academia ,,\u0218tefan cel Mare\u201d a Ministerului Afacerilor Interne, Departamentul eDitorial Poligrafic, 2025, 178 p., ISBN 978-9975-170-14-7<\/p>\n\n\n\n<p>\u2013 Cicala Al., (\u00een coautorat). Monog. ,,Organizarea \u0219i tactica activit\u0103\u021bii de c\u0103utare \u0219i identificare\u201d Academia ,,\u0218tefan cel Mare\u201d a Ministerului Afacerilor Interne, Departamentul eDitorial Poligrafic, 184 p., Chi\u0219in\u0103u 2023,&nbsp; ISBN 978-9975-135-68-9.<\/p>\n\n\n\n<p>\u2013 Cicala Al., (\u00een coautorat) , ,,Activitatea special\u0103 de investiga\u0163ie. Sisteme informa\u0163ionale\u201d. Tipografia Academiei \u201e\u015etefan cel Mare\u201d. Chi\u0219in\u0103u 2022<\/p>\n\n\n\n<p>\u2013 Cicala Al. ,,Activitatea special\u0103 de investiga\u0163ii. Reprezent\u0103ri schematice \u015fi defini\u0163ii\u201d. Departamentul Editorial Poligrafic al Academiei \u201e\u015etefan cel Mare\u201d,Chi\u015fin\u0103u 2021. \u2013 154 p.<\/p>\n\n\n\n<p>\u2013 Cicala Al. ,,Prevenirea avorturilor ilegale\u201d. Editura: GlobeEdit, Lituania, 2019, 207p.<\/p>\n\n\n\n<p>\u2013 Cicala Al. ,,Analiza criminologic\u0103 \u015fi prevenirea infrac\u0163iunilor de omor\u201d. Editura: Departa\u00admentul Editorial Poligrafic al Academiei \u201e\u015etefan cel Mare\u201d,Chi\u015fin\u0103u 2021. \u2013 174 p.<\/p>\n\n\n\n<p><strong>Marian Gherman<\/strong>&nbsp;\u2013 profesor universitar, doctor \u00een doctor, conf. universitar.<\/p>\n\n\n\n<ul><li>M. Gherman<strong> <\/strong>\u0219i regretatului Alexandru Borodac<strong>&nbsp; <\/strong>Manual\u201eCalificarea infrac\u021biunilor\u201d<strong>,<\/strong> Chi\u0219in\u0103u 2023, 297 p., ISBN 978-9975-135-73-3).<\/li><\/ul>\n\n\n\n<ul><li>M.Gherman, E.Bl\u00eendu, Il.Botnari, Monografie ,,Temeiurile \u0219i condi\u021biile de \u00eenf\u0103ptuirea MSI\u02bc\u02bc<strong>.<\/strong> Chi\u0219in\u0103u 2023,Tipografia Academia \u201e\u0218tefan cel Mare\u201d, ISBN 978-9975-135-70-2, 189 p.<\/li><\/ul>\n\n\n\n<p>\u2013 M. Gherman. E. Bl\u00eendu. \u201eOrganizarea \u015fi tactica efectu\u0103rii investiga\u0163iilor sub acoperire\u201d, Chi\u015fin\u0103u, 2019, 107p.<\/p>\n\n\n\n<p>\u2013 M. Gherman, E. Bl\u00eendu, Manual&nbsp; \u201eBazele organizatorico-tactice ale activit\u0103\u0163ii subdiviziunilor specializate\u201d, Chi\u015fin\u0103u 2017, Tipografia \u201eAcademia \u015etefan cel Mare\u201d 178 p.<\/p>\n\n\n\n<p>\u2013 M.Gherman, E. Bl\u00eendu. \u201eCulegeri de modele utilizate \u00een cadrul activit\u0103\u0163ii speciale de investiga\u0163ii\u201e. Chi\u015fin\u0103u, 2015.<\/p>\n\n\n\n<p>\u2013 M. Poalelungi, C.Gurschi, P.Ursache, Gh. Nicolaev, Iu.Sedle\u0163chi, I. Dolea, M. Gherman, D. Ioni\u0163\u0103, Iu. Margineanu, A. P\u00eentea, Al. Mari\u0163, S. Ursu, A Cerbu. ,,Modele de acte procedurale \u00een procesul penal\u201e. Chi\u015fin\u0103u 2014. 1398p.<\/p>\n\n\n\n<p>\u2013 M. Gherman, I. Bodrug, E. Bl\u00eendu, A. Clefos, \u201cMetodologia prevenirii \u015fi descoperirii infrac\u0163iunilor de c\u0103tre Subdiviziunile specializate\u201d, Chi\u015fin\u0103u 2014. 416p.<\/p>\n\n\n\n<p>\u2013 M. Gherman, E. Bl\u00eendu, A. Clefos, Manualul \u201eMetodologia prevenirii si descoperirii infrac\u021biunilor de catre serviciul politiei judiciare\u201d, Academia. \u201e\u015etefan cel Mare\u201d a MAI al Republicii Moldova, Chisin\u0103u 2010.<\/p>\n\n\n\n<p>\u2013 M. Gherman, E. Bl\u00eendu Monografie \u201eParticularit\u0103\u0163i ale activit\u0103\u0163ii de organizare \u015fi planificare a prevenirii \u015fi descoperirii infrac\u0163iunilor cu larg\u0103 rezonan\u0163\u0103 social\u0103 \u015fi \u00een serie\u201d, Chi\u015fin\u0103u 2009;<\/p>\n\n\n\n<p>\u2013 M. B\u00eerg\u0103u, M. Gherman, Monografie \u201eAspecte juridico-penale ale huliganismului\u201d, Studiu monografic, Chi\u015fin\u0103u, 2005.<\/p>\n\n\n\n<p><strong>Pareniuc Alexandru<\/strong>&nbsp;\u2013 &nbsp;doctor \u00een drept, conferen\u0163iar universitar, comisar-\u015fef.<\/p>\n\n\n\n<p>\u2013 Manual:Alexandru Pareniuc, Alexei Punga, Nicolae Vasili\u0219in \u201eActivitatea special\u0103 de investiga\u021bii\u201d.Partea general\u0103,Chi\u0219in\u0103u 2023, ISBN 978-9975-135-69-6, 333 p.<\/p>\n\n\n\n<ul><li>Alexandru&nbsp; Pareniuc, Al. Pung\u0103, \u201eSubcultura criminal\u0103. Compendiu\u201d. Chi\u015fin\u0103u, 2019. 158 p.<\/li><\/ul>\n\n\n\n<p>\u2013 Alexandru&nbsp; Pareniuc ,Al. Pung\u0103, \u201eActivitatea special\u0103 de investiga\u0163ii. Colaboratorii confiden\u021biali.\u201d Chi\u015fin\u0103u, 2016. &nbsp;116 p.<\/p>\n\n\n\n<p>\u2013 Alexandru&nbsp; Pareniuc, Al. Pung\u0103, \u201eActivitatea special\u0103 de investiga\u0163ii. Dosarele speciale\u201d. Chi\u015fin\u0103u, 2015. 131 p.<\/p>\n\n\n\n<p>\u2013 Alexandru&nbsp; Pareniuc, Al. Pung\u0103, &nbsp;\u201eHo\u0163ii \u00een lege\u201d, criminalitatea organizat\u0103 \u00een Republica Moldova \u2013 mituri \u015fi realitatea. Chi\u015fin\u0103u, 2012.106 p.<\/p>\n\n\n\n<p>\u2013 Alexandru&nbsp; Pareniuc, Il. Jecicov, A. Pung\u0103, \u201eCombaterea traficului ilicit de droguri\u201d. Chi\u015fin\u0103u, 2010. 120 p.<\/p>\n\n\n\n<p>\u2013 Alexandru Pareniuc, A. Pung\u0103, \u201eActivit\u0103\u0163ile subdiviziunilor MAI realizate \u00een timpul desf\u0103\u015fur\u0103rii opera\u0163iunilor speciale de eliberare a ostaticilor\u201d. Chi\u015fin\u0103u, 2008. 60 p. (1,95 c\/a). ISBN 978-9975-930-57-4. CZU 351.749<\/p>\n\n\n\n<p>\u2013 Alexandru &nbsp;Pareniuc, M. Ciupac, &nbsp;\u201eCombina\u0163ia operativ\u0103: concept \u015fi caracterizare\u201d. Chi\u015fin\u0103u, 2008.<\/p>\n\n\n\n<p>&nbsp;94 p.<\/p>\n\n\n\n<p>\u2013 Alexandru &nbsp;Pareniuc, A. Pung\u0103 ,\u201ePrevenirea \u015fi descoperirea escrocheriilor\u201d. Chi\u015fin\u0103u, 2008. 64p.<\/p>\n\n\n\n<p>\u2013 E. Bl\u00eendu, Aexandru Pareniuc, \u201eExperimentul operativ: teorie \u015fi practic\u0103\u201d. Chi\u015fin\u0103u, 2007. 51 p. (1,80 c\/a).<\/p>\n\n\n\n<p>\u2013 V. Cu\u015fnir, V. Berliba, Alexandru Pareniuc, \u201eOmorul la comand\u0103. Studiu de drept penal\u201d. Chi\u015fin\u0103u, 2005. 197 p.<\/p>\n\n\n\n<p>-V.Mejinschi, S. Carp, Al. Pareniuc, A. Pung\u0103, &nbsp;\u201eActivitatea investigativ-operativ\u0103 a OAI\u201d. Chi\u015fin\u0103u, 2009. 400p.<\/p>\n\n\n\n<p>\u2013 Alexandru Pareniuc, Al. Pung\u0103, &nbsp;\u201eActivitatea investigativ-operativ\u0103 a Organelor Afacerilor Interne: (partea special\u0103): Prevenirea \u015fi descoperirea infrac\u0163iunilor de c\u0103tre serviciile Poli\u0163iei judiciare\u201d. Chi\u015fin\u0103u, 2011. 417 p.<\/p>\n\n\n\n<p><strong>Glavan Boris<\/strong>\u00a0\u2013 doctor \u00een drept, conferen\u0163iar universitar.<\/p>\n\n\n\n<p>&#8211; Glavan B. (\u00een coautorat) Investiga\u021bii speciale moderne \u00eempotriva criminalit\u0103\u021bii. Fundamente, realit\u0103\u021bi \u0219i perspectiv\u0103 european\u0103. Ed: Blitz Poligraf, 2025, 635p. ISBN 978-5-86654-596-4 (cooutorat)<\/p>\n\n\n\n<p>\u2013 Glavan Boris, monografie \u201eActivitatea special\u0103 de investiga\u021bii \u0219i procesul penal\u201d. Aspecte comune \u0219i delimit\u0103ri\u201e<strong><em>.<\/em><\/strong> Chi\u015fin\u0103u: S.n., 2022 (Print-Caro). \u2013 475 p. CZU 343.1 G 61. ISBN 978-9975-135-63-4.<\/p>\n\n\n\n<p>\u2013 Glavan Boris, (\u00een coautorat). \u201eActivitatea special\u0103 de investiga\u0163ie. Sisteme informa\u0163ionale\u201d. Tipografia Academiei \u201e\u015etefan cel Mare\u201d. Chi\u0219in\u0103u 2022<\/p>\n\n\n\n<p>\u2013 Glavan Boris, Monografie \u201eLiberarea de r\u0103spundere penal\u0103\u201d.Tipografia Academiei \u201e\u015etefan cel Mare\u201d. Chi\u0219in\u0103u 2021. \u2013 228 p.<\/p>\n\n\n\n<p>\u2013 Glavan Boris, (\u00een coautorat) \u201eTehnica Special\u0103 \u00een organele afacerilor interne (TS \u00een OAI) \u201d: Curs de lec\u0163ii \/ Academia \u201e\u015etefan cel Mare\u201d a MAI al RM, Catedra: Activitate special\u0103 de investiga\u0163ii \u015fi anticoruptie. \u2013 Ed. 1-a. \u2013 Chi\u015fin\u0103u : Departamentul Editorial-Poligrafic al Academiei \u201e\u015etefan cel Mare\u201d, 2020. \u2013 314 p.<\/p>\n\n\n\n<p>\u2013 Glavn Boris &nbsp;Note privind activitatea special\u0103 de investiga\u0163ii (\u00een coautorat cu V.M\u00eerzac). Chi\u015fin\u0103u 2018. p.92.<\/p>\n\n\n\n<p>\u2013 Glavan Boris (\u00een coautorat), \u201eCanale tehnice de scurgere a informa\u0163iei: clasificare \u015fi caracterizare general\u0103\u201d.&nbsp; Chi\u015fin\u0103u: Tipogr. Academiei \u201e\u015etefan cel Mare\u201d, 2017. 56 p.<\/p>\n\n\n\n<p>\u2013 Glavan Boris (\u00een coautorat). Securitatea electronic\u0103\u201d. Chi\u0219in\u0103u: Tipogr. Academiei \u201e\u015etefan cel Mare\u201d. 2016. 122 p.<\/p>\n\n\n\n<p>\u2013 Glavan Boris \u201eUtilizarea mijloacelor tehnice \u00een activitatea special\u0103 de investiga\u0163ie\u201e. Tipografia Academiei \u201e\u015etefan cel Mare\u201d. Chi\u015fin\u0103u, 2014. 152 p.<\/p>\n\n\n\n<p>\u2013 Glavan Boris (\u00een coautorat) \u201eLiberarea de r\u0103spundere penal\u0103: probleme teoretico-metodologice, legislative \u015fi practico-judiciare. Tipografia Academiei \u201e\u015etefan cel Mare\u201d. Chi\u015fin\u0103u 2012. 281 p.<\/p>\n\n\n\n<p>\u2013 Glavan B. (\u00een coautorat), &nbsp;Culegeri de planuri, indica\u0163ii metodice, select\u0103ri bibliografice \u015fi alte materiale la \u201eTehnica special\u0103 \u00een activitatea Organelor Afacerilor Interne\u201d. Tipografia Academiei \u201e\u015etefan cel Mare\u201d. Chi\u015fin\u0103u 2012. 68 p.<\/p>\n\n\n\n<p>\u2013 Glavan Boris Aparate de vedere pe timp de noapte. Note de curs. Tipografia Academiei \u201e\u015etefan cel Mare\u201d. Chi\u015fin\u0103u 2012. 48 p.<\/p>\n\n\n\n<p><strong>Calcavura Ghenadie<\/strong>&nbsp;\u2013 asistent universitar, master \u00een drept.<\/p>\n\n\n\n<p>\u2013 B. Glavan, Gh. Calcavura, Curs de lec\u021bii Tehnica special\u0103 \u00een organele afacerilor interne, Edi\u021bia I, Chi\u0219in\u0103u 2020, Academia \u201e\u015etefan cel Mare\u201d, 316 p.<\/p>\n\n\n\n<p><strong>Nicolae Vasili\u015fin<\/strong>&nbsp;\u2013 asistent universitar, master \u00een drept.<\/p>\n\n\n\n<p>\u2013Nicolae Vasili\u0219in (\u00een coautorat) Manual \u201eActivitatea special\u0103 de investiga\u021bii\u201d. Partea general\u0103, Chi\u0219in\u0103u 2023, ISBN 978-9975-135-69-6, 333 p.<\/p>\n\n\n\n<ul><li>Nicolaie Vasili\u015fin, \u201eRegimul juridic al activit\u0103\u0163ii serviciilor specializate ale poli\u0163iei \u00een contextul reform\u0103rii MAI\u201d, Chi\u015fin\u0103u, 2015;<\/li><\/ul>\n\n\n\n<p>\u2013 Nicolaie Vasili\u015fin, \u201eNatura juridic\u0103 a m\u0103surilor speciale de investiga\u0163ii\u201d, Chi\u015fin\u0103u, 2015.<\/p>\n\n\n\n<p><strong>M\u00eerzac Victor<\/strong>&nbsp;\u2013 lector universitar (1994-2020)<\/p>\n\n\n\n<p>\u2013 V. M\u00eerzac \u201eDetectorul comportamentului simulat \u00een activitatea de urmarire penala\u201d (Monografie), Chisinau 2010;<\/p>\n\n\n\n<p>\u2013 V. M\u00eerzac Articol \u015ftiintific \u201eValoarea juridica a rezultatelor obtinute \u00een cadrul testarilor la poligraf\u201d;<\/p>\n\n\n\n<p>\u2013 V. M\u00eerzac, B. Glavan \u201eAparate de vedere pe timp de noapte\u201d (Monografie), Chisinau 2012;<\/p>\n\n\n\n<p>\u2013 V. M\u00eerzac, B. Glavan, \u201eCulegere de planuri, indicatii metodice, selectari si alte materiale la \u201eTehnica speciala \u00een activitatea organelor afacerilor interne\u201d, (Monografie), Chisinau 2012.<\/p>\n\n\n\n<p>\u2013 V. M\u00eerzac \u201eMijloace de telecomunicatii \u00een activitatea organelor afacerilor interne\u201d, (Monografie), Chisinau 2013.<\/p>\n\n\n\n<p>\u2013 Victor M\u00eerzac, Glavan Boris, Utilizarea mijloacelor tehnice \u00een activitatea special\u0103 de investiga\u0163ii\u201d, Chi\u015fin\u0103u, 2014.<\/p>\n\n\n\n<p>\u2013 Victor M\u00eerzac, Glavan Boris, monografia \u201eSecuritatea electornic\u0103\u201d, Chi\u015fin\u0103u, 2016.<\/p>\n\n\n\n<p><strong>Bl\u00eendu Eugeniu<\/strong>&nbsp;\u2013 lector universitar (2001-2020).<\/p>\n\n\n\n<p>\u2013 M. Gherman, E. Bl\u00eendu Monografie \u201eParticularit\u0103\u0163i ale activit\u0103\u0163ii de organizare \u015fi planificare a prevenirii \u015fi descoperirii infrac\u0163iunilor cu larg\u0103 rezonan\u0163\u0103 social\u0103 \u015fi \u00een serie\u201d, Chi\u015fin\u0103u 2009;<\/p>\n\n\n\n<p>\u2013 M. Gherman, E. Bl\u00eendu, A. Clefos, Manualul \u201eMetodologia prevenirii si descoperirii infractiunilor de catre serviciul politiei judiciare\u201d, Academ. \u201e\u015etefan cel Mare\u201d a MAI al Republicii Moldova, Chisinau 2010.<\/p>\n\n\n\n<p>\u2013 E. Bl\u00eendu, M. Gherman, I. Bodrug, A. Clefos. \u201cMetodologia prevenirii \u015fi descoperirii infrac\u0163iunilor de c\u0103tre Subdiviziunile specializate\u201d, Chi\u015fin\u0103u 2014. 416p.<\/p>\n\n\n\n<p>\u2013 E. Bl\u00eendu, M.Gherman. Culegeri de modele utilizate \u00een cadrul activit\u0103\u0163ii speciale de investiga\u0163ii. Chi\u015fin\u0103u, 2015.<\/p>\n\n\n\n<p>&nbsp;\u2013 M. Gherman. E. Bl\u00eendu. Organizarea \u015fi tactica efectu\u0103rii investiga\u0163iilor sub acoperire, Chi\u015fin\u0103u, 2019, 107p.<\/p>\n\n\n\n<p>\u2013 M. Gherman, E. Bl\u00eendu, Manual&nbsp; \u201eBazele organizatorico-tactice ale activit\u0103\u0163ii subdiviziunilor specializate\u201d, Chi\u015fin\u0103u 2017, Tipografia \u201eAcademia \u015etefan cel Mare\u201d 178 p.<\/p>\n\n\n\n<p><strong>Alexei Punga<\/strong>&nbsp;\u2013 lector universitar (1993-2020).<\/p>\n\n\n\n<p>\u2013 Punga, I. Jecicov, A. Pareniuc, Monografia \u201eCombaterea traficului ilicit de droguri\u201d, Chisinau 2010.<\/p>\n\n\n\n<p>\u2013 A. Pareniuc, A. Punga, manualul \u201eActivitatea investigativ \u2013 operativa a organelor afacerilor interne\u201d, Academ. \u201eStefan cel Mare\u201d a MAI al Republicii Moldova, Chisinau 2011.<\/p>\n\n\n\n<p>\u2013 A. Pareniuc, A. Punga, conferinta internationala din cadrul Universitatii nationale a inspectoratului fiscal al Ukrainei 14.10.2011, or. Irpini, Articolul stiintific \u201eCriminalitatea organizata \u00een R. Moldova si influenta ei asupra economiei tarii\u201d( 8 pagini) .<\/p>\n\n\n\n<p>\u2013 A. Punga, A. Pareniuc, monpgrafia \u201eHotii \u00een lege\u201d, criminalitatea organizata \u00een R. Moldova \u2013 mituri si realitate\u201d, Chisinau, 2012;<\/p>\n\n\n\n<p>\u2013 Ana Buc\u0103tari, Alexei Pung\u0103, \u201eTerorismul \u2013 cancerul mileniilor\u201d, Chi\u015fin\u0103u, 2014.<\/p>\n\n\n\n<p>\u2013 Alexei Pung\u0103, Alexandru Pareniuc, Manual \u201eDosarele speciale\u201d, Chi\u015fin\u0103u, 2015.<\/p>\n\n\n\n<p>\u2013 Alexei Pung\u0103, Alexandru Pareniuc. Activitatea special\u0103 de investiga\u0163ii. Colaboratorii confiden\u021biali. Chi\u015fin\u0103u, 2016. 116 p.<\/p>\n\n\n\n<p>\u2013 Alexei Pung\u0103, Alexandru Pareniuc. Subcultura criminal\u0103. Compendiu. Chi\u015fin\u0103u, 2019. 158 p.<\/p>\n","protected":false},"excerpt":{"rendered":"<p>Lista publica\u021biilor al cadrului didactic al Catedrei activitate special\u0103 de investiga\u021bii \u0219i anticorup\u021bie: Cicala Alexandru\u00a0\u2013 \u0219ef Catedr\u0103, doctor \u00een drept, conferen\u0163iar universitar. &#8211; Cicala Al. (\u00een coautorat) Investiga\u021bii speciale moderne [&hellip;]<\/p>\n","protected":false},"author":10,"featured_media":0,"parent":1373,"menu_order":0,"comment_status":"closed","ping_status":"closed","template":"","meta":[],"translation":{"provider":"WPGlobus","version":"2.12.2","language":"gb","enabled_languages":["ro","gb"],"languages":{"ro":{"title":true,"content":true,"excerpt":false},"gb":{"title":false,"content":false,"excerpt":false}}},"acf":[],"_links":{"self":[{"href":"https:\/\/academy.police.md\/gb\/wp-json\/wp\/v2\/pages\/3575"}],"collection":[{"href":"https:\/\/academy.police.md\/gb\/wp-json\/wp\/v2\/pages"}],"about":[{"href":"https:\/\/academy.police.md\/gb\/wp-json\/wp\/v2\/types\/page"}],"author":[{"embeddable":true,"href":"https:\/\/academy.police.md\/gb\/wp-json\/wp\/v2\/users\/10"}],"replies":[{"embeddable":true,"href":"https:\/\/academy.police.md\/gb\/wp-json\/wp\/v2\/comments?post=3575"}],"version-history":[{"count":7,"href":"https:\/\/academy.police.md\/gb\/wp-json\/wp\/v2\/pages\/3575\/revisions"}],"predecessor-version":[{"id":29823,"href":"https:\/\/academy.police.md\/gb\/wp-json\/wp\/v2\/pages\/3575\/revisions\/29823"}],"up":[{"embeddable":true,"href":"https:\/\/academy.police.md\/gb\/wp-json\/wp\/v2\/pages\/1373"}],"wp:attachment":[{"href":"https:\/\/academy.police.md\/gb\/wp-json\/wp\/v2\/media?parent=3575"}],"curies":[{"name":"wp","href":"https:\/\/api.w.org\/{rel}","templated":true}]}}