{"id":3572,"date":"2021-06-18T10:15:14","date_gmt":"2021-06-18T10:15:14","guid":{"rendered":"http:\/\/academy.police.md\/?page_id=3572"},"modified":"2025-05-19T10:48:54","modified_gmt":"2025-05-19T07:48:54","slug":"prezentarea-generala-a-catedrei-asia","status":"publish","type":"page","link":"https:\/\/academy.police.md\/gb\/catedre\/catedra-activitate-speciala-de-investigatii-si-anticoruptie\/prezentarea-generala-a-catedrei-asia","title":{"rendered":"Prezentarea general\u0103 a catedrei ASIA"},"content":{"rendered":"\n<p>Catedra ,,Activitate special\u0103 de investiga\u0163ie \u015fi anticorup\u0163ie\u201d fiind o parte component\u0103&nbsp; a Academiei \u201c\u0218tefan cel Mare&nbsp; \u201c are drept scop pregatirea speciali\u0219tilor de \u00eenalt\u0103 calitate pentru toate serviciile specializate ale MAI dar \u0219i pentru alte organe de aplicare a legii.<\/p>\n\n\n\n<p><strong>Obiectivele catedrei:<\/strong><\/p>\n\n\n\n<p>&#8211; formarea cuno\u015ftin\u0163elor teoretico-\u015ftiin\u0163ifice \u015fi deprinderilor practice privind tactica \u015fi metodica investigativ-operativ\u0103 de prevenire \u015fi combatere a criminalit\u0103\u0163ii;<\/p>\n\n\n\n<p>&#8211; organizarea \u015fi exercitarea activit\u0103\u0163ilor de urm\u0103rire, c\u0103utare \u015fi identificare a autorilor infrac\u0163iunilor \u015fi altor categorii de personae;<\/p>\n\n\n\n<p>&#8211; asigurarea pe plan metodic \u015fi informa\u0163ional procesul didactic, elaboreaz\u0103 recomand\u0103ri metodice, materiale didactice, manuale;<\/p>\n\n\n\n<p>&#8211; organizeaz\u0103 \u015fi petrece lec\u0163ii, cursuri speciale, lucr\u0103ri practice \u015fi de laborator, seminare de un \u00eenalt nivel metodico-\u015ftiin\u0163ific;<\/p>\n\n\n\n<p>&#8211; organizeaz\u0103 sus\u0163inerea colocviilor, examenelor de curs, de licen\u0163a \u015fi de master la disciplinele catedrei;<\/p>\n\n\n\n<p>&#8211; dirijeaz\u0103 procesul de preg\u0103tire \u015fi sus\u0163inere a tezelor anuale \u015fi de licen\u0163a ale studen\u0163ilor, precum si a tezelor \u00eenv\u0103\u0163\u0103m\u00eentului postuniversitar specializat (ciclu II masterat, ciclu III doctorat);<\/p>\n\n\n\n<p>&#8211; elaboreaz\u0103 subiecte pentru teze, lucr\u0103ri, proiecte anuale, teme pentru lucr\u0103rile \u015fi proiectele de diploma, materiale pentru examene;<\/p>\n\n\n\n<p>&#8211; particip\u0103 la realizarea programelor de studii, planificarea disciplinelor, modernizarea procesului de predare;<\/p>\n\n\n\n<p>&#8211; determina tematica lucr\u0103rilor \u015ftiin\u0163ifico-metodice pentru activitatea personalului didactic;<\/p>\n\n\n\n<p>&#8211; coordoneaz\u0103 activitatea de autoperfec\u0163ionare, ridicarea nivelului profesional si implicarea cadrelor didactice \u00een cercetarea \u015ftiin\u0163ific\u0103;<\/p>\n\n\n\n<p>&#8211; organizeaz\u0103 desf\u0103\u015furarea lec\u0163iilor-model \u00een vederea studierii \u015fi perfec\u0163ion\u0103rii m\u0103iestriei pedagogice;<\/p>\n\n\n\n<p>&#8211; contribuie la organizarea si efectuarea calitativa a practicii instructive si de stat;<\/p>\n\n\n\n<p>&#8211; elaboreaz\u0103 masuri referitoare la cerin\u0163ele unice fata de evaluarea cuno\u015ftin\u0163elor cursan\u0163ilor (studen\u0163ilor), volumul lucrului de sinestatator;<\/p>\n\n\n\n<p>&#8211; elaboreaz\u0103 \u00eendrum\u0103ri metodice pentru perfec\u0163ionarea procesului educa\u0163ional;<\/p>\n\n\n\n<p>&#8211; \u00eentocme\u015fte \u015fi recenzeaz\u0103 programe, manuale, materiale didactice.<\/p>\n\n\n\n<p>\u00cen scopul realiz\u0103rii obiectivelor propuse, catedra aplica diverse forme de activit\u0103\u0163i: \u015fedin\u0163e ordinare si deschise; seminare; mese rotunde; lec\u0163ii publice; conferin\u0163e \u015ftiin\u0163ifico-metodice; zile de crea\u0163ie ale profesorilor; elaborarea lucr\u0103rilor metodice; organizarea de expozi\u0163ii; \u00eent\u00eelniri de colaborare etc.<\/p>\n\n\n\n<p><strong>Nomenclatorul unit\u0103\u0163ilor de curs include:<\/strong><\/p>\n\n\n\n<p><strong><em>Ciclul I<\/em><\/strong><em> \u2013 studii superioare de licen\u0163\u0103<\/em><\/p>\n\n\n\n<p>&#8211; Activitatea speciala de investiga\u0163ii;<\/p>\n\n\n\n<p>&#8211; Bazele prevenirii \u015fi descoperirii Infrac\u0163iunilor pe linia Politiei Judiciare;<\/p>\n\n\n\n<p>&#8211; Bazele prevenirii \u015fi descoperirii infrac\u0163iunilor pe linia Direc\u0163iei Investigare a Fraudelor;<\/p>\n\n\n\n<p>&#8211; Mod. Specializarea Politia Judiciara;<\/p>\n\n\n\n<p>&#8211; Mod. Specializarea Direc\u0163ia Investigare a fraudelor;<\/p>\n\n\n\n<p>&#8211; Mod. Specializarea Anticorup\u0163ie;<\/p>\n\n\n\n<p>&#8211; Regim secret;<\/p>\n\n\n\n<p>&#8211; Tehnica speciala;<\/p>\n\n\n\n<p>&#8211; Contabilitatea judiciar\u0103;<\/p>\n\n\n\n<p>&#8211; Cooperare poli\u0163ieneasc\u0103 interna\u0163ional\u0103 \u00een MAI.<\/p>\n\n\n\n<p><strong><em>Ciclul II<\/em><\/strong><em> \u2013 studii superioare de masterat<\/em><\/p>\n\n\n\n<ul><li>Managementul activit\u0103\u0163ii speciale de investiga\u0163ii<\/li><li>Metodologia investig\u0103rii \u00een procesul special de investiga\u021bii<\/li><li>Asisten\u021ba juridic\u0103 interna\u021bional\u0103 \u00een domeniul activit\u0103\u021bii speciale de investiga\u0163ii<\/li><li>Psihologia \u00een&nbsp; activitatea special\u0103 de investiga\u0163ii<\/li><li>Securitatea informa\u021biei cu ajutorul metodelor \u0219i mijloacelor tehnice<\/li><li>Metodologia investiga\u021biilor speciale \u00een materia penal\u0103<\/li><li>Investigarea infrac\u0163iunilor patrimoniale prin&nbsp; activitatea special\u0103 de investiga\u0163ii<\/li><li>Teoria \u0219i tactica utiliz\u0103rii colaboratorilor confiden\u021biali \u00een&nbsp; activitatea special\u0103 de investiga\u0163ii<\/li><li>Metodologia investig\u0103rii infrac\u021biunilor<\/li><li>Investigarea infrac\u0163iunilor de corup\u0163ie prin&nbsp; activitatea special\u0103 de investiga\u0163ii<\/li><li>Managementul informa\u021biilor speciale<\/li><li>Procedee de investigare a infrac\u0163iunilor de sp\u0103lare a banilor \u0219i a infrac\u021biunilor conexe prin&nbsp; activitatea special\u0103 de investiga\u0163ii&nbsp;<\/li><li>Proceduri juridice privind documentarea activit\u0103\u021bii infrac\u021bionale prin prisma dosarelor speciale<\/li><li>Investigarea infrac\u021biunilor contra persoanei prin&nbsp; activitatea special\u0103 de investiga\u0163ii<\/li><li>Investigarea infrac\u0163iunilor cu caracter transfrontalier prin&nbsp; activitatea special\u0103 de investiga\u0163ii<\/li><li>Aspecte de investigare \u0219i cercetare a infrac\u021biunilor economice<\/li><li>Metodologia investig\u0103rii infrac\u021biunilor bancare<\/li><li>Investigarea infrac\u021biunilor bancare<\/li><li>Teoria asigur\u0103rii informative \u00een activitatea special\u0103 de investiga\u0163ii<\/li><\/ul>\n\n\n\n<p><strong><em>Ciclul II<\/em><\/strong><em>I \u2013 studii superioare de doctorat<\/em><\/p>\n\n\n\n<ul><li>Investigarea infrac\u0163iunilor transna\u0163ionale;<\/li><li>Tactica activit\u0103\u0163ii speciale de investiga\u0163ii;<\/li><li>Metodologia prevenirii \u015fi descoperirii infrac\u0163iunilor de c\u0103tre subdiviziunile specializate.<\/li><\/ul>\n\n\n\n<figure class=\"wp-block-gallery columns-2 is-cropped\"><ul class=\"blocks-gallery-grid\"><li class=\"blocks-gallery-item\"><figure><img loading=\"lazy\" width=\"1024\" height=\"683\" src=\"\/wp-content\/uploads\/2021\/06\/IMG_5937-1024x683.jpg\" alt=\"\" data-id=\"3780\" data-full-url=\"\/wp-content\/uploads\/2021\/06\/IMG_5937.jpg\" data-link=\"http:\/\/academy.police.md\/catedre\/catedra-activitate-speciala-de-investigatii-si-anticoruptie\/prezentarea-generala-a-catedrei-asia\/img_5937\" class=\"wp-image-3780\" srcset=\"\/wp-content\/uploads\/2021\/06\/IMG_5937-1024x683.jpg 1024w, \/wp-content\/uploads\/2021\/06\/IMG_5937-300x200.jpg 300w, \/wp-content\/uploads\/2021\/06\/IMG_5937-768x512.jpg 768w, \/wp-content\/uploads\/2021\/06\/IMG_5937-1536x1024.jpg 1536w, \/wp-content\/uploads\/2021\/06\/IMG_5937.jpg 1900w\" sizes=\"(max-width: 1024px) 100vw, 1024px\" \/><\/figure><\/li><li class=\"blocks-gallery-item\"><figure><img loading=\"lazy\" width=\"1024\" height=\"683\" src=\"\/wp-content\/uploads\/2021\/06\/IMG_6090-1024x683.jpg\" alt=\"\" data-id=\"3781\" data-full-url=\"\/wp-content\/uploads\/2021\/06\/IMG_6090.jpg\" data-link=\"http:\/\/academy.police.md\/catedre\/catedra-activitate-speciala-de-investigatii-si-anticoruptie\/prezentarea-generala-a-catedrei-asia\/img_6090\" class=\"wp-image-3781\" srcset=\"\/wp-content\/uploads\/2021\/06\/IMG_6090-1024x683.jpg 1024w, \/wp-content\/uploads\/2021\/06\/IMG_6090-300x200.jpg 300w, \/wp-content\/uploads\/2021\/06\/IMG_6090-768x512.jpg 768w, \/wp-content\/uploads\/2021\/06\/IMG_6090-1536x1024.jpg 1536w, \/wp-content\/uploads\/2021\/06\/IMG_6090.jpg 1900w\" sizes=\"(max-width: 1024px) 100vw, 1024px\" \/><\/figure><\/li><\/ul><\/figure>\n\n\n\n<p><\/p>\n","protected":false},"excerpt":{"rendered":"<p>Catedra ,,Activitate special\u0103 de investiga\u0163ie \u015fi anticorup\u0163ie\u201d fiind o parte component\u0103&nbsp; a Academiei \u201c\u0218tefan cel Mare&nbsp; \u201c are drept scop pregatirea speciali\u0219tilor de \u00eenalt\u0103 calitate pentru toate serviciile specializate ale [&hellip;]<\/p>\n","protected":false},"author":10,"featured_media":0,"parent":1373,"menu_order":0,"comment_status":"closed","ping_status":"closed","template":"","meta":[],"translation":{"provider":"WPGlobus","version":"2.12.2","language":"gb","enabled_languages":["ro","gb"],"languages":{"ro":{"title":true,"content":true,"excerpt":false},"gb":{"title":false,"content":false,"excerpt":false}}},"acf":[],"_links":{"self":[{"href":"https:\/\/academy.police.md\/gb\/wp-json\/wp\/v2\/pages\/3572"}],"collection":[{"href":"https:\/\/academy.police.md\/gb\/wp-json\/wp\/v2\/pages"}],"about":[{"href":"https:\/\/academy.police.md\/gb\/wp-json\/wp\/v2\/types\/page"}],"author":[{"embeddable":true,"href":"https:\/\/academy.police.md\/gb\/wp-json\/wp\/v2\/users\/10"}],"replies":[{"embeddable":true,"href":"https:\/\/academy.police.md\/gb\/wp-json\/wp\/v2\/comments?post=3572"}],"version-history":[{"count":4,"href":"https:\/\/academy.police.md\/gb\/wp-json\/wp\/v2\/pages\/3572\/revisions"}],"predecessor-version":[{"id":25131,"href":"https:\/\/academy.police.md\/gb\/wp-json\/wp\/v2\/pages\/3572\/revisions\/25131"}],"up":[{"embeddable":true,"href":"https:\/\/academy.police.md\/gb\/wp-json\/wp\/v2\/pages\/1373"}],"wp:attachment":[{"href":"https:\/\/academy.police.md\/gb\/wp-json\/wp\/v2\/media?parent=3572"}],"curies":[{"name":"wp","href":"https:\/\/api.w.org\/{rel}","templated":true}]}}