{"id":3565,"date":"2021-06-18T10:12:49","date_gmt":"2021-06-18T10:12:49","guid":{"rendered":"http:\/\/academy.police.md\/?page_id=3565"},"modified":"2025-06-30T14:15:54","modified_gmt":"2025-06-30T11:15:54","slug":"scurt-istoric-al-catedrei-asia","status":"publish","type":"page","link":"https:\/\/academy.police.md\/gb\/catedre\/catedra-activitate-speciala-de-investigatii-si-anticoruptie\/scurt-istoric-al-catedrei-asia","title":{"rendered":"Scurt istoric al catedrei ASIA"},"content":{"rendered":"\n<p>O fil\u0103 istoric<a>\u0103<\/a> a Academiei \u201c<a>\u015etefan cel Mare\u201d a MAI <\/a>o poart\u0103 instruirea studen\u0163ilor pe paliera de activitate special\u0103 de investiga\u0163ii, \u00een premier\u0103, prima institu\u0163ie superioar\u0103 din Republica Moldova care include \u020bn programul s\u0103u de studii o disciplin\u0103 distinct\u0103. &nbsp;Personalul Catedrei beneficiaz\u0103 de perfection\u0103ri, stagieri, schimb de experien\u0163\u0103 at\u020bt \u020bn interiorul \u0163\u0103rii c\u020bt \u020bnafara ei.<\/p>\n\n\n\n<p>Creat\u0103 la 28 februarie 1991 prin Ordinul MAI al RSS Moldova, \u00een anumite intervale de timp catedra a avut diferite denumiri:<\/p>\n\n\n\n<ul><li>Catedra Activitate operativ-investigativ\u0103 a organelor afacerilor interne (1991-2003);<\/li><li>Catedra Activitate operative de investiga\u021bii a organelor afacerilor interne (2003-2009);<\/li><li>Catedra Investiga\u021bii operative (2009-2013)<\/li><li>Catedra Activitate special\u0103 de investiga\u021bii ( 2013-2016)<\/li><li>Catedra Activitate special\u0103 de investiga\u0163ie \u015fi securitate informa\u0163ional\u0103 (2016-2019)<\/li><li>Catedra Activitate special\u0103 \u015fi anticorup\u0163ie (2019- prezent)<\/li><\/ul>\n\n\n\n<p>&nbsp;Catedra organizeaz\u0103 \u015fi realizeaz\u0103 instruire universitar\u0103 a studen\u0163ilor Academiei \u201c\u015etefan cel Mare\u201d a MAI la profilul de specialitate.<\/p>\n\n\n\n<p>De-a lungul timpului, membrii Catedrei au fost parte a mai multor procese de implementare a proiectelor pe domeniul de specialitate, precum transfer de cunostin\u0163e, practici, metode de investiga\u0163ii. Multe din realiz\u0103rile Catedrei se datoreaz\u0103 contribu\u0163iei doctrinare la elaborarea \u0219i \u020bmbun\u0103t\u0103\u0163irea cadrului legal. Catedra este promotorul ideii lectorilor asocia\u0163i pentru \u020bmbinarea aspectelor teoretico-practice.<\/p>\n\n\n\n<p>Caracterul distinct al Catedrei se datoreaz\u0103 preg\u0103tirii speciali\u0219tilor pentru diferite organe de aplicare ale legii. Pe l\u00eeng\u0103 procesul cotidian al preg\u0103tirii studen\u021bilor, personalul Catedrei este implicat \u00een studii, analize, cercet\u0103ri pe domeniul de specialitate. Un rol aparte revine \u0219i organiz\u0103rii evnimentelor teoretico-\u0219tiin\u021bifice, precum mesele rotunde, conferin\u021be, seminare, dezbateri.<\/p>\n\n\n\n<p>\u00cen urma reorganiz\u0103rii structurale a Academiei \u201c\u015etefan cel Mare\u201d a MAI, la finele anului 2019, catedra a ob\u0163inut denumirea \u201cActivitate special\u0103 de investiga\u0163ii \u015fi anticorup\u0163ie, pe care o poart\u0103 \u0219i p\u00e2n<a>\u0103<\/a> \u00een prezent. Necesitatea redenumirii a fost dictat\u0103 de instituirea unei specializ\u0103ri noi, bazate pe preg\u0103tirea \u015fi formarea speciali\u015ftilor \u00een domeniul combaterii infrac\u0163iunilor de corup\u0163ie \u015fi celor conexe. Concomitent, catedra \u201cActivitate special\u0103 de investiga\u0163ii \u015fi anticorup\u0163ie\u201d are ca scop \u015fi formarea cuno\u015ftin\u0163elor teoretico-aplicative precum \u015fi deprinderilor practice privind organizarea, tactica \u015fi metodica activit\u0103\u0163ii speciale de investiga\u0163ii \u00een prevenirea \u015fi combaterea unor anumite tipuri de infrac\u0163iuni, investigarea c\u0103rora \u0163in de competen\u0163a tuturor subdiviziunilor specializate ale Inspectoratului Na\u0163ional de Investiga\u0163ii al IGP a MAI.<\/p>\n\n\n\n<p>Fiind o catedr\u0103 de profil, unica de acest gen \u00een Republica Moldova, \u00een cadrul procesului instructiv didactic accent se pune pe formarea deprinderilor de lucru cu dosarele speciale, munca cu colaboratorii confiden\u0163iali, autorizarea, realizarea m\u0103surilor speciale de investiga\u0163ie, precum \u015fi utilizarea rezultatelor ob\u0163inute \u00een urma efectu\u0103rii lor etc.<\/p>\n\n\n\n<p>Cadrele didactice permanent particip\u0103 la avizarea diferitor proiecte de lege, hot\u0103r\u00eeri de Guvern, ordine ale MAI, precum \u015fi alte acte interdepartamentale. Un grup de profesori au fost \u015fi autorii legii speciale cu privire la Activitatea special\u0103 de investiga\u021bii.<\/p>\n\n\n\n<p>Membrii Catedrei se reag\u0103sesc \u015fi ca co-autori ai grupurilor de lucru privind elaborarea proiectelor de lege privind modificarea \u015fi completarea Codului de procedur\u0103 penal\u0103 \u015fi a legii men\u0163ionate.<\/p>\n\n\n\n<p>\u00cen diferite intervale de timp, la conducerea catedrei au fost:<\/p>\n\n\n\n<ul><li><strong>Valeriu Cu\u015fnir,<\/strong> doctor habilitat \u00een drept, profesor universitar, colonel de poli\u0163ie \u00een rezerva;<\/li><li><strong>Vladimir Solop,<\/strong> colonel de poli\u0163ie \u00een rezerv\u0103;<\/li><li><strong>Marian Gherman,<\/strong> doctor \u00een drept, conferen\u0163iar universitar, comisar-\u015fef, din 2004-2023.<\/li><li><strong>Alexandru Cicala<\/strong>, doctor \u00een drept, conferen\u0163iar universitar, comisar principal, din 2023 &#8211; prezent.<\/li><\/ul>\n\n\n\n<p>\u00cen cadrul catedrei, \u00een diferite perioade, au activat cadre didactice: <strong>Alexandru Borodac<\/strong>, Victor Moraru, Alexei Punga, Victor M\u00eerzac, Eugen Bl\u00eendu, Mihai Ciupac, <strong>Alic Clefos<\/strong>, Eudochia Smochin\u0103, Cristina Lesnic, <strong>Valeriu<\/strong> <strong>Grosu<\/strong>, Ghenadie Timofti, Veronica Juc, Veaceslav Gu\u0163an, Nicolae Alexei, Boris Dumitra\u015f, Veaceslav Dombrovschi, \u015etefan Prepeli\u0163\u0103, Ion Prutean, Angel Perevoznic, Mariana Carabanov, Constantin \u0162\u00ee\u021bu.etc.<\/p>\n\n\n\n<figure class=\"wp-block-gallery columns-1 is-cropped\"><ul class=\"blocks-gallery-grid\"><li class=\"blocks-gallery-item\"><figure><img loading=\"lazy\" width=\"1024\" height=\"677\" src=\"\/wp-content\/uploads\/2021\/06\/Untitled.FR12-1-1024x677.jpg\" alt=\"\" data-id=\"3876\" data-full-url=\"\/wp-content\/uploads\/2021\/06\/Untitled.FR12-1.jpg\" data-link=\"https:\/\/academy.police.md\/catedre\/catedra-activitate-speciala-de-investigatii-si-anticoruptie\/scurt-istoric-al-catedrei-asia\/untitled-fr12-1\" class=\"wp-image-3876\" srcset=\"\/wp-content\/uploads\/2021\/06\/Untitled.FR12-1-1024x677.jpg 1024w, \/wp-content\/uploads\/2021\/06\/Untitled.FR12-1-300x198.jpg 300w, \/wp-content\/uploads\/2021\/06\/Untitled.FR12-1-768x508.jpg 768w, \/wp-content\/uploads\/2021\/06\/Untitled.FR12-1-1536x1015.jpg 1536w, \/wp-content\/uploads\/2021\/06\/Untitled.FR12-1.jpg 1788w\" sizes=\"(max-width: 1024px) 100vw, 1024px\" \/><\/figure><\/li><\/ul><\/figure>\n\n\n\n<p><strong>Personalit\u0103\u0163i:<\/strong><\/p>\n\n\n\n<p><strong>Alexandru Borodac<\/strong>, doctor habilitat \u00een drept, profesor universitar.<\/p>\n\n\n\n<p>S-a n\u0103scut la 6 februarie 1941 \u00eentr-o familie de \u0163\u0103rani \u00een s.Frasin, Donduseni. \u00cen 1967 si-a \u00eenceput studiile la facultatea de drept a Universitatii de Stat din Moldova, iar \u00een 1970 s-a transferat la Universitatea de Stat \u201eM.V. Lomonosov\u201d din Moscova pe care a absolvit-o \u00een 1972. \u00cen anii 1974-1976 a urmat studiile la doctoratul aceleia\u015fi institu\u0163ii. \u00cen 1972 si-a \u00eenceput activitatea pedagogica la facultatea de drept a Universit\u0103\u0163ii de Stat din Moldova, iar \u00een perioada 1982-1992 continua aceasta activitate la Tehnicumul Cooperatist din Moldova si la Universitatea Agrara din Moldova. Pe parcursul a 10 ani (1992-2002) de\u0163ine func\u0163ia de \u015fef al catedrei \u201eDrept penal si criminologie\u201d a Academiei de Politie \u201e\u015etefan cel Mare\u201d. Teza pentru titlul de doctor \u00een drept pe tema \u201eR\u0103spunderea penala pentru r\u0103sp\u00e2ndirea bolilor venerice\u201d a sus\u0163inut-o \u00een 1976 la Universitatea de Stat \u201eM.V. Lomonosov\u201d din Moscova. \u00cen 1977 i s-a conferit titlul \u015ftiin\u0163ific de doctor \u00een drept, \u00een 1990 &#8211; titlul \u015ftiin\u0163ifico-didactic de conferen\u0163iar universitar, \u00een 1996 &#8211; titlul \u015ftiin\u0163ifico-didactic de profesor universitar. Alexandru Borodac a publicat circa 60 de lucr\u0103ri \u015ftiin\u0163ifice si metodice, dintre care cinci manuale la disciplina \u201eDrept penal\u201d si un manual la \u201eBazele statului si dreptului Republicii Moldova\u201d. \u00cen 2005 apare si manualul \u201eDrept penal. Partea generala\u201d \u00een conformitate cu reglement\u0103rile Codului penal din 2002. Pentru merite deosebite, \u00een 1997, a fost decorat cu medalia \u201eMeritul civic\u201d.<\/p>\n\n\n\n<p><strong>Valeriu Cu\u015fnir,<\/strong> doctor habilitat \u00een drept, profesor universitar.<\/p>\n\n\n\n<p>S-a n\u0103scut la 13 iunie 1958 \u00eentr-o familie de \u0163\u0103rani \u00een s.Rosietici-2, Flore\u015fti.<\/p>\n\n\n\n<p>\u00cen 1976 si-a \u00eenceput studiile la \u015ecoala de Marina din or. Ismail, apoi \u00een 1985 &#8211; \u015ecoala Superioara a M.A.I. al URSS din or.Gorchi.<\/p>\n\n\n\n<p>\u00cen anul 1999 a urmat studiile la doctoratul \u00een cadrul Facultatii de drept a Academiei de Politie \u201eAlexandru Ioan Cuza\u201d din or.Bucuresti.<\/p>\n\n\n\n<p>Teza pentru titlul de doctor habilitat \u201eIncriminarea corup\u0163iei \u00een legisla\u0163ia penal\u0103 a Republicii Moldova\u201d, Specialitatea: 12.00.08 &#8211; Drept penal a sus\u0163inut-o \u00een 2005 la Academia \u201e\u015etefan cel Mare\u201d a MAI al R.Moldova.<\/p>\n\n\n\n<p><strong>Bl\u00eendu Eugen Pavel<\/strong>, lector universitar.<\/p>\n\n\n\n<p>S-a n\u0103scut la 22 ianuarie 1943 \u00een satul Mihaileni, raionul R\u00eescani.<\/p>\n\n\n\n<p>Absolvind scoala medie \u00een anul 1960, a lucrat \u00een calitate de ajutor de mecanic de cinema.<\/p>\n\n\n\n<p>\u00centre anii 1962-1965 a satisf\u0103cut serviciul militar \u00een fortele armate ale URSS.<\/p>\n\n\n\n<p>\u00cen anul 1978 a absolvit \u015ecoala Superioara de Mili\u0163ie din ora\u015ful Kiev, ob\u0163in\u00e2nd specialitatea de jurist.<\/p>\n\n\n\n<p>Domnul Eugen Bl\u00eendu activeaza \u00een organele afacerilor interne al Republicii Moldova din februarie 1966, detin\u00eend mai multe func\u0163ii: \u00een calitate de anchetator penal, inspector, sef al politiei judiciare raionale, comisar-adjunct, comisar al SRP.<\/p>\n\n\n\n<p>\u00cen aprilie 1990 a fost transferat \u00een Direc\u0163ia politiei judiciare a Ministerului Afacerilor Interne, unde a ocupat func\u0163iile de inspector pentru cazuri exceptionale, sef de sectiune, sef al sec\u0163iei pentru combaterea a infrac\u0163iunilor contra persoanei.<\/p>\n\n\n\n<p>\u00cen anul 1995 a fost avansat \u00een func\u0163ia de \u015fef adjunct al Direc\u0163iei generale a politiei judiciare a MAI, \u015fef al serviciului combatere a infrac\u0163iunilor contra persoanei.<\/p>\n\n\n\n<p>\u00cen anul 2000 domnul Bl\u00eendu s-a concediat din organele afacerilor interne ale Republicii Moldova, de\u0163in\u00e2nd gradul special \u201ecolonel de Politie\u201d \u00een retragere.<\/p>\n\n\n\n<p>Din anul 2002 activeaz\u0103 \u00een cadrul Academiei \u201e\u015etefan cel Mare\u201d \u00een calitate de lector universitar al catedrei \u201eActivitate speciala de investiga\u0163ii\u201d, \u00eemp\u0103rt\u0103\u015find bogata experien\u0163a \u00een munca nu numai studen\u0163ilor, ci \u015fi colegilor de serviciu mai tineri.<\/p>\n\n\n\n<p>Este un autor a mai multor manuale, monografii, recomandari metodice, lec\u0163ii de fond ce \u0163in de activitatea special\u0103 de investiga\u0163ii, elaborate \u00een ultimii ani cele mai importate fiind:<\/p>\n\n\n\n<p>1. E. Bl\u00eendu, A. Pareniuc, \u201eExperimentul operativ: teoria si practica\u201d, Chisinau, 2008;<\/p>\n\n\n\n<p>2. E. Bl\u00eendu \u201eParticularitatile prevenirii si combaterii infractiunilor \u00een serie si cu rezonanta sociala sporita\u201d, Chisinau, 2009;<\/p>\n\n\n\n<p>3. M.Gherman, E. Bl\u00eendu \u201eParticularit\u0103\u0163i ale activit\u0103\u0163ii de organizare si planificare a prevenirii si descoperirii infractiunilor cu larga rezonanta sociala si \u00een serie\u201d, Chi\u015finau 2009.<\/p>\n\n\n\n<p>4. E. Bl\u00eendu, M. Gherman, A. Clefos \u201eMetodologia prevenirii si descoperirii infractiunilor de catre serviciul politiei judiciare\u201d, Academ. \u201e\u015etefan cel Mare\u201d a MAI al Republicii Moldova, Chisinau 2010.<\/p>\n\n\n\n<p>5. E. Bl\u00eendu, M. Gherman, I. Bodrug, A. Clefos. Metodologia prevenirii \u015fi descoperirii infrac\u0163iunilor de c\u0103tre subdiviziunile specializate. Chi\u015fin\u0103u, 2014.<\/p>\n\n\n\n<p>6. M.Gherman, E. Bl\u00eendu. Culegeri de modele utilizate \u00een cadrul activit\u0103\u0163ii speciale de investiga\u0163ii. Chi\u015fin\u0103u, 2015.<\/p>\n\n\n\n<p>Pentru merete deosebite \u00een activitatea de serviciu, domnul Eugen Bl\u00eendu fost decorat cu mai multe medalii, insigne, diplome de onoare si premii b\u0103ne\u015fti, printre care insignile: \u201ePentru serviciul eminent \u00een men\u0163inerea ordinii publice\u201d, \u201eEminent am MAI\u201d, \u201e20 ani Politia Republicii Moldova\u201d, Crucea \u201ePentru Merit\u201d clasa a II-a, \u201eVeteran al organelor afacerilor interne\u201d, \u201ePentru serviciul impecabil\u201d de grade III, II, I.<\/p>\n\n\n\n<p>Pe parcursul activit\u0103\u0163ii \u00een cadrul Ministrului Afacerilor Interne colonel de politie Eugen Bl\u00eendu s-a manifestat ca un ofi\u0163er exigent, ordonat, iscusit \u015fi con\u015ftiincios, servind drept exemplu pentru subalterni. Av\u00e2nd o experienta bogata de viata si de munca, dumnealui infulenteaza pozitiv subalternii, trasmi\u0163\u00eendu-le cuno\u015ftin\u0163ele \u015fi experien\u0163a de lucru.<\/p>\n\n\n\n<p><strong>Victor M\u00e2rzac, lector universitar.<\/strong><\/p>\n\n\n\n<p>S-a n\u0103scut la 20 septembrie 1940 \u00een ora\u015ful Chi\u015fin\u0103u.<\/p>\n\n\n\n<p>Absolvind \u015fcoala medie, se \u00eenroleaz\u0103 \u00een r\u00e2ndurile for\u0163elor armate, unde satisface serviciul militar \u00een termen \u00een calitate de radio-telegrafist superior.<\/p>\n\n\n\n<p>Dup\u0103 demobilizare activeaz\u0103 \u00een mai multe func\u0163ii: v\u00e2nz\u0103tor, strungar, maistru, tehnician totodat\u0103 face studii superioare prin corespondenta la Institutul Politehnic din Chi\u015fin\u0103u, facultatea ma\u015fini electrice si aparataj.<\/p>\n\n\n\n<p>\u00cen 1969 aduce o schimbare radicala \u00een viata dumnealui, astfel domnul Victor M\u00eerzac devine colaborator al organelor afacerilor interne, de\u0163in\u00e2nd func\u0163ia de inspector \u00een grupa tehnica operativa a sec\u0163iei tehnica operativa a MAI, unde demonstr\u00e2nd capacit\u0103\u0163i deosebite \u00een domeniu si un poten\u0163ial \u00eenalt de munca este avansat \u00een func\u0163ia de inspector superior al aceleia\u015fi subdiviziuni.<\/p>\n\n\n\n<p>Cinci ani mai t\u00e2rziu activeaz\u0103 deja \u00een cadrul sec\u0163iei criminalistice a MAI \u00een calitate de inginer-inspector superior \u00een grupa tehnicii operativ-criminalistice, aceasta func\u0163ie a de\u0163inut-o pe parcursul a 14 ani ca apoi sa fie avansat \u00een calitate de \u015fef al acestei subdiviziuni a MAI.<\/p>\n\n\n\n<p>Din 1990 este transferat \u00een func\u0163ia de \u015fef al biroului informa\u0163ie \u015fi control al sec\u0163iei expertize criminalistice, iar ultima func\u0163ie pe care a de\u0163inut-o \u00een calitate de colaborator al OAI a fost cea de \u015fef al Sec\u0163iei tehnica operativa a Centrului expertize si examin\u0103ri criminalistice a MAI.<\/p>\n\n\n\n<p>\u00cen anul 1994 locotenent-colonelul V. M\u00eerzac \u00eencheie cariera de ofi\u0163er de politie pentru a se \u00eencadra \u00een domeniul educa\u0163ional, fiind invitat sa activeze \u00een cadrul Academiei Na\u0163ionale de Politie \u201e\u015etefan cel Mare\u201d a MAI \u00een calitate de lector superior universitar al Catedrei \u201eActivitate speciala de investiga\u0163ii\u201d, pentru a transmite bogata experien\u0163a acumulata pe par ursul mai multor ani tinerilor ofi\u0163eri.<\/p>\n\n\n\n<p>Pentru merite deosebite \u00een activitatea de serviciu domnul Victor M\u00eerzac a fost decorat cu insigna \u201ePentru serviciul impecabil\u201d de gradul I, II si III, crucea \u201ePentru merit\u201d de gradul II, insigna \u201eColaborator eminent\u201d, medalia \u201eVeteran al muncii\u201d, precum si cu mai multe diplome de onoare si mul\u0163umiri din partea conducerii institu\u0163iei si a MAI. \u00cen anul 2006 i-a fost conferit titlul \u201eProfesorul anului\u201d.<\/p>\n\n\n\n<p>Pe parcursul \u00eentregii sale activit\u0103\u0163i, domnul Victor M\u00eerzac a dat dovada de calit\u0103\u0163i profesionale si morale deosebite, mobiliz\u00e2ndu-i pe cei din jurul sau la \u00eendeplinirea sarcinilor trasate prin propriul exemplu de activitate, fapt care se bucura de autoritate si respect din partea colegilor.<\/p>\n\n\n\n<p><strong>Alexei Punga, lector universitar.<\/strong><\/p>\n\n\n\n<p>S-a n\u0103scut la 10 august anul 1947 \u00een satul Briceni, jude\u0163ul Soroca, \u00een familia lui Epistimia si Ghorghe Punga.<\/p>\n\n\n\n<p>\u00cen perioada anilor 1954 \u2013 1961 a \u00eenvatat la \u015fcoala de 7 ani din satul natal.<\/p>\n\n\n\n<p>\u00cen anul 1965 a absolvit \u015fcoala medie de unsprezece ani din satul Sauca.<\/p>\n\n\n\n<p>\u00cen perioada anilor 1965-1970 \u00ee\u015fi face studiile la facultatea de filologie (ast\u0103zi facultatea de litere) a Universit\u0103\u0163ii de Stat din Moldova.<\/p>\n\n\n\n<p>Dup\u0103 absolvirea studiilor la facultatea pe parcusrul unui an a activat \u00een calitate de \u00eenv\u0103\u0163\u0103tor de limba si literatura moldoveneasca \u00een satul Bogodanovka-Veche din r-l. Cimislia.<\/p>\n\n\n\n<p>\u00cen calitate de comandant de companie de infanterie si-a satisf\u0103cut serviciul militar \u00een or. Zavitaia, reg. Amur, din Federa\u0163ia Rusa.<\/p>\n\n\n\n<p>Dup\u0103 demobilizare \u00een octombrie 1973 se \u00eencadreaz\u0103 la serviciu \u00een organele afacerilor interne ale Republicii Moldova.<\/p>\n\n\n\n<p>Activitatea sa a \u00eenceput-o \u00een r\u00e2ndurile mili\u0163iei din r-l. Frunze (ast\u0103zi sectorul Buiucani) din mun. Chisinau, \u00een calitate de inspector, inspector superior al inspectoratului \u00een problemele minorilor, inspector superior al Politiei judiciare.<\/p>\n\n\n\n<p>Din anul 1979 activeaz\u0103 \u00een Direc\u0163ia afacerilor interne a mun. Chi\u015fin\u0103u, unde a activat \u00een calitate de inspector superior al sec\u0163iei \u201eA\u201d, \u015fef de sec\u0163ie speciala (de combatere a criminalit\u0103\u0163ii legata de cet\u0103\u0163enii str\u0103ini, care ne vizitau tara care locuiau temporar sau permanent \u00een mun. Chisinau).<br>\u00cen anul 1984 a fost numit \u00een func\u0163ia de prim-adjunct al \u015fefului mili\u0163iei din r-l- Octombrie (ast\u0103zi sectoarele R\u00e2\u015fcani \u015fi Ciocana).<br>\u00cen perioada anilor 1986-1988 se aprofunzeaza \u00een studiul domeniului de activitate devenind audient al Academiei MAI a URSS.<br>Dup\u0103 absolvirea studiilor, la 5 iulie a anului 1988 este numit \u00een func\u0163ia de \u015fef al sec\u0163iei Ordine publica a Direc\u0163iei afacerilor interne a mun. Chi\u015fin\u0103u. Ulterior revine din nou \u015fef-adjunct al \u015fefului mili\u0163iei din r-l Octombrie.<br>\u00cen luna iulie a anului 1990 este numit \u00een func\u0163ia de comisar-adjunct \u00een Comisariatul General de Politie a mun. Chi\u015fin\u0103u, func\u0163ie de\u0163inuta p\u00e2n\u0103 \u00een luna septembrie a anului 1994.<br>\u00cencep\u00e2nd cu 23 septembrie anul 1994, prin ordinul Ministrului de interne, este \u00eendreptat pentru ulterioara activitate \u00een cadrul Academiei \u201e\u015etefan cel Mare\u201d unde a de\u0163inut func\u0163ia de prodecan al facult\u0103\u0163ii de Drept si Decan al Facult\u0103\u0163ii de reciclare a cadrelor MAI si altor organe de drept.<br>La 05 iulie anul 2003 dl. A. Punga a fost pensionat din cadrul MAI.<br>Dl. A. Punga de\u0163ine gradul special \u201ecolonel de Politie\u201d \u00een retragere.<br>Pentru \u00eendeplinirea exemplara a obliga\u0163iunilor de serviciu de-a lungul activit\u0103\u0163ii sale \u00een organele afacerilor interne a fost decorat cu mai multe insigne, diplome de merit, premii b\u0103ne\u015fti si alte men\u0163iuni din partea Pre\u015fedintelui R. Moldova, Ministrului MAI al URSS, Ministrului de interne al Republicii Moldova, comandantului Academiei \u201e\u015etefan cel Mare\u201d si de altor institu\u0163ii de stat ale URSS si din R. Moldova (mai mult de 100 de men\u0163iuni).<br>Dl. A. Punga a fost decorat cu medalia \u201e\u0417\u0430 \u043e\u0442\u043b\u0438\u0447\u043d\u0443\u044e \u0441\u043b\u0443\u0436\u0431\u0443 \u043f\u043e \u043e\u0445\u0440a\u043d\u0435 \u043e\u0431\u0449\u0435\u0441\u0442\u0432\u0435\u043d\u043d\u043e\u0433\u043e \u043f\u043e\u0440\u044f\u0434\u043a\u0430\u201d, crucea \u201ePentru merit\u201d de gradele I si II, medaliile pentru serviciul impecabil de gradele I, II , III , medalia \u201eVulturul de aur\u201d, etc.<br>\u00cen anul 2000 i-a fost conferit titlul \u201eProfesorul anului\u201d.<br>Este autor a doua manuale de specialitate \u015fi a mai multor monografii ce \u0163in de activitatea speciala de investiga\u0163ii.<br>Este un exemplu demn de urmat pentru succesorii s\u0103i, care \u00eei r\u0103m\u00e2n recunosc\u0103tori pentru puterea de credin\u0163a, sacrificiul cu care domnia sa si-a realizat cinstit datoria, \u00eemp\u0103rt\u0103\u015find tinerii genera\u0163ii de poli\u0163i\u015fti si juri\u015fti din comoara cuno\u015ftin\u0163elor si \u00een\u0163elepciunii sale, adunate de-a lungul anilor, acord\u00e2ndu-le sus\u0163inerea necesara pentru a urca pe cele mai \u00eenalte trepte ale cuno\u015ftin\u0163elor \u015fi experien\u0163ei.<\/p>\n\n\n\n<p><\/p>\n\n\n\n<figure class=\"wp-block-gallery columns-1 is-cropped\"><ul class=\"blocks-gallery-grid\"><li class=\"blocks-gallery-item\"><figure><img loading=\"lazy\" width=\"1024\" height=\"682\" src=\"\/wp-content\/uploads\/2021\/06\/asaia-ist1-1024x682.jpg\" alt=\"\" data-id=\"3873\" data-full-url=\"\/wp-content\/uploads\/2021\/06\/asaia-ist1.jpg\" data-link=\"https:\/\/academy.police.md\/catedre\/catedra-activitate-speciala-de-investigatii-si-anticoruptie\/scurt-istoric-al-catedrei-asia\/asaia-ist1\" class=\"wp-image-3873\" srcset=\"\/wp-content\/uploads\/2021\/06\/asaia-ist1-1024x682.jpg 1024w, \/wp-content\/uploads\/2021\/06\/asaia-ist1-300x200.jpg 300w, \/wp-content\/uploads\/2021\/06\/asaia-ist1-768x512.jpg 768w, \/wp-content\/uploads\/2021\/06\/asaia-ist1-1536x1023.jpg 1536w, \/wp-content\/uploads\/2021\/06\/asaia-ist1.jpg 1600w\" sizes=\"(max-width: 1024px) 100vw, 1024px\" \/><\/figure><\/li><\/ul><\/figure>\n","protected":false},"excerpt":{"rendered":"<p>O fil\u0103 istoric\u0103 a Academiei \u201c\u015etefan cel Mare\u201d a MAI o poart\u0103 instruirea studen\u0163ilor pe paliera de activitate special\u0103 de investiga\u0163ii, \u00een premier\u0103, prima institu\u0163ie superioar\u0103 din Republica Moldova care [&hellip;]<\/p>\n","protected":false},"author":10,"featured_media":0,"parent":1373,"menu_order":0,"comment_status":"closed","ping_status":"closed","template":"","meta":[],"translation":{"provider":"WPGlobus","version":"2.12.2","language":"gb","enabled_languages":["ro","gb"],"languages":{"ro":{"title":true,"content":true,"excerpt":false},"gb":{"title":false,"content":false,"excerpt":false}}},"acf":[],"_links":{"self":[{"href":"https:\/\/academy.police.md\/gb\/wp-json\/wp\/v2\/pages\/3565"}],"collection":[{"href":"https:\/\/academy.police.md\/gb\/wp-json\/wp\/v2\/pages"}],"about":[{"href":"https:\/\/academy.police.md\/gb\/wp-json\/wp\/v2\/types\/page"}],"author":[{"embeddable":true,"href":"https:\/\/academy.police.md\/gb\/wp-json\/wp\/v2\/users\/10"}],"replies":[{"embeddable":true,"href":"https:\/\/academy.police.md\/gb\/wp-json\/wp\/v2\/comments?post=3565"}],"version-history":[{"count":12,"href":"https:\/\/academy.police.md\/gb\/wp-json\/wp\/v2\/pages\/3565\/revisions"}],"predecessor-version":[{"id":26489,"href":"https:\/\/academy.police.md\/gb\/wp-json\/wp\/v2\/pages\/3565\/revisions\/26489"}],"up":[{"embeddable":true,"href":"https:\/\/academy.police.md\/gb\/wp-json\/wp\/v2\/pages\/1373"}],"wp:attachment":[{"href":"https:\/\/academy.police.md\/gb\/wp-json\/wp\/v2\/media?parent=3565"}],"curies":[{"name":"wp","href":"https:\/\/api.w.org\/{rel}","templated":true}]}}