{"id":3557,"date":"2021-06-18T09:40:05","date_gmt":"2021-06-18T09:40:05","guid":{"rendered":"http:\/\/academy.police.md\/?page_id=3557"},"modified":"2023-10-10T10:26:39","modified_gmt":"2023-10-10T07:26:39","slug":"activitatea-de-cercetare-stiintifica-al-catedrei-pmip","status":"publish","type":"page","link":"https:\/\/academy.police.md\/gb\/catedre\/catedra-instruire-militara-si-interventii-profesionale\/activitatea-de-cercetare-stiintifica-al-catedrei-pmip","title":{"rendered":"Activitatea de cercetare \u015ftiin\u0163ific\u0103 al Catedrei instruire militar\u0103 \u0219i interven\u021bii profesionale"},"content":{"rendered":"\n<p>Membrii catedrei particip\u0103 la conferin\u0163ele \u015ftiin\u0163ifice desf\u0103\u015furate \u00een cadrul Institutului Militar \u201eAlexandru cel Bun\u201d din Republica Moldova.<\/p>\n\n\n\n<p>Catedra colaboreaz\u0103 cu institu\u0163iile speciale de \u00eenv\u0103\u0163\u0103m\u00e2nt superior din Republica Moldova, Rom\u00e2nia, Ukraina \u015fi Belarus, profesorii catedrei au participat la Conferin\u0163e \u0219tiin\u0163ifico \u2013 practice interna\u0163ionale.<\/p>\n\n\n\n<p>Av\u00e2nd \u00een vedere specificul mai mult practic al disciplinelor catedrei, lectorii au participat la un \u0219ir de cursuri de instruire, cum ar fi:<\/p>\n\n\n\n<p>\u2013 cursul de formare \u00een domeniul Combaterii Interna\u0163ionale a Terorismului desf\u0103\u015furat \u00een cadrul Academiei de Poli\u0163ie din or. Kairo, Egipt;<\/p>\n\n\n\n<p>\u2013 curs de instruire \u00een domeniul men\u0163inerii ordinii publice \u00een timpul dezordinilor \u00een mas\u0103, desf\u0103\u015furat \u00een cadrul Trupelor de interne ale Ministerului Afacerilor Interne al Ucrainei, or. Kiev;<\/p>\n\n\n\n<p>\u2013 curs de formare continu\u0103 \u201eTactica poli\u0163ieneasc\u0103\u201d organizat de Sec\u0163ia Justi\u0163ie Penal\u0103 \u015fi Aplicarea Legii a Ambasadei SUA \u00een RM \u015fi Academia \u201e\u015etefan cel Mare\u201d a MAI, Chi\u015fin\u0103u;<\/p>\n\n\n\n<p>\u2013 curs de instruire \u00een organizarea m\u0103surilor de protec\u0163ie \u015fi paz\u0103, Academia Interna\u0163ional\u0103 a Organelor de Drept (ILEA), or. Budapesta, Ungaria;<\/p>\n\n\n\n<p>\u2013 curs de instruire privind situa\u0163ii de criz\u0103 \u015fi negocieri \u00een eliberarea ostaticilor, organizat de Ambasada SUA \u00een RM;<\/p>\n\n\n\n<p>\u2013 curs de formare \u00een domeniul protec\u0163iei evenimentelor publice \u00eempotriva terorismului, organizat \u00een cadrul Programului de cooperare poli\u0163ieneasc\u0103 Polonia, Chi\u015fin\u0103u;<\/p>\n\n\n\n<p>\u2013 curs de formare \u00een domeniul managementului securit\u0103\u0163ii \u015fi ordinii publice, Olanda;<\/p>\n\n\n\n<p>\u2013 sesiune de instruire \u00een domeniul gestion\u0103rii riscurilor \u015fi a situa\u0163iilor de criz\u0103 legate de securitate, inclusiv terorism. Radicalizarea \u00een scop terorist. Dimensiune \u015fi m\u0103suri anti-radicalizare, organizat \u00een cadrul proiectului \u201eTransfer know-how Rom\u00e2nia \u2013 Republica Moldova\u201d, Chi\u015fin\u0103u;<\/p>\n\n\n\n<p>\u2013 curs de instruire \u00een domeniul securit\u0103\u0163ii evenimentelor sportive, organizat de TICA, Chi\u015fin\u0103u;<\/p>\n\n\n\n<p>\u2013 training privind dezvoltarea reac\u021biei rapide \u0219i a abilit\u0103\u021bilor de interven\u021bie, organizat \u0219i desf\u0103\u0219urat de Uniunea Delega\u021biei Europene \u00een Republica Moldova;<\/p>\n\n\n\n<p>&#8211; program de formare profesional\u0103 \u201eGestionarea situa\u021biilor de criz\u0103 \u00een domeniul ordinii publice\u201d, \u00een cadrul Centrului de Perfec\u021bionare a preg\u0103tirii Cadrelor Jandarmi din Rom\u00e2nia, \u00een satul Ochiuri, jude\u021bul D\u00e2mbovi\u021ba;<\/p>\n\n\n\n<p>&#8211; cursul de formare profesional\u0103 continu\u0103 la programul tematic \u201eComunicarea didactic\u0103 universitar\u0103\u201d, organizat de Universitatea Pedagogic\u0103 de Stat \u201eIon Creang\u0103\u201d;<\/p>\n\n\n\n<p>&#8211; cursul de instruire organizat de Autoritatea Suedez\u0103 de Poli\u021bie \u00een domeniul tacticilor de baz\u0103, desf\u0103\u0219urat la sediul INSP;<\/p>\n\n\n\n<p>&#8211; program de formare profesional\u0103 <em>\u201eCurs de formare a tehnicienilor de interven\u021bie profesional\u0103\u201d<\/em>, organizat de \u0218coala de Aplica\u021bie pentru Ofi\u021beri a Jandarmeriei Rom\u00e2ne \u201eMihail Viteazu\u201d;<\/p>\n\n\n\n<p>&#8211; cursul de formare a monitorilor de interven\u0163ie profesional\u0103, desf\u0103\u0219urat la centrul de instruire Ochiuri, Rom\u00e2nia;<\/p>\n\n\n\n<p>&#8211; curs de recalificare la <strong><em>Psihopedagogie <\/em><\/strong>organizat de Universitatea Pedagogic\u0103 de Stat \u201eIon Creang\u0103\u201d;<\/p>\n\n\n\n<p>&#8211; curs de perfec\u021bionare \u201e<em>Utilizarea armamentului din dotare<\/em>\u201d care a avut loc \u00een cadrul Centrului de Formare Ini\u021bial\u0103 \u0219i Continu\u0103 al MAI Or\u0103\u0219tie, Rom\u00e2nia;<\/p>\n\n\n\n<p>Un rol aparte Catedra instruire militar\u0103 \u0219i interven\u021bii profesionale \u00eel are \u00een procesul de instruire a studen\u021bilor \u00een domeniul interven\u021biei profesionale, pentru a asigura \u0219i restabili ordinea public\u0103 \u00een cazul diferitor manifest\u0103ri cu caracter public.<\/p>\n\n\n\n<p>A organizat \u0219i desf\u0103\u0219urat Masa rotund\u0103 cu genericul \u201e<em>Arma nuclear\u0103, centralele nucleare \u2013 pericol eminent al sec. XXI<\/em>\u201d.<\/p>\n\n\n\n<p>Elaboreaz\u0103 lucr\u0103ri metodice, cu ar fi: \u201e<em>Ghidul privind m\u00e2nuirea armei<\/em>\u201d, Chi\u0219in\u0103u 2022.<\/p>\n\n\n\n<div class=\"wp-block-image\"><figure class=\"aligncenter size-large\"><img loading=\"lazy\" width=\"624\" height=\"624\" src=\"\/wp-content\/uploads\/2021\/06\/image-11.png\" alt=\"\" class=\"wp-image-3559\" srcset=\"\/wp-content\/uploads\/2021\/06\/image-11.png 624w, \/wp-content\/uploads\/2021\/06\/image-11-300x300.png 300w, \/wp-content\/uploads\/2021\/06\/image-11-150x150.png 150w\" sizes=\"(max-width: 624px) 100vw, 624px\" \/><\/figure><\/div>\n","protected":false},"excerpt":{"rendered":"<p>Membrii catedrei particip\u0103 la conferin\u0163ele \u015ftiin\u0163ifice desf\u0103\u015furate \u00een cadrul Institutului Militar \u201eAlexandru cel Bun\u201d din Republica Moldova. Catedra colaboreaz\u0103 cu institu\u0163iile speciale de \u00eenv\u0103\u0163\u0103m\u00e2nt superior din Republica Moldova, Rom\u00e2nia, Ukraina [&hellip;]<\/p>\n","protected":false},"author":10,"featured_media":0,"parent":1375,"menu_order":0,"comment_status":"closed","ping_status":"closed","template":"","meta":[],"translation":{"provider":"WPGlobus","version":"2.12.2","language":"gb","enabled_languages":["ro","gb"],"languages":{"ro":{"title":true,"content":true,"excerpt":false},"gb":{"title":false,"content":false,"excerpt":false}}},"acf":[],"_links":{"self":[{"href":"https:\/\/academy.police.md\/gb\/wp-json\/wp\/v2\/pages\/3557"}],"collection":[{"href":"https:\/\/academy.police.md\/gb\/wp-json\/wp\/v2\/pages"}],"about":[{"href":"https:\/\/academy.police.md\/gb\/wp-json\/wp\/v2\/types\/page"}],"author":[{"embeddable":true,"href":"https:\/\/academy.police.md\/gb\/wp-json\/wp\/v2\/users\/10"}],"replies":[{"embeddable":true,"href":"https:\/\/academy.police.md\/gb\/wp-json\/wp\/v2\/comments?post=3557"}],"version-history":[{"count":3,"href":"https:\/\/academy.police.md\/gb\/wp-json\/wp\/v2\/pages\/3557\/revisions"}],"predecessor-version":[{"id":15008,"href":"https:\/\/academy.police.md\/gb\/wp-json\/wp\/v2\/pages\/3557\/revisions\/15008"}],"up":[{"embeddable":true,"href":"https:\/\/academy.police.md\/gb\/wp-json\/wp\/v2\/pages\/1375"}],"wp:attachment":[{"href":"https:\/\/academy.police.md\/gb\/wp-json\/wp\/v2\/media?parent=3557"}],"curies":[{"name":"wp","href":"https:\/\/api.w.org\/{rel}","templated":true}]}}