{"id":3555,"date":"2021-06-18T09:38:15","date_gmt":"2021-06-18T09:38:15","guid":{"rendered":"http:\/\/academy.police.md\/?page_id=3555"},"modified":"2021-06-18T12:31:21","modified_gmt":"2021-06-18T12:31:21","slug":"scurt-istoric-al-catedrei-pmip","status":"publish","type":"page","link":"https:\/\/academy.police.md\/gb\/catedre\/catedra-instruire-militara-si-interventii-profesionale\/scurt-istoric-al-catedrei-pmip","title":{"rendered":"Scurt istoric al catedrei IMIP"},"content":{"rendered":"\n<p>Aceast\u0103 subdiviziune didactic\u0103 este una dintre primele organizate dup\u0103 fondarea Academiei \u00een vara anului 1991. Ini\u0163ial se numea Catedra \u201ePreg\u0103tire militar\u0103, fizic\u0103 \u015fi de lupt\u0103\u201d.<\/p>\n\n\n\n<p>La 7 septembrie 1991, \u00een func\u0163ia de \u015fef al catedrei a fost desemnat Victor COJOCARU, doctor \u00een medicin\u0103.<\/p>\n\n\n\n<p>De men\u0163ionat, c\u0103 anume aceast\u0103 catedr\u0103 \u015fi-a \u00eenceput prima activitatea \u00een cadrul Academiei prin desf\u0103\u015furarea cantonamentelor militare ini\u0163iale cu studen\u0163ii anului I, prin preg\u0103tirea lor pentru festivitatea consacrat\u0103 inaugur\u0103rii Academiei \u015fi depunerii Jur\u0103m\u00e2ntului.<\/p>\n\n\n\n<p>Catedra \u00ee\u015fi desf\u0103\u015fura activitatea \u00een condi\u0163ii extrem de dificile. Sub conducerea nemijlocit\u0103 a dlui V. Cojocaru, datorit\u0103 entuziasmului \u015fi eforturilor depuse, primii func\u0163ionari ai catedrei Ch. Levin\u021ba, Gh. Chiri\u0163a, V. Graur, N. Vescu \u015fi Iu. Dobo\u015f studiau terminologia militar\u0103 rom\u00e2n\u0103 \u015fi o adaptau la condi\u0163iile instruirii \u00een cadrul institu\u021biei.<\/p>\n\n\n\n<p>O contribu\u0163ie deosebit\u0103 \u00een acest sens a fost adus\u0103 de colegii de la Academia de Poli\u0163ie \u201eAlexandru Ioan Cuza\u201d din Bucure\u015fti, E. David \u015fi M. Munteanu, care, fiind \u00een delega\u0163ie la Chi\u015fin\u0103u pe toat\u0103 perioada cantonamentelor militare ini\u0163iale din august 1991, au realizat un schimb de experien\u0163\u0103 \u00een domeniul instruirii militare \u00een limba rom\u00e2n\u0103.<\/p>\n\n\n\n<p>Func\u0163ionarii catedrei \u00eencep crearea propriului fond didactico-metodic \u00een limba rom\u00e2n\u0103. Bun\u0103oar\u0103, doar \u00een perioada anilor 1991-1992 lectorii catedrei au preg\u0103tit 24 de elabor\u0103ri metodice. O bun\u0103 parte dintre ele au fost prezentate la seminarul metodologic al Academiei, organizat din ini\u0163iativa \u015fi sub egida catedrei \u201ePreg\u0103tire militar\u0103, fizic\u0103 \u015fi de lupt\u0103\u201d.<\/p>\n\n\n\n<p>Totodat\u0103, membrii catedrei: V. Cojocaru, Ch. Levin\u0163a, N. Vescu \u015fi Iu. Dobo\u015f au prezentat rapoarte \u00een cadrul primei Conferin\u0163e \u015ftiin\u0163ifice anuale a profesorilor Academiei.<\/p>\n\n\n\n<p>\u0218i-au mai adus contribu\u021bia la instruirea genera\u021biilor de poli\u021bi\u0219ti lectorii: I. Cre\u021bu, Gh.Donu, S. Anisei, N. Iftodii<\/p>\n\n\n\n<p>O importan\u0163\u0103 deosebit\u0103 pentru desf\u0103\u015furarea activit\u0103\u0163ii a avut-o extinderea bazei tehnico-materiale a catedrei, ca urmare a disloc\u0103rii acesteia din urm\u0103, potrivit ordinului comandantului Academiei nr. 19 ef. din septembrie 1991, \u00een blocul II din str-la Putna 10.<\/p>\n\n\n\n<p>\u00cen perioada anilor 1992-1993, \u00een blocul dat au fost amenajate c\u00e2teva cabinete conform disciplinelor \u015fi asigurate cu literatura necesar\u0103 preg\u0103tirii individuale a studen\u0163ilor. Concomitent catedra a asigurat biblioteca institu\u021biei cu 11 titluri de manuale \u015fi alte materiale didactice, a c\u00e2te 100 de exemplare fiecare, preponderent editate \u00een Rom\u00e2nia.<\/p>\n\n\n\n<p>Dup\u0103 transferarea colonelului de poli\u0163ie V.Cojocaru \u00een Departamentul de carabinieri, prin ordinul comandantului nr.63 ef. din 30 octombrie 1992, \u015fef al catedrei este desemnat Chiril LEVIN\u0162A, care a exercitat aceast\u0103 func\u0163ie p\u00e2n\u0103 \u00een august 1993.<\/p>\n\n\n\n<p>Din 29 ianuarie 1993, are loc separarea disciplinelor de preg\u0103tire fizic\u0103 din cadrul catedrei de preg\u0103tire militar\u0103 prin ordinul comandantului A.N.P. nr. 4 ef.<\/p>\n\n\n\n<p>Din august 1993, Catedra militar\u0103 \u015fi tactic\u0103 special\u0103 este condus\u0103 de Constantin GOLAN.<\/p>\n\n\n\n<p>\u00centru realizarea obiectivelor sale, catedra men\u0163inea leg\u0103tura cu Academia de Poli\u0163ie \u201eAlexandru Ioan Cuza\u201d din Bucure\u015fti, stabilind noi rela\u0163ii cu Brigada de poli\u0163ie cu destina\u0163ie special\u0103, \u015ecoala de Poli\u0163ie \u201eDimitrie Cantemir\u201d \u015fi Departamentul Trupelor de Carabinieri din Republica Moldova.<\/p>\n\n\n\n<p>Catedra a continuat s\u0103 pun\u0103 temelia instruirii cadrelor pentru trupele de carabinieri, ini\u0163iind din anul 1993 cursul de specializare respectiv. La \u00eenceput, specializarea era inclus\u0103 \u00een anul III de studii, dar din 1996 ea suport\u0103 modific\u0103ri, deoarece sunt \u00eenmatricula\u0163i la studii \u00een anul I fo\u015fti militari ai trupelor de carabinieri. Instruirea practic\u0103 a viitorilor carabinieri este asigurat\u0103 de func\u0163ionarii catedrei \u015fi ai Departamentului Trupelor de carabinieri.<\/p>\n\n\n\n<p>\u00cen anul 1995 la catedr\u0103 erau predate deja 9 materii. Al\u0103turi de preg\u0103tirea militar\u0103 a studen\u0163ilor, \u00een primii doi ani de studii, catedra mai asigura preg\u0103tirea auto la anul III \u015fi instruc\u0163ia tragerii la anul IV. \u00cen aceast\u0103 perioad\u0103 la catedr\u0103 erau 12 func\u0163ionari.<\/p>\n\n\n\n<p>Vrem s\u0103 men\u0163ion\u0103m c\u0103 din 1995 catedra a asigurat preg\u0103tirea specializat\u0103 a cadrelor pentru poli\u0163ia rutier\u0103. Paralel cu munca didactic\u0103, profesorii disciplinei Preg\u0103tirea auto Vasile ONCEANU \u015fi Igor IGNATIUC au contribuit la propagarea \u015fi perfec\u0163ionarea legisla\u0163iei viz\u00e2nd circula\u0163ia rutier\u0103.<\/p>\n\n\n\n<p>Principalul scop al catedrei l-a constituit instruirea militar\u0103 \u00een vederea asigur\u0103rii satisfacerii serviciului militar alternativ \u00een anii 1991-1998, iar din 1998 &#8211; al serviciului militar \u00een termen de c\u0103tre cursan\u0163ii facult\u0103\u0163ii nr.1; din septembrie 1999 &#8211; preg\u0103tirea ofi\u0163erilor \u00een rezerv\u0103 pentru Ministerul Ap\u0103r\u0103rii al RM la facultatea nr. 4 a Academiei.<\/p>\n\n\n\n<p>A\u015fa cum am men\u0163ionat deja, din anul 1993 p\u00e2n\u0103 \u00een 2002, func\u0163ia de \u015fef a \u00eendeplinit-o domnul Constantin Golan. \u00cen anul 2002 conducerea catedrei a preluat-o domnul Anatol Balan, nu dup\u0103 mult timp, \u00een anul 2003 \u015fef de catedr\u0103 a devenit Grigore Be\u015fleaga, mai t\u00e2rziu \u00een anul 2004 conducerea catedrei a fost preluat\u0103 de domnul Anatol Cotorcea, apoi \u00een anul 2005 \u2013 \u015fef de catedr\u0103 este numit Mihai Ciubaciuc, iar din iarna anului 2008 p\u00e2n\u0103 \u00een martie 2013 func\u0163ia de \u015fef al catedrei este de\u0163inut\u0103 de domnul Vitalie Strungaru. \u00cen anul 2013 au avut loc reorganiz\u0103ri \u00een cadrul institu\u021biei \u0219i catedra este unit\u0103 sub conducerea dlui Eduard PUI. \u00cen anul 2016 catedra se divizeaz\u0103 \u0219i \u0219ef de catedr\u0103 devine domnul Radion ROTARU.<\/p>\n","protected":false},"excerpt":{"rendered":"<p>Aceast\u0103 subdiviziune didactic\u0103 este una dintre primele organizate dup\u0103 fondarea Academiei \u00een vara anului 1991. Ini\u0163ial se numea Catedra \u201ePreg\u0103tire militar\u0103, fizic\u0103 \u015fi de lupt\u0103\u201d. La 7 septembrie 1991, \u00een [&hellip;]<\/p>\n","protected":false},"author":10,"featured_media":0,"parent":1375,"menu_order":0,"comment_status":"closed","ping_status":"closed","template":"","meta":[],"translation":{"provider":"WPGlobus","version":"2.12.2","language":"gb","enabled_languages":["ro","gb"],"languages":{"ro":{"title":true,"content":true,"excerpt":false},"gb":{"title":false,"content":false,"excerpt":false}}},"acf":[],"_links":{"self":[{"href":"https:\/\/academy.police.md\/gb\/wp-json\/wp\/v2\/pages\/3555"}],"collection":[{"href":"https:\/\/academy.police.md\/gb\/wp-json\/wp\/v2\/pages"}],"about":[{"href":"https:\/\/academy.police.md\/gb\/wp-json\/wp\/v2\/types\/page"}],"author":[{"embeddable":true,"href":"https:\/\/academy.police.md\/gb\/wp-json\/wp\/v2\/users\/10"}],"replies":[{"embeddable":true,"href":"https:\/\/academy.police.md\/gb\/wp-json\/wp\/v2\/comments?post=3555"}],"version-history":[{"count":2,"href":"https:\/\/academy.police.md\/gb\/wp-json\/wp\/v2\/pages\/3555\/revisions"}],"predecessor-version":[{"id":3611,"href":"https:\/\/academy.police.md\/gb\/wp-json\/wp\/v2\/pages\/3555\/revisions\/3611"}],"up":[{"embeddable":true,"href":"https:\/\/academy.police.md\/gb\/wp-json\/wp\/v2\/pages\/1375"}],"wp:attachment":[{"href":"https:\/\/academy.police.md\/gb\/wp-json\/wp\/v2\/media?parent=3555"}],"curies":[{"name":"wp","href":"https:\/\/api.w.org\/{rel}","templated":true}]}}