{"id":3544,"date":"2021-06-18T09:26:47","date_gmt":"2021-06-18T09:26:47","guid":{"rendered":"http:\/\/academy.police.md\/?page_id=3544"},"modified":"2025-09-18T13:02:23","modified_gmt":"2025-09-18T10:02:23","slug":"cercul-stiintific-studentesc-areopag","status":"publish","type":"page","link":"https:\/\/academy.police.md\/gb\/catedre\/catedra-drept-public\/cercul-stiintific-studentesc-areopag","title":{"rendered":"Cercul \u015ftiin\u0163ific studen\u0163esc \u201eAreopag\u201d"},"content":{"rendered":"\n<p>\u00cen scopul aprofund\u0103rii cuno\u015ftin\u0163elor, dezvolt\u0103rii aptitudinilor de cercetare \u015ftiin\u0163ific\u0103 \u015fi analiz\u0103 \u00een cadrul Catedrei drept public este organizat\u0103 activitate de cercet\u0103ri \u015ftiin\u0163ifice a studen\u0163ilor \u00een cadrul cercului \u015ftiin\u0163ific \u201eAreopag\u201d. Activitatea dat\u0103 este \u00eendreptat\u0103 \u015fi spre perfec\u0163ionarea metodelor de instruire \u015fi educare a studen\u0163ilor, cre\u015fterea spiritului de echip\u0103 a studen\u0163ilor, elaborarea \u015fi aplicarea formelor \u015fi metodelor de organizare a procesului didactic \u015fi de cercetare \u015ftiin\u0163ific\u0103.<\/p>\n\n\n\n<p>Procesul de instruire, educa\u0163ie \u015fi cercet\u0103ri \u015ftiin\u0163ifice din cadrul cercului \u015ftiin\u0163ific \u201eAreopag\u201d este direc\u0163ionat spre cadrul juridic interna\u0163ional \u015fi cel al Republicii Moldova care \u00ee\u015fi au sorgintea \u00een domeniul dreptului public \u015fi \u0163in de specificul activit\u0103\u0163ii poli\u0163iei.<\/p>\n\n\n\n<p>Cercul \u015ftiin\u0163ific studen\u0163esc \u201eAreopag\u201d este coordonat de c\u0103tre, cadrele didactice responsabile de activitatea \u0219tiin\u021bifica \u00een cadrul catedrei. \u00cen anul de studii 2025-2026 conduc\u0103tor al cercului&nbsp; \u0219tiin\u021bific va fi dna Mariana Pavlencu, dr., conf.univ.<\/p>\n\n\n\n<p>Din cadrul cercului \u015ftiin\u0163ific fac parte studen\u0163ii Facult\u0103\u0163ii drept, administra\u021bie, ordine \u0219i securitate public\u0103, forma de \u00eenv\u0103\u0163\u0103m\u00e2nt zi \u015fi frecven\u0163\u0103 redus\u0103 (anii de studii I, II, III, IV). Activitatea cercului \u015ftiin\u0163ific \u201eAreopag\u201d este desf\u0103\u015furat\u0103 pe baza unei tematici prestabilite \u00een conformitate cu planul de cercet\u0103ri a Academiei \u201e\u015etefan cel Mare\u201d a MAI \u015fi a Catedrei drept public. Tematica cercet\u0103rilor \u0219tiin\u021bifice ax\u00e2ndu-se pe domeniile\/ discipline predate \u00een cadrul catedrei. Esen\u021ba tematicilor \u0219tiin\u021bifice este supus\u0103 unei evalu\u0103ri permanente pentru a \u00eencadra problematica doctrinar\u0103 c\u00e2t \u0219i practica judiciar\u0103 actual\u0103.<\/p>\n\n\n\n<p><a href=\"\/wp-content\/uploads\/2025\/09\/Regulament-CS-Areopag-NOU.semnat.pdf\">REGULAMENTUL Cercului \u015ftiin\u0163ific studen\u0163esc \u201eAREOPAG\u201d<\/a><\/p>\n\n\n\n<div class=\"wp-block-image\"><figure class=\"aligncenter size-large is-resized\"><img loading=\"lazy\" src=\"\/wp-content\/uploads\/2025\/02\/image.png\" alt=\"\" class=\"wp-image-23331\" width=\"177\" height=\"177\" srcset=\"\/wp-content\/uploads\/2025\/02\/image.png 590w, \/wp-content\/uploads\/2025\/02\/image-300x300.png 300w, \/wp-content\/uploads\/2025\/02\/image-150x150.png 150w\" sizes=\"(max-width: 177px) 100vw, 177px\" \/><\/figure><\/div>\n\n\n\n<p><\/p>\n\n\n\n<figure class=\"wp-block-gallery columns-3 is-cropped\"><ul class=\"blocks-gallery-grid\"><li class=\"blocks-gallery-item\"><figure><img loading=\"lazy\" width=\"1024\" height=\"768\" src=\"\/wp-content\/uploads\/2025\/02\/13-ue-1024x768.jpg\" alt=\"\" data-id=\"23335\" data-link=\"https:\/\/academy.police.md\/catedre\/catedra-drept-public-si-securitate-a-frontiera\/cercul-stiintific-studentesc-areopag\/13-ue-2\" class=\"wp-image-23335\" srcset=\"\/wp-content\/uploads\/2025\/02\/13-ue-1024x768.jpg 1024w, \/wp-content\/uploads\/2025\/02\/13-ue-300x225.jpg 300w, \/wp-content\/uploads\/2025\/02\/13-ue-768x576.jpg 768w, \/wp-content\/uploads\/2025\/02\/13-ue-1536x1152.jpg 1536w, \/wp-content\/uploads\/2025\/02\/13-ue.jpg 1600w\" sizes=\"(max-width: 1024px) 100vw, 1024px\" \/><\/figure><\/li><li class=\"blocks-gallery-item\"><figure><img loading=\"lazy\" width=\"1024\" height=\"683\" src=\"\/wp-content\/uploads\/2025\/02\/IMG_3499-1024x683.jpg\" alt=\"\" data-id=\"23336\" data-link=\"https:\/\/academy.police.md\/catedre\/catedra-drept-public-si-securitate-a-frontiera\/cercul-stiintific-studentesc-areopag\/img_3499-2\" class=\"wp-image-23336\" srcset=\"\/wp-content\/uploads\/2025\/02\/IMG_3499-1024x683.jpg 1024w, \/wp-content\/uploads\/2025\/02\/IMG_3499-300x200.jpg 300w, \/wp-content\/uploads\/2025\/02\/IMG_3499-768x512.jpg 768w, \/wp-content\/uploads\/2025\/02\/IMG_3499.jpg 1500w\" sizes=\"(max-width: 1024px) 100vw, 1024px\" \/><\/figure><\/li><li class=\"blocks-gallery-item\"><figure><img loading=\"lazy\" width=\"1024\" height=\"683\" src=\"\/wp-content\/uploads\/2025\/02\/IMG_3795-1024x683.jpg\" alt=\"\" data-id=\"23337\" data-link=\"https:\/\/academy.police.md\/catedre\/catedra-drept-public-si-securitate-a-frontiera\/cercul-stiintific-studentesc-areopag\/img_3795-3\" class=\"wp-image-23337\" srcset=\"\/wp-content\/uploads\/2025\/02\/IMG_3795-1024x683.jpg 1024w, \/wp-content\/uploads\/2025\/02\/IMG_3795-300x200.jpg 300w, \/wp-content\/uploads\/2025\/02\/IMG_3795-768x512.jpg 768w, \/wp-content\/uploads\/2025\/02\/IMG_3795.jpg 1500w\" sizes=\"(max-width: 1024px) 100vw, 1024px\" \/><\/figure><\/li><li class=\"blocks-gallery-item\"><figure><img loading=\"lazy\" width=\"1024\" height=\"683\" src=\"\/wp-content\/uploads\/2025\/02\/IMG_5256-1024x683.jpg\" alt=\"\" data-id=\"23338\" data-link=\"https:\/\/academy.police.md\/catedre\/catedra-drept-public-si-securitate-a-frontiera\/cercul-stiintific-studentesc-areopag\/img_5256-3\" class=\"wp-image-23338\" srcset=\"\/wp-content\/uploads\/2025\/02\/IMG_5256-1024x683.jpg 1024w, \/wp-content\/uploads\/2025\/02\/IMG_5256-300x200.jpg 300w, \/wp-content\/uploads\/2025\/02\/IMG_5256-768x512.jpg 768w, \/wp-content\/uploads\/2025\/02\/IMG_5256.jpg 1500w\" sizes=\"(max-width: 1024px) 100vw, 1024px\" \/><\/figure><\/li><li class=\"blocks-gallery-item\"><figure><img loading=\"lazy\" width=\"1024\" height=\"683\" src=\"\/wp-content\/uploads\/2025\/02\/IMG_5290-1024x683.jpg\" alt=\"\" data-id=\"23339\" data-link=\"https:\/\/academy.police.md\/catedre\/catedra-drept-public-si-securitate-a-frontiera\/cercul-stiintific-studentesc-areopag\/img_5290-3\" class=\"wp-image-23339\" srcset=\"\/wp-content\/uploads\/2025\/02\/IMG_5290-1024x683.jpg 1024w, \/wp-content\/uploads\/2025\/02\/IMG_5290-300x200.jpg 300w, \/wp-content\/uploads\/2025\/02\/IMG_5290-768x512.jpg 768w, \/wp-content\/uploads\/2025\/02\/IMG_5290.jpg 1500w\" sizes=\"(max-width: 1024px) 100vw, 1024px\" \/><\/figure><\/li><li class=\"blocks-gallery-item\"><figure><img loading=\"lazy\" width=\"1024\" height=\"683\" src=\"\/wp-content\/uploads\/2025\/02\/IMG_9594-1024x683.jpg\" alt=\"\" data-id=\"23340\" data-link=\"https:\/\/academy.police.md\/catedre\/catedra-drept-public-si-securitate-a-frontiera\/cercul-stiintific-studentesc-areopag\/img_9594-3\" class=\"wp-image-23340\" srcset=\"\/wp-content\/uploads\/2025\/02\/IMG_9594-1024x683.jpg 1024w, \/wp-content\/uploads\/2025\/02\/IMG_9594-300x200.jpg 300w, \/wp-content\/uploads\/2025\/02\/IMG_9594-768x512.jpg 768w, \/wp-content\/uploads\/2025\/02\/IMG_9594.jpg 1500w\" sizes=\"(max-width: 1024px) 100vw, 1024px\" \/><\/figure><\/li><li class=\"blocks-gallery-item\"><figure><img loading=\"lazy\" width=\"854\" height=\"480\" src=\"\/wp-content\/uploads\/2025\/02\/IMG-83f0021dec1689ccb0ecc7627045434d-V.jpg\" alt=\"\" data-id=\"23342\" data-link=\"https:\/\/academy.police.md\/catedre\/catedra-drept-public-si-securitate-a-frontiera\/cercul-stiintific-studentesc-areopag\/img-83f0021dec1689ccb0ecc7627045434d-v-4\" class=\"wp-image-23342\" srcset=\"\/wp-content\/uploads\/2025\/02\/IMG-83f0021dec1689ccb0ecc7627045434d-V.jpg 854w, \/wp-content\/uploads\/2025\/02\/IMG-83f0021dec1689ccb0ecc7627045434d-V-300x169.jpg 300w, \/wp-content\/uploads\/2025\/02\/IMG-83f0021dec1689ccb0ecc7627045434d-V-768x432.jpg 768w\" sizes=\"(max-width: 854px) 100vw, 854px\" \/><\/figure><\/li><li class=\"blocks-gallery-item\"><figure><img loading=\"lazy\" width=\"1024\" height=\"556\" src=\"\/wp-content\/uploads\/2025\/09\/Poza-Cercul-St-1024x556.jpg\" alt=\"\" data-id=\"27419\" data-full-url=\"\/wp-content\/uploads\/2025\/09\/Poza-Cercul-St-scaled.jpg\" data-link=\"https:\/\/academy.police.md\/catedre\/catedra-drept-public-si-securitate-a-frontiera\/cercul-stiintific-studentesc-areopag\/poza-cercul-st\" class=\"wp-image-27419\" srcset=\"\/wp-content\/uploads\/2025\/09\/Poza-Cercul-St-1024x556.jpg 1024w, \/wp-content\/uploads\/2025\/09\/Poza-Cercul-St-300x163.jpg 300w, \/wp-content\/uploads\/2025\/09\/Poza-Cercul-St-768x417.jpg 768w, \/wp-content\/uploads\/2025\/09\/Poza-Cercul-St-1536x833.jpg 1536w, \/wp-content\/uploads\/2025\/09\/Poza-Cercul-St-2048x1111.jpg 2048w\" sizes=\"(max-width: 1024px) 100vw, 1024px\" \/><\/figure><\/li><\/ul><\/figure>\n\n\n\n<figure class=\"wp-block-video\"><video controls src=\"\/wp-content\/uploads\/2024\/09\/0-02-05-50b7799392cd4197d24b741171a6939c6da00e5cd2b6be1faace4027ebef70d9_c83f202fec1cf45f.mp4\"><\/video><\/figure>\n","protected":false},"excerpt":{"rendered":"<p>\u00cen scopul aprofund\u0103rii cuno\u015ftin\u0163elor, dezvolt\u0103rii aptitudinilor de cercetare \u015ftiin\u0163ific\u0103 \u015fi analiz\u0103 \u00een cadrul Catedrei drept public este organizat\u0103 activitate de cercet\u0103ri \u015ftiin\u0163ifice a studen\u0163ilor \u00een cadrul cercului \u015ftiin\u0163ific \u201eAreopag\u201d. Activitatea [&hellip;]<\/p>\n","protected":false},"author":12,"featured_media":0,"parent":1381,"menu_order":0,"comment_status":"closed","ping_status":"closed","template":"","meta":[],"translation":{"provider":"WPGlobus","version":"2.12.2","language":"gb","enabled_languages":["ro","gb"],"languages":{"ro":{"title":true,"content":true,"excerpt":false},"gb":{"title":false,"content":false,"excerpt":false}}},"acf":[],"_links":{"self":[{"href":"https:\/\/academy.police.md\/gb\/wp-json\/wp\/v2\/pages\/3544"}],"collection":[{"href":"https:\/\/academy.police.md\/gb\/wp-json\/wp\/v2\/pages"}],"about":[{"href":"https:\/\/academy.police.md\/gb\/wp-json\/wp\/v2\/types\/page"}],"author":[{"embeddable":true,"href":"https:\/\/academy.police.md\/gb\/wp-json\/wp\/v2\/users\/12"}],"replies":[{"embeddable":true,"href":"https:\/\/academy.police.md\/gb\/wp-json\/wp\/v2\/comments?post=3544"}],"version-history":[{"count":13,"href":"https:\/\/academy.police.md\/gb\/wp-json\/wp\/v2\/pages\/3544\/revisions"}],"predecessor-version":[{"id":27420,"href":"https:\/\/academy.police.md\/gb\/wp-json\/wp\/v2\/pages\/3544\/revisions\/27420"}],"up":[{"embeddable":true,"href":"https:\/\/academy.police.md\/gb\/wp-json\/wp\/v2\/pages\/1381"}],"wp:attachment":[{"href":"https:\/\/academy.police.md\/gb\/wp-json\/wp\/v2\/media?parent=3544"}],"curies":[{"name":"wp","href":"https:\/\/api.w.org\/{rel}","templated":true}]}}