{"id":3542,"date":"2021-06-18T09:26:14","date_gmt":"2021-06-18T09:26:14","guid":{"rendered":"http:\/\/academy.police.md\/?page_id=3542"},"modified":"2025-09-18T08:40:33","modified_gmt":"2025-09-18T05:40:33","slug":"prezentarea-generala-a-catedrei-dpsf","status":"publish","type":"page","link":"https:\/\/academy.police.md\/gb\/catedre\/catedra-drept-public\/prezentarea-generala-a-catedrei-dpsf","title":{"rendered":"Prezentarea general\u0103 a catedrei Drept Public"},"content":{"rendered":"\n<p>Catedra Drept public este o subdiviziune structural\u0103 fundamental\u0103 a Academiei \u201e\u015etefan cel Mare\u201d a MAI al Republicii Moldova, care func\u0163ioneaz\u0103 \u00een baza prevederilor legisla\u0163iei \u00een vigoare, Cartei universitare, regulamentelor \u015fi instruc\u0163iunilor institu\u0163iei de \u00eenv\u0103\u021b\u0103m\u00e2nt superior.<\/p>\n\n\n\n<p>Catedra are drept scop organizarea \u015fi realizarea la un nivel \u00eenalt a activit\u0103\u0163ilor didactice \u015fi \u015ftiin\u0163ifice, metodice \u015fi consultative la unit\u0103\u0163ile de curs aferente. De asemenea, aceasta exercit\u0103 instruirea, perfec\u0163ionarea \u015fi recalificarea profesional\u0103 a cadrelor pentru subdiviziunile MAI \u015fi pentru alte organe de drept.<\/p>\n\n\n\n<p><strong><em>Obiectivele organizatorice, instructiv-didactice \u015fi \u015ftiin\u0163ifice ale Catedrei:<\/em><\/strong><\/p>\n\n\n\n<ul><li>proiectarea, organizarea \u015fi realizarea procesului didactic;<\/li><li>evaluarea activit\u0103\u0163ilor didactice, metodice \u015fi de cercetare;<\/li><li>asigurarea metodic\u0103 a procesului didactic;<\/li><li>organizarea \u015fi realizarea investiga\u0163iilor \u015ftiin\u0163ifice;<\/li><li>organizarea \u015fi dirijarea activit\u0103\u0163ii \u015ftiin\u0163ifice a studen\u0163ilor, masteranzilor \u015fi doctoranzilor;<\/li><li>asigurarea lucrului educativ cu studen\u0163ii;<\/li><li>\u00eentocmirea statelor de func\u0163ii de personal al catedrei;<\/li><li>monitorizarea permanent\u0103 a calit\u0103\u0163ii preg\u0103tirii cadrelor didactice;<\/li><li>organizarea eviden\u0163ei documenta\u0163iei oficiale \u00een conformitate cu legisla\u0163ia \u00een vigoare;<\/li><li>studierea, generalizarea \u015fi implementarea experien\u0163ei de munc\u0103 a celor mai bune cadre didactice.<\/li><\/ul>\n\n\n\n<p><strong><em>Activitatea didactic\u0103<\/em><\/strong><\/p>\n\n\n\n<p>Catedra este o unitate structural\u0103 complex\u0103, care asigur\u0103 totalitatea activit\u0103\u0163ilor didactice (prelegeri, seminare, consulta\u0163ii, stagii de practic\u0103, \u00eendrumarea individual\u0103 a studen\u0163ilor etc.) \u00een cadrul Facult\u0103\u0163ii drept, administra\u021bie, ordine \u0219i securitate public\u0103 a Academiei ,,\u0218tefan cel Mare\u201d a MAI.<\/p>\n\n\n\n<p><strong>Activitatea didactic\u0103 auditorial\u0103 (contact direct cu studen\u0163ii), se realizeaz\u0103 prin:<\/strong><\/p>\n\n\n\n<ul><li>ore de curs;<\/li><li>seminare, lucr\u0103ri de laborator, lucr\u0103ri practice, lucr\u0103ri de proiectare, stagii practice \u015fi alte forme aprobate de senat.<\/li><\/ul>\n\n\n\n<p><strong>Activitatea didactic\u0103 neauditorial\u0103 se realizeaz\u0103 prin:<\/strong><\/p>\n\n\n\n<ul><li>conducerea stagiilor de practic\u0103;<\/li><li>conducerea activit\u0103\u0163ilor didactico-artistice sau sportive;<\/li><li>conducerea proiectelor sau tezelor de licen\u0163\u0103, de master, de doctorat;<\/li><li>monitorizarea activit\u0103\u0163ii individuale a studen\u0163ilor;<\/li><li>activit\u0103\u0163i de evaluare \u015fi monitorizare;<\/li><li>consulta\u0163ii, ghidare direct\u0103 a activit\u0103\u0163ii individuale a studentului;<\/li><li>alte activit\u0103\u0163i prev\u0103zute de regulamentele institu\u0163ionale.<\/li><\/ul>\n\n\n\n<p><strong>Nomenclatorul unit\u0103\u0163ilor de curs include:<\/strong><\/p>\n\n\n\n<p><strong><em>Ciclul I \u2013 studii superioare de licen\u0163\u0103<\/em><\/strong><strong>:<\/strong><\/p>\n\n\n\n<p>Teoria general\u0103 a dreptului; Drept constitu\u0163ional, Istoria statului \u015fi dreptului, Organizarea profesiilor juridice, Drept administrativ, Politici de integrare european\u0103, Protec\u0163ia juridic\u0103 a drepturilor omului, Drept interna\u0163ional, Introducere \u00een studiul dreptului, Bazele constitu\u0163ionale ale organelor de stat, Drept electoral, Achizi\u021bii publice, Teoria administra\u021biei publice, Drept institu\u021bional al Uniunii Europene, Poli\u0163ia \u015fi societatea civil\u0103, Sisteme \u0219i proceduri electorale, Drept interna\u021bional \u0219i protec\u021bia refugia\u021bilor, Sisteme administrative comparate, Administra\u021bia public\u0103 local\u0103, Administra\u021bia public\u0103 central\u0103, Documentarea administrativ\u0103.<\/p>\n\n\n\n<p><strong><em>Ciclul II \u2013 studii superioare de master<\/em><\/strong><strong>:<\/strong><\/p>\n\n\n\n<p>Integrarea politicilor de gender \u00een practica interna\u021bional\u0103, Protec\u0163ia drepturilor omului, Controlul judec\u0103toresc al legalit\u0103\u021bii actelor administrative, Admisia \u0219i reglementarea \u0219ederii, Sistemul de azil \u0219i apatridie, Fundamentele dreptului migra\u021bional, Managementul frontierelor \u0219i securitatea migra\u021biei, Regimul juridic al str\u0103inilor, apatrizilor \u0219i beneficiarilor&nbsp; de protec\u021bie interna\u021bional\u0103, Drept parlamentar. Controlul constitu\u021bionalit\u0103\u021bii legilor, Aspecte teoretico-practice privind fluxurile migra\u021bionale, Constatarea \u0219i solu\u021bionarea contraven\u021biilor din domeniul migra\u021biei, Prevenirea \u0219i combaterea migra\u021biei iregulare, Prevenirea \u0219i combaterea discrimin\u0103rii \u0219i a altor fapte ilicite s\u0103v\u00e2r\u0219ite pe motiv de prejudecat\u0103.<\/p>\n\n\n\n<p><strong><em>Ciclul III \u2013 studii superioare de doctorat<\/em><\/strong><strong>:<\/strong><\/p>\n\n\n\n<p>C\u0103ile de asigurare a constitu\u0163ionalit\u0103\u0163ii \u00een procesul&nbsp; decizional, Protec\u0163ia juridic\u0103 a drepturilor persoanelor cu dizabilit\u0103\u0163i, Mari institu\u021bii de drept, Concep\u021bii \u0219i tendin\u021be actuale ale legisla\u021biei administrative.<\/p>\n\n\n\n<p><strong>Activitatea \u015ftiin\u0163ific\u0103<\/strong><\/p>\n\n\n\n<p>O latur\u0103 important\u0103 pe parcursul existen\u0163ei Catedrei este activitatea \u015ftiin\u0163ific\u0103, iar Academia ,,\u015etefan cel Mare\u201d a MAI, fiind un centru de instruire, \u015ftiin\u0163ific \u015fi cultural, al c\u0103rui scop este preg\u0103tirea \u015fi perfec\u0163ionarea la nivel superior a speciali\u015ftilor \u015fi cadrelor \u015ftiin\u0163ifice \u00een domeniul dreptului, a contribuit la promovarea cercet\u0103rilor \u015ftiin\u0163ifice \u015fi implementarea rezultatelor lor \u00een activitatea practic\u0103.<\/p>\n\n\n\n<p>Datorit\u0103 eforturilor conjugate ale corpului profesoral, au fost elaborate \u0219i publicate multiple activit\u0103\u021bi de cercetare prin publicarea unui num\u0103r semnificativ de articole \u0219tiin\u021bifice \u00een reviste de specialitate, at\u00e2t na\u021bionale, c\u00e2t \u0219i interna\u021bionale, indexate \u00een baze de date \u0219tiin\u021bifice recunoscute la nivel academic \u0219i cu factor de impact relevant \u00een domeniul \u0219tiin\u021belor juridice.<\/p>\n\n\n\n<p><strong>Activitatea metodic\u0103<\/strong><\/p>\n\n\n\n<p>Activitatea metodic\u0103 este orientat\u0103 spre formarea profesional\u0103 a fiec\u0103rui cadru didactic, spre dezvoltarea poten\u0163ialului creativ, ce contribuie la sporirea calit\u0103\u0163ii \u015fi eficien\u0163ei procesului educa\u0163ional.<\/p>\n\n\n\n<p>Activitatea metodic\u0103 se realizeaz\u0103 prin:<\/p>\n\n\n\n<ul><li>preg\u0103tirea pentru predarea cursului;<\/li><li>elaborarea suporturilor de curs;<\/li><li>proiectarea didactic\u0103 a activit\u0103\u0163ilor, inclusiv a celor individuale;<\/li><li>elaborarea de curricula;<\/li><li>elaborarea recomand\u0103rilor metodice pentru studen\u0163i;<\/li><li>elaborarea metodologiilor \u015fi a testelor de evaluare a rezultatelor academice;<\/li><li>conducerea seminarelor metodologice;<\/li><li>alte activit\u0103\u0163i prev\u0103zute de regulamentele institu\u0163ionale.<\/li><\/ul>\n\n\n\n<p>Implicarea Catedrei de Drept public \u00een dezvoltarea dimensiunii \u0219tiin\u021bifico-academice a Academiei \u201e\u0218tefan cel Mare\u201d a MAI se manifest\u0103 printr-o activitate complex\u0103 \u0219i coerent\u0103, structurat\u0103 pe multiple direc\u021bii strategice, care includ integrarea \u00een re\u021bele institu\u021bionalizate de cercetare, promovarea form\u0103rii profesionale continue a cadrelor didactice, contribu\u021bia la procesul normativ decizional al institu\u021biei \u0219i al MAI, valorificarea cercet\u0103rii doctorale, precum \u0219i sus\u021binerea produc\u021biei \u0219tiin\u021bifice prin lucr\u0103ri de specialitate \u0219i implicarea activ\u0103 a studen\u021bilor \u00een proiecte cu relevan\u021b\u0103 juridic\u0103 \u0219i practic\u0103.<\/p>\n","protected":false},"excerpt":{"rendered":"<p>Catedra Drept public este o subdiviziune structural\u0103 fundamental\u0103 a Academiei \u201e\u015etefan cel Mare\u201d a MAI al Republicii Moldova, care func\u0163ioneaz\u0103 \u00een baza prevederilor legisla\u0163iei \u00een vigoare, Cartei universitare, regulamentelor \u015fi [&hellip;]<\/p>\n","protected":false},"author":12,"featured_media":0,"parent":1381,"menu_order":0,"comment_status":"closed","ping_status":"closed","template":"","meta":[],"translation":{"provider":"WPGlobus","version":"2.12.2","language":"gb","enabled_languages":["ro","gb"],"languages":{"ro":{"title":true,"content":true,"excerpt":false},"gb":{"title":false,"content":false,"excerpt":false}}},"acf":[],"_links":{"self":[{"href":"https:\/\/academy.police.md\/gb\/wp-json\/wp\/v2\/pages\/3542"}],"collection":[{"href":"https:\/\/academy.police.md\/gb\/wp-json\/wp\/v2\/pages"}],"about":[{"href":"https:\/\/academy.police.md\/gb\/wp-json\/wp\/v2\/types\/page"}],"author":[{"embeddable":true,"href":"https:\/\/academy.police.md\/gb\/wp-json\/wp\/v2\/users\/12"}],"replies":[{"embeddable":true,"href":"https:\/\/academy.police.md\/gb\/wp-json\/wp\/v2\/comments?post=3542"}],"version-history":[{"count":5,"href":"https:\/\/academy.police.md\/gb\/wp-json\/wp\/v2\/pages\/3542\/revisions"}],"predecessor-version":[{"id":27411,"href":"https:\/\/academy.police.md\/gb\/wp-json\/wp\/v2\/pages\/3542\/revisions\/27411"}],"up":[{"embeddable":true,"href":"https:\/\/academy.police.md\/gb\/wp-json\/wp\/v2\/pages\/1381"}],"wp:attachment":[{"href":"https:\/\/academy.police.md\/gb\/wp-json\/wp\/v2\/media?parent=3542"}],"curies":[{"name":"wp","href":"https:\/\/api.w.org\/{rel}","templated":true}]}}