{"id":3539,"date":"2021-06-18T09:25:18","date_gmt":"2021-06-18T09:25:18","guid":{"rendered":"http:\/\/academy.police.md\/?page_id=3539"},"modified":"2025-12-05T09:23:13","modified_gmt":"2025-12-05T07:23:13","slug":"componenta-catedrei-dpsf","status":"publish","type":"page","link":"https:\/\/academy.police.md\/gb\/catedre\/catedra-drept-public\/componenta-catedrei-dpsf","title":{"rendered":"Componen\u0163a catedrei Drept Public"},"content":{"rendered":"\n<ol><li>Mariana Pavlencu, \u0219ef catedr\u0103, doctor \u00een drept, conf. univ., <em>comisar-\u0219ef<\/em><\/li><li>Liliana Creang\u0103, doctor \u00een drept, conf. univ., <em>comisar-\u0219ef<\/em><\/li><li>\u015etefan Belecciu, doctor \u00een drept, prof. univ.<\/li><li>Igor Bantu\u015f, doctor \u00een drept, conf. univ.<\/li><li>Veronica Arn\u0103ut, lector universitar, doctor \u00een drept<\/li><li>Gladchi Mircea, lector universitar, doctor \u00een drept<\/li><li>Olga Dob\u0103, asistent universitar, <em>comisar<\/em><\/li><li>Ludmila Gu\u015ftiuc, lector universitar, doctor \u00een drept<\/li><li>Caras Laura, asistent universitar, <em>inspector<\/em> (concediu de \u00eengrijire)<\/li><li>Elena Dragnev, asistent universitar, <em>inspector superior<\/em>, (concediu de \u00eengrijire)<\/li><li>Igor \u0218evcenco, lector universitar, doctor \u00een drept, <em>comisar principal,<\/em> (cumul intern)<\/li><li>Aliona Gumenco, asistent universitar, <em>comisar,<\/em> (cumul intern)<\/li><li>Natalia Chiperi, doctor \u00een drept, conf.univ. (cumul extern)<\/li><li>Natalia Ctitor, doctor \u00een drept, conf.univ. (cumul extern)<\/li><li>Eduard Serbenco, doctor \u00een drept, (cumul extern)<\/li><li>Sibova Irina, lector universitar, doctor \u00een drept (cumul extern)<\/li><li>Ghennadi Epure, lector universitar, doctor \u00een drept (cumul extern)<\/li><li>Valeria Bejenari, asistent universitar, drd., (cumul extern)<\/li><li>Svetlana Bostan, metodist superior<\/li><\/ol>\n\n\n\n<figure class=\"wp-block-gallery columns-2 is-cropped\"><ul class=\"blocks-gallery-grid\"><li class=\"blocks-gallery-item\"><figure><img loading=\"lazy\" width=\"880\" height=\"1024\" src=\"\/wp-content\/uploads\/2025\/09\/Poza-eu-1--880x1024.jpg\" alt=\"\" data-id=\"27407\" data-link=\"https:\/\/academy.police.md\/catedre\/catedra-drept-public-si-securitate-a-frontiera\/componenta-catedrei-dpsf\/poza-eu-1\" class=\"wp-image-27407\" srcset=\"\/wp-content\/uploads\/2025\/09\/Poza-eu-1--880x1024.jpg 880w, \/wp-content\/uploads\/2025\/09\/Poza-eu-1--258x300.jpg 258w, \/wp-content\/uploads\/2025\/09\/Poza-eu-1--768x894.jpg 768w, \/wp-content\/uploads\/2025\/09\/Poza-eu-1--1320x1536.jpg 1320w, \/wp-content\/uploads\/2025\/09\/Poza-eu-1--1760x2048.jpg 1760w\" sizes=\"(max-width: 880px) 100vw, 880px\" \/><\/figure><\/li><li class=\"blocks-gallery-item\"><figure><img loading=\"lazy\" width=\"752\" height=\"1024\" src=\"\/wp-content\/uploads\/2025\/09\/Poza-Catedra-752x1024.jpg\" alt=\"\" data-id=\"27406\" data-link=\"https:\/\/academy.police.md\/catedre\/catedra-drept-public-si-securitate-a-frontiera\/componenta-catedrei-dpsf\/poza-catedra\" class=\"wp-image-27406\" srcset=\"\/wp-content\/uploads\/2025\/09\/Poza-Catedra-752x1024.jpg 752w, \/wp-content\/uploads\/2025\/09\/Poza-Catedra-220x300.jpg 220w, \/wp-content\/uploads\/2025\/09\/Poza-Catedra-768x1045.jpg 768w, \/wp-content\/uploads\/2025\/09\/Poza-Catedra-1128x1536.jpg 1128w, \/wp-content\/uploads\/2025\/09\/Poza-Catedra-1505x2048.jpg 1505w, \/wp-content\/uploads\/2025\/09\/Poza-Catedra-scaled.jpg 1881w\" sizes=\"(max-width: 752px) 100vw, 752px\" \/><\/figure><\/li><\/ul><\/figure>\n","protected":false},"excerpt":{"rendered":"<p>Mariana Pavlencu, \u0219ef catedr\u0103, doctor \u00een drept, conf. univ., comisar-\u0219ef Liliana Creang\u0103, doctor \u00een drept, conf. univ., comisar-\u0219ef \u015etefan Belecciu, doctor \u00een drept, prof. univ. Igor Bantu\u015f, doctor \u00een drept, [&hellip;]<\/p>\n","protected":false},"author":12,"featured_media":0,"parent":1381,"menu_order":0,"comment_status":"closed","ping_status":"closed","template":"","meta":[],"translation":{"provider":"WPGlobus","version":"2.12.2","language":"gb","enabled_languages":["ro","gb"],"languages":{"ro":{"title":true,"content":true,"excerpt":false},"gb":{"title":false,"content":false,"excerpt":false}}},"acf":[],"_links":{"self":[{"href":"https:\/\/academy.police.md\/gb\/wp-json\/wp\/v2\/pages\/3539"}],"collection":[{"href":"https:\/\/academy.police.md\/gb\/wp-json\/wp\/v2\/pages"}],"about":[{"href":"https:\/\/academy.police.md\/gb\/wp-json\/wp\/v2\/types\/page"}],"author":[{"embeddable":true,"href":"https:\/\/academy.police.md\/gb\/wp-json\/wp\/v2\/users\/12"}],"replies":[{"embeddable":true,"href":"https:\/\/academy.police.md\/gb\/wp-json\/wp\/v2\/comments?post=3539"}],"version-history":[{"count":18,"href":"https:\/\/academy.police.md\/gb\/wp-json\/wp\/v2\/pages\/3539\/revisions"}],"predecessor-version":[{"id":29272,"href":"https:\/\/academy.police.md\/gb\/wp-json\/wp\/v2\/pages\/3539\/revisions\/29272"}],"up":[{"embeddable":true,"href":"https:\/\/academy.police.md\/gb\/wp-json\/wp\/v2\/pages\/1381"}],"wp:attachment":[{"href":"https:\/\/academy.police.md\/gb\/wp-json\/wp\/v2\/media?parent=3539"}],"curies":[{"name":"wp","href":"https:\/\/api.w.org\/{rel}","templated":true}]}}