{"id":3537,"date":"2021-06-18T09:24:22","date_gmt":"2021-06-18T09:24:22","guid":{"rendered":"http:\/\/academy.police.md\/?page_id=3537"},"modified":"2025-09-19T15:02:48","modified_gmt":"2025-09-19T12:02:48","slug":"scurt-istoric-al-catedrei-pdsf","status":"publish","type":"page","link":"https:\/\/academy.police.md\/gb\/catedre\/catedra-drept-public\/scurt-istoric-al-catedrei-pdsf","title":{"rendered":"Scurt istoric al catedrei Drept Public"},"content":{"rendered":"\n<p>Catedra drept public, este una dintre primele subdiviziuni didactico-\u015ftiin\u0163ifice de profil juridic \u00eentemeiat\u0103 \u00een Academia ,,\u015etefan cel Mare\u201d a MAI, av\u00e2nd ini\u0163ial denumirea de \u201eDrept statal\u201d, pe parcurs \u00een rezultatul reorganiz\u0103rilor institu\u021biei denumirea acesteia a fost modificat\u0103.<\/p>\n\n\n\n<p>Privind retrospectiv perioada de evolu\u0163ie a catedrei, putem constata c\u0103 ea a fost marcat\u0103 de eforturi sus\u0163inute \u015fi emo\u0163ii, de a\u015ftept\u0103ri \u015fi speran\u0163e, de satisfac\u0163ii \u015fi \u00eempliniri, de g\u00e2nduri optimiste, dar mai ales de dorin\u0163a puternic\u0103 de a fi \u00eenving\u0103tori \u00een dificila oper\u0103 de formare a unor oameni adev\u0103ra\u0163i.<\/p>\n\n\n\n<p>\u00cen perioada de constituire 1991-1994, Catedra \u00ee\u015fi desf\u0103\u015foar\u0103 activitatea sub conducerea lui Dumitru Baltag, pe atunci doctor \u00een drept, conferen\u0163iar universitar. \u00cen calitate de \u015fef al Catedrei ,,Drept statal\u201d a realizat multiple cercet\u0103ri de natur\u0103 teoretic\u0103 \u015fi aplicativ\u0103 cu privire la procesul de formare competent\u0103 a cadrelor didactice, contur\u00e2nd idei noi de realizare a procesului de formare pentru cariera profesional\u0103.<\/p>\n\n\n\n<p>Catedra \u015fi-a \u00eenceput activitatea didactic\u0103 \u00een octombrie 1991 prin predarea a 4 materii: Teoria general\u0103 a statului \u015fi dreptului, Istoria universal\u0103 a statului \u015fi dreptului \u0163\u0103rilor str\u0103ine, Istoria statului \u015fi dreptului Republicii Moldova \u015fi Dreptul roman.<\/p>\n\n\n\n<p>Mai t\u00e2rziu, spectrul disciplinelor predate devine mai diversificat: Dreptul constitu\u0163ional, Dreptul administrativ, Sistemul organelor de drept, Dreptul financiar, Dreptul bancar, Dreptul mediului (\u00eencep\u00e2nd cu 1992), Dreptul civil, Dreptul muncii, Procedur\u0103 civil\u0103 \u015fi Dreptul familiei (din 1993 p\u00e2n\u0103 \u00een trimestrul II al anului de studii 1994-1995).<\/p>\n\n\n\n<p>\u00cen 1992, catedra \u00ee\u015fi schimb\u0103 denumirea \u00een Catedra ,,Drept public\u201d.<\/p>\n\n\n\n<p>Pentru asigurarea procesului de studii, \u00een perioada de constituire a catedrei, sunt invitate \u0219i implicate \u00een activitatea didactic\u0103 unele cadre \u0219tiin\u021bifico-didactice din cadrul altor institu\u0163ii de \u00eenv\u0103\u0163\u0103m\u00e2nt: Elena Aram\u0103, Andrei Galben, Andrei Smochin\u0103 \u0219i Boris Negru. \u00cen 1992, corpul profesoral-didactic este completat cu personal de\u021bin\u0103tor de titluri \u0219tiin\u021bifice: Andrei Groza, doctor \u00een istorie, Maria Orlov, doctor \u00een drept, Silvia Goriuc, doctor \u00een drept.<\/p>\n\n\n\n<p>\u00cen perioada 1994-2002, Catedra este condus\u0103 de Ion Guceac, doctor \u00een drept la acel moment. A urmat suplinirea subdiviziunii cu cadre de juri\u015fti califica\u0163i, selectate preponderent din r\u00e2ndurile absolven\u0163ilor Academiei de Poli\u0163ie ,,Alexandru Ioan Cuza\u201d din Bucure\u015fti (O. Balan, P. B\u0103l\u0103nel, I. Gru\u015fca \u0219i M. Ivanov), precum \u0219i cu cei care au absolvit Academia de Poli\u0163ie ,,\u015etefan cel Mare\u201d (A. Gu\u015ftiuc, I. Trofimov, A. Gu\u0163u \u0219i Iu. Ursan). O mare parte din ei au ob\u021binut pe parcurs titluri \u0219tiin\u021bifice \u0219i \u0219tiin\u021bifico-didactice, fiind avansa\u0163i ulterior \u00een diferite func\u0163ii de conducere ale institu\u021biei \u00een care activau sau ale altor institu\u021bii de \u00eenv\u0103\u021b\u0103m\u00e2nt superior, inclusiv \u00een cadrul MAI. \u0218i ast\u0103zi unii din ei continu\u0103 s\u0103 desf\u0103\u015foare activitate \u015ftiin\u0163ifico-didactic\u0103 \u00een cadrul Academiei.<\/p>\n\n\n\n<p>De men\u0163ionat c\u0103 \u00eentr-o perioad\u0103 relativ scurt\u0103 Catedra ,,Drept public\u201d a \u00eentreprins pa\u015fi siguri \u015fi concre\u0163i pe calea afirm\u0103rii ca atare, inclusiv \u00een domeniul \u015ftiin\u0163ific. \u00cen primul r\u00e2nd, este vorba de eforturile depuse pentru crearea bazei metodico-didactice a catedrei.<\/p>\n\n\n\n<p>Chiar \u00een primii ani de activitate, \u00een cadrul Catedrei ,,Drept public\u201d a fost amenajat un cabinet metodic. Ast\u0103zi el dispune de o bibliotec\u0103 completat\u0103 cu materiale didactico-metodice, monografii \u015fi manuale donate de membrii catedrei: culegere de acte normative na\u0163ionale \u015fi interna\u0163ionale sistematizate; catalogul bibliografic pentru fiecare disciplin\u0103 de profil din cadrul catedrei; diverse schi\u0163e, scheme \u015fi alte materiale aplicate \u00een procesul didactic. Gra\u0163ie eforturilor depuse de membrii catedrei, au v\u0103zut lumina tiparului mai multe manuale \u015fi cursuri de lec\u0163ii, care ast\u0103zi sunt studiate nu numai de studen\u0163ii Academiei ,,\u015etefan cel Mare\u201d a MAI, ci \u015fi de studen\u0163ii altor institu\u0163ii de profil din republic\u0103.<\/p>\n\n\n\n<p>La diferite etape, pe parcursul anilor, Catedra a fost condus\u0103 de c\u0103tre:<br>Dumirtu Baltag, doctor habilitat \u00een drept, profesor universitar;<br>Ion Guceac, doctor habilitat \u00een drept, profesor universitar;<br>Oleg Balan, doctor habilitat \u00een drept, profesor universitar;<br>Igor Trofimov, doctor \u00een drept, conferen\u0163iar universitar;<br>Andrei Gu\u0219tiuc, doctor \u00een drept, conferen\u0163iar universitar;<br>\u0218tefan Belecciu, doctor \u00een drept, profesor universitar;<br>Igor Bantu\u0219, doctor \u00een drept, conferen\u0163iar universitar;<br>Liliana Creang\u0103, doctor \u00een drept, conferen\u0163iar universitar;<br>Mariana Pavlencu, doctor \u00een drept, conferen\u021biar universitar \u2013\u00a0 \u00een prezent.<\/p>\n\n\n\n<p>Fiind con\u015ftien\u0163i de importan\u0163a catedrei, ca unitate de dirijare \u015fi supraveghere a activit\u0103\u0163ilor didactice, metodice, \u015ftiin\u0163ifice \u015fi educa\u0163ionale, munca didactic\u0103 este principala form\u0103 de activitate a catedrei \u015fi este organizat\u0103 \u00een conformitate cu planul \u015fi programele didactice. Activitatea dat\u0103 este \u00eendreptat\u0103 \u015fi spre perfec\u0163ionarea metodelor de instruire \u015fi educare a studen\u0163ilor, cre\u015fterea artei pedagogice a corpului didactic, elaborarea \u015fi aplicarea formelor \u015fi metodelor de organizare a procesului didactic.<\/p>\n","protected":false},"excerpt":{"rendered":"<p>Catedra drept public, este una dintre primele subdiviziuni didactico-\u015ftiin\u0163ifice de profil juridic \u00eentemeiat\u0103 \u00een Academia ,,\u015etefan cel Mare\u201d a MAI, av\u00e2nd ini\u0163ial denumirea de \u201eDrept statal\u201d, pe parcurs \u00een rezultatul [&hellip;]<\/p>\n","protected":false},"author":12,"featured_media":0,"parent":1381,"menu_order":0,"comment_status":"closed","ping_status":"closed","template":"","meta":[],"translation":{"provider":"WPGlobus","version":"2.12.2","language":"gb","enabled_languages":["ro","gb"],"languages":{"ro":{"title":true,"content":true,"excerpt":false},"gb":{"title":false,"content":false,"excerpt":false}}},"acf":[],"_links":{"self":[{"href":"https:\/\/academy.police.md\/gb\/wp-json\/wp\/v2\/pages\/3537"}],"collection":[{"href":"https:\/\/academy.police.md\/gb\/wp-json\/wp\/v2\/pages"}],"about":[{"href":"https:\/\/academy.police.md\/gb\/wp-json\/wp\/v2\/types\/page"}],"author":[{"embeddable":true,"href":"https:\/\/academy.police.md\/gb\/wp-json\/wp\/v2\/users\/12"}],"replies":[{"embeddable":true,"href":"https:\/\/academy.police.md\/gb\/wp-json\/wp\/v2\/comments?post=3537"}],"version-history":[{"count":9,"href":"https:\/\/academy.police.md\/gb\/wp-json\/wp\/v2\/pages\/3537\/revisions"}],"predecessor-version":[{"id":27471,"href":"https:\/\/academy.police.md\/gb\/wp-json\/wp\/v2\/pages\/3537\/revisions\/27471"}],"up":[{"embeddable":true,"href":"https:\/\/academy.police.md\/gb\/wp-json\/wp\/v2\/pages\/1381"}],"wp:attachment":[{"href":"https:\/\/academy.police.md\/gb\/wp-json\/wp\/v2\/media?parent=3537"}],"curies":[{"name":"wp","href":"https:\/\/api.w.org\/{rel}","templated":true}]}}