{"id":3500,"date":"2021-06-17T11:11:20","date_gmt":"2021-06-17T11:11:20","guid":{"rendered":"http:\/\/academy.police.md\/?page_id=3500"},"modified":"2025-09-12T10:49:12","modified_gmt":"2025-09-12T07:49:12","slug":"graficul-consultatiilor-al-catedrei-pmip","status":"publish","type":"page","link":"https:\/\/academy.police.md\/gb\/catedre\/catedra-instruire-militara-si-interventii-profesionale\/graficul-consultatiilor-al-catedrei-pmip","title":{"rendered":"GRAFICUL ZILELOR DE SERVICIU \u015eI CONSULTA\u0162II"},"content":{"rendered":"\n<p class=\"has-text-align-center\"><strong>ANUL DE STUDII 2025 \u2013 2026<\/strong><\/p>\n\n\n\n<figure class=\"wp-block-table\"><table><tbody><tr><td><strong>Nr. d\/o<\/strong><\/td><td><strong>Gradul militar,<\/strong> <strong>numele lectorului<\/strong><\/td><td><strong>Disciplina<\/strong><\/td><td><strong>Ziua,<\/strong> <strong>ora<\/strong><\/td><td><strong>Auditoriul<\/strong><\/td><\/tr><tr><td>\u00a01<\/td><td>Comisar-\u0219ef <strong>Radion Rotaru<\/strong><\/td><td>Preg\u0103tirea tactic\u0103 special\u0103<\/td><td><strong>Miercuri<\/strong> <strong>15<sup>00<\/sup> \u2013 17<sup>00<\/sup><\/strong><\/td><td>Gh. Asachi 21 cab. met, tir<\/td><\/tr><tr><td>\u00a02<\/td><td>Comisar principal <strong>Gulceac Nicolae<\/strong><\/td><td>Protec\u021bia civil\u0103<\/td><td><strong>Vineri<\/strong> <strong>15<sup>00<\/sup> \u2013 17<sup>00<\/sup><\/strong><\/td><td>Gh. Asachi 21\/ Sf.Vineri,cab. met,<\/td><\/tr><tr><td>\u00a03<\/td><td>Comisar <strong>Vasile Buzdugan<\/strong><\/td><td>Preg\u0103tirea tactic\u0103 special\u0103<\/td><td><strong>Luni<\/strong> <strong>15<sup>00<\/sup> \u2013 17<sup>00<\/sup><\/strong><strong><\/strong><\/td><td>Gh. Asachi 21 cab. met, tir<\/td><\/tr><tr><td>\u00a04<\/td><td>Comisar <strong>Igor Efode<\/strong><\/td><td>Instruc\u0163ia de front<\/td><td><strong>Joi<\/strong> <strong>15<sup>00<\/sup> \u2013 17<sup>00<\/sup><\/strong><strong><\/strong><\/td><td>Gh. Asachi 21\/ Sf.Vineri,cab. met,<\/td><\/tr><tr><td>\u00a05<\/td><td>Comisar <strong>Vadim Rotari<\/strong><\/td><td>Preg\u0103tirea tactic\u0103 special\u0103<\/td><td><strong>Mar\u021bi<\/strong> <strong>15<sup>00<\/sup> \u2013 17<sup>00<\/sup><\/strong><strong><\/strong><\/td><td>Gh. Asachi 21\/ Sf.Vineri,cab. met,<\/td><\/tr><tr><td>\u00a06<\/td><td>Comisar <strong>Sergiu Matei<\/strong><\/td><td>Instruc\u0163ia tragerii<\/td><td><strong>Luni<\/strong> <strong>15<sup>00<\/sup> \u2013 17<sup>00<\/sup><\/strong><strong><\/strong><\/td><td>Gh. Asachi 21\/ Sf.Vineri,cab. met,<\/td><\/tr><tr><td>\u00a07<\/td><td>Inspector superior <strong>Andrie\u0219 Natalia<\/strong><\/td><td>Preg.medical\u0103<\/td><td><strong>Miercuri<\/strong> <strong>15<sup>00<\/sup> \u2013 17<sup>00<\/sup><\/strong><strong><\/strong><\/td><td>Gh. Asachi 21 cab. met.<\/td><\/tr><tr><td>\u00a08<\/td><td>Inspector <strong>Vladislav Grozinschi<\/strong><\/td><td>Protec\u021bia civil\u0103<\/td><td><strong>Mar\u021bi<\/strong> <strong>15<sup>00<\/sup> \u2013 17<sup>00<\/sup><\/strong><\/td><td>Gh. Asachi 21\/ Sf.Vineri,cab. met,<\/td><\/tr><tr><td>\u00a09<\/td><td><strong>Sergiu Golovaci<\/strong><\/td><td>Preg.civic\u0103 Preg.medical\u0103<\/td><td><strong>Luni<\/strong> <strong>15<sup>00<\/sup> \u2013 17<sup>00<\/sup><\/strong><strong><\/strong><\/td><td>Gh. Asachi 21 cab. met,<\/td><\/tr><tr><td>\u00a010<\/td><td><strong>Valeriu \u0218argarovschi<\/strong><\/td><td>Tactica interven\u021biei<\/td><td><strong>Vineri<\/strong> <strong>15<sup>00<\/sup> \u2013 17<sup>00<\/sup><\/strong><\/td><td>Sf.Vineri cab. met,<\/td><\/tr><\/tbody><\/table><\/figure>\n","protected":false},"excerpt":{"rendered":"<p>ANUL DE STUDII 2025 \u2013 2026 Nr. d\/o Gradul militar, numele lectorului Disciplina Ziua, ora Auditoriul \u00a01 Comisar-\u0219ef Radion Rotaru Preg\u0103tirea tactic\u0103 special\u0103 Miercuri 1500 \u2013 1700 Gh. Asachi 21 [&hellip;]<\/p>\n","protected":false},"author":12,"featured_media":0,"parent":1375,"menu_order":0,"comment_status":"closed","ping_status":"closed","template":"","meta":[],"translation":{"provider":"WPGlobus","version":"2.12.2","language":"gb","enabled_languages":["ro","gb"],"languages":{"ro":{"title":true,"content":true,"excerpt":false},"gb":{"title":false,"content":false,"excerpt":false}}},"acf":[],"_links":{"self":[{"href":"https:\/\/academy.police.md\/gb\/wp-json\/wp\/v2\/pages\/3500"}],"collection":[{"href":"https:\/\/academy.police.md\/gb\/wp-json\/wp\/v2\/pages"}],"about":[{"href":"https:\/\/academy.police.md\/gb\/wp-json\/wp\/v2\/types\/page"}],"author":[{"embeddable":true,"href":"https:\/\/academy.police.md\/gb\/wp-json\/wp\/v2\/users\/12"}],"replies":[{"embeddable":true,"href":"https:\/\/academy.police.md\/gb\/wp-json\/wp\/v2\/comments?post=3500"}],"version-history":[{"count":17,"href":"https:\/\/academy.police.md\/gb\/wp-json\/wp\/v2\/pages\/3500\/revisions"}],"predecessor-version":[{"id":27290,"href":"https:\/\/academy.police.md\/gb\/wp-json\/wp\/v2\/pages\/3500\/revisions\/27290"}],"up":[{"embeddable":true,"href":"https:\/\/academy.police.md\/gb\/wp-json\/wp\/v2\/pages\/1375"}],"wp:attachment":[{"href":"https:\/\/academy.police.md\/gb\/wp-json\/wp\/v2\/media?parent=3500"}],"curies":[{"name":"wp","href":"https:\/\/api.w.org\/{rel}","templated":true}]}}