{"id":3496,"date":"2021-06-17T11:07:13","date_gmt":"2021-06-17T11:07:13","guid":{"rendered":"http:\/\/academy.police.md\/?page_id=3496"},"modified":"2023-10-10T11:08:04","modified_gmt":"2023-10-10T08:08:04","slug":"disciplinele-predate-la-catedra-pmip","status":"publish","type":"page","link":"https:\/\/academy.police.md\/gb\/catedre\/catedra-instruire-militara-si-interventii-profesionale\/disciplinele-predate-la-catedra-pmip","title":{"rendered":"Disciplinele predate la catedra IMIP"},"content":{"rendered":"\n<p><strong>Unit\u0103\u021bile de curs\/ modulele din cadrul facult\u0103\u021bii:<\/strong><\/p>\n\n\n\n<ul><li>tactica interven\u021biei la asigurarea \u0219i restabilirea ordinii publice;<\/li><li>instruc\u0163ia tragerii;<\/li><li>tactica interven\u021biei profesionale;<\/li><li>protec\u0163ia civil\u0103;<\/li><li>preg\u0103tirea tactic\u0103 special\u0103;<\/li><li>aplica\u0163ii tactico-speciale;<\/li><li>tactica poli\u021bieneasc\u0103;<\/li><li>bazele cuno\u0219tin\u021beor medicale \u0219i modul s\u0103n\u0103tos de via\u021b\u0103.<\/li><\/ul>\n\n\n\n<p><strong>Unit\u0103\u021bile de curs pentru preg\u0103tirea solda\u021bilor de clasa III:<\/strong><\/p>\n\n\n\n<ul><li>ap\u0103rarea \u00eempotriva armei nucleare, biologice \u015fi chimice;<\/li><li>tactica general\u0103;<\/li><li>instruc\u021bia tragerii;<\/li><li>preg\u0103tirea medico-militar\u0103;<\/li><li>topografia militar\u0103;<\/li><li>preg\u0103tirea civic\u0103;<\/li><li>regulamentele militare;<\/li><li>preg\u0103tirea juridic\u0103;<\/li><li>instruc\u021bia de front;<\/li><li>preg\u0103tirea de cercetare;<\/li><li>preg\u0103tirea tehnic\u0103;<\/li><li>preg\u0103tirea de geniu;<\/li><li>preg\u0103tirea de comunica\u021bii \u0219i informatic\u0103;<\/li><li>preg\u0103tirea fizic\u0103.<\/li><\/ul>\n","protected":false},"excerpt":{"rendered":"<p>Unit\u0103\u021bile de curs\/ modulele din cadrul facult\u0103\u021bii: tactica interven\u021biei la asigurarea \u0219i restabilirea ordinii publice; instruc\u0163ia tragerii; tactica interven\u021biei profesionale; protec\u0163ia civil\u0103; preg\u0103tirea tactic\u0103 special\u0103; aplica\u0163ii tactico-speciale; tactica poli\u021bieneasc\u0103; bazele [&hellip;]<\/p>\n","protected":false},"author":12,"featured_media":0,"parent":1375,"menu_order":0,"comment_status":"closed","ping_status":"closed","template":"","meta":[],"translation":{"provider":"WPGlobus","version":"2.12.2","language":"gb","enabled_languages":["ro","gb"],"languages":{"ro":{"title":true,"content":true,"excerpt":false},"gb":{"title":false,"content":false,"excerpt":false}}},"acf":[],"_links":{"self":[{"href":"https:\/\/academy.police.md\/gb\/wp-json\/wp\/v2\/pages\/3496"}],"collection":[{"href":"https:\/\/academy.police.md\/gb\/wp-json\/wp\/v2\/pages"}],"about":[{"href":"https:\/\/academy.police.md\/gb\/wp-json\/wp\/v2\/types\/page"}],"author":[{"embeddable":true,"href":"https:\/\/academy.police.md\/gb\/wp-json\/wp\/v2\/users\/12"}],"replies":[{"embeddable":true,"href":"https:\/\/academy.police.md\/gb\/wp-json\/wp\/v2\/comments?post=3496"}],"version-history":[{"count":4,"href":"https:\/\/academy.police.md\/gb\/wp-json\/wp\/v2\/pages\/3496\/revisions"}],"predecessor-version":[{"id":15017,"href":"https:\/\/academy.police.md\/gb\/wp-json\/wp\/v2\/pages\/3496\/revisions\/15017"}],"up":[{"embeddable":true,"href":"https:\/\/academy.police.md\/gb\/wp-json\/wp\/v2\/pages\/1375"}],"wp:attachment":[{"href":"https:\/\/academy.police.md\/gb\/wp-json\/wp\/v2\/media?parent=3496"}],"curies":[{"name":"wp","href":"https:\/\/api.w.org\/{rel}","templated":true}]}}