{"id":3494,"date":"2021-06-17T11:05:27","date_gmt":"2021-06-17T11:05:27","guid":{"rendered":"http:\/\/academy.police.md\/?page_id=3494"},"modified":"2025-06-02T15:07:44","modified_gmt":"2025-06-02T12:07:44","slug":"prezentarea-generala-a-catedrei-pmip","status":"publish","type":"page","link":"https:\/\/academy.police.md\/gb\/catedre\/catedra-instruire-militara-si-interventii-profesionale\/prezentarea-generala-a-catedrei-pmip","title":{"rendered":"Prezentarea general\u0103 a catedrei IMIP"},"content":{"rendered":"\n<div style=\"text-indent: 36pt; text-align: justify;\">Catedra <b>\u201eInstruire militar\u0103 \u015fi interven\u0163ii profesionale\u201d<\/b> este o subdiviziune structural\u0103 fundamental\u0103 a Academiei \u201e\u015etefan cel Mare\u201d, care func\u021bioneaz\u0103 \u00een baza prevederilor legisla\u021biei \u00een vigoare, Cartei universitare, Regulamentelor, ordinelor \u0219i Instruc\u021biunilor institu\u021biilor de \u00eenv\u0103\u021b\u0103m\u00e2nt superior.<\/div> \n<div style=\"text-indent: 36pt; text-align: justify;\">Catedra are drept scop organizarea, realizarea la nivel \u00eenalt a preg\u0103tirii \u00een domeniul militar \u015fi interven\u0163iei profesionale, form\u0103rii cuno\u015ftin\u0163elor teoretico-\u015ftiin\u0163ifice \u015fi deprinderilor practice ale studen\u0163ilor, precum \u015fi instruirea, perfec\u0163ionarea \u015fi recalificarea profesional\u0103 a cadrelor pentru subdiviziunile MAI \u00een domeniul interven\u0163iei profesionale \u015fi poli\u0163iene\u015fti, de asigurare \u015fi restabilire a ordinii publice. <\/div>\n<div style=\"text-indent: 36pt; text-align: justify;\"><b>Obiective:<\/b><\/div>\n<ul>\n<li>particip\u0103 la elaborarea concep\u021biilor de instruire la diferite niveluri ale \u00eenv\u0103\u021b\u0103m\u00e2ntului sau la diferite unit\u0103\u021bi de curs;<\/li>\n<li>elaboreaz\u0103 curricule pentru unit\u0103\u021bile de curs ale catedrei;<\/li>\n<li>promoveaz\u0103 la un nivel metodic \u00eenalt cursurile fundamentale, special \u0219i cele practice;<\/li>\n<li>organizeaz\u0103 concursuri militaro-patriotice;<\/li>\n<li>asigur\u0103 \u00eensu\u015firea actelor normative ce reglementeaz\u0103 domeniul de formare militar\u0103 \u015fi interven\u0163ie profesional\u0103 a angaja\u0163ilor MAI;<\/li>\n<li>organizeaz\u0103 \u015fi desf\u0103\u015foar\u0103 lec\u0163ii privind p\u0103strarea \u015fi eviden\u0163a armamentului \u0219i mijloacelor speciale din cadrul subdiviziunilor MAI, perfec\u0163ionarea continu\u0103 a abilit\u0103\u021bilor de a lua decizii legale \u00een situa\u0163ii concrete de aplicare \u015fi folosire a armei de foc;<\/li>\n<li>organizeaz\u0103 \u015fi desf\u0103\u015foar\u0103 antrenamente \u015fi trageri practice pentru dezvoltarea abilit\u0103\u0163ilor de folosire \u015fi aplicare a armelor de foc;<\/li>\n<li>studiaz\u0103 particularit\u0103\u0163ile regulilor de tragere din armamentul de infanterie;<\/li>\n<li>perfec\u0163ioneaz\u0103 deprinderile \u015fi aptitudinile de aplicare a regulilor de tragere combinat cu efectuarea tragerilor pe un fond al situa\u0163iei tactice;<\/li>\n<li>formeaz\u0103 deprinderi de a interveni individual sau \u00een cadrul echipei pentru restabilirea ordinii publice;<\/li>\n<li>particip\u0103 la aplicarea eficient\u0103 a cuno\u015ftin\u0163elor \u015fi deprinderilor ob\u021binute \u00een activit\u0103\u0163ile cu specific militar;<\/li>\n<li>manifest\u0103 un comportament regulamentar \u00een mediul militar \u015fi \u00een afara acestuia;<\/li>\n<li>contribuie la dezvoltarea  rezisten\u0163ei instrui\u021bilor la eforturi fizice \u015fi psihice specifice mediului militar;<\/li>\n<li>dezvolt\u0103 personalit\u0103\u0163i \u00een spiritul valorilor na\u0163ionale \u015fi universale;<\/li>\n<li>particip\u0103 la formarea tr\u0103s\u0103turilor moral-volitive, precum: punctualitatea, disciplina, curajul, ini\u0163iativa, hot\u0103r\u00e2rea;<\/li>\n<li>promoveaz\u0103 asumarea responsabilit\u0103\u0163ilor care rezult\u0103 din moderniz\u0103rile ce au loc \u00een domeniul militar.<\/li>\n<\/ul>\n<div style=\"text-indent: 36pt; text-align: justify;\">\u00centru realizarea Hot\u0103r\u00e2rii Guvernului Republicii Moldova nr.587 din 20.05.2003, catedra asigur\u0103 preg\u0103tirea solda\u021bilor clasa III \u0219i depunerea Jur\u0103m\u00e2ntului de credin\u021b\u0103 Patriei \u0219i poporului pentru studen\u021bii Academiei. <\/div>\n\n\n\n<p>&nbsp;V\u0103 inform\u0103m c\u0103 \u00eenscrierile pentru cursul de preg\u0103tire militar\u0103 se desf\u0103\u0219oar\u0103 \u00een perioada <strong>01 noiembrie p\u00e2n\u0103 la 15.decembrie<\/strong>. Orele se desf\u0103\u0219oar\u0103 \u00een afara programului de studii de baz\u0103 \u0219i se vor \u00eencepe din luna <strong>ianuarie<\/strong>, pe o perioada de 5 luni calindaristice. Instruirea&nbsp; la catedra militar\u0103 se efectueaz\u0103 \u00een mod benevol.<\/p>\n\n\n\n<p><strong>Pentru \u00eenscrierea la cursul de preg\u0103tire militar\u0103, candida\u021bii vor prezenta:<\/strong><\/p>\n\n\n\n<ul><li>Cererea de \u00eenscriere (se completeaz\u0103 la Catedr\u0103)<\/li><li>Copia buletinului de identitate<\/li><li>Fotografii 3&#215;4 \u2013 2 buc.<\/li><li>Certificat care confirm\u0103 calitatea de student al Academiei \u201e\u0218tefan cel Mare\u201d (Decanat)<\/li><li>Copia adeverin\u021bei de recrut (pentru partea b\u0103rb\u0103teasc\u0103)<\/li><li>Certificatul medical despre starea s\u0103n\u0103t\u0103\u021bii (comisia Medico Militar\u0103 a Ministerului Ap\u0103r\u0103rii, se efectueaz\u0103 centralizat)<\/li><li>Map\u0103 cu \u0219in\u0103 \u0219i folii.<\/li><\/ul>\n\n\n\n<p>Pentru mai multe informa\u021bii, apela\u021bi la nr. de <strong>tel. 022-72-30-16 <\/strong>sau apropia\u021bi-v\u0103 la <strong><em>Catedra instruire militar\u0103 \u0219i interven\u021bii profesionale<\/em><\/strong>.<\/p>\n","protected":false},"excerpt":{"rendered":"<p>Catedra \u201eInstruire militar\u0103 \u015fi interven\u0163ii profesionale\u201d este o subdiviziune structural\u0103 fundamental\u0103 a Academiei \u201e\u015etefan cel Mare\u201d, care func\u021bioneaz\u0103 \u00een baza prevederilor legisla\u021biei \u00een vigoare, Cartei universitare, Regulamentelor, ordinelor \u0219i Instruc\u021biunilor [&hellip;]<\/p>\n","protected":false},"author":10,"featured_media":0,"parent":1375,"menu_order":0,"comment_status":"closed","ping_status":"closed","template":"","meta":[],"translation":{"provider":"WPGlobus","version":"2.12.2","language":"gb","enabled_languages":["ro","gb"],"languages":{"ro":{"title":true,"content":true,"excerpt":false},"gb":{"title":false,"content":false,"excerpt":false}}},"acf":[],"_links":{"self":[{"href":"https:\/\/academy.police.md\/gb\/wp-json\/wp\/v2\/pages\/3494"}],"collection":[{"href":"https:\/\/academy.police.md\/gb\/wp-json\/wp\/v2\/pages"}],"about":[{"href":"https:\/\/academy.police.md\/gb\/wp-json\/wp\/v2\/types\/page"}],"author":[{"embeddable":true,"href":"https:\/\/academy.police.md\/gb\/wp-json\/wp\/v2\/users\/10"}],"replies":[{"embeddable":true,"href":"https:\/\/academy.police.md\/gb\/wp-json\/wp\/v2\/comments?post=3494"}],"version-history":[{"count":5,"href":"https:\/\/academy.police.md\/gb\/wp-json\/wp\/v2\/pages\/3494\/revisions"}],"predecessor-version":[{"id":25677,"href":"https:\/\/academy.police.md\/gb\/wp-json\/wp\/v2\/pages\/3494\/revisions\/25677"}],"up":[{"embeddable":true,"href":"https:\/\/academy.police.md\/gb\/wp-json\/wp\/v2\/pages\/1375"}],"wp:attachment":[{"href":"https:\/\/academy.police.md\/gb\/wp-json\/wp\/v2\/media?parent=3494"}],"curies":[{"name":"wp","href":"https:\/\/api.w.org\/{rel}","templated":true}]}}