{"id":3482,"date":"2021-06-17T10:37:39","date_gmt":"2021-06-17T10:37:39","guid":{"rendered":"http:\/\/academy.police.md\/?page_id=3482"},"modified":"2024-05-14T13:46:44","modified_gmt":"2024-05-14T10:46:44","slug":"activitatea-didactica-a-catedrei-pfa","status":"publish","type":"page","link":"https:\/\/academy.police.md\/gb\/catedre\/catedra-pregatire-fizica-si-autoaparare\/activitatea-didactica-a-catedrei-pfa","title":{"rendered":"Activitatea didactic\u0103"},"content":{"rendered":"\n<p>Chiar de la \u00eenceputul activit\u0103\u021bii lor, profesorii din cadrul Catedrei au renun\u021bat la programa institu\u021biilor similare din URSS, consider\u00e2nd-o dep\u0103\u0219it\u0103 \u0219i au ales o cale nou\u0103. Astfel, au fost \u00eentocmite planuri \u0219i programe analitice absolut noi, neutilizate p\u00e2n\u0103 atunci \u00een Europa, \u00een care 80 la sut\u0103 din ore au fost rezervate luptei \u201dsambo\u201d \u0219i luptei \u201dcorp la corp\u201d. Corpul profesoral-didactic al catedrei se afl\u0103 mereu \u00een c\u0103utarea unor noi metode \u015fi forme de desf\u0103\u015furare a procesului de instruire.<\/p>\n\n\n\n<p>\u00cen prezent, la catedr\u0103 se predau urm\u0103toarele discipline pentru studen\u021bii Ciclului I \u2013 studii superioare de licen\u021b\u0103:<\/p>\n\n\n\n<p>1. Preg\u0103tirea fizic\u0103 \u015fi de lupt\u0103;<\/p>\n\n\n\n<p>2. Educa\u0163ia fizic\u0103.<\/p>\n\n\n\n<p>Preg\u0103tirea fizic\u0103 \u015fi de lupt\u0103 \u2013 este o disciplin\u0103 complet\u0103 \u015fi unitar\u0103 care reprezint\u0103 o categorie principal\u0103 de preg\u0103tire \u00een cadrul procesului de instruire \u015fi educare a efectivului din subdiviziunile MAI al R.Moldova. Totodat\u0103, constituie un proces instructiv-educativ, care se realizeaz\u0103 prin forme specifice de organizare a activit\u0103\u0163ilor practice. Sistemul de preg\u0103tire fizic\u0103 \u015fi de lupt\u0103 organizat \u00een cadrul institu\u0163iilor de \u00eenv\u0103\u0163\u0103m\u00eent ale MAI constituie o parte component\u0103 a sistemului na\u0163ional de educa\u0163ie fizic\u0103 \u015fi sport din \u0163ara noastr\u0103. Ca latur\u0103 a procesului de instruire \u015fi educare a efectivului MAI, preg\u0103tirea fizic\u0103 reprezint\u0103 o activitate organizat\u0103 \u015fi desf\u0103\u015furat\u0103 \u00een scopul dezvolt\u0103rii fizice generale, men\u0163inerii s\u0103n\u0103t\u0103\u0163ii, c\u0103lirii organismului, form\u0103rii \u015fi perfec\u0163ion\u0103rii unui sistem de deprinderi motrice specifice, a priceperilor de a aplica cu indici de vitez\u0103, for\u0163\u0103, rezisten\u0163\u0103 \u015fi \u00eendemnare, precum \u015fi dezvolt\u0103rii calit\u0103\u0163ilor moral-volitive \u015fi civice \u00een concordan\u0163\u0103 cu cerin\u0163ele realiz\u0103rii responsabile a sarcinilor \u015fi misiunilor specifice.<\/p>\n\n\n\n<p>Preg\u0103tirea fizic\u0103 \u015fi sportul \u00een cadrul MAI constituie unul din compartimentele de baz\u0103 ale form\u0103rii profesionale continue a efectivului \u015fi se execut\u0103 \u00een scopul orient\u0103rii activit\u0103\u0163ii fizice spre formarea \u015fi desvoltarea capacit\u0103\u0163ilor motrice \u015fi a capacit\u0103\u0163ilor psihice din sfera cognitiv\u0103, volitiv\u0103 \u015fi afectiv\u0103 a angaja\u0163ilor, necesare \u00eendeplinirii atribu\u0163iilor de serviciu, precum \u015fi \u00eentremarea s\u0103n\u0103t\u0103\u0163ii acestora.<\/p>\n\n\n\n<p>De asemenea, cadrele didactice ale catedrei desf\u0103\u0219oar\u0103 lec\u021bii practice cu efectivul de ofi\u021beri \u0219i subofi\u021beri la Cursurile de formare ini\u021bial\u0103 \u0219i continu\u0103 din cadrul Direc\u021biei dezvoltare profesional\u0103 c\u00e2t \u015fi a Centrului Intergrat de preg\u0103tire pentru aplicarea Legii.<\/p>\n","protected":false},"excerpt":{"rendered":"<p>Chiar de la \u00eenceputul activit\u0103\u021bii lor, profesorii din cadrul Catedrei au renun\u021bat la programa institu\u021biilor similare din URSS, consider\u00e2nd-o dep\u0103\u0219it\u0103 \u0219i au ales o cale nou\u0103. Astfel, au fost \u00eentocmite [&hellip;]<\/p>\n","protected":false},"author":10,"featured_media":0,"parent":1377,"menu_order":0,"comment_status":"closed","ping_status":"closed","template":"","meta":[],"translation":{"provider":"WPGlobus","version":"2.12.2","language":"gb","enabled_languages":["ro","gb"],"languages":{"ro":{"title":true,"content":true,"excerpt":false},"gb":{"title":false,"content":false,"excerpt":false}}},"acf":[],"_links":{"self":[{"href":"https:\/\/academy.police.md\/gb\/wp-json\/wp\/v2\/pages\/3482"}],"collection":[{"href":"https:\/\/academy.police.md\/gb\/wp-json\/wp\/v2\/pages"}],"about":[{"href":"https:\/\/academy.police.md\/gb\/wp-json\/wp\/v2\/types\/page"}],"author":[{"embeddable":true,"href":"https:\/\/academy.police.md\/gb\/wp-json\/wp\/v2\/users\/10"}],"replies":[{"embeddable":true,"href":"https:\/\/academy.police.md\/gb\/wp-json\/wp\/v2\/comments?post=3482"}],"version-history":[{"count":4,"href":"https:\/\/academy.police.md\/gb\/wp-json\/wp\/v2\/pages\/3482\/revisions"}],"predecessor-version":[{"id":18904,"href":"https:\/\/academy.police.md\/gb\/wp-json\/wp\/v2\/pages\/3482\/revisions\/18904"}],"up":[{"embeddable":true,"href":"https:\/\/academy.police.md\/gb\/wp-json\/wp\/v2\/pages\/1377"}],"wp:attachment":[{"href":"https:\/\/academy.police.md\/gb\/wp-json\/wp\/v2\/media?parent=3482"}],"curies":[{"name":"wp","href":"https:\/\/api.w.org\/{rel}","templated":true}]}}