{"id":3478,"date":"2021-06-17T10:36:34","date_gmt":"2021-06-17T10:36:34","guid":{"rendered":"http:\/\/academy.police.md\/?page_id=3478"},"modified":"2025-05-27T11:17:58","modified_gmt":"2025-05-27T08:17:58","slug":"prezentare-generala-a-catedrei-pfa","status":"publish","type":"page","link":"https:\/\/academy.police.md\/gb\/catedre\/catedra-pregatire-fizica-si-autoaparare\/prezentare-generala-a-catedrei-pfa","title":{"rendered":"Prezentare general\u0103 a catedrei EFA"},"content":{"rendered":"\n<p>Catedra Educa\u0163ie Fizic\u0103 \u015fi Autoap\u0103rare are un rol important \u00een organizarea \u015fi desf\u0103\u015furarea procesului instructiv-educativ al studen\u0163ilor Academiei \u201e\u015etefan cel Mare\u201d a MAI \u015fi \u00een perfec\u0163ionarea nivelului profesional al angaja\u0163ilor acestei institu\u0163ii.<\/p>\n\n\n\n<p>\u00cen cadrul Academiei \u201e\u015etefan cel Mare\u201d a MAI, catedra desf\u0103\u015foar\u0103 o ampl\u0103 \u015fi fructuoas\u0103 activitate sportiv\u0103. Aceasta se manifest\u0103 prin organizarea \u015fi desf\u0103\u015furarea competi\u0163iilor sportive \u00een cadrul Academiei, concursuri \u2013 victorine sportive (Festivalul Artelor Mar\u0163iale, Arta Ost\u0103\u015feasc\u0103), preg\u0103tirea echipelor sportive pentru participare la campionatele din cadrul Universiadei Republicane, Spartachiada sportiv\u0103 a MAI, campionatelor na\u0163ionale \u015fi interna\u0163ionale la diferite probe de sport.<\/p>\n\n\n\n<p>Anual se organizeaz\u0103 \u015fi se desf\u0103\u015foar\u0103 Spartachiada intern\u0103 studen\u0163easc\u0103 la: atletism, volei, sambo, lupta corp la corp, mini-fotbal, ridicarea greut\u0103\u0163ilor, tenis de mas\u0103 \u015f.a. Selec\u0163ionata Academiei \u201e\u015etefan cel Mare\u201d a MAI particip\u0103 la Spartachiada sportiv\u0103 a MAI \u00een I grup\u0103 valoric\u0103. De-a lungul anilor, sportivii no\u015ftri s-au luptat pentru locuri de frunte, at\u00e2t individual c\u00e2t \u015fi \u00een clasamentul pe echipe, devenind campioni \u015fi premian\u0163i ai Spartachiadei sportive a MAI. Rezultate remarcabile s-au ob\u0163inut la probele mini-fotbal, cros, sambo, tir \u015fi pentatlon poli\u0163ienesc. O fil\u0103 aparte \u00een istoria catedrei este participarea la \u015etafeta Combinat\u0103 \u00een memoria colaboratorilor MAI c\u0103zu\u0163i la datorie. Echipa Academiei \u201e\u015etefan cel Mare\u201d a MAI a devenit \u00eenving\u0103toare de 9 ori consecutiv.<\/p>\n\n\n\n<p>Academia \u201e\u015etefan cel Mare\u201d a MAI ca institu\u0163ie de \u00eenv\u0103\u0163\u0103m\u00eent superior particip\u0103 la Universiada Republican\u0103. Studen\u0163ii au ob\u0163inut rezultate \u00eenalte la a\u015fa probe ca judo, lupta liber\u0103, tr\u00e2nta na\u0163ional\u0103, cros, \u00eennot, fotbal, volei, atletism \u015f.a. De asemenea, echipele cadrelor didactice ale Academiei particip\u0103 la Spartachiada cadrelor didactice \u201eS\u0103n\u0103tatea\u201d, devenind campioni la fotbal \u015fi premian\u021bi la tenis, volei \u015fi baschet.<\/p>\n\n\n\n<p>Rezultate remarcabile anual se ob\u021bin \u015fi \u00een sportul de performan\u0163\u0103, studen\u0163ii no\u015ftri particip\u00e2nd la turnee \u015fi campionate na\u0163ionale \u015fi interna\u0163ionale.<\/p>\n\n\n\n<p>Putem men\u0163iona unii sportivi care s-au remarcat:<\/p>\n\n\n\n<p>\u2013 Ivan Gheorghiu, campion European, Vice-Campion Mondial la Kickboxing;<\/p>\n\n\n\n<p>\u2013 Veronica Tataru-Alexei, medaliat\u0103 cu argint la Campionatul Mondial la lupta Sambo;<\/p>\n\n\n\n<p>\u2013 Vitalie Gheorghi\u0163\u0103, medaliat cu bronz la Campionatul European de Atletism \u00eentre poli\u0163i\u015fti;<\/p>\n\n\n\n<p>\u2013 Sergiu Remarenco, campion European la Judo \u00eentre poli\u0163i\u015fti;<\/p>\n\n\n\n<p>\u2013 Mircea Taran, medaliat cu argint la Campionatul Mondial la Lupta la br\u00e2u;<\/p>\n\n\n\n<p>\u2013 Ghenadie Pre\u021bivat\u00eei, medaliat cu argint la Campionatul Mondial la lupta Sambo;<\/p>\n\n\n\n<p>\u2013 Pavel Pocatilov, campion Mondial la Unifight;<\/p>\n\n\n\n<p>\u2013 Dorin Schimbov, campion Mondial la Triatlon;<\/p>\n\n\n\n<p>\u2013 Diego Popa, medaliat cu bronz la Campionatul Mondial de Taekwondo ITF;<\/p>\n\n\n\n<p>\u2013 Sergiu O\u0163el, campion European, Vice-Campion Mondial la Lupta Universal\u0103;<\/p>\n\n\n\n<p>\u2013 Alexandru Golban, medaliat cu argint, Cupa Mondial\u0103 la Kickboxing;<\/p>\n\n\n\n<p>\u2013 Dumitru Balan, campion European la Taekwondo ITF;<\/p>\n\n\n\n<p>\u2013 Irina Tataru, medaliat\u0103 cu bronz la Campionatul European la Sambo;<\/p>\n\n\n\n<p>\u2013 Maxim Ciubaciuc, campion Mondial la Box Tailandez;<\/p>\n\n\n\n<p>\u2013 Vladislav Nimerenco, campion Mondial la Lupta universal\u0103;<\/p>\n\n\n\n<p>\u2013 Andrian Gologan, de\u021bin\u0103tor al Cupei Europei la Kickboxing;<\/p>\n\n\n\n<p>\u2013 Natalia Priscepa, participant\u0103 la Jocurile Olimpice la Haltere;<\/p>\n\n\n\n<p>\u2013 Mihail Munteanu, participant la Campionatul Mondial la Box;<\/p>\n\n\n\n<p>\u2013 Vasilii Dovzii, campion Mondial la carate;<\/p>\n\n\n\n<p>\u2013 Egor Bejenaru, medaliat cu bronz la Campionatul European la Box;<\/p>\n\n\n\n<p>\u2013 Artiom Livadari, Vice-Campion Mondial la Muay Thai, Campion la jocurile Europene la Muay Thai.<\/p>\n\n\n\n<p>De\u015fi Academia \u201e\u015etefan cel Mare\u201d a MAI este o institu\u0163ie destul de t\u00e2n\u0103r\u0103, \u00een cadrul ei au fost preg\u0103ti\u0163i un num\u0103r mare de sportivi de talie na\u0163ional\u0103 \u015fi interna\u0163ional\u0103:<\/p>\n\n\n\n<p>\u2013 31 mae\u015ftri ai sportului ai Republicii Moldova;<\/p>\n\n\n\n<p>\u2013 20 mae\u015ftri ai sportului de clas\u0103 interna\u0163ional\u0103.<\/p>\n","protected":false},"excerpt":{"rendered":"<p>Catedra Educa\u0163ie Fizic\u0103 \u015fi Autoap\u0103rare are un rol important \u00een organizarea \u015fi desf\u0103\u015furarea procesului instructiv-educativ al studen\u0163ilor Academiei \u201e\u015etefan cel Mare\u201d a MAI \u015fi \u00een perfec\u0163ionarea nivelului profesional al angaja\u0163ilor [&hellip;]<\/p>\n","protected":false},"author":12,"featured_media":0,"parent":1377,"menu_order":0,"comment_status":"closed","ping_status":"closed","template":"","meta":[],"translation":{"provider":"WPGlobus","version":"2.12.2","language":"gb","enabled_languages":["ro","gb"],"languages":{"ro":{"title":true,"content":true,"excerpt":false},"gb":{"title":false,"content":false,"excerpt":false}}},"acf":[],"_links":{"self":[{"href":"https:\/\/academy.police.md\/gb\/wp-json\/wp\/v2\/pages\/3478"}],"collection":[{"href":"https:\/\/academy.police.md\/gb\/wp-json\/wp\/v2\/pages"}],"about":[{"href":"https:\/\/academy.police.md\/gb\/wp-json\/wp\/v2\/types\/page"}],"author":[{"embeddable":true,"href":"https:\/\/academy.police.md\/gb\/wp-json\/wp\/v2\/users\/12"}],"replies":[{"embeddable":true,"href":"https:\/\/academy.police.md\/gb\/wp-json\/wp\/v2\/comments?post=3478"}],"version-history":[{"count":3,"href":"https:\/\/academy.police.md\/gb\/wp-json\/wp\/v2\/pages\/3478\/revisions"}],"predecessor-version":[{"id":25526,"href":"https:\/\/academy.police.md\/gb\/wp-json\/wp\/v2\/pages\/3478\/revisions\/25526"}],"up":[{"embeddable":true,"href":"https:\/\/academy.police.md\/gb\/wp-json\/wp\/v2\/pages\/1377"}],"wp:attachment":[{"href":"https:\/\/academy.police.md\/gb\/wp-json\/wp\/v2\/media?parent=3478"}],"curies":[{"name":"wp","href":"https:\/\/api.w.org\/{rel}","templated":true}]}}