{"id":3414,"date":"2021-06-16T13:19:33","date_gmt":"2021-06-16T13:19:33","guid":{"rendered":"http:\/\/academy.police.md\/?page_id=3414"},"modified":"2026-04-01T08:27:05","modified_gmt":"2026-04-01T05:27:05","slug":"cercul-stiintific-al-catedrei-ppcsi","status":"publish","type":"page","link":"https:\/\/academy.police.md\/gb\/catedre\/catedra-procedura-penala-criminalistica-si-securitate-informationala\/cercul-stiintific-al-catedrei-ppcsi","title":{"rendered":"Cercul \u015ftiin\u0163ific al catedrei PPCSI"},"content":{"rendered":"<p class=\"has-text-align-left\">Cercul \u015etiin\u0163ific Studen\u0163esc \u201eLEX\u201d al Catedrei \u201eProcedur\u0103 penal\u0103, Criminalistic\u0103 \u015fi Securitatea informa\u0163ional\u201d reprezint\u0103 o structura \u015ftiinifico-didactica a catedrei. Activitatea cercului este axata pe instruirea \u015ftiin\u0163ific\u0103 \u015fi metodologic\u0103 extracuricular\u0103 \u015fi voluntar\u0103 de comun acorda a cardelor didactice \u015fi studen\u0163ilor care manifest\u0103 interese \u015ftiin\u0163ifice ce dep\u0103\u015fesc programele obi\u015fnuite de instruire.<\/p>\n\n\n<p>Scopul activit\u0103\u0163ii cercului const\u0103 \u00een dezvoltarea abilita\u021bilor \u0219tiin\u021bifice de cercetare, aprofundarea cuno\u015ftin\u0163elor \u00een domeniul jurispruden\u021bei, cizelarea spiritului analitic \u015fi critic a studen\u0163ilor Facult\u0103\u0163ii Drept, Administrare, Ordine \u015fi Securitate Public\u0103 a Academiei \u201e\u015etefan cel Mare\u201d a MAI.<\/p>\n\n\n\n<p>Cercul \u015ftiin\u0163ific studen\u0163esc \u201eLEX\u201d este coordonat de c\u0103tre, cadrele didactice responsabile de activitatea \u0219tiin\u021bifica \u00een cadrul catedrei.<\/p>\n\n\n\n<p>Membrii cercului \u015ftiin\u0163ific sunt studen\u0163ii Facult\u0103\u0163ii Drept, Ordine Public\u0103 \u015fi Securitate Civil\u0103, domeniul Drept, forma de \u00eenv\u0103\u0163\u0103m\u00e2nt zi \u015fi frecven\u0163\u0103 redus\u0103 (anul de studii II, III, IV), domeniul Protec\u0163iei Persoanei \u015fi a Propriet\u0103\u0163ii forma de \u00eenv\u0103\u0163\u0103m\u00e2nt zi (anul II de studii).<\/p>\n\n\n\n<p>Activitatea cercului \u015ftiin\u0163ific \u201eLEX\u201d este desf\u0103\u015furat\u0103 pe baza unei tematici prestabilite \u00een conformitate cu planul de cercet\u0103ri a Academiei \u201e\u015etefan cel Mare\u201d a MAI \u015fi a Catedrei \u201eProcedur\u0103 penal\u0103, Criminalistic\u0103 \u015fi securitate informa\u021bionala\u201d. Tematica cercet\u0103rilor \u0219tiin\u021bifice ax\u00e2ndu-se pe domeniile\/ discipline predate \u00een cadrul catedrei. Esen\u021ba tematicii \u0219tiin\u021bifice este supus\u0103 unei evalu\u0103ri permanente pentru a \u00eencadra problematica doctrinar\u0103, practica judiciar\u0103 actuala existent\u0103.<br><\/p>\n\n\n\n<p><a href=\"\/wp-content\/uploads\/2026\/04\/IMG_0001.pdf\">Lista membrilor cercului \u0219tiin\u021bific studen\u021besc \u201eLEX\u201d din cadrul Catedrei \u201eProcedur\u0103 \u0440\u0435n\u0430l\u0103, criminalistic\u0103 \u0219i securitate<br>informa\u021bional\u0103&#8221;<\/a><\/p>\n\n\n\n<p><a href=\"\/wp-content\/uploads\/2026\/04\/IMG_0002.pdf\">PLAN de activitate al Cercului \u0219tiin\u021bific stud\u0435n\u021b\u0435s\u0441 ,,LEX&#8221; din cadrul Catedrei \u201eProcedur\u0103 \u0440\u0435n\u0430l\u0103, criminalistic\u0103 \u0219i securitate informa\u021bional\u0103&#8221;<\/a><\/p>\n\n\n\n<figure class=\"wp-block-gallery columns-3 is-cropped\"><ul class=\"blocks-gallery-grid\"><li class=\"blocks-gallery-item\"><figure><img loading=\"lazy\" width=\"1024\" height=\"643\" src=\"\/wp-content\/uploads\/2025\/05\/2-16-1024x643.jpg\" alt=\"\" data-id=\"25317\" data-full-url=\"\/wp-content\/uploads\/2025\/05\/2-16-scaled.jpg\" data-link=\"https:\/\/academy.police.md\/catedre\/catedra-procedura-penala-criminalistica-si-securitate-informationala\/cercul-stiintific-al-catedrei-ppcsi\/2-16-6\" class=\"wp-image-25317\" srcset=\"\/wp-content\/uploads\/2025\/05\/2-16-1024x643.jpg 1024w, \/wp-content\/uploads\/2025\/05\/2-16-300x188.jpg 300w, \/wp-content\/uploads\/2025\/05\/2-16-768x482.jpg 768w, \/wp-content\/uploads\/2025\/05\/2-16-1536x964.jpg 1536w, \/wp-content\/uploads\/2025\/05\/2-16-2048x1286.jpg 2048w\" sizes=\"(max-width: 1024px) 100vw, 1024px\" \/><\/figure><\/li><li class=\"blocks-gallery-item\"><figure><img loading=\"lazy\" width=\"1024\" height=\"683\" src=\"\/wp-content\/uploads\/2025\/05\/DSC_0104-1024x683.jpg\" alt=\"\" data-id=\"25318\" data-full-url=\"\/wp-content\/uploads\/2025\/05\/DSC_0104-scaled.jpg\" data-link=\"https:\/\/academy.police.md\/catedre\/catedra-procedura-penala-criminalistica-si-securitate-informationala\/cercul-stiintific-al-catedrei-ppcsi\/dsc_0104\" class=\"wp-image-25318\" srcset=\"\/wp-content\/uploads\/2025\/05\/DSC_0104-1024x683.jpg 1024w, \/wp-content\/uploads\/2025\/05\/DSC_0104-300x200.jpg 300w, \/wp-content\/uploads\/2025\/05\/DSC_0104-768x512.jpg 768w, \/wp-content\/uploads\/2025\/05\/DSC_0104-1536x1024.jpg 1536w, \/wp-content\/uploads\/2025\/05\/DSC_0104-2048x1365.jpg 2048w\" sizes=\"(max-width: 1024px) 100vw, 1024px\" \/><\/figure><\/li><li class=\"blocks-gallery-item\"><figure><img loading=\"lazy\" width=\"1024\" height=\"614\" src=\"\/wp-content\/uploads\/2025\/05\/DSC_0114-1024x614.jpg\" alt=\"\" data-id=\"25319\" data-full-url=\"\/wp-content\/uploads\/2025\/05\/DSC_0114-scaled.jpg\" data-link=\"https:\/\/academy.police.md\/catedre\/catedra-procedura-penala-criminalistica-si-securitate-informationala\/cercul-stiintific-al-catedrei-ppcsi\/dsc_0114\" class=\"wp-image-25319\" srcset=\"\/wp-content\/uploads\/2025\/05\/DSC_0114-1024x614.jpg 1024w, \/wp-content\/uploads\/2025\/05\/DSC_0114-300x180.jpg 300w, \/wp-content\/uploads\/2025\/05\/DSC_0114-768x460.jpg 768w, \/wp-content\/uploads\/2025\/05\/DSC_0114-1536x921.jpg 1536w, \/wp-content\/uploads\/2025\/05\/DSC_0114-2048x1228.jpg 2048w\" sizes=\"(max-width: 1024px) 100vw, 1024px\" \/><\/figure><\/li><li class=\"blocks-gallery-item\"><figure><img loading=\"lazy\" width=\"1024\" height=\"683\" src=\"\/wp-content\/uploads\/2025\/05\/DSC_0171-1024x683.jpg\" alt=\"\" data-id=\"25320\" data-full-url=\"\/wp-content\/uploads\/2025\/05\/DSC_0171-scaled.jpg\" data-link=\"https:\/\/academy.police.md\/catedre\/catedra-procedura-penala-criminalistica-si-securitate-informationala\/cercul-stiintific-al-catedrei-ppcsi\/dsc_0171\" class=\"wp-image-25320\" srcset=\"\/wp-content\/uploads\/2025\/05\/DSC_0171-1024x683.jpg 1024w, \/wp-content\/uploads\/2025\/05\/DSC_0171-300x200.jpg 300w, \/wp-content\/uploads\/2025\/05\/DSC_0171-768x512.jpg 768w, \/wp-content\/uploads\/2025\/05\/DSC_0171-1536x1024.jpg 1536w, \/wp-content\/uploads\/2025\/05\/DSC_0171-2048x1365.jpg 2048w\" sizes=\"(max-width: 1024px) 100vw, 1024px\" \/><\/figure><\/li><li class=\"blocks-gallery-item\"><figure><img loading=\"lazy\" width=\"1024\" height=\"683\" src=\"\/wp-content\/uploads\/2025\/05\/DSC_0181-1024x683.jpg\" alt=\"\" data-id=\"25321\" data-full-url=\"\/wp-content\/uploads\/2025\/05\/DSC_0181-scaled.jpg\" data-link=\"https:\/\/academy.police.md\/catedre\/catedra-procedura-penala-criminalistica-si-securitate-informationala\/cercul-stiintific-al-catedrei-ppcsi\/dsc_0181\" class=\"wp-image-25321\" srcset=\"\/wp-content\/uploads\/2025\/05\/DSC_0181-1024x683.jpg 1024w, \/wp-content\/uploads\/2025\/05\/DSC_0181-300x200.jpg 300w, \/wp-content\/uploads\/2025\/05\/DSC_0181-768x512.jpg 768w, \/wp-content\/uploads\/2025\/05\/DSC_0181-1536x1024.jpg 1536w, \/wp-content\/uploads\/2025\/05\/DSC_0181-2048x1365.jpg 2048w\" sizes=\"(max-width: 1024px) 100vw, 1024px\" \/><\/figure><\/li><li class=\"blocks-gallery-item\"><figure><img loading=\"lazy\" width=\"1024\" height=\"724\" src=\"\/wp-content\/uploads\/2025\/05\/\u0438\u0437\u043e\u0431\u0440\u0430\u0436\u0435\u043d\u0438\u0435_viber_2022-11-24_14-54-28-724-1024x724.jpg\" alt=\"\" data-id=\"25322\" data-full-url=\"\/wp-content\/uploads\/2025\/05\/\u0438\u0437\u043e\u0431\u0440\u0430\u0436\u0435\u043d\u0438\u0435_viber_2022-11-24_14-54-28-724.jpg\" data-link=\"https:\/\/academy.police.md\/catedre\/catedra-procedura-penala-criminalistica-si-securitate-informationala\/cercul-stiintific-al-catedrei-ppcsi\/%d0%b8%d0%b7%d0%be%d0%b1%d1%80%d0%b0%d0%b6%d0%b5%d0%bd%d0%b8%d0%b5_viber_2022-11-24_14-54-28-724-2\" class=\"wp-image-25322\" srcset=\"\/wp-content\/uploads\/2025\/05\/\u0438\u0437\u043e\u0431\u0440\u0430\u0436\u0435\u043d\u0438\u0435_viber_2022-11-24_14-54-28-724-1024x724.jpg 1024w, \/wp-content\/uploads\/2025\/05\/\u0438\u0437\u043e\u0431\u0440\u0430\u0436\u0435\u043d\u0438\u0435_viber_2022-11-24_14-54-28-724-300x212.jpg 300w, \/wp-content\/uploads\/2025\/05\/\u0438\u0437\u043e\u0431\u0440\u0430\u0436\u0435\u043d\u0438\u0435_viber_2022-11-24_14-54-28-724-768x543.jpg 768w, \/wp-content\/uploads\/2025\/05\/\u0438\u0437\u043e\u0431\u0440\u0430\u0436\u0435\u043d\u0438\u0435_viber_2022-11-24_14-54-28-724-1536x1086.jpg 1536w, \/wp-content\/uploads\/2025\/05\/\u0438\u0437\u043e\u0431\u0440\u0430\u0436\u0435\u043d\u0438\u0435_viber_2022-11-24_14-54-28-724.jpg 1600w\" sizes=\"(max-width: 1024px) 100vw, 1024px\" \/><\/figure><\/li><li class=\"blocks-gallery-item\"><figure><img loading=\"lazy\" width=\"1024\" height=\"768\" src=\"\/wp-content\/uploads\/2025\/05\/\u0438\u0437\u043e\u0431\u0440\u0430\u0436\u0435\u043d\u0438\u0435_viber_2024-11-22_14-44-01-782-1024x768.jpg\" alt=\"\" data-id=\"25323\" data-full-url=\"\/wp-content\/uploads\/2025\/05\/\u0438\u0437\u043e\u0431\u0440\u0430\u0436\u0435\u043d\u0438\u0435_viber_2024-11-22_14-44-01-782.jpg\" data-link=\"https:\/\/academy.police.md\/catedre\/catedra-procedura-penala-criminalistica-si-securitate-informationala\/cercul-stiintific-al-catedrei-ppcsi\/%d0%b8%d0%b7%d0%be%d0%b1%d1%80%d0%b0%d0%b6%d0%b5%d0%bd%d0%b8%d0%b5_viber_2024-11-22_14-44-01-782\" class=\"wp-image-25323\" srcset=\"\/wp-content\/uploads\/2025\/05\/\u0438\u0437\u043e\u0431\u0440\u0430\u0436\u0435\u043d\u0438\u0435_viber_2024-11-22_14-44-01-782-1024x768.jpg 1024w, \/wp-content\/uploads\/2025\/05\/\u0438\u0437\u043e\u0431\u0440\u0430\u0436\u0435\u043d\u0438\u0435_viber_2024-11-22_14-44-01-782-300x225.jpg 300w, \/wp-content\/uploads\/2025\/05\/\u0438\u0437\u043e\u0431\u0440\u0430\u0436\u0435\u043d\u0438\u0435_viber_2024-11-22_14-44-01-782-768x576.jpg 768w, \/wp-content\/uploads\/2025\/05\/\u0438\u0437\u043e\u0431\u0440\u0430\u0436\u0435\u043d\u0438\u0435_viber_2024-11-22_14-44-01-782.jpg 1280w\" sizes=\"(max-width: 1024px) 100vw, 1024px\" \/><\/figure><\/li><li class=\"blocks-gallery-item\"><figure><img loading=\"lazy\" width=\"1024\" height=\"576\" src=\"\/wp-content\/uploads\/2025\/05\/\u0438\u0437\u043e\u0431\u0440\u0430\u0436\u0435\u043d\u0438\u0435_viber_2024-11-22_15-02-45-790-1024x576.jpg\" alt=\"\" data-id=\"25324\" data-full-url=\"\/wp-content\/uploads\/2025\/05\/\u0438\u0437\u043e\u0431\u0440\u0430\u0436\u0435\u043d\u0438\u0435_viber_2024-11-22_15-02-45-790.jpg\" data-link=\"https:\/\/academy.police.md\/catedre\/catedra-procedura-penala-criminalistica-si-securitate-informationala\/cercul-stiintific-al-catedrei-ppcsi\/%d0%b8%d0%b7%d0%be%d0%b1%d1%80%d0%b0%d0%b6%d0%b5%d0%bd%d0%b8%d0%b5_viber_2024-11-22_15-02-45-790\" class=\"wp-image-25324\" srcset=\"\/wp-content\/uploads\/2025\/05\/\u0438\u0437\u043e\u0431\u0440\u0430\u0436\u0435\u043d\u0438\u0435_viber_2024-11-22_15-02-45-790-1024x576.jpg 1024w, \/wp-content\/uploads\/2025\/05\/\u0438\u0437\u043e\u0431\u0440\u0430\u0436\u0435\u043d\u0438\u0435_viber_2024-11-22_15-02-45-790-300x169.jpg 300w, \/wp-content\/uploads\/2025\/05\/\u0438\u0437\u043e\u0431\u0440\u0430\u0436\u0435\u043d\u0438\u0435_viber_2024-11-22_15-02-45-790-768x432.jpg 768w, \/wp-content\/uploads\/2025\/05\/\u0438\u0437\u043e\u0431\u0440\u0430\u0436\u0435\u043d\u0438\u0435_viber_2024-11-22_15-02-45-790-1536x864.jpg 1536w, \/wp-content\/uploads\/2025\/05\/\u0438\u0437\u043e\u0431\u0440\u0430\u0436\u0435\u043d\u0438\u0435_viber_2024-11-22_15-02-45-790.jpg 1800w\" sizes=\"(max-width: 1024px) 100vw, 1024px\" \/><\/figure><\/li><\/ul><\/figure>\n","protected":false},"excerpt":{"rendered":"<p>Cercul \u015etiin\u0163ific Studen\u0163esc \u201eLEX\u201d al Catedrei \u201eProcedur\u0103 penal\u0103, Criminalistic\u0103 \u015fi Securitatea informa\u0163ional\u201d reprezint\u0103 o structura \u015ftiinifico-didactica a catedrei. Activitatea cercului este axata pe instruirea \u015ftiin\u0163ific\u0103 \u015fi metodologic\u0103 extracuricular\u0103 \u015fi voluntar\u0103 [&hellip;]<\/p>\n","protected":false},"author":10,"featured_media":0,"parent":1369,"menu_order":0,"comment_status":"closed","ping_status":"closed","template":"","meta":[],"translation":{"provider":"WPGlobus","version":"2.12.2","language":"gb","enabled_languages":["ro","gb"],"languages":{"ro":{"title":true,"content":true,"excerpt":false},"gb":{"title":false,"content":false,"excerpt":false}}},"acf":[],"_links":{"self":[{"href":"https:\/\/academy.police.md\/gb\/wp-json\/wp\/v2\/pages\/3414"}],"collection":[{"href":"https:\/\/academy.police.md\/gb\/wp-json\/wp\/v2\/pages"}],"about":[{"href":"https:\/\/academy.police.md\/gb\/wp-json\/wp\/v2\/types\/page"}],"author":[{"embeddable":true,"href":"https:\/\/academy.police.md\/gb\/wp-json\/wp\/v2\/users\/10"}],"replies":[{"embeddable":true,"href":"https:\/\/academy.police.md\/gb\/wp-json\/wp\/v2\/comments?post=3414"}],"version-history":[{"count":5,"href":"https:\/\/academy.police.md\/gb\/wp-json\/wp\/v2\/pages\/3414\/revisions"}],"predecessor-version":[{"id":31686,"href":"https:\/\/academy.police.md\/gb\/wp-json\/wp\/v2\/pages\/3414\/revisions\/31686"}],"up":[{"embeddable":true,"href":"https:\/\/academy.police.md\/gb\/wp-json\/wp\/v2\/pages\/1369"}],"wp:attachment":[{"href":"https:\/\/academy.police.md\/gb\/wp-json\/wp\/v2\/media?parent=3414"}],"curies":[{"name":"wp","href":"https:\/\/api.w.org\/{rel}","templated":true}]}}