{"id":3408,"date":"2021-06-16T13:11:49","date_gmt":"2021-06-16T13:11:49","guid":{"rendered":"http:\/\/academy.police.md\/?page_id=3408"},"modified":"2025-10-23T15:12:07","modified_gmt":"2025-10-23T12:12:07","slug":"prezentare-generala-a-catedrei-ppcsi","status":"publish","type":"page","link":"https:\/\/academy.police.md\/gb\/catedre\/catedra-procedura-penala-criminalistica-si-securitate-informationala\/prezentare-generala-a-catedrei-ppcsi","title":{"rendered":"Prezentare general\u0103 a catedrei PPCSI"},"content":{"rendered":"\n<p>Catedra \u201eProcedur\u0103 penal\u0103, criminalistic\u0103 \u0219i securitate informa\u021bional\u0103\u201d este o subdiviziune structural\u0103 fundamental\u0103 a Academiei \u201e\u0218tefan cel Mare\u201d, care func\u0163ioneaz\u0103 \u00een baza prevederilor legisla\u0163iei \u00een vigoare, Statutului, regulamentelor \u015fi instruc\u0163iunilor institu\u0163iei de \u00eenv\u0103\u021b\u0103m\u00e2nt superior.<\/p>\n\n\n\n<p>Catedra are drept scop organizarea \u015fi realizarea la un nivel \u00eenalt a activit\u0103\u0163ilor didactice \u015fi \u015ftiin\u0163ifice, metodice, consultative la una sau mai multe unit\u0103\u0163i de curs (discipline) \u00eenrudite.<\/p>\n\n\n\n<p>Catedra are urm\u0103toarele atribu\u0163ii:<\/p>\n\n\n\n<ol type=\"a\"><li>proiectarea, organizarea \u015fi realizarea procesului didactic;<\/li><li>proiectarea, organizarea \u015fi realizarea cercet\u0103rilor \u015ftiin\u0163ifice;<\/li><li>evaluarea activit\u0103\u0163ilor didactice, metodice \u015fi de cercetare;<\/li><li>asigurarea metodic\u0103 a procesului didactic;<\/li><li>asigurarea calit\u0103\u0163ii studiilor;<\/li><li>preg\u0103tirea \u015fi perfec\u0163ionarea cadrelor \u015ftiin\u0163ifice \u015fi didactice prin doctorat \u015fi postdoctorat;<\/li><li>asigurarea activit\u0103\u0163ilor educative cu studen\u0163ii.<\/li><\/ol>\n\n\n\n<p>\u00cen plan didactic, catedra este o unitate structural\u0103 complex\u0103, care asigur\u0103 totalitatea activit\u0103\u0163ilor \u015ftiin\u0163ifico-didactice:<\/p>\n\n\n\n<ul><li>activitatea didactic\u0103 auditorial\u0103 \u015fi neauditorial\u0103;<\/li><li>activitatea de cercetare;<\/li><li>activitatea metodic\u0103.<\/li><\/ul>\n\n\n\n<h2>Activitatea didactic\u0103<\/h2>\n\n\n\n<p>\u00cen plan didactic, Catedra \u201eProcedur\u0103 penal\u0103, criminalistic\u0103 \u0219i securitate informa\u021bional\u0103\u201d este o unitate structural\u0103 complex\u0103, care asigur\u0103 totalitatea activit\u0103\u0163ilor didactice (prelegeri, seminare, consulta\u0163ii, stagii de practic\u0103, \u00eendrumarea individual\u0103 a studen\u0163ilor etc.) \u00een cadrul Facult\u0103\u0163ii Drept, Administrare, Ordine \u015fi Securitate Public\u0103 a Academiei \u201e\u0218tefan cel Mare\u201d a MAI.<\/p>\n\n\n\n<p><strong>Activitatea didactic\u0103 auditorial\u0103 (contact direct cu studen\u0163ii), se realizeaz\u0103 prin:<\/strong><\/p>\n\n\n\n<ul><li>ore de curs;<\/li><li>seminare, lucr\u0103ri de laborator, lucr\u0103ri practice, lucr\u0103ri de proiectare, stagii didactice\/ clinice \u015fi alte forme aprobate de senat.<\/li><\/ul>\n\n\n\n<p><strong>Activitatea didactic\u0103 neauditorial\u0103 se realizeaz\u0103 prin:<\/strong><\/p>\n\n\n\n<ul><li>conducerea stagiilor de practic\u0103;<\/li><li>conducerea activit\u0103\u0163ilor didactico-artistice sau sportive;<\/li><li>conducerea proiectelor sau tezelor de licen\u0163\u0103, de master, de doctorat;<\/li><li>monitorizarea activit\u0103\u0163ii individuale a studen\u0163ilor;<\/li><li>activit\u0103\u0163i de evaluare \u015fi monitorizare;<\/li><li>consulta\u0163ii, ghidare direct\u0103 a activit\u0103\u0163ii individuale a studentului;<\/li><li>alte activit\u0103\u0163i prev\u0103zute de regulamentele institu\u0163ionale.<\/li><\/ul>\n\n\n\n<p><strong>Nomenclatorul unit\u0103\u0163ilor de curs include:<\/strong><\/p>\n\n\n\n<p><em>Ciclul &#8211; <\/em>I studii superioare de licen\u021b\u0103<\/p>\n\n\n\n<p>Facultatea Drept, administra\u0163ie, ordine \u015fi securitate public\u0103, programul de studii drept, <strong>\u00eenv\u0103\u0163\u0103m\u00e2nt cu frecven\u0163\u0103 (buget\/tax\u0103)<\/strong><\/p>\n\n\n\n<ul><li>Drept procesual penal<\/li><li>Mod. de orien. spre spec. (AUP)<\/li><li>Disc. de orient. spre spec (EC)<\/li><li>Modulul: Criminalistica. Expertiza judiciar\u0103.<\/li><li>Modulul: Medicin\u0103 legal\u0103\/Psihiatria judiciar\u0103.<\/li><li>Cercetarea scrierea \u015fi argumentarea juridic\u0103<\/li><li>Stagiul de practic\u0103<\/li><\/ul>\n\n\n\n<p>Facultatea Drept, administra\u0163ie, ordine \u015fi securitate public\u0103, programul de studii Drept, <strong><u>\u00ee<\/u><\/strong><strong><u>nv\u0103\u0163\u0103m\u00e2nt cu frecven\u0163\u0103 redus\u0103 (buget\/tax\u0103)<\/u><\/strong><\/p>\n\n\n\n<ul><li>Drept procesual penal<\/li><li>Criminalistica (Tehnica criminalistic\u0103)<\/li><li>Criminalistica (Tactica criminalistic\u0103)<\/li><li>Modulul: Criminalistica\/Expertiza judiciar\u0103<\/li><li>Mod: Med. legal\u0103. Psih.judic.<\/li><li>Mod. de orient. spre spec. UP<\/li><li>Disc. de orient. spre spec. UP<\/li><li>Stagiul de practic\u0103<\/li><\/ul>\n\n\n\n<p>Facultatea Drept, administra\u0163ie, ordine \u015fi securitate public\u0103, programul de studii Administra\u0163ie public\u0103, <strong><u>\u00eenv\u0103\u0163\u0103m\u00e2nt cu frecven\u0163\u0103 (buget\/tax\u0103)<\/u><\/strong><\/p>\n\n\n\n<ul><li>Tehnologii informa\u021bionale de comunicare<\/li><li>Guvernarea electronic\u0103<\/li><li>MDJF: Drept procesual penal<\/li><li>MDJF: Criminalistica<\/li><\/ul>\n\n\n\n<p>Facultatea Drept, administra\u0163ie, ordine \u015fi securitate public\u0103, programul de studii Securitate civil\u0103 \u015fi public\u0103,<strong> \u00eenv\u0103\u0163\u0103m\u00e2nt cu frecven\u0163\u0103 (buget)<\/strong><\/p>\n\n\n\n<ul><li>Modulul: Dr. procesual penal\/Criminalistica<\/li><li>Modulul: Dr. procesual penal\/Criminalistica<\/li><li>Medicina \u015fi psihiatria legal\u0103<\/li><li>Expertiza judiciar\u0103<\/li><li>Tehnologii informa\u021bionale<\/li><li>Securitate informa\u021bional\u0103<\/li><\/ul>\n\n\n\n<p>Facultatea Drept, administra\u0163ie, ordine \u015fi securitate public\u0103, programul de studii Securitatea frontierei, migra\u0163ie \u015fi azil, &nbsp;<strong><u>\u00eenv\u0103\u0163\u0103m\u00e2nt cu frecven\u0163\u0103 (buget)<\/u><\/strong><\/p>\n\n\n\n<ul><li>Modulul: Dr. procesual penal\/Criminalistica<\/li><li>Modulul: Dr. procesual penal\/Criminalistica<\/li><li>Medicina \u015fi psihiatria legal\u0103<\/li><li>Expertiza judiciar\u0103<\/li><li>Tehnologii informa\u021bionale<\/li><li>Securitate informa\u021bional\u0103<\/li><\/ul>\n\n\n\n<p><em>Ciclul &#8211; II studii superioare masterat, specialitatea Activitatea de Urm\u0103rire Penal\u0103 (cu frecven\u021b\u0103 90ECTS)<\/em><\/p>\n\n\n\n<ul><li>Metodologia \u0219i etica cercet\u0103rii \u00een activitatea de urm\u0103rire penal\u0103<\/li><li>Managementul urm\u0103ririi penale<\/li><li>Respectarea drepturilor omului \u00een procesul penal<\/li><li>Asisten\u021b\u0103 juridic\u0103 interna\u021bional\u0103 \u00een materie penal\u0103<\/li><li>Cuno\u0219tin\u021bele speciale \u00een procesul penal<\/li><li>Judecarea cauzelor penale<\/li><li>Tactica ac\u021biunilor de urm\u0103rire penal\u0103<\/li><li>Controlul judiciar asupra urm\u0103ririi penale<\/li><li>Criminalistica: mijloace \u0219i metode moderne de investigare a infrac\u021biunilor<\/li><li>Probleme actuale \u00een activitatea de urm\u0103rire penal\u0103<\/li><li>M\u0103suri speciale de investiga\u021bii \u00een procesul penal<\/li><li>Proceduri speciale \u00een activitatea de urm\u0103rire penal\u0103<\/li><li>Justi\u021bia pentru copii<\/li><\/ul>\n\n\n\n<p><em>Ciclul &#8211; II studii superioare masterat, specialitatea Drept Penal (cu frecven\u021b\u0103 90\/120 ECTS)<\/em><\/p>\n\n\n\n<ul><li>Justi\u021bia pentru copii<\/li><li>Asisten\u021b\u0103 juridic\u0103 interna\u021bional\u0103 \u00een materie penal\u0103<\/li><li>Procedura \u0219i practica CEDO<\/li><\/ul>\n\n\n\n<p><em>Ciclul &#8211; III studii superioare de doctorat (cu frecven\u021b\u0103 specialitatea 554.03 &nbsp;544.04: Criminalistica, expertiza judiciar\u0103 \u0219i investiga\u021bii operative)<\/em><\/p>\n\n\n\n<ul><li>Scriere academic\u0103 \u0219i comunicare \u0219tiin\u021bific\u0103<\/li><li>Tendin\u0163e actuale \u00een asigurarea drepturilor omului \u00een cadrul procesului penal<\/li><li>Metode \u0219i instrumente de cercetare \u0219tiin\u021bific\u0103 \u00een domeniul Dreptului procesul penal<\/li><li>Teoriile \u0219tiin\u021bei criminalistice<\/li><li>Jurispruden\u0163ei CtEDO \u00een materie procesual \u2013 penal\u0103<\/li><li>Tendin\u021be actuale \u00een tactica \u0219i metodica criminalistic\u0103<\/li><li>Metode \u0219i instrumente de cercetare \u0219tiin\u021bific\u0103 \u00een domeniul tehnicii criminalistice \u0219i expertizei judiciare<\/li><li>Tendin\u0163e actuale \u00een asigurarea drepturilor omului \u00een cadrul procesului penal<\/li><\/ul>\n\n\n\n<p><em>Departamentul Dezvoltare Profesional\u0103<\/em><\/p>\n\n\n\n<ul><li>Tehnologia Informa\u0163iei<\/li><\/ul>\n\n\n\n<h2>Activitatea de cercetare \u015ftiin\u0163ific\u0103<\/h2>\n\n\n\n<p>Un aspect deosebit de important \u00een activitatea membrilor catedrei pe parcursul existen\u0163ei a fost activitatea \u015ftiin\u0163ific\u0103, activitate care, prin intermediul articolelor \u015fi lucr\u0103rilor elaborate, abordeaz\u0103 multiple probleme cu care se confrunt\u0103 at\u00e2t teoreticienii, c\u00e2t \u015fi practicienii \u00een domeniul dreptului procesual-penal, criminalistic, securit\u0103\u021bii informa\u021bionale etc.<\/p>\n\n\n\n<p>Membrii catedrei \u00een diferite perioade au realizat un spectru bogat de lucr\u0103ri \u0219tiin\u021bifice, unele dintre care au fost apreciate cu diploma \u201eCea mai bun\u0103 publica\u0163ie a anului\u201d: Iurie Odagiu, Anatol Andronache, Natalia Popu\u015foi, Corneliu Burbulea, Ion Caminschii, Sergiu Nestor, <em>Acte procedurale \u00eentocmite \u00een faza de urm\u0103rire penal\u0103<\/em>, Chi\u0219in\u0103u 2008; Iurie Odagiu, Lilian Luchin, <em>Expertize judiciare<\/em>, Chi\u015fin\u0103u, 2011; Constantin Rusnac, Iurie Odagiu, <em>Cercetarea criminalistic\u0103 a faptelor s\u0103v\u00e2r\u0219ite \u00een legitim\u0103 ap\u0103rare<\/em>, Chi\u0219in\u0103u 2016; Radion Cojocaru, Constantin Rusnac, Sofia Pilat, Andrei Cazacicov, <em>Infrac\u0163iunea de \u00eenc\u0103lcare a dreptului de autor \u015fi a drepturilor conexe:<\/em> <em>aspecte conceptuale, \u00eencadrare juridic\u0103, metodica cercet\u0103rii<\/em>, Chi\u0219in\u0103u, 2017; Osoainu Tudor, Odagiu Iurie, Ostavciuc Dinu, Rusnac Constantin <em>Tactica ac\u0163iunilor de urm\u0103rire penal\u0103, <\/em>Chi\u015fin\u0103u 2020; Maftea Serghei, Vrabie Corneliu <em>Ini\u0163iere \u00een HTML 5<\/em>, Chi\u015fi\u0103u, 2020.<\/p>\n\n\n\n<p>Urmeaz\u0103 de specificat c\u0103 contribu\u0163ia colectivului Catedrei \u201eProcedur\u0103 penal\u0103, criminalistic\u0103 \u0219i securitate informa\u021bional\u0103\u201d la dezvoltarea segmentului \u015ftiin\u0163ific al Academiei \u201e\u015etefan cel Mare\u201d se desf\u0103\u015foar\u0103 \u00een special prin:<\/p>\n\n\n\n<ul><li>organizarea \u0219i efectuarea cercet\u0103rilor \u0219tiin\u021bifice;<ul><li>crearea unui mediu de instruire \u015fi cercetare \u015ftiin\u0163ific\u0103, \u00een stare s\u0103 asigure membrilor catedrei dob\u00e2ndirea cuno\u015ftin\u0163elor \u015fi competen\u0163elor necesare desf\u0103\u015fur\u0103rii activit\u0103\u0163ii de c\u0103tre speciali\u015ftii cu studii superioare din educa\u0163ie, cercetare;<\/li><\/ul><ul><li>preg\u0103tirea \u015fi perfec\u0163ionarea cadrelor \u015ftiin\u0163ifice \u015fi didactice prin doctorat;<\/li><\/ul><ul><li>examinarea, discutarea \u015fi aprecierea tezelor de doctor \u015fi de doctor habilitat prezentate la catedr\u0103;<\/li><\/ul><ul><li>implementarea rezultatelor cercet\u0103rilor \u015ftiin\u0163ifice \u00een procesul didactic;<\/li><\/ul><ul><li>editarea de publica\u0163ii neperiodice, monografii, manuale, organizarea de conferin\u0163e, simpozioane, expozi\u0163ii, concursuri de crea\u0163ie a studen\u0163ilor \u00een scopul cre\u015fterii vizibilit\u0103\u0163ii prestigiului \u015ftiin\u0163ific, \u00een plan na\u0163ional \u015fi interna\u0163ional;<\/li><\/ul><ul><li>prezentarea articolelor cu rezultatele cercet\u0103rilor \u015ftiin\u0163ifice proprii spre publicare \u00een reviste \u015ftiin\u0163ifice na\u0163ionale \u015fi interna\u0163ionale;<\/li><\/ul><ul><li>preg\u0103tirea avizelor la monografii, teze de doctor, alte lucr\u0103ri \u015ftiin\u0163ifice recomandate c\u0103tre editare;<\/li><\/ul><ul><li>desf\u0103\u015furarea activit\u0103\u0163ii \u015ftiin\u0163ifice cu studen\u0163ii \u00een cadrul cercului \u015ftiin\u0163ific \u201eLEX\u201d.<\/li><\/ul><ul><li>promovarea rela\u0163iilor de cooperare interna\u0163ional\u0103 \u015fi integrarea \u00een spa\u0163iul european al \u00eenv\u0103\u0163\u0103m\u00e2ntului superior \u015fi al cercet\u0103rii;<\/li><\/ul><ul><li>participarea la proiecte \u015ftiin\u0163ifice na\u0163ionale \u015fi interna\u0163ionale.<\/li><\/ul><\/li><\/ul>\n\n\n\n<h2>Activitatea metodic\u0103<\/h2>\n\n\n\n<p>Activitatea metodic\u0103 este orientat\u0103 spre formarea profesional\u0103 a fiec\u0103rui cadru didactic, spre dezvoltarea poten\u0163ialului creativ, ce contribuie la sporirea calit\u0103\u0163ii \u015fi eficien\u0163ei procesului educa\u0163ional.<\/p>\n\n\n\n<p>Activitatea metodic\u0103 se realizeaz\u0103 prin:<strong><\/strong><\/p>\n\n\n\n<ul><li>preg\u0103tirea pentru predarea cursului;<\/li><li>elaborarea suporturilor de curs;<\/li><li>proiectarea didactic\u0103 a activit\u0103\u0163ilor, inclusiv a celor individuale;<\/li><li>elaborarea de curricula;<\/li><li>elaborarea recomand\u0103rilor metodice pentru studen\u0163i;<\/li><li>elaborarea metodologiilor \u015fi a testelor de evaluare a rezultatelor academice;<\/li><li>conducerea seminarelor metodologice;<\/li><\/ul>\n\n\n\n<p>alte activit\u0103\u0163i prev\u0103zute de regulamentele institu\u0163ionale.<\/p>\n\n\n\n<figure class=\"wp-block-image size-large\"><img loading=\"lazy\" width=\"792\" height=\"170\" src=\"\/wp-content\/uploads\/2021\/07\/image-2.png\" alt=\"\" class=\"wp-image-4158\" srcset=\"\/wp-content\/uploads\/2021\/07\/image-2.png 792w, \/wp-content\/uploads\/2021\/07\/image-2-300x64.png 300w, \/wp-content\/uploads\/2021\/07\/image-2-768x165.png 768w\" sizes=\"(max-width: 792px) 100vw, 792px\" \/><\/figure>\n","protected":false},"excerpt":{"rendered":"<p>Catedra \u201eProcedur\u0103 penal\u0103, criminalistic\u0103 \u0219i securitate informa\u021bional\u0103\u201d este o subdiviziune structural\u0103 fundamental\u0103 a Academiei \u201e\u0218tefan cel Mare\u201d, care func\u0163ioneaz\u0103 \u00een baza prevederilor legisla\u0163iei \u00een vigoare, Statutului, regulamentelor \u015fi instruc\u0163iunilor institu\u0163iei [&hellip;]<\/p>\n","protected":false},"author":12,"featured_media":0,"parent":1369,"menu_order":0,"comment_status":"closed","ping_status":"closed","template":"","meta":[],"translation":{"provider":"WPGlobus","version":"2.12.2","language":"gb","enabled_languages":["ro","gb"],"languages":{"ro":{"title":true,"content":true,"excerpt":false},"gb":{"title":false,"content":false,"excerpt":false}}},"acf":[],"_links":{"self":[{"href":"https:\/\/academy.police.md\/gb\/wp-json\/wp\/v2\/pages\/3408"}],"collection":[{"href":"https:\/\/academy.police.md\/gb\/wp-json\/wp\/v2\/pages"}],"about":[{"href":"https:\/\/academy.police.md\/gb\/wp-json\/wp\/v2\/types\/page"}],"author":[{"embeddable":true,"href":"https:\/\/academy.police.md\/gb\/wp-json\/wp\/v2\/users\/12"}],"replies":[{"embeddable":true,"href":"https:\/\/academy.police.md\/gb\/wp-json\/wp\/v2\/comments?post=3408"}],"version-history":[{"count":5,"href":"https:\/\/academy.police.md\/gb\/wp-json\/wp\/v2\/pages\/3408\/revisions"}],"predecessor-version":[{"id":27925,"href":"https:\/\/academy.police.md\/gb\/wp-json\/wp\/v2\/pages\/3408\/revisions\/27925"}],"up":[{"embeddable":true,"href":"https:\/\/academy.police.md\/gb\/wp-json\/wp\/v2\/pages\/1369"}],"wp:attachment":[{"href":"https:\/\/academy.police.md\/gb\/wp-json\/wp\/v2\/media?parent=3408"}],"curies":[{"name":"wp","href":"https:\/\/api.w.org\/{rel}","templated":true}]}}