{"id":3404,"date":"2021-06-16T13:05:47","date_gmt":"2021-06-16T13:05:47","guid":{"rendered":"http:\/\/academy.police.md\/?page_id=3404"},"modified":"2025-09-02T14:24:55","modified_gmt":"2025-09-02T11:24:55","slug":"componenta-catedrei-ppcsi","status":"publish","type":"page","link":"https:\/\/academy.police.md\/gb\/catedre\/catedra-procedura-penala-criminalistica-si-securitate-informationala\/componenta-catedrei-ppcsi","title":{"rendered":"Componen\u0163a catedrei PPCSI"},"content":{"rendered":"\n<ol type=\"1\"><li>Rusnac Constantin \u2013 \u015eef catedr\u0103, doctor \u00een drept, conf. univ.<\/li><li>Ostavciuc Dinu \u2013 doctor habilitat \u00een drept, conf. univ.<\/li><li>Odagiu Iurie \u2013 doctor \u00een drept, conf. univ.<\/li><li>Maftea Sergiu \u2013 doctor \u00een \u015ftiin\u0163e fizico-matematice<\/li><li>Pilat Sofia \u2013 doctor \u00een drept, conf. univ.<\/li><li>Pilat Artiom \u2013 doctor \u00een drept, conf. univ.<\/li><li>Derenev Serghei \u2013 asistent universitar<\/li><li>Torjinschii Andrei \u2013 ofi\u0163er principal<\/li><li>Cojuhari Svetlana \u2013 ofi\u0163er superior<\/li><li>Osoianu Tudor \u2013 doctor \u00een drept, prof. univ.<\/li><li>Luchin Lilian \u2013 doctor \u00een drept, conf. univ.<\/li><li>Vrabie Corneliu \u2013 asistent universitar<\/li><li>P\u00e2ntea Andrei \u2013 doctor \u00een drept, conf. univ.<\/li><li>Cuv\u015finov Ion \u2013 doctor \u00een \u015ftiin\u0163e medicale, conf. univ., (0,5 cumul extern)<\/li><li>Paustovscaia Natalia \u2013 asistent universitar, (0,5 cumul extern)<\/li><li>Chirtoac\u0103 Ion \u2013 asistent universitar, (0,5 cumul extern)<\/li><li>Scafari Nicolae &#8211; asistent universitar.<\/li><\/ol>\n","protected":false},"excerpt":{"rendered":"<p>Rusnac Constantin \u2013 \u015eef catedr\u0103, doctor \u00een drept, conf. univ. Ostavciuc Dinu \u2013 doctor habilitat \u00een drept, conf. univ. Odagiu Iurie \u2013 doctor \u00een drept, conf. univ. Maftea Sergiu \u2013 [&hellip;]<\/p>\n","protected":false},"author":10,"featured_media":0,"parent":1369,"menu_order":0,"comment_status":"closed","ping_status":"closed","template":"","meta":[],"translation":{"provider":"WPGlobus","version":"2.12.2","language":"gb","enabled_languages":["ro","gb"],"languages":{"ro":{"title":true,"content":true,"excerpt":false},"gb":{"title":false,"content":false,"excerpt":false}}},"acf":[],"_links":{"self":[{"href":"https:\/\/academy.police.md\/gb\/wp-json\/wp\/v2\/pages\/3404"}],"collection":[{"href":"https:\/\/academy.police.md\/gb\/wp-json\/wp\/v2\/pages"}],"about":[{"href":"https:\/\/academy.police.md\/gb\/wp-json\/wp\/v2\/types\/page"}],"author":[{"embeddable":true,"href":"https:\/\/academy.police.md\/gb\/wp-json\/wp\/v2\/users\/10"}],"replies":[{"embeddable":true,"href":"https:\/\/academy.police.md\/gb\/wp-json\/wp\/v2\/comments?post=3404"}],"version-history":[{"count":13,"href":"https:\/\/academy.police.md\/gb\/wp-json\/wp\/v2\/pages\/3404\/revisions"}],"predecessor-version":[{"id":27043,"href":"https:\/\/academy.police.md\/gb\/wp-json\/wp\/v2\/pages\/3404\/revisions\/27043"}],"up":[{"embeddable":true,"href":"https:\/\/academy.police.md\/gb\/wp-json\/wp\/v2\/pages\/1369"}],"wp:attachment":[{"href":"https:\/\/academy.police.md\/gb\/wp-json\/wp\/v2\/media?parent=3404"}],"curies":[{"name":"wp","href":"https:\/\/api.w.org\/{rel}","templated":true}]}}