{"id":3394,"date":"2021-06-16T12:57:06","date_gmt":"2021-06-16T12:57:06","guid":{"rendered":"http:\/\/academy.police.md\/?page_id=3394"},"modified":"2021-07-12T09:01:13","modified_gmt":"2021-07-12T06:01:13","slug":"scurt-istoric-al-catedrei-ppcsi","status":"publish","type":"page","link":"https:\/\/academy.police.md\/gb\/catedre\/catedra-procedura-penala-criminalistica-si-securitate-informationala\/scurt-istoric-al-catedrei-ppcsi","title":{"rendered":"Scurt istoric al catedrei PPCSI"},"content":{"rendered":"\n<div style=\"text-indent: 36pt; text-align: justify;\">Odat\u0103 cu fondarea Academiei Na\u0163ionale de Poli\u021bie \u201e\u0218tefan cel Mare\u201d \u00een anul1991 s-au lansat \u0219i procesele de formare a structurilor \u0219i subdiviziunilor acesteia, care s-au derulat pe etape. Ini\u021bial, at\u00e2t domeniul procesual-penal, c\u00e2t \u0219i criminalistic nu f\u0103ceau parte dintr-un tot \u00eentreg \u0219i erau dezvoltate \u00een catedre diferite. <\/div>\n<div style=\"text-indent: 36pt; text-align: justify;\">Catedra Criminalistic\u0103 a fost fondat\u0103 \u00een anul 1992. La \u00eenceputul existen\u021bei sale catedra a fost condus\u0103 de dl <b>Mihai Gheorghi\u021b\u0103<\/b>, doctor \u00een drept, care de\u021binea func\u021bia de prorector pentru studii a Academiei de Poli\u021bie \u201e\u0218tefan cel Mare\u201d. <\/div>\n<div style=\"text-indent: 36pt; text-align: justify;\">Catedra \u201eCriminalistic\u0103\u201d l-a avut drept prim-\u0219ef pe dl <b>Gheorghe Golubenco<\/b>, din februarie 1992 p\u00e2n\u0103 \u00een iunie 1995. Fiind unul dintre \u00eentemeietorii catedrei \u201eCriminalistic\u0103\u201d, el contribuie substan\u0163ial la consolidarea bazei tehnico-materiale, sporirea nivelului activit\u0103\u0163ii didactice, metodice \u015fi educative. Acest fapt a contribuit la o predare programat\u0103, bine organizat\u0103 \u015fi con\u015ftient\u0103 de comunicare din partea cadrelor didactice bine preg\u0103tite ale catedrei, care de\u0163ineau cuno\u015ftin\u0163e teoretice \u015fi practice.<\/div>\n<div style=\"text-indent: 36pt; text-align: justify;\">Pe parcursul activit\u0103\u0163ii sale profesionale dl Gheorghe Golubenco a reu\u015fit s\u0103-\u015fi formeze o gam\u0103 variat\u0103 de calit\u0103\u0163i \u015fi competen\u0163e ale personalit\u0103\u0163ii sale, care \u00eel definesc ca om de o \u00eenalt\u0103 cultur\u0103 \u015fi ca om de \u015ftiin\u0163\u0103. Calculat \u00een exprim\u0103ri \u015fi \u00een fapte, cu deschidere c\u0103tre carte, av\u00e2nd drept scop perfec\u0163ionarea \u015fi consacrarea profesional\u0103 prin cercet\u0103ri \u015ftiin\u0163ifice specializate, dumnealui  promoveaz\u0103 cursurile de doctorat \u015fi \u00een anul 1994 sus\u0163ine public teza de doctor, ob\u0163in\u00e2nd gradul \u015ftiin\u0163ific de doctor \u00een drept, iar un an mai t\u00e2rziu titlul \u015ftiin\u0163ifico-didactic de conferen\u0163iar universitar. <\/div>\n<div style=\"text-indent: 36pt; text-align: justify;\">Activ\u00e2nd \u00een calitate de \u015fef de catedr\u0103, dl. Gh. Golubenco promova, prin intermediul cadrelor didactice pe care le conducea, toate provoc\u0103rile ce derivau din deosebita experien\u0163\u0103 \u015fi competen\u0163\u0103 profesional-didactic\u0103. \u00centotdeauna a promovat idea c\u0103 t\u00e2n\u0103rul specialist este necesar s\u0103 ob\u0163in\u0103 o evolu\u0163ie pozitiv\u0103 ascendent\u0103 \u015fi s\u0103 se dezvolte pe parcursul anilor de studii ca o personalitate complex\u0103 \u015fi integr\u0103, ca un profesionist competent \u015fi demn.  <\/div>\n<div style=\"text-indent: 36pt; text-align: justify;\">Din iunie 1995 p\u00een\u0103 \u00een iunie 1997 catedra a fost condus\u0103 de dl <b>Marcoci Valeriu<\/b> \u0219i dl <b>Victor Todica<\/b>. <\/div>\n<div style=\"text-indent: 36pt; text-align: justify;\">\u00cencep\u00e2nd cu data de 01.10.1997 p\u00e2n\u0103 la data de 12.11.2001 \u0219ef al catedrei \u201eCriminalistic\u0103\u201d este numit dl <b>Victor Todica<\/b>, perioad\u0103 ce se caracterizeaz\u0103 printr-o consolidare  substan\u0163ial\u0103 a bazei tehnico-materiale, sporirea nivelului activit\u0103\u0163ii didactice, metodice \u015fi educative.<\/div>\n<div style=\"text-indent: 36pt; text-align: justify;\">Efectu\u00e2nd o incursiune \u00een trecut, se poate afirma, cu certitudine, c\u0103 la bazele form\u0103rii catedrei \u201eProcedur\u0103 Penal\u0103\u201d a Academiei de Poli\u0163ie \u201e\u015etefan cel Mare\u201d, \u00een anul 1995, s-a aflat <b>Nicolai Digol<\/b>, o personalitate care a condus colectivul cu mult\u0103 competen\u0163\u0103 \u015fi eficien\u0163\u0103, p\u00e2n\u0103 \u00een anul 1997. Fiind promovat la func\u0163ia de \u015fef catedr\u0103, domnul Nicolae Digol a reu\u015fit s\u0103 creeze o atmosfer\u0103 de colegialitate, cooperare \u015fi lucru, a creat condi\u0163ii necesare de activitate a cadrelor didactice, contribuind substan\u0163ial la consolidarea bazei tehnico-materiale a catedrei, prin aceasta sporind nivelul activit\u0103\u0163ii didactice, metodice \u015fi educative.  <\/div>\n<div style=\"text-indent: 36pt; text-align: justify;\">Ulterior, \u0219tafeta a fost preluat\u0103 de dl <b>Eugeniu Gu\u021ban<\/b> doctor \u00een dr. care \u0219i-a \u00eendeplinit atribu\u021biile cu abnega\u021bie, \u00eembin\u00e2nd experien\u021ba practic\u0103 cu doctrina teoretic\u0103, p\u00e2n\u0103 la finele anului 2001.<\/div>\n<div style=\"text-indent: 36pt; text-align: justify;\">Fiind o persoan\u0103 foarte bine organizat\u0103 \u015fi d\u00e2nd dovad\u0103 de pragmatism \u00een deciziile luate, \u00een perioada anilor 2002-2006, i-a fost acordat\u0103 posibilitatea de a conduce una din cele mai prestigioase catedre din cadrul Academiei \u201e\u015etefan cel Mare\u201d \u2013 catedra \u201eProcedur\u0103 penal\u0103 \u015fi Criminalistic\u0103\u201d .<\/div>\n<div style=\"text-indent: 36pt; text-align: justify;\">La diferite etape, pe parcursul anilor, catedra a fost condus\u0103 de: <\/div>\n<div style=\"text-indent: 36pt; text-align: justify;\">&#8211; <b>Iurie Odagiu<\/b> 2006-2007 (Catedra \u201eProcedur\u0103 Penal\u0103 \u015fi Criminalistic\u0103\u201d)<\/div>\n<div style=\"text-indent: 36pt; text-align: justify;\">&#8211; <b>Sergiu Nestor<\/b> 2007-2013 (Catedra \u201eProcedur\u0103 Penal\u0103 \u015fi Criminalistic\u0103\u201d)<\/div>\n<div style=\"text-indent: 36pt; text-align: justify;\">&#8211; <b>Radion Cojocaru<\/b> 2013-2016 (Catedra \u201e\u015etiin\u0163e Penale\u201d, ca urmare a fuzion\u0103rii Catedrei \u201eDrept penal\u201d \u015fi a Catedrei \u201eProcedur\u0103 Penal\u0103 \u015fi Criminalistic\u0103\u201d)<\/div>\n<div style=\"text-indent: 36pt; text-align: justify;\">&#8211; <b>Lilian Luchin<\/b> 2016-2019 (Catedra \u201eProcedur\u0103 Penal\u0103 \u015fi Criminalistic\u0103\u201d)<\/div>\n<div style=\"text-indent: 36pt; text-align: justify;\">&#8211; <b>Constantin Rusnac<\/b> 2019 \u2013 prezent (Catedra \u201eProcedur\u0103 Penal\u0103, Criminalistic\u0103 \u015fi Securitate Informa\u0163ional\u0103\u201d)<\/div>\n<div style=\"text-indent: 36pt; text-align: justify;\">\u00cen cadrul catedrei, \u00een diferite perioade, au activat cadrele didactice: A. \u021aurcan, V. Cecan, A. Lungu, E. Gu\u021bu, Sv. P\u00e2slari, A. Breahn\u0103, V. Tataru, V. Svitic, A. Motelica, I. Pl\u0103m\u0103deal\u0103, V. Tripac, C. Burbulea, V. Ga\u021bcan, I. Caminschii, E. Bargan, V. Balan etc.<\/div>\n\n\n\n<figure class=\"wp-block-image size-large is-resized\"><img loading=\"lazy\" src=\"\/wp-content\/uploads\/2021\/07\/image-1.png\" alt=\"\" class=\"wp-image-4156\" width=\"607\" height=\"419\" srcset=\"\/wp-content\/uploads\/2021\/07\/image-1.png 606w, \/wp-content\/uploads\/2021\/07\/image-1-300x207.png 300w\" sizes=\"(max-width: 607px) 100vw, 607px\" \/><\/figure>\n","protected":false},"excerpt":{"rendered":"<p>Odat\u0103 cu fondarea Academiei Na\u0163ionale de Poli\u021bie \u201e\u0218tefan cel Mare\u201d \u00een anul1991 s-au lansat \u0219i procesele de formare a structurilor \u0219i subdiviziunilor acesteia, care s-au derulat pe etape. Ini\u021bial, at\u00e2t [&hellip;]<\/p>\n","protected":false},"author":10,"featured_media":0,"parent":1369,"menu_order":0,"comment_status":"closed","ping_status":"closed","template":"","meta":[],"translation":{"provider":"WPGlobus","version":"2.12.2","language":"gb","enabled_languages":["ro","gb"],"languages":{"ro":{"title":true,"content":true,"excerpt":false},"gb":{"title":false,"content":false,"excerpt":false}}},"acf":[],"_links":{"self":[{"href":"https:\/\/academy.police.md\/gb\/wp-json\/wp\/v2\/pages\/3394"}],"collection":[{"href":"https:\/\/academy.police.md\/gb\/wp-json\/wp\/v2\/pages"}],"about":[{"href":"https:\/\/academy.police.md\/gb\/wp-json\/wp\/v2\/types\/page"}],"author":[{"embeddable":true,"href":"https:\/\/academy.police.md\/gb\/wp-json\/wp\/v2\/users\/10"}],"replies":[{"embeddable":true,"href":"https:\/\/academy.police.md\/gb\/wp-json\/wp\/v2\/comments?post=3394"}],"version-history":[{"count":2,"href":"https:\/\/academy.police.md\/gb\/wp-json\/wp\/v2\/pages\/3394\/revisions"}],"predecessor-version":[{"id":4157,"href":"https:\/\/academy.police.md\/gb\/wp-json\/wp\/v2\/pages\/3394\/revisions\/4157"}],"up":[{"embeddable":true,"href":"https:\/\/academy.police.md\/gb\/wp-json\/wp\/v2\/pages\/1369"}],"wp:attachment":[{"href":"https:\/\/academy.police.md\/gb\/wp-json\/wp\/v2\/media?parent=3394"}],"curies":[{"name":"wp","href":"https:\/\/api.w.org\/{rel}","templated":true}]}}