{"id":3339,"date":"2021-06-16T08:05:04","date_gmt":"2021-06-16T08:05:04","guid":{"rendered":"http:\/\/academy.police.md\/?page_id=3339"},"modified":"2023-10-31T16:52:35","modified_gmt":"2023-10-31T14:52:35","slug":"hotararile-senatului","status":"publish","type":"page","link":"https:\/\/academy.police.md\/gb\/senat\/hotararile-senatului","title":{"rendered":"Hot\u0103r\u00e2rile Senatului"},"content":{"rendered":"\n<div style=\"text-indent: 36pt; text-align: justify;\"><b>Hot\u0103r\u00e2rile Senatului<\/b> sunt obligatorii pentru toate structurile reprezentative, executive, administrative \u015fi \u00eentreaga comunitate universitar\u0103. Ele pot fi modificate numai de c\u0103tre Senat.<\/div>\n<div style=\"text-indent: 06pt; text-align: justify;\"><a href=\"http:\/academy.police.md\/\/files\/pdf\/regul-licent2020.pdf\">Extras HS nr.4\/19.05.2020 &#8211; Organizarea \u015fi desf\u0103\u015furarea admiterii la studii superioare de licen\u0163\u0103 (ciclu I) la Academia \u201e\u0218tefan cel Mare\u201d<\/a><\/div>\n<div style=\"text-indent: 06pt; text-align: justify;\"><a href=\"http:\/academy.police.md\/\/files\/pdf\/extras-hot-senat5.pdf\">Extras HS nr.5\/10.06.2020 &#8211; Acordarea num\u0103rului de credite prev\u0103zut de programul de studii f\u0103r\u0103 desf\u0103\u015furarea examenelor<\/a><\/div>\n<div style=\"text-indent: 06pt; text-align: justify;\"><a href=\"http:\/academy.police.md\/\/files\/pdf\/extras-hot-senat5a.pdf\">Extras HS nr.5\/10.06.2020 &#8211; Aprobarea membrilor comisiilor de evaluare pentru ob\u0163inerea titlurilor de conf. univ. \u015fi prof. univ.<\/a><\/div>\n\n\n\n<p><a href=\"https:\/\/academy.police.md\/assets\/files\/pdf\/rap-act-ascm-20-21.pdf\">Raport de activitate pentru anul universitar 2020-2021.<\/a><\/p>\n\n\n\n<p><a href=\"\/wp-content\/uploads\/2022\/11\/Raport-de-activitate-catre-MEC-pentru-anul-2021-2022-a-Academiei-Stefan-cel-Mare-a-MAI.pdf\">Raport de activitate pentru anul universitar 2021-2022<\/a><\/p>\n\n\n\n<p><a href=\"\/wp-content\/uploads\/2023\/10\/Raport-anual-de-activitate-al-Academiei-2022-2023.pdf\">Raport anual de activitate al Academiei 2022 &#8211; 2023<\/a><\/p>\n","protected":false},"excerpt":{"rendered":"<p>Hot\u0103r\u00e2rile Senatului sunt obligatorii pentru toate structurile reprezentative, executive, administrative \u015fi \u00eentreaga comunitate universitar\u0103. Ele pot fi modificate numai de c\u0103tre Senat. Extras HS nr.4\/19.05.2020 &#8211; Organizarea \u015fi desf\u0103\u015furarea admiterii [&hellip;]<\/p>\n","protected":false},"author":10,"featured_media":0,"parent":104,"menu_order":0,"comment_status":"closed","ping_status":"closed","template":"","meta":[],"translation":{"provider":"WPGlobus","version":"2.12.2","language":"gb","enabled_languages":["ro","gb"],"languages":{"ro":{"title":true,"content":true,"excerpt":false},"gb":{"title":false,"content":false,"excerpt":false}}},"acf":[],"_links":{"self":[{"href":"https:\/\/academy.police.md\/gb\/wp-json\/wp\/v2\/pages\/3339"}],"collection":[{"href":"https:\/\/academy.police.md\/gb\/wp-json\/wp\/v2\/pages"}],"about":[{"href":"https:\/\/academy.police.md\/gb\/wp-json\/wp\/v2\/types\/page"}],"author":[{"embeddable":true,"href":"https:\/\/academy.police.md\/gb\/wp-json\/wp\/v2\/users\/10"}],"replies":[{"embeddable":true,"href":"https:\/\/academy.police.md\/gb\/wp-json\/wp\/v2\/comments?post=3339"}],"version-history":[{"count":5,"href":"https:\/\/academy.police.md\/gb\/wp-json\/wp\/v2\/pages\/3339\/revisions"}],"predecessor-version":[{"id":15453,"href":"https:\/\/academy.police.md\/gb\/wp-json\/wp\/v2\/pages\/3339\/revisions\/15453"}],"up":[{"embeddable":true,"href":"https:\/\/academy.police.md\/gb\/wp-json\/wp\/v2\/pages\/104"}],"wp:attachment":[{"href":"https:\/\/academy.police.md\/gb\/wp-json\/wp\/v2\/media?parent=3339"}],"curies":[{"name":"wp","href":"https:\/\/api.w.org\/{rel}","templated":true}]}}