{"id":3333,"date":"2021-06-15T18:14:47","date_gmt":"2021-06-15T18:14:47","guid":{"rendered":"http:\/\/academy.police.md\/?page_id=3333"},"modified":"2025-10-22T14:13:42","modified_gmt":"2025-10-22T11:13:42","slug":"actele-normative-in-baza-carora-activeaza-directia-studii-si-management-al-calitatii","status":"publish","type":"page","link":"https:\/\/academy.police.md\/gb\/directia-studii-si-management-al-calitatii\/actele-normative-in-baza-carora-activeaza-directia-studii-si-management-al-calitatii","title":{"rendered":"Actele normative \u00een baza c\u0103rora activeaz\u0103 Direc\u0163ia studii \u015fi management al calit\u0103\u0163ii"},"content":{"rendered":"\n<ol><li>Constitu\u0163ia Republicii Moldova din 29 iulie 1994;<\/li><li>Codul educa\u0163iei al Republicii Moldova nr. 152 din 17.07.2014;<\/li><li>Codul Muncii al Republicii Moldova nr. 154-XV din 28.03.2003;<\/li><li>Carta universitar\u0103 a Academiei \u201e\u015etefan cel Mare\u201d a MAI, aprobat\u0103 la \u015fedin\u0163a Senatului Academiei, proces-verbal nr. 5 din 29.01.2019, anex\u0103 la ordinul MAI nr. 93 din 22.02.2019;<\/li><li>Hot\u0103r\u00eerea Guvernului nr. 412 din 12.06.2024 cu privire la aprobarea Nomenclatorului domeniilor de studii \u015fi al specialit\u0103\u0163ilor \u00een \u00eenv\u0103\u0163\u0103m\u00e2ntul superior;<\/li><li>Hot\u0103r\u00eerea Guvernului nr. 330 din 31.05.2023 cu privire la aprobarea Cadrului Na\u0163ional al Calific\u0103rilor;<\/li><li>Cadrul de referin\u0163\u0103 al curriculumului universitar;<\/li><li>Clasificatorul ocupa\u0163iilor din Republica Moldova, aprobat prin ordinul Ministrului muncii, protec\u0163iei sociale \u015fi familiei nr.22 din 03 martie 2014;<\/li><li>Ordinul MECC nr. 1625 din 12.12.2019 cu privire la aprobarea Regulamentului de organizare a studiilor superioare de licen\u0163\u0103 (ciclul I) \u015fi integrate;<\/li><li>Ordinul Ministerului Educa\u0163iei nr.150 din 21 martie 2017 cu privire la aprobarea modific\u0103rii la Ordinul 1248 din 31 decembrie 2015 \u201ecu privire la aprobarea Instruc\u0163iunii cu privire la personalizarea automatizat\u0103, eliberarea \u015fi p\u0103strarea actelor de studii din \u00eenv\u0103\u0163\u0103m\u00eentul superior\u201d;<\/li><li>Ordinul Ministrului Educa\u0163iei nr. 304 din 22.04.2016 cu privire la aprobarea Regulamentului \u2013 cadru cu privire la normarea activit\u0103\u0163ii \u015ftiin\u0163ifico-didactice \u00een \u00eenv\u0103\u0163\u0103m\u00e2ntul superior;<\/li><li><a href=\"\/wp-content\/uploads\/2024\/04\/Regulament-normare-2016-modif-2024-II.pdf\">Hot\u0103r\u00e2rea nr. 4 a Senatului Academiei \u201e\u015etefan cel Mare\u201d din 07 iulie 2016 cu privire la normarea activit\u0103\u0163ii \u015ftiin\u0163ifico-didactice \u00een Academia \u201e\u015etefan cel Mare\u201d a MAI cu modific\u0103rile ulterioare din 04 aprilie 2024;<\/a><\/li><li>Ordinul Ministerului Educa\u0163iei nr.738 din 05 august 2016, cu privire la participarea studen\u0163ilor \u00een asigurarea calit\u0103\u0163ii;<\/li><li>Ordinul Ministrului Educa\u0163iei, Culturii \u015fui Cercet\u0103rii nr. 720 din 10.02 2020, cu privire la aprobarea Planului-cadru pentru studii superioare de licen\u0163\u0103 (ciclul I), de master (ciclul II) \u015fi integrate<\/li><li>Ordinul Ministerului Educa\u0163iei nr.203 din 19 martie 2014, cu privire la aprobarea Regulamentului-cadru privind stagiile de practic\u0103 \u00een \u00eenv\u0103\u0163\u0103m\u00eentul superior;<\/li><li>Ordinul Ministerului Educa\u0163iei nr.969 din 10 septembrie 2014, cu privire la aprobarea \u015fi punerea \u00een aplicare a Regulamentului-cadru cu privire la organizarea \u015fi func\u0163ionarea structurilor de autoguvernan\u0163\u0103 studen\u0163esc\u0103;<\/li><li>Ordinul Ministerului Educa\u0163iei nr.970 din 10 septembrie 2014, cu privire la aprobarea \u015fi punerea \u00een aplicare a Ghid metodologic de creare \u015fi func\u0163ionare a Centrului universitar de ghidare \u015fi consiliere \u00een carier\u0103;<\/li><li>Ordinul Ministerului Educa\u0163iei nr.881 din 18 decembrie 2009, cu privire la evaluarea activit\u0103\u0163ii de \u00eenv\u0103\u0163are a studen\u0163ilor.<\/li><li><a href=\"https:\/\/academy.police.md\/assets\/files\/pdf\/man-man-cal-20.pdf\">Manualul calit\u0103\u0163ii redac\u0163ia a II a rev\u0103zut \u015fi completat la data de 19 mai 2020;<\/a><\/li><li><a href=\"https:\/\/academy.police.md\/assets\/files\/pdf\/met-covid-19.pdf\">Metodologia privind modul de organizare a procesului de studii \u00een anul de studii 2020-2021 \u00een contextul epidemiologic de COVID-19;<\/a><\/li><li><a href=\"\/wp-content\/uploads\/2024\/03\/strateg-asig-calit-2023-2028.pdf\">Strategia privind asigurarea calit\u0103\u021bii \u00een cadrul Academiei, pentru anii 2023-2028;<\/a><\/li><li><a href=\"https:\/\/academy.police.md\/assets\/files\/pdf\/pol-asig-cal-acad.pdf\">Politica de asigurare a calit\u0103\u0163ii \u00een Academia \u201c\u015etefan cel Mare\u201d a MAI;<\/a><\/li><li><a href=\"https:\/\/academy.police.md\/assets\/files\/pdf\/reg-asig-cal-did.pdf\">Regulament privind asigurarea calit\u0103\u0163ii \u00een activitatea didactic\u0103 \u015fi de cercetare \u015ftiin\u0163ific\u0103;<\/a><\/li><li><a href=\"https:\/\/academy.police.md\/assets\/files\/pdf\/reg-num-gr-acad.pdf\">Regulament cu privire la modul \u015fi condi\u0163iile de numerotare a grupelor academice din cadrul facult\u0103\u0163ii<\/a>;<\/li><li><a href=\"https:\/\/academy.police.md\/assets\/files\/pdf\/reg-cemc-cac.pdf\">Regulament de organizare \u015fi func\u0163ionare a Comisiei pentru evaluare \u015fi managementul calit\u0103\u0163ii (Comisie permanent\u0103 a Senatului Academiei) \u015fi a Comisiei de asigurare a calit\u0103\u0163ii \u00een Academie;<\/a><\/li><li><a href=\"https:\/\/academy.police.md\/assets\/files\/pdf\/reg-conf-tit-elib-act.pdf\">Regulamentul cu privire la procedura de conferire a titlului \u0219i de eliberare a actelor de studii \u00een Academia \u201e\u0218tefan cel Mare\u201d a MAI;<\/a><\/li><li><a href=\"\/wp-content\/uploads\/2024\/01\/reg-recun-actelor-de-studii-admitere.pdf\">Regulamentul cu privire la organizarea procesului de recunoa\u0219tere si echivalare a actelor de studii ob\u021binute in str\u0103in\u0103tate pentru admitere;<\/a><\/li><li><a href=\"\/wp-content\/uploads\/2024\/01\/reg-recun-actelor-contin-stud-Academie-1.pdf\">Metodologia de recunoa\u0219tere a actelor \u0219i perioadelor de studii pentru continuarea studiilor; <\/a><\/li><li><a href=\"\/wp-content\/uploads\/2024\/06\/Metodologia-recun-si-echiv-titlurilor-stintifico-didactice.pdf\">Metodologia cu privire la recunoa\u0219terea \u0219i echivalarea titlurilor stintifico-didactice<\/a>;<\/li><li><a href=\"https:\/\/academy.police.md\/assets\/files\/pdf\/reg-aud-int-cal-sutd.pdf\">Regulament privind ini\u0163ierea, aprobarea, monitorizarea, evaluarea calit\u0103\u0163ii studiilor, programelor de studii \u015fi desf\u0103\u015fur\u0103rii controlului (auditului) intern \u00een Academie;<\/a><\/li><li><a href=\"https:\/\/academy.police.md\/assets\/files\/pdf\/reg-ev-per-cd.pdf\">Regulament privind evaluarea periodic\u0103 a cadrelor didactice;<\/a><\/li><li><a href=\"https:\/\/academy.police.md\/assets\/files\/pdf\/reg-st-online-elearning.pdf\">Regulament cu privire la organizarea \u015fi desf\u0103\u015furarea \u00eenv\u0103\u0163\u0103m\u00e2ntului superior la distan\u0163\u0103\/on-line, utilizarea platformei e-learning \u015fi a mijloacelor informatice \u00een cadrul Academiei \u201e\u015etefan cel Mare\u201d a MAI;<\/a><\/li><li><a href=\"https:\/\/academy.police.md\/assets\/files\/pdf\/reg-sopgc.pdf\">Regulament cu privire la organizarea \u0219i func\u021bionarea Serviciului de orientare profesional\u0103 \u0219i ghidare \u00een carier\u0103 a Direc\u021biei studii \u0219i management a calit\u0103\u021bii al Academiei \u201e\u0218tefan cel Mare\u201d a MAI al Republicii Moldova;<\/a><\/li><li><a href=\"https:\/\/academy.police.md\/assets\/files\/pdf\/reg-stag-pract.pdf\">Regulament privind organizarea \u015fi desf\u0103\u015furarea stagiilor de practic\u0103;<\/a><\/li><li><a href=\"https:\/\/academy.police.md\/wp-content\/uploads\/2022\/06\/Anexa-nr.7-Regulam-DSMC.pdf\">Regulamentul de organizare \u015fi func\u0163ionare a Direc\u0163iei studii \u015fi management al calit\u0103\u0163ii;<\/a><\/li><li><a href=\"https:\/\/academy.police.md\/wp-content\/uploads\/2023\/02\/Regulamentul-org-si-desfas-conc-prof-anului.pdf\">Regulament \u0441u privire la organizarea \u0219i desf\u0103\u0219urarea \u00een cadrul Academiei,,\u0218tefan cel Mare\u201d \u0430 MAI \u0430 \u0441\u043en\u0441ursului profesorul \u0430nului.<\/a><\/li><li><a href=\"https:\/\/academy.police.md\/wp-content\/uploads\/2023\/09\/Boscaneanu_M_Ghid_teze_25_09_2023.pdf\">GHID METODIC PENTRU ELABORAREA, PERFECTAREA \u015eI SUS\u0162INEREA TEZELOR DE AN\/ LICEN\u0162\u0102\/ MASTER.<\/a><\/li><li><a href=\"https:\/\/academy.police.md\/\/wp-content\/uploads\/2023\/11\/Regulament-Antiplagiat-FINAL-sait.pdf\">Regulament atiplagiat.<\/a><\/li><li><a href=\"\/wp-content\/uploads\/2024\/09\/Calendarul-evaluarilor-sait-final.pdf\">Calendarul evalu\u0103rilor externe<\/a><\/li><li><a href=\"\/wp-content\/uploads\/2024\/02\/Procedura-operationala-asistarea-la-ore.pdf\">Procedura opera\u021bional\u0103 asistarea la ore.<\/a><\/li><\/ol>\n\n\n\n<p><a href=\"\/wp-content\/uploads\/2024\/09\/Plan-de-actiuni-masuri-de-imbunat-2024-2025.pdf\">Plan m\u0103suri\/ac\u021biuni de \u00eembun\u0103ta\u021bire 2024-2025<\/a><\/p>\n","protected":false},"excerpt":{"rendered":"<p>Constitu\u0163ia Republicii Moldova din 29 iulie 1994; Codul educa\u0163iei al Republicii Moldova nr. 152 din 17.07.2014; Codul Muncii al Republicii Moldova nr. 154-XV din 28.03.2003; Carta universitar\u0103 a Academiei \u201e\u015etefan [&hellip;]<\/p>\n","protected":false},"author":12,"featured_media":0,"parent":113,"menu_order":0,"comment_status":"closed","ping_status":"closed","template":"","meta":[],"translation":{"provider":"WPGlobus","version":"2.12.2","language":"gb","enabled_languages":["ro","gb"],"languages":{"ro":{"title":true,"content":true,"excerpt":false},"gb":{"title":false,"content":false,"excerpt":false}}},"acf":[],"_links":{"self":[{"href":"https:\/\/academy.police.md\/gb\/wp-json\/wp\/v2\/pages\/3333"}],"collection":[{"href":"https:\/\/academy.police.md\/gb\/wp-json\/wp\/v2\/pages"}],"about":[{"href":"https:\/\/academy.police.md\/gb\/wp-json\/wp\/v2\/types\/page"}],"author":[{"embeddable":true,"href":"https:\/\/academy.police.md\/gb\/wp-json\/wp\/v2\/users\/12"}],"replies":[{"embeddable":true,"href":"https:\/\/academy.police.md\/gb\/wp-json\/wp\/v2\/comments?post=3333"}],"version-history":[{"count":46,"href":"https:\/\/academy.police.md\/gb\/wp-json\/wp\/v2\/pages\/3333\/revisions"}],"predecessor-version":[{"id":27918,"href":"https:\/\/academy.police.md\/gb\/wp-json\/wp\/v2\/pages\/3333\/revisions\/27918"}],"up":[{"embeddable":true,"href":"https:\/\/academy.police.md\/gb\/wp-json\/wp\/v2\/pages\/113"}],"wp:attachment":[{"href":"https:\/\/academy.police.md\/gb\/wp-json\/wp\/v2\/media?parent=3333"}],"curies":[{"name":"wp","href":"https:\/\/api.w.org\/{rel}","templated":true}]}}