{"id":30614,"date":"2026-02-19T10:15:55","date_gmt":"2026-02-19T08:15:55","guid":{"rendered":"https:\/\/academy.police.md\/?page_id=30614"},"modified":"2026-02-19T10:40:35","modified_gmt":"2026-02-19T08:40:35","slug":"anale-stiintifice-ed-22-2025","status":"publish","type":"page","link":"https:\/\/academy.police.md\/gb\/reviste\/anale-stiintifice\/anale-stiintifice-ed-22-2025","title":{"rendered":"Anale \u015ftiin\u0163ifice ed.22 2025"},"content":{"rendered":"\n<figure class=\"wp-block-image size-full\"><img loading=\"lazy\" width=\"250\" height=\"349\" src=\"\/wp-content\/uploads\/2024\/01\/coperta_revista_stiintifica_2023.png\" alt=\"\" class=\"wp-image-17284\" srcset=\"\/wp-content\/uploads\/2024\/01\/coperta_revista_stiintifica_2023.png 250w, \/wp-content\/uploads\/2024\/01\/coperta_revista_stiintifica_2023-215x300.png 215w\" sizes=\"(max-width: 250px) 100vw, 250px\" \/><\/figure>\n\n\n\n<figure class=\"wp-block-image size-large\"><a href=\"https:\/\/creativecommons.org\/licenses\/by\/4.0\/\"><img loading=\"lazy\" width=\"88\" height=\"31\" src=\"\/wp-content\/uploads\/2023\/07\/88x31.png\" alt=\"\" class=\"wp-image-13740\"\/><\/a><\/figure>\n\n\n\n<div class=\"wp-block-file\"><a href=\"\/wp-content\/uploads\/2026\/02\/Anale_stiintifice_nr_22_2025.pdf\">Anale_stiintifice_nr_22_2025<\/a><a href=\"\/wp-content\/uploads\/2026\/02\/Anale_stiintifice_nr_22_2025.pdf\" class=\"wp-block-file__button\" download>Descarc\u0103<\/a><\/div>\n\n\n\n<p><\/p>\n\n\n\n<div style=\"height:50px\" aria-hidden=\"true\" class=\"wp-block-spacer\"><\/div>\n\n\n\n<hr class=\"wp-block-separator is-style-wide\"\/>\n\n\n\n<p><a href=\"\/wp-content\/uploads\/2026\/02\/p_8-21.pdf\" data-type=\"URL\" data-id=\"\/wp-content\/uploads\/2026\/02\/p_8-21.pdf\" target=\"_blank\" rel=\"noreferrer noopener\">Criminalitatea domestic\u0103 \u0219i dimensiunea sa ascuns\u0103: abord\u0103ri criminologice \u0219i limitele implica\u021biilor penale<br>Domestic criminality and its hidden dimension: criminological approaches and the limits of penal implications<\/a><\/p>\n\n\n\n<p><strong><strong><strong><strong><strong><strong><strong>Iurie LARII<\/strong><\/strong><\/strong><\/strong><\/strong><\/strong><\/strong><\/p>\n\n\n\n<figure class=\"wp-block-image size-large\"><a href=\"https:\/\/creativecommons.org\/licenses\/by\/4.0\/\"><img loading=\"lazy\" width=\"88\" height=\"31\" src=\"\/wp-content\/uploads\/2023\/07\/88x31.png\" alt=\"\" class=\"wp-image-13740\"\/><\/a><\/figure>\n\n\n\n<div class=\"wp-block-file\"><a href=\"\/wp-content\/uploads\/2026\/02\/p_8-21.pdf\">p_8-21<\/a><a href=\"\/wp-content\/uploads\/2026\/02\/p_8-21.pdf\" class=\"wp-block-file__button\" download>Descarc\u0103<\/a><\/div>\n\n\n\n<div style=\"height:50px\" aria-hidden=\"true\" class=\"wp-block-spacer\"><\/div>\n\n\n\n<hr class=\"wp-block-separator is-style-wide\"\/>\n\n\n\n<p><a href=\"\/wp-content\/uploads\/2026\/02\/p_22-35.pdf\" data-type=\"URL\" data-id=\"\/wp-content\/uploads\/2026\/02\/p_22-35.pdf\" target=\"_blank\" rel=\"noreferrer noopener\">Rolul managerului \u00een consolidarea echipei de executare a sarcinilor \u00een cadrul sec\u021biei asisten\u021b\u0103 juridic\u0103<br>The role of the manager in fostering team cohesion to achieve task completion within the legal assistance section<\/a><\/p>\n\n\n\n<p><strong><strong><strong><strong><strong><strong><strong><strong>Liliana CREANG\u0102, Roman BOLGARENCO<\/strong><\/strong><\/strong><\/strong><\/strong><\/strong><\/strong><\/strong><\/p>\n\n\n\n<figure class=\"wp-block-image size-large\"><a href=\"https:\/\/creativecommons.org\/licenses\/by\/4.0\/\"><img loading=\"lazy\" width=\"88\" height=\"31\" src=\"\/wp-content\/uploads\/2023\/07\/88x31.png\" alt=\"\" class=\"wp-image-13740\"\/><\/a><\/figure>\n\n\n\n<div class=\"wp-block-file\"><a href=\"\/wp-content\/uploads\/2026\/02\/p_22-35.pdf\">p_22-35<\/a><a href=\"\/wp-content\/uploads\/2026\/02\/p_22-35.pdf\" class=\"wp-block-file__button\" download>Descarc\u0103<\/a><\/div>\n\n\n\n<div style=\"height:50px\" aria-hidden=\"true\" class=\"wp-block-spacer\"><\/div>\n\n\n\n<hr class=\"wp-block-separator is-style-wide\"\/>\n\n\n\n<p><a href=\"\/wp-content\/uploads\/2026\/02\/p_36-65.pdf\" data-type=\"URL\" data-id=\"\/wp-content\/uploads\/2026\/02\/p_36-65.pdf\" target=\"_blank\" rel=\"noreferrer noopener\">Auditul ecologic ca instrument strategic pentru securitatea ecologic\u0103: studiu comparat intre Turcia \u0219i Republica Moldova<br>Environmental auditing as a strategic instrument for ecological security: evidence from T\u00fcrkiye and the Republic of Moldova<\/a><\/p>\n\n\n\n<p><strong><strong><strong><strong><strong><strong><strong><strong>Ali KESTANE, Lumini\u021ba DIACONU<\/strong><\/strong><\/strong><\/strong><\/strong><\/strong><\/strong><\/strong><\/p>\n\n\n\n<figure class=\"wp-block-image size-large\"><a href=\"https:\/\/creativecommons.org\/licenses\/by\/4.0\/\"><img loading=\"lazy\" width=\"88\" height=\"31\" src=\"\/wp-content\/uploads\/2023\/07\/88x31.png\" alt=\"\" class=\"wp-image-13740\"\/><\/a><\/figure>\n\n\n\n<div class=\"wp-block-file\"><a href=\"\/wp-content\/uploads\/2026\/02\/p_36-65.pdf\">p_36-65<\/a><a href=\"\/wp-content\/uploads\/2026\/02\/p_36-65.pdf\" class=\"wp-block-file__button\" download>Descarc\u0103<\/a><\/div>\n\n\n\n<div style=\"height:50px\" aria-hidden=\"true\" class=\"wp-block-spacer\"><\/div>\n\n\n\n<hr class=\"wp-block-separator is-style-wide\"\/>\n\n\n\n<p><a href=\"\/wp-content\/uploads\/2026\/02\/p_66-84.pdf\" data-type=\"URL\" data-id=\"\/wp-content\/uploads\/2026\/02\/p_66-84.pdf\" target=\"_blank\" rel=\"noreferrer noopener\">Aspecte generale \u00een aplicarea procedurii penale conform legisla\u021biei din Rom\u00e2nia<br>General aspects in the application of criminal procedure under Romanian legislation<\/a><\/p>\n\n\n\n<p><strong><strong><strong><strong><strong><strong><strong><strong>Daniel CRISTEA<\/strong><\/strong><\/strong><\/strong><\/strong><\/strong><\/strong><\/strong><\/p>\n\n\n\n<figure class=\"wp-block-image size-large\"><a href=\"https:\/\/creativecommons.org\/licenses\/by\/4.0\/\"><img loading=\"lazy\" width=\"88\" height=\"31\" src=\"\/wp-content\/uploads\/2023\/07\/88x31.png\" alt=\"\" class=\"wp-image-13740\"\/><\/a><\/figure>\n\n\n\n<div class=\"wp-block-file\"><a href=\"\/wp-content\/uploads\/2026\/02\/p_66-84.pdf\">p_66-84<\/a><a href=\"\/wp-content\/uploads\/2026\/02\/p_66-84.pdf\" class=\"wp-block-file__button\" download>Descarc\u0103<\/a><\/div>\n\n\n\n<div style=\"height:50px\" aria-hidden=\"true\" class=\"wp-block-spacer\"><\/div>\n\n\n\n<hr class=\"wp-block-separator is-style-wide\"\/>\n\n\n\n<p><a href=\"\/wp-content\/uploads\/2026\/02\/p_85-100.pdf\" data-type=\"URL\" data-id=\"\/wp-content\/uploads\/2026\/02\/p_85-100.pdf\" target=\"_blank\" rel=\"noreferrer noopener\">Videoclipurile deepfake din domeniul s\u0103n\u0103t\u0103\u021bii, subiect de analiz\u0103 criminalistic\u0103<br>Deepfake videos in the healthcare field, subject of criminalistic analysis<\/a><\/p>\n\n\n\n<p><strong><strong><strong><strong><strong><strong><strong><strong>Constantin PISARENCO<\/strong><\/strong><\/strong><\/strong><\/strong><\/strong><\/strong><\/strong><\/p>\n\n\n\n<figure class=\"wp-block-image size-large\"><a href=\"https:\/\/creativecommons.org\/licenses\/by\/4.0\/\"><img loading=\"lazy\" width=\"88\" height=\"31\" src=\"\/wp-content\/uploads\/2023\/07\/88x31.png\" alt=\"\" class=\"wp-image-13740\"\/><\/a><\/figure>\n\n\n\n<div class=\"wp-block-file\"><a href=\"\/wp-content\/uploads\/2026\/02\/p_85-100.pdf\">p_85-100<\/a><a href=\"\/wp-content\/uploads\/2026\/02\/p_85-100.pdf\" class=\"wp-block-file__button\" download>Descarc\u0103<\/a><\/div>\n\n\n\n<div style=\"height:50px\" aria-hidden=\"true\" class=\"wp-block-spacer\"><\/div>\n\n\n\n<hr class=\"wp-block-separator is-style-wide\"\/>\n\n\n\n<p><a href=\"\/wp-content\/uploads\/2026\/02\/p_101-116.pdf\" data-type=\"URL\" data-id=\"\/wp-content\/uploads\/2026\/02\/p_101-116.pdf\" target=\"_blank\" rel=\"noreferrer noopener\">Rolul profil\u0103rii psihologice \u00een investigarea infrac\u021biunilor<br>The role of psychological profiling in criminal investigation<\/a><\/p>\n\n\n\n<p><strong><strong><strong><strong><strong><strong><strong><strong>Vica ANTON<\/strong><\/strong><\/strong><\/strong><\/strong><\/strong><\/strong><\/strong><\/p>\n\n\n\n<figure class=\"wp-block-image size-large\"><a href=\"https:\/\/creativecommons.org\/licenses\/by\/4.0\/\"><img loading=\"lazy\" width=\"88\" height=\"31\" src=\"\/wp-content\/uploads\/2023\/07\/88x31.png\" alt=\"\" class=\"wp-image-13740\"\/><\/a><\/figure>\n\n\n\n<div class=\"wp-block-file\"><a href=\"\/wp-content\/uploads\/2026\/02\/p_101-116.pdf\">p_101-116<\/a><a href=\"\/wp-content\/uploads\/2026\/02\/p_101-116.pdf\" class=\"wp-block-file__button\" download>Descarc\u0103<\/a><\/div>\n\n\n\n<div style=\"height:50px\" aria-hidden=\"true\" class=\"wp-block-spacer\"><\/div>\n\n\n\n<hr class=\"wp-block-separator is-style-wide\"\/>\n\n\n\n<p><a href=\"\/wp-content\/uploads\/2026\/02\/p_117-129.pdf\" data-type=\"URL\" data-id=\"\/wp-content\/uploads\/2026\/02\/p_117-129.pdf\" target=\"_blank\" rel=\"noreferrer noopener\">Standarde interna\u021bionale privind prevenirea criminalit\u0103\u021bii minorilor<br>International standards on the prevention of juvenile criminality<\/a><\/p>\n\n\n\n<p><strong><strong><strong><strong><strong><strong><strong><strong>Valentina RUSSU, Ion ROTARU<\/strong><\/strong><\/strong><\/strong><\/strong><\/strong><\/strong><\/strong><\/p>\n\n\n\n<figure class=\"wp-block-image size-large\"><a href=\"https:\/\/creativecommons.org\/licenses\/by\/4.0\/\"><img loading=\"lazy\" width=\"88\" height=\"31\" src=\"\/wp-content\/uploads\/2023\/07\/88x31.png\" alt=\"\" class=\"wp-image-13740\"\/><\/a><\/figure>\n\n\n\n<div class=\"wp-block-file\"><a href=\"\/wp-content\/uploads\/2026\/02\/p_117-129.pdf\">p_117-129<\/a><a href=\"\/wp-content\/uploads\/2026\/02\/p_117-129.pdf\" class=\"wp-block-file__button\" download>Descarc\u0103<\/a><\/div>\n\n\n\n<div style=\"height:50px\" aria-hidden=\"true\" class=\"wp-block-spacer\"><\/div>\n\n\n\n<hr class=\"wp-block-separator is-style-wide\"\/>\n\n\n\n<p><a href=\"\/wp-content\/uploads\/2026\/02\/p_130-152.pdf\" data-type=\"URL\" data-id=\"\/wp-content\/uploads\/2026\/02\/p_130-152.pdf\" target=\"_blank\" rel=\"noreferrer noopener\">Provoc\u0103ri juridico-practice privind aplicarea principiului transparen\u021bei \u00een contractele de achizi\u021bii publice care implic\u0103 informa\u021bii clasificate<br>Legal and practical challenges in the application of the principle of transparency in public procurement contracts involving classified information<\/a><\/p>\n\n\n\n<p><strong><strong><strong><strong><strong><strong><strong><strong>Ana MURZAC, Vladimir VASILI\u0162A<\/strong><\/strong><\/strong><\/strong><\/strong><\/strong><\/strong><\/strong><\/p>\n\n\n\n<figure class=\"wp-block-image size-large\"><a href=\"https:\/\/creativecommons.org\/licenses\/by\/4.0\/\"><img loading=\"lazy\" width=\"88\" height=\"31\" src=\"\/wp-content\/uploads\/2023\/07\/88x31.png\" alt=\"\" class=\"wp-image-13740\"\/><\/a><\/figure>\n\n\n\n<div class=\"wp-block-file\"><a href=\"\/wp-content\/uploads\/2026\/02\/p_130-152.pdf\">p_130-152<\/a><a href=\"\/wp-content\/uploads\/2026\/02\/p_130-152.pdf\" class=\"wp-block-file__button\" download>Descarc\u0103<\/a><\/div>\n\n\n\n<div style=\"height:50px\" aria-hidden=\"true\" class=\"wp-block-spacer\"><\/div>\n\n\n\n<hr class=\"wp-block-separator is-style-wide\"\/>\n\n\n\n<p><a href=\"\/wp-content\/uploads\/2026\/02\/p_153-169.pdf\" data-type=\"URL\" data-id=\"\/wp-content\/uploads\/2026\/02\/p_153-169.pdf\" target=\"_blank\" rel=\"noreferrer noopener\">Manifest\u0103rile subculturii penitenciare \u00een mediul de\u021binu\u021bilor minori \u0219i tineri<br>Manifestations of prison subculture in the environment of juvenile and young prisoners<\/a><\/p>\n\n\n\n<p><strong><strong><strong><strong><strong><strong><strong><strong>Liudmila \u0218UBELIC<\/strong><\/strong><\/strong><\/strong><\/strong><\/strong><\/strong><\/strong><\/p>\n\n\n\n<figure class=\"wp-block-image size-large\"><a href=\"https:\/\/creativecommons.org\/licenses\/by\/4.0\/\"><img loading=\"lazy\" width=\"88\" height=\"31\" src=\"\/wp-content\/uploads\/2023\/07\/88x31.png\" alt=\"\" class=\"wp-image-13740\"\/><\/a><\/figure>\n\n\n\n<div class=\"wp-block-file\"><a href=\"\/wp-content\/uploads\/2026\/02\/p_153-169.pdf\">p_153-169<\/a><a href=\"\/wp-content\/uploads\/2026\/02\/p_153-169.pdf\" class=\"wp-block-file__button\" download>Descarc\u0103<\/a><\/div>\n\n\n\n<div style=\"height:50px\" aria-hidden=\"true\" class=\"wp-block-spacer\"><\/div>\n\n\n\n<hr class=\"wp-block-separator is-style-wide\"\/>\n","protected":false},"excerpt":{"rendered":"<p>Criminalitatea domestic\u0103 \u0219i dimensiunea sa ascuns\u0103: abord\u0103ri criminologice \u0219i limitele implica\u021biilor penaleDomestic criminality and its hidden dimension: criminological approaches and the limits of penal implications Iurie LARII Rolul managerului \u00een [&hellip;]<\/p>\n","protected":false},"author":8,"featured_media":0,"parent":26241,"menu_order":0,"comment_status":"closed","ping_status":"closed","template":"page-revistaas.php","meta":[],"translation":{"provider":"WPGlobus","version":"2.12.2","language":"gb","enabled_languages":["ro","gb"],"languages":{"ro":{"title":true,"content":true,"excerpt":false},"gb":{"title":false,"content":false,"excerpt":false}}},"acf":[],"_links":{"self":[{"href":"https:\/\/academy.police.md\/gb\/wp-json\/wp\/v2\/pages\/30614"}],"collection":[{"href":"https:\/\/academy.police.md\/gb\/wp-json\/wp\/v2\/pages"}],"about":[{"href":"https:\/\/academy.police.md\/gb\/wp-json\/wp\/v2\/types\/page"}],"author":[{"embeddable":true,"href":"https:\/\/academy.police.md\/gb\/wp-json\/wp\/v2\/users\/8"}],"replies":[{"embeddable":true,"href":"https:\/\/academy.police.md\/gb\/wp-json\/wp\/v2\/comments?post=30614"}],"version-history":[{"count":3,"href":"https:\/\/academy.police.md\/gb\/wp-json\/wp\/v2\/pages\/30614\/revisions"}],"predecessor-version":[{"id":30629,"href":"https:\/\/academy.police.md\/gb\/wp-json\/wp\/v2\/pages\/30614\/revisions\/30629"}],"up":[{"embeddable":true,"href":"https:\/\/academy.police.md\/gb\/wp-json\/wp\/v2\/pages\/26241"}],"wp:attachment":[{"href":"https:\/\/academy.police.md\/gb\/wp-json\/wp\/v2\/media?parent=30614"}],"curies":[{"name":"wp","href":"https:\/\/api.w.org\/{rel}","templated":true}]}}