{"id":30468,"date":"2026-02-11T16:54:57","date_gmt":"2026-02-11T14:54:57","guid":{"rendered":"https:\/\/academy.police.md\/?page_id=30468"},"modified":"2026-04-29T13:37:14","modified_gmt":"2026-04-29T10:37:14","slug":"aviz-privind-organizarea-conferintei-stiintifice-internationale","status":"publish","type":"page","link":"https:\/\/academy.police.md\/gb\/scoala-doctorala\/aviz-privind-organizarea-conferintei-stiintifice-internationale","title":{"rendered":"AVIZ privind organizarea Conferin\u0163ei \u015ftiin\u0163ifice interna\u0163ionale \u201ePrevenirea \u015fi combaterea criminalit\u0103\u0163ii: probleme, solu\u0163ii \u015fi perspective\u201d, edi\u0163ia a VIII-a, din 30 aprilie 2026"},"content":{"rendered":"\n<style type=\"text\/css\">\n\theader.page {\n\t\tdisplay: none;\n\t}\n<\/style>\n\n\n\n<h3 class=\"has-text-align-center\"><strong>INVITA\u021aIE<\/strong><\/h3>\n\n\n\n<h4 class=\"has-text-align-center\"><strong>CONFERIN\u021aA \u015eTIIN\u021aIFIC\u0102 INTERNA\u021aIONAL\u0102<\/strong><br><strong>PREVENIREA \u0218I COMBATEREA CRIMINALIT\u0102\u021aII:<\/strong><br><strong>PROBLEME, SOLU\u021aII \u0218I PERSPECTIVE<\/strong><\/h4>\n\n\n\n<h5 class=\"has-text-align-center\"><strong>Edi\u021bia a VIII-a<\/strong><br><strong>30 APRILIE 2026<\/strong><\/h5>\n\n\n\n<p>Academia \u201e\u015etefan cel Mare\u201d a MAI, \u00een parteneriat cu Academia de Poli\u0163ie \u201eAlexandru Ioan Cuza\u201d din Bucure\u015fti \u015fi Facultatea Transfrontalier\u0103 a Universit\u0103\u021bii \u201eDun\u0103rea de Jos\u201d din Gala\u021bi, Rom\u00e2nia, au deosebita onoare de a v\u0103 invita s\u0103 participa\u021bi pe data de <strong>30 aprilie 2026<\/strong>, \u00eencep\u00e2nd cu orele <strong>10:00<\/strong>, la lucr\u0103rile Conferin\u021bei \u0219tiin\u021bifice interna\u021bionale \u201e<strong>Prevenirea \u0219i combaterea criminalit\u0103\u021bii: probleme, solu\u021bii \u0219i perspective<\/strong>\u201d, edi\u021bia a VIII-a.<\/p>\n\n\n\n<p>Evenimentul \u015ftiin\u0163ific va reuni cadre didactice \u015fi \u015ftiin\u0163ifico-didactice, cercet\u0103tori, exper\u021bi \u0219i reprezentan\u021bi ai structurilor de aplicare a legii din \u021bar\u0103 \u0219i din str\u0103in\u0103tate interesa\u0163i de abordarea unor subiecte de actualitate privind asigurarea ordinii \u015fi securit\u0103\u0163ii publice, precum \u015fi de dezvoltarea \u015fi consolidarea cooper\u0103rii academice transna\u0163ionale \u015fi a schimbului de bune practici, \u00een vederea identific\u0103rii provoc\u0103rilor \u0219i strategiilor moderne de prevenire \u015fi combatere a criminalit\u0103\u0163ii, inclusiv a celei transfrontaliere.<\/p>\n\n\n\n<p>\u00cen acest sens, v\u0103 invit\u0103m s\u0103 confirma\u0163i anticipat participarea prin completarea <em><strong><a href=\"https:\/\/docs.google.com\/forms\/d\/e\/1FAIpQLSfNBxx56DWULzrZXu70_F54qucc-YlqM71s3BxtICSGoBgKdw\/viewform?usp=publish-editor\" data-type=\"URL\" data-id=\"https:\/\/docs.google.com\/forms\/d\/e\/1FAIpQLSfNBxx56DWULzrZXu70_F54qucc-YlqM71s3BxtICSGoBgKdw\/viewform?usp=publish-editor\" target=\"_blank\" rel=\"noreferrer noopener\">Formularului de participare<\/a><\/strong><\/em> <strong>p\u00e2n\u0103 la 10 aprilie 2026<\/strong> \u0219i s\u0103 transmite\u0163i lucrarea \u015ftiin\u0163ific\u0103, redactat\u0103 conform<em><strong> <a href=\"\/wp-content\/uploads\/2026\/02\/3Cerinte-de-redactare-Art.-30.04.2026.pdf\" data-type=\"URL\" data-id=\"\/wp-content\/uploads\/2026\/02\/3Cerinte-de-redactare-Art.-30.04.2026.pdf\" target=\"_blank\" rel=\"noreferrer noopener\">cerin\u0163elor<\/a><\/strong><\/em>,<strong>p\u00e2n\u0103 la 21 aprilie 2026<\/strong>.<\/p>\n\n\n\n<p><strong>Adresa de coresponden\u0163\u0103<\/strong>: <a href=\"mailto:victor.motpan@mai.gov.md\"><u>victor.motpan<\/u><u>@mai.gov.md<\/u><\/a> sau <a href=\"mailto:vik.job21@gmail.com\">vik.job21@gmail.com<\/a><\/p>\n\n\n\n<p>1. <a rel=\"noreferrer noopener\" href=\"\/wp-content\/uploads\/2026\/02\/1Invitatie-la-Conferinta-stiintifica-internationala-din-30-aprilie-2026.pdf\" data-type=\"URL\" data-id=\"\/wp-content\/uploads\/2026\/02\/1Invitatie-la-Conferinta-stiintifica-internationala-din-30-aprilie-2026.pdf\" target=\"_blank\">Anun\u0163 privind organizarea Conferin\u0163ei \u015ftiin\u0163ifice interna\u0163ionale<\/a><\/p>\n\n\n\n<p>2. <a rel=\"noreferrer noopener\" href=\"https:\/\/docs.google.com\/forms\/d\/e\/1FAIpQLSfNBxx56DWULzrZXu70_F54qucc-YlqM71s3BxtICSGoBgKdw\/viewform\" data-type=\"URL\" data-id=\"https:\/\/docs.google.com\/forms\/d\/e\/1FAIpQLSfNBxx56DWULzrZXu70_F54qucc-YlqM71s3BxtICSGoBgKdw\/viewform\" target=\"_blank\">Formular de \u00eenregistrare<\/a><\/p>\n\n\n\n<p>3. <a rel=\"noreferrer noopener\" href=\"\/wp-content\/uploads\/2026\/02\/3Cerinte-de-redactare-Art.-30.04.2026.pdf\" data-type=\"URL\" data-id=\"\/wp-content\/uploads\/2026\/02\/3Cerinte-de-redactare-Art.-30.04.2026.pdf\" target=\"_blank\">Cerin\u0163e de redactare a lucr\u0103rii \u015ftiin\u0163ifice<\/a><\/p>\n\n\n\n<p>4. <a rel=\"noreferrer noopener\" href=\"\/wp-content\/uploads\/2026\/02\/Invitation-to-International-Scientific-Conference-April-30-2026.pdf\" data-type=\"URL\" data-id=\"\/wp-content\/uploads\/2026\/02\/Invitation-to-International-Scientific-Conference-April-30-2026.pdf\" target=\"_blank\">Invitation to International Scientific Conference, April 30, 2026<\/a><\/p>\n\n\n\n<p>5. <a href=\"\/wp-content\/uploads\/2026\/04\/Programul-Conferintei-stiintifice-internationale-din-30_04_2026-1.pdf\" data-type=\"URL\" data-id=\"\/wp-content\/uploads\/2026\/04\/Programul-Conferintei-stiintifice-internationale-din-30_04_2026-1.pdf\" target=\"_blank\" rel=\"noreferrer noopener\">Programa Conferin\u0163ei \u015ftiin\u0163ifice interna\u0163ionale \u201ePrevenirea \u015fi combaterea criminalit\u0103\u0163ii: probleme, solu\u0163ii \u015fi perspective\u201d, Edi\u0163ia a VIII-a, 30 aprilie 2026<\/a><\/p>\n","protected":false},"excerpt":{"rendered":"<p>INVITA\u021aIE CONFERIN\u021aA \u015eTIIN\u021aIFIC\u0102 INTERNA\u021aIONAL\u0102PREVENIREA \u0218I COMBATEREA CRIMINALIT\u0102\u021aII:PROBLEME, SOLU\u021aII \u0218I PERSPECTIVE Edi\u021bia a VIII-a30 APRILIE 2026 Academia \u201e\u015etefan cel Mare\u201d a MAI, \u00een parteneriat cu Academia de Poli\u0163ie \u201eAlexandru Ioan Cuza\u201d [&hellip;]<\/p>\n","protected":false},"author":8,"featured_media":0,"parent":119,"menu_order":0,"comment_status":"closed","ping_status":"closed","template":"","meta":[],"translation":{"provider":"WPGlobus","version":"2.12.2","language":"gb","enabled_languages":["ro","gb"],"languages":{"ro":{"title":true,"content":true,"excerpt":false},"gb":{"title":false,"content":false,"excerpt":false}}},"acf":[],"_links":{"self":[{"href":"https:\/\/academy.police.md\/gb\/wp-json\/wp\/v2\/pages\/30468"}],"collection":[{"href":"https:\/\/academy.police.md\/gb\/wp-json\/wp\/v2\/pages"}],"about":[{"href":"https:\/\/academy.police.md\/gb\/wp-json\/wp\/v2\/types\/page"}],"author":[{"embeddable":true,"href":"https:\/\/academy.police.md\/gb\/wp-json\/wp\/v2\/users\/8"}],"replies":[{"embeddable":true,"href":"https:\/\/academy.police.md\/gb\/wp-json\/wp\/v2\/comments?post=30468"}],"version-history":[{"count":17,"href":"https:\/\/academy.police.md\/gb\/wp-json\/wp\/v2\/pages\/30468\/revisions"}],"predecessor-version":[{"id":32475,"href":"https:\/\/academy.police.md\/gb\/wp-json\/wp\/v2\/pages\/30468\/revisions\/32475"}],"up":[{"embeddable":true,"href":"https:\/\/academy.police.md\/gb\/wp-json\/wp\/v2\/pages\/119"}],"wp:attachment":[{"href":"https:\/\/academy.police.md\/gb\/wp-json\/wp\/v2\/media?parent=30468"}],"curies":[{"name":"wp","href":"https:\/\/api.w.org\/{rel}","templated":true}]}}