{"id":30402,"date":"2026-02-09T13:48:21","date_gmt":"2026-02-09T11:48:21","guid":{"rendered":"https:\/\/academy.police.md\/?page_id=30402"},"modified":"2026-02-09T13:48:22","modified_gmt":"2026-02-09T11:48:22","slug":"conferinta-stiintifica-cu-participare-internationala-prevenirea-si-combaterea-criminalitatii-probleme-solutii-si-perspective-editia-a-v-a-din-18-mai-2023","status":"publish","type":"page","link":"https:\/\/academy.police.md\/gb\/scoala-doctorala\/conferinta-stiintifica-cu-participare-internationala-prevenirea-si-combaterea-criminalitatii-probleme-solutii-si-perspective-editia-a-v-a-din-18-mai-2023","title":{"rendered":"Conferin\u0163a \u015ftiin\u0163ific\u0103 cu participare interna\u0163ional\u0103 \u201ePrevenirea \u015fi combaterea criminalit\u0103\u0163ii: probleme, solu\u0163ii \u015fi perspective\u201d, edi\u0163ia a V-a, din 18 mai 2023"},"content":{"rendered":"\n<p><a href=\"https:\/\/academy.police.md\/wp-content\/uploads\/2023\/07\/Legea_si_viata_editie_speciala_conf_18_05_2023.pdf\">Conferin\u0163a \u015ftiin\u0163ific\u0103 interuniversitar\u0103 cu participare interna\u0163ional\u0103 \u201ePrevenirea \u015fi combaterea criminalit\u0103\u0163ii: probleme, solu\u0163ii \u015fi perspective\u201d, edi\u0163ia a V-a. (Materialele Conferin\u0163ei \u015ftiin\u0163ifice cu participare interna\u0163ionala din 18.05.2023)<\/a><\/p>\n","protected":false},"excerpt":{"rendered":"<p>Conferin\u0163a \u015ftiin\u0163ific\u0103 interuniversitar\u0103 cu participare interna\u0163ional\u0103 \u201ePrevenirea \u015fi combaterea criminalit\u0103\u0163ii: probleme, solu\u0163ii \u015fi perspective\u201d, edi\u0163ia a V-a. (Materialele Conferin\u0163ei \u015ftiin\u0163ifice cu participare interna\u0163ionala din 18.05.2023)<\/p>\n","protected":false},"author":8,"featured_media":0,"parent":119,"menu_order":0,"comment_status":"closed","ping_status":"closed","template":"","meta":[],"translation":{"provider":"WPGlobus","version":"2.12.2","language":"gb","enabled_languages":["ro","gb"],"languages":{"ro":{"title":true,"content":true,"excerpt":false},"gb":{"title":false,"content":false,"excerpt":false}}},"acf":[],"_links":{"self":[{"href":"https:\/\/academy.police.md\/gb\/wp-json\/wp\/v2\/pages\/30402"}],"collection":[{"href":"https:\/\/academy.police.md\/gb\/wp-json\/wp\/v2\/pages"}],"about":[{"href":"https:\/\/academy.police.md\/gb\/wp-json\/wp\/v2\/types\/page"}],"author":[{"embeddable":true,"href":"https:\/\/academy.police.md\/gb\/wp-json\/wp\/v2\/users\/8"}],"replies":[{"embeddable":true,"href":"https:\/\/academy.police.md\/gb\/wp-json\/wp\/v2\/comments?post=30402"}],"version-history":[{"count":1,"href":"https:\/\/academy.police.md\/gb\/wp-json\/wp\/v2\/pages\/30402\/revisions"}],"predecessor-version":[{"id":30403,"href":"https:\/\/academy.police.md\/gb\/wp-json\/wp\/v2\/pages\/30402\/revisions\/30403"}],"up":[{"embeddable":true,"href":"https:\/\/academy.police.md\/gb\/wp-json\/wp\/v2\/pages\/119"}],"wp:attachment":[{"href":"https:\/\/academy.police.md\/gb\/wp-json\/wp\/v2\/media?parent=30402"}],"curies":[{"name":"wp","href":"https:\/\/api.w.org\/{rel}","templated":true}]}}